{"id":166442,"date":"2024-06-11T14:20:02","date_gmt":"2024-06-11T19:20:02","guid":{"rendered":"https:\/\/www.acrartex.com\/products\/exposition-olas-gardien\/"},"modified":"2024-06-11T14:20:02","modified_gmt":"2024-06-11T19:20:02","slug":"exposition-olas-gardien","status":"publish","type":"product","link":"https:\/\/www.acrartex.com\/fr\/products\/exposition-olas-gardien\/","title":{"rendered":"EXPOSITION OLAS GARDIEN"},"content":{"rendered":"<h3>Ce qu&#8217;il fait<\/h3>\n<p>Le syst\u00e8me OLAS Guardian permet aux conducteurs de bateaux \u00e0 moteur et de semi-rigides d&#8217;arr\u00eater instantan\u00e9ment leur embarcation en cas de s\u00e9paration du capitaine ou de l&#8217;\u00e9quipage, \u00e9vitant ainsi les accidents li\u00e9s aux embarcations sans pilote ni contr\u00f4le. Ils peuvent se d\u00e9placer librement \u00e0 bord sans avoir \u00e0 se soucier constamment de brancher, d\u00e9brancher et rebrancher un coupe-circuit. <\/p>\n<h3>Modes de balises personnalisables pour plus de flexibilit\u00e9<\/h3>\n<p>L&#8217;OLAS Guardian propose trois modes de suivi s\u00e9lectionnables par l&#8217;utilisateur, vous permettant d&#8217;adapter l&#8217;appareil \u00e0 vos besoins sp\u00e9cifiques. Vous pouvez passer d&#8217;un mode \u00e0 l&#8217;autre facilement gr\u00e2ce \u00e0 l&#8217;application mobile OLAS. Voici le d\u00e9tail des modes de suivi&nbsp;:  <\/p>\n<ul>\n<li><strong>Coupure moteur<\/strong> \u2013 elle agit comme un coupe-circuit, arr\u00eatant le navire lorsque la balise est hors de port\u00e9e, sans d\u00e9clencher d&#8217;alerte MOB.<\/li>\n<\/ul>\n<ul>\n<li><strong>Alerte MOB<\/strong> \u2013 elle alerte le navire sans couper le moteur.<\/li>\n<\/ul>\n<ul>\n<li><strong>Arr\u00eat moteur + alerte MOB<\/strong> \u2013 ce mode d\u00e9clenche des alertes pour l&#8217;\u00e9quipage et coupe le moteur.<\/li>\n<\/ul>\n<h3>Comment \u00e7a marche<\/h3>\n<ul>\n<li>Le syst\u00e8me Guardian peut localiser jusqu&#8217;\u00e0 25 \u00e9metteurs OLAS (OLAS T2, OLAS Tag ou OLAS Float-On) \u00e0 proximit\u00e9 du navire. L&#8217;\u00e9quipage et le capitaine peuvent ainsi se d\u00e9placer librement, sachant qu&#8217;en cas de chute \u00e0 la mer, le moteur sera automatiquement coup\u00e9 et\/ou une alarme se d\u00e9clenchera, permettant une intervention rapide. <\/li>\n<li>Le Guardian se connecte \u00e0 l&#8217;alimentation \u00e9lectrique 12\/24 V du navire et \u00e0 l&#8217;interrupteur d&#8217;arr\u00eat d&#8217;urgence existant \u00e0 l&#8217;aide des connecteurs fournis, ce qui permet une installation rapide et facile avec une utilisation imm\u00e9diate.<\/li>\n<li>Un trou de 21 mm est n\u00e9cessaire \u00e0 proximit\u00e9 de l&#8217;interrupteur d&#8217;arr\u00eat d&#8217;urgence existant pour l&#8217;installation de l&#8217;interrupteur de commande LED en acier inoxydable de 20 mm.<\/li>\n<\/ul>\n<p><em>L&#8217;installation par un professionnel n&#8217;est pas obligatoire, mais elle est conseill\u00e9e car ACR Electronics d\u00e9cline toute responsabilit\u00e9 en cas d&#8217;installation incorrecte.<\/em><\/p>\n<div class=\"row\">\n<div class=\"col-xs-12 col-sm-12\">\n<h3>\u00c0 qui s&#8217;adresse-t-il ?<\/h3>\n<p>OLAS Guardian est destin\u00e9 aux conducteurs de bateaux \u00e0 moteur et \u00e0 propulsion \u00e9lectrique, ainsi qu&#8217;\u00e0 tous les skippers et propri\u00e9taires de bateaux soucieux de la s\u00e9curit\u00e9 \u00e0 bord. Il connecte sans fil jusqu&#8217;\u00e0 25 membres d&#8217;\u00e9quipage via des \u00e9metteurs OLAS portables (T2, Tag ou OLAS Float On Light), cr\u00e9ant ainsi un coupe-circuit virtuel. <\/p>\n<\/div>\n<\/div>\n<div>\n<div class=\"row\">\n<div class=\"col-sm-12 col-xs-12\">\n<h3>Principaux avantages<\/h3>\n<\/div>\n<\/div>\n<div class=\"row\">\n<div class=\"col-xs-12 col-sm-6\">\n<ul>\n<li><strong>Fonctionnement en parall\u00e8le avec l&#8217;interrupteur d&#8217;arr\u00eat d&#8217;urgence existant<\/strong>&nbsp;: le Guardian peut \u00eatre utilis\u00e9 \u00e0 la place ou en compl\u00e9ment d&#8217;un interrupteur d&#8217;arr\u00eat d&#8217;urgence existant et fonctionnera m\u00eame si le c\u00e2ble d&#8217;arr\u00eat d&#8217;urgence physique n&#8217;est pas connect\u00e9 au conducteur. Sur la plupart des moteurs, un simple branchement en parall\u00e8le \u00e0 l&#8217;interrupteur d&#8217;arr\u00eat d&#8217;urgence existant permettra une coupure sans fil compl\u00e8te. <\/li>\n<li><strong>Red\u00e9marrage automatique<\/strong> \u2013 Apr\u00e8s 5 secondes, le coupe-circuit est d\u00e9sactiv\u00e9, permettant ainsi le red\u00e9marrage du moteur.<\/li>\n<li><strong>Alarme int\u00e9gr\u00e9e<\/strong> \u2013 Une alarme de 85 dB retentit pour indiquer qu&#8217;un \u00e9metteur OLAS est hors de port\u00e9e.<\/li>\n<li><strong>\u00c9clairage d&#8217;urgence int\u00e9gr\u00e9 (en cas de montage externe)<\/strong> \u2013 Un puissant feu rouge d&#8217;urgence s&#8217;allume, offrant une indication visuelle claire d&#8217;alerte tout en servant de lumi\u00e8re pour \u00e9clairer la zone environnante.<\/li>\n<li><strong>S\u00e9lection du relais<\/strong> \u2013 L&#8217;application OLAS permet une s\u00e9lection individuelle des relais pour ajuster facilement si l&#8217;\u00e9metteur OLAS d\u00e9clenche la coupure moteur\/le relais, ou s&#8217;il d\u00e9clenche uniquement l&#8217;alarme MOB int\u00e9gr\u00e9e du Guardian.<\/li>\n<li><strong>Connexion automatique<\/strong> \u2013 Lorsque vous montez \u00e0 bord de votre navire et que vous mettez l&#8217;alimentation en marche, The Guardian se connectera automatiquement \u00e0 tous les appareils \u00e9metteurs OLAS allum\u00e9s dans un rayon de 2 m\u00e8tres.<\/li>\n<\/ul>\n<\/div>\n<div class=\"col-xs-12 col-sm-6\">\n<ul>\n<li><strong>Alerte et d\u00e9sactivation en cas d&#8217;absence de connexion<\/strong>&nbsp;: si vous montez \u00e0 bord et qu&#8217;aucun \u00e9metteur n&#8217;est activ\u00e9, le Guardian \u00e9met une alerte. Cette alerte peut \u00eatre d\u00e9sactiv\u00e9e soit en connectant l&#8217;\u00e9metteur OLAS au Guardian, soit en \u00e9teignant manuellement ce dernier. Le navire peut ensuite \u00eatre pilot\u00e9 normalement \u00e0 l&#8217;aide du coupe-circuit de s\u00e9curit\u00e9 existant.  <\/li>\n<li><strong>Mode pause<\/strong>&nbsp;\u2013 Le syst\u00e8me peut \u00eatre mis en mode pause. Ce mode est utile lorsque vous devez quitter le bateau avec le moteur au ralenti, par exemple pour marcher sur un ponton, sachant que l\u2019\u00e9metteur OLAS sera alors hors de port\u00e9e. <\/li>\n<li><strong>Compatible avec jusqu&#8217;\u00e0 25 \u00e9metteurs OLAS (OLAS T2, OLAS Tag ou OLAS Float-On)<\/strong>&nbsp;: jusqu&#8217;\u00e0 25 \u00e9metteurs permettent aux grands navires de connecter l&#8217;\u00e9quipage et les objets au syst\u00e8me Guardian. En fixant simplement un \u00e9metteur \u00e0 un objet, comme un dispositif de sauvetage pour homme \u00e0 la mer ou une annexe de yacht, vous serez toujours inform\u00e9 en cas de disparition. <\/li>\n<li><strong>Compatibilit\u00e9 avec les prolongateurs&nbsp;:<\/strong> Un ou deux prolongateurs OLAS peuvent \u00eatre utilis\u00e9s pour couvrir les zones o\u00f9 le signal de l\u2019\u00e9metteur peut \u00eatre bloqu\u00e9. Cela permet une utilisation sur des navires plus grands, jusqu\u2019\u00e0 30 m\u00e8tres (100 pieds). <\/li>\n<\/ul>\n<h3>Fonctionnalit\u00e9s de l&#8217;application mobile<\/h3>\n<p>Le Guardian se pilote facilement gr\u00e2ce \u00e0 l&#8217;application OLAS, t\u00e9l\u00e9chargeable gratuitement sur l&#8217;App Store pour iOS et sur le Google Play Store pour Android. L&#8217;application OLAS n\u00e9cessite un appareil fonctionnant sous iOS 11 ou Android 5.1 minimum. C&#8217;est un outil performant pour contr\u00f4ler les fonctions du Guardian et faciliter les interventions de sauvetage rapides. L&#8217;application offre les fonctionnalit\u00e9s suivantes&nbsp;:   <\/p>\n<ul>\n<li>Surveillez tous les \u00e9metteurs OLAS qui font l&#8217;objet d&#8217;un suivi.<\/li>\n<li>Personnalisez les noms des \u00e9metteurs OLAS pour faciliter leur attribution.<\/li>\n<li>V\u00e9rifiez l&#8217;\u00e9tat de la batterie des \u00e9metteurs OLAS<\/li>\n<li>Ajouter de nouveaux \u00e9metteurs OLAS au syst\u00e8me Guardian.<\/li>\n<li>Mettez le syst\u00e8me Guardian en pause si les \u00e9metteurs quittent la zone pendant une courte p\u00e9riode.<\/li>\n<li>Ajustez le d\u00e9lai de r\u00e9action du Guardian \u00e0 un \u00e9metteur tomb\u00e9 \u00e0 la mer entre 2 et 15 secondes, ce qui vous permettra d&#8217;avoir plus de libert\u00e9 de mouvement autour des plus grands navires.<\/li>\n<li>R\u00e9glage entre interrupteur de coupure et mode alarme externe.<\/li>\n<li>Le mode coupe-circuit active l&#8217;interrupteur int\u00e9gr\u00e9 pendant 5 secondes, coupant le moteur, mais permettant aux utilisateurs de red\u00e9marrer le moteur apr\u00e8s 5 secondes.<\/li>\n<li>Le mode alarme externe active l&#8217;interrupteur int\u00e9gr\u00e9 jusqu&#8217;\u00e0 sa d\u00e9sactivation manuelle. Cela permet de connecter en s\u00e9rie des alarmes externes haute puissance. <\/li>\n<li>Suspendre l&#8217;\u00e9tat d&#8217;alarme.<\/li>\n<li>R\u00e9glez facilement les \u00e9metteurs individuels entre Coupure moteur (pour le capitaine), Alarme uniquement (pour les passagers) et Pause (pour les passagers quittant temporairement le navire).<\/li>\n<li>d\u00e9clencher l&#8217;alarme externe si le porteur du Tag se trouve hors de port\u00e9e \u00e0 la fois du Guardian et de votre appareil mobile.<\/li>\n<li>Ajustez le d\u00e9lai avant le d\u00e9clenchement de l&#8217;interrupteur de coupure ou de l&#8217;alarme \u2013 pour une plus grande libert\u00e9.<\/li>\n<li>Alarme et vibration au volume maximal sur votre t\u00e9l\u00e9phone portable, synchronis\u00e9es avec le Guardian.<\/li>\n<li>Indication de l&#8217;\u00e9metteur qui a d\u00e9clench\u00e9 l&#8217;alarme.<\/li>\n<li>Enregistrez les coordonn\u00e9es GPS du lieu o\u00f9 l&#8217;alarme a \u00e9t\u00e9 d\u00e9clench\u00e9e.<\/li>\n<li>Indications claires pour revenir \u00e0 la position GPS o\u00f9 l&#8217;alarme a \u00e9t\u00e9 d\u00e9clench\u00e9e.<\/li>\n<li>Affichage clair de l&#8217;heure et de la position GPS de l&#8217;endroit o\u00f9 l&#8217;alarme a \u00e9t\u00e9 d\u00e9clench\u00e9e et de la position actuelle de l&#8217;utilisateur. \u2022 Script d&#8217;urgence VHF avec saisie automatique des coordonn\u00e9es GPS et des informations personnalis\u00e9es sur le navire \u2013 Mode Solo.<\/li>\n<li>Con\u00e7u pour naviguer seul, \u00e0 port\u00e9e cellulaire 2G ou Wi-Fi en mer. Le mode solo envoie automatiquement un SMS \u00e0 un num\u00e9ro personnalis\u00e9 indiquant votre position et l&#8217;heure de l&#8217;incident. En cas d&#8217;auto-sauvetage, un SMS annule l&#8217;alerte.  <\/li>\n<\/ul>\n<h3>Installation et montage<\/h3>\n<p><strong>12\/24V c\u00e2bl\u00e9<\/strong><\/p>\n<p>Le module Guardian peut \u00eatre connect\u00e9 \u00e0 l&#8217;alimentation \u00e9lectrique de votre bateau afin de garantir une alimentation permanente lorsque le courant est en marche. Les c\u00e2bles d&#8217;alimentation peuvent \u00eatre simplement raccord\u00e9s \u00e0 l&#8217;alimentation existante de la batterie du bateau. <\/p>\n<p><strong>Montage \u00e0 travers le panneau<\/strong><\/p>\n<p>Cet interrupteur compact en acier inoxydable n\u00e9cessite un minimum d&#8217;ajustements \u00e0 votre console centrale existante, ce qui lui permet d&#8217;\u00eatre install\u00e9 \u00e0 travers un trou de 21 mm.<\/p>\n<p><strong>Interrupteur de commande \u00e0 code couleur<\/strong><\/p>\n<p>Le commutateur de commande \u00e0 code couleur simplifie la configuration et le contr\u00f4le du syst\u00e8me, sans n\u00e9cessiter l&#8217;application OLAS. Durant la configuration, un voyant rouge indique les diff\u00e9rentes \u00e9tapes. En fonctionnement, le syst\u00e8me est \u00e9quip\u00e9 d&#8217;un voyant vert, qui repasse au rouge en cas d&#8217;alarme.  <\/p>\n<p><strong>Commentaires du syst\u00e8me<\/strong><\/p>\n<p>Le GUARDIAN indique clairement le nombre d&#8217;\u00e9metteurs OLAS connect\u00e9s lors du processus d&#8217;installation.<\/p>\n<p>Des \u00e9metteurs peuvent \u00eatre ajout\u00e9s au syst\u00e8me soit via l&#8217;application mobile, soit par un simple processus de commutation int\u00e9gr\u00e9.<\/p>\n<\/div>\n<\/div>\n<\/div>\n<div class=\"row\"><\/div>\n","protected":false},"excerpt":{"rendered":"<p>L&#8217;OLAS Guardian est un coupe-circuit sans fil qui s&#8217;active en deux secondes lorsqu&#8217;une personne tombe \u00e0 la mer. Il sert \u00e9galement d&#8217;alarme instantan\u00e9e \u00ab&nbsp;Homme \u00e0 la mer&nbsp;\u00bb. Le Guardian se connecte facilement \u00e0 un maximum de 25 \u00e9metteurs OLAS et couvre un navire jusqu&#8217;\u00e0 15 m\u00e8tres (50 pieds).  <\/p>\n<p><strong>Dans la bo\u00eete&nbsp;:<\/strong> Guardian, \u00e9tiquette OLAS + batterie, c\u00e2bles de connexion d\u2019alimentation, c\u00e2bles de connexion du coupe-circuit, interrupteur en acier inoxydable, guide de l\u2019utilisateur, 5 connecteurs marins.<\/p>\n<p>&nbsp;<\/p>\n<p><a href=\"https:\/\/www.dropbox.com\/s\/fk04stqsp2hgk5f\/Prop%2065%20-%20DEHP.pdf?dl=0\">AVERTISSEMENT : PROPOSITION 65<\/a><\/p>\n","protected":false},"featured_media":163371,"template":"","meta":{"_acf_changed":false,"om_disable_all_campaigns":false},"product_brand":[],"product_cat":[5950,5944,5721,5948,5946],"product_tag":[12218,12205,12188,11306,12160,12232,11291,12180,12170,11944,11941,11928],"class_list":{"0":"post-166442","1":"product","2":"type-product","3":"status-publish","4":"has-post-thumbnail","6":"product_cat-commercial-fr","7":"product_cat-interieur","8":"product_cat-marin-fr","9":"product_cat-offshore-fr","10":"product_cat-pres-du-rivage","11":"product_tag-arret-du-moteur-de-luscg","12":"product_tag-ecos-fr","13":"product_tag-esos-fr","14":"product_tag-homme-a-la-mer","15":"product_tag-interrupteur-darret-du-moteur","16":"product_tag-interrupteur-darret-du-moteur-de-luscg","17":"product_tag-mob-fr","18":"product_tag-moteur-arrete","19":"product_tag-moteur-coupe","20":"product_tag-olas-fr","21":"product_tag-suivi-gps","22":"product_tag-systeme-homme-a-la-mer","23":"pa_boat-size-0-20-fr","24":"pa_boat-size-21-40-fr","25":"pa_boat-size-40-80-fr","26":"pa_boat-size-80-fr","27":"pa_boat-type-bateau-a-moteur","28":"pa_boat-type-cargo","29":"pa_boat-type-location-de-yacht","30":"pa_boat-type-peche-commerciale","31":"pa_boat-type-remorqueur","32":"pa_boat-type-sportcraft-fr","33":"pa_boat-type-voilier","34":"pa_boat-type-yacht-fr","35":"pa_product-produits-de-signalisation","37":"first","38":"instock","39":"taxable","40":"shipping-taxable","41":"purchasable","42":"product-type-variable"},"acf":[],"_links":{"self":[{"href":"https:\/\/www.acrartex.com\/fr\/wp-json\/wp\/v2\/product\/166442","targetHints":{"allow":["GET"]}}],"collection":[{"href":"https:\/\/www.acrartex.com\/fr\/wp-json\/wp\/v2\/product"}],"about":[{"href":"https:\/\/www.acrartex.com\/fr\/wp-json\/wp\/v2\/types\/product"}],"wp:featuredmedia":[{"embeddable":true,"href":"https:\/\/www.acrartex.com\/fr\/wp-json\/wp\/v2\/media\/163371"}],"wp:attachment":[{"href":"https:\/\/www.acrartex.com\/fr\/wp-json\/wp\/v2\/media?parent=166442"}],"wp:term":[{"taxonomy":"product_brand","embeddable":true,"href":"https:\/\/www.acrartex.com\/fr\/wp-json\/wp\/v2\/product_brand?post=166442"},{"taxonomy":"product_cat","embeddable":true,"href":"https:\/\/www.acrartex.com\/fr\/wp-json\/wp\/v2\/product_cat?post=166442"},{"taxonomy":"product_tag","embeddable":true,"href":"https:\/\/www.acrartex.com\/fr\/wp-json\/wp\/v2\/product_tag?post=166442"}],"curies":[{"name":"wp","href":"https:\/\/api.w.org\/{rel}","templated":true}]}}