{"id":162670,"date":"2025-09-18T08:34:05","date_gmt":"2025-09-18T13:34:05","guid":{"rendered":"https:\/\/www.acrartex.com\/products\/pathfinder-ais\/"},"modified":"2026-03-06T10:15:50","modified_gmt":"2026-03-06T15:15:50","slug":"pathfinder-ais","status":"publish","type":"product","link":"https:\/\/www.acrartex.com\/fr\/products\/pathfinder-ais\/","title":{"rendered":"Pathfinder AIS SART"},"content":{"rendered":"<p>B\u00e9n\u00e9ficiant de la conception robuste et \u00e9prouv\u00e9e du Pathfinder Pro SART, le Pathfinder AIS est dot\u00e9 d&#8217;un syst\u00e8me d&#8217;alerte de d\u00e9tresse AIS (Automatic Identification System) contrairement \u00e0 un syst\u00e8me radar traditionnel. Le nouveau Pathfinder AIS de pointe transmet les coordonn\u00e9es satellite GNSS\/GPS \u00e0 tous les navires \u00e9quip\u00e9s de l&#8217;AIS \u00e0 port\u00e9e VHF, les alertant ainsi de la n\u00e9cessit\u00e9 d&#8217;une assistance d&#8217;urgence. <\/p>\n<p>Le Pathfinder AIS offre une port\u00e9e de d\u00e9tection moyenne de 5 milles nautiques, int\u00e8gre la technologie NFC (Near Field Communication) qui facilite l&#8217;enregistrement du produit et fournit des donn\u00e9es de test, et utilise une batterie au lithium offrant une autonomie de 96 heures. Parmi ses autres avantages, citons le positionnement GNSS\/GPS pr\u00e9cis et le suivi en temps r\u00e9el. Contrairement aux SART radar, les SART AIS sont moins sensibles aux intemp\u00e9ries telles que les fortes pluies ou le brouillard. <\/p>\n<p>Le Pathfinder AIS est \u00e9quip\u00e9 d&#8217;un support mural \u00e9l\u00e9gant pour le maintenir \u00e0 l&#8217;\u00e9cart, tout en restant facilement accessible en cas d&#8217;urgence. La perche t\u00e9lescopique optionnelle se fixe facilement au bas du SART et offre une hauteur maximale (1 m) et une visibilit\u00e9 optimale depuis une embarcation de sauvetage. Le SART peut \u00e9galement \u00eatre suspendu \u00e0 l&#8217;int\u00e9rieur de l&#8217;embarcation pour une utilisation mains libres.  <\/p>\n<p>Con\u00e7u pour r\u00e9sister aux environnements marins les plus difficiles, le Pathfinder AIS est pr\u00eat \u00e0 intervenir en cas d&#8217;urgence et garantit la d\u00e9tection de votre signal de d\u00e9tresse par tout navire \u00e9quip\u00e9 du syst\u00e8me AIS \u00e0 port\u00e9e. Sa conception robuste garantit son fonctionnement optimal en cas de besoin. <\/p>\n<p><strong><em><u>Exigences en mati\u00e8re de transport<\/u><\/em><\/strong><\/p>\n<ul>\n<li>Tout navire SOLAS de l&#8217;OMI effectuant des voyages internationaux est tenu de transporter un SART<\/li>\n<li>Les navires de 300 \u00e0 500 tonneaux de jauge brute (GRT) doivent transporter au moins 1 SART<\/li>\n<li>Les navires de plus de 500 tonneaux de jauge brute (TJB) doivent embarquer au minimum 2 SART.<\/li>\n<li>1 SART pour quatre radeaux de sauvetage sur les navires rouliers \u00e0 passagers<\/li>\n<li>Les navires \u00e0 passagers de toute taille doivent embarquer un minimum de 2 SART, quel que soit leur tonnage.<\/li>\n<li>Embarcations de sauvetage : La loi SOLAS exige qu&#8217;au moins une embarcation de sauvetage (SART) soit disponible dans chaque embarcation de sauvetage.<\/li>\n<li>Radeaux de sauvetage : Dans le cas des navires \u00e0 passagers, s&#8217;il y a plus de 2 radeaux de sauvetage, des SART suppl\u00e9mentaires doivent \u00eatre fournis afin qu&#8217;au moins un SART soit disponible pour 2 radeaux de sauvetage.<\/li>\n<\/ul>\n","protected":false},"excerpt":{"rendered":"<p style=\"margin: 0in; line-height: 16.05pt;\"><span style=\"font-family: 'Tahoma',sans-serif; color: black;\">L&#8217;\u00e9metteur Pathfinder AIS SART est un syst\u00e8me de recherche et de sauvetage AIS homologu\u00e9 conforme \u00e0 la r\u00e9glementation SOLAS de l&#8217;OMI. Il permet aux navires soumis aux exigences du SMDSM de satisfaire \u00e0 l&#8217;obligation d&#8217;embarquer un SART. Utilisant les donn\u00e9es de position AIS de classe A, l&#8217;\u00e9metteur Pathfinder AIS SART envoie huit messages de position par minute, permettant ainsi un suivi en temps r\u00e9el. <\/span><\/p>\n<p><strong><span style=\"font-family: 'Tahoma',sans-serif; color: black;\">Cet appareil n&#8217;a pas \u00e9t\u00e9 autoris\u00e9 conform\u00e9ment \u00e0 la r\u00e9glementation de la FCC (Commission f\u00e9d\u00e9rale des communications).<br \/>\nCet appareil n&#8217;est pas, et ne peut \u00eatre propos\u00e9 \u00e0 la vente ou \u00e0 la location, ni vendu ou lou\u00e9, aux \u00c9tats-Unis, tant que l&#8217;autorisation n&#8217;a pas \u00e9t\u00e9 obtenue.<\/span><\/strong><\/p>\n<p><a href=\"https:\/\/www.dropbox.com\/s\/fk04stqsp2hgk5f\/Prop%2065%20-%20DEHP.pdf?dl=0\">AVERTISSEMENT : PROPOSITION 65<\/a><\/p>\n","protected":false},"featured_media":162684,"template":"","meta":{"_acf_changed":false,"om_disable_all_campaigns":false},"product_brand":[],"product_cat":[5950,5721],"product_tag":[13235,13276,14223,13231,13244,13273,13259,13247,13252,13268,13250,14215,13223,13240,13272,13256,13265,13262,13227,13249,13270],"class_list":{"0":"post-162670","1":"product","2":"type-product","3":"status-publish","4":"has-post-thumbnail","6":"product_cat-commercial-fr","7":"product_cat-marin-fr","8":"product_tag-acr-sart-fr","9":"product_tag-approbations-de-depart","10":"product_tag-balise-de-detresse-epirb","11":"product_tag-batterie-sart","12":"product_tag-debut-de-lautomne","13":"product_tag-exigences-de-depart","14":"product_tag-gmdss-sart-fr","15":"product_tag-jotron-sart-fr","16":"product_tag-jotron-tron-sart-fr","17":"product_tag-marin-sart","18":"product_tag-mcmurdo-sart-fr","19":"product_tag-meilleur-sart","20":"product_tag-sart-fr","21":"product_tag-sart-fiv","22":"product_tag-sart-gmdss-fr","23":"product_tag-test-sart-fr","24":"product_tag-tester-sart-fr","25":"product_tag-testeur-sart","26":"product_tag-transpondeur-sart","27":"product_tag-tron-sart-fr","28":"product_tag-tron-sart-20-fr","30":"first","31":"outofstock","32":"taxable","33":"shipping-taxable","34":"product-type-simple"},"acf":[],"_links":{"self":[{"href":"https:\/\/www.acrartex.com\/fr\/wp-json\/wp\/v2\/product\/162670","targetHints":{"allow":["GET"]}}],"collection":[{"href":"https:\/\/www.acrartex.com\/fr\/wp-json\/wp\/v2\/product"}],"about":[{"href":"https:\/\/www.acrartex.com\/fr\/wp-json\/wp\/v2\/types\/product"}],"wp:featuredmedia":[{"embeddable":true,"href":"https:\/\/www.acrartex.com\/fr\/wp-json\/wp\/v2\/media\/162684"}],"wp:attachment":[{"href":"https:\/\/www.acrartex.com\/fr\/wp-json\/wp\/v2\/media?parent=162670"}],"wp:term":[{"taxonomy":"product_brand","embeddable":true,"href":"https:\/\/www.acrartex.com\/fr\/wp-json\/wp\/v2\/product_brand?post=162670"},{"taxonomy":"product_cat","embeddable":true,"href":"https:\/\/www.acrartex.com\/fr\/wp-json\/wp\/v2\/product_cat?post=162670"},{"taxonomy":"product_tag","embeddable":true,"href":"https:\/\/www.acrartex.com\/fr\/wp-json\/wp\/v2\/product_tag?post=162670"}],"curies":[{"name":"wp","href":"https:\/\/api.w.org\/{rel}","templated":true}]}}