{"id":162592,"date":"2023-04-10T16:14:00","date_gmt":"2023-04-10T21:14:00","guid":{"rendered":"https:\/\/www.acrartex.com\/products\/elt-4000m\/"},"modified":"2023-04-10T16:14:00","modified_gmt":"2023-04-10T21:14:00","slug":"elt-4000m","status":"publish","type":"product","link":"https:\/\/www.acrartex.com\/fr\/products\/elt-4000m\/","title":{"rendered":"ELT 4000M"},"content":{"rendered":"<p><strong>Pr\u00e9sentation du produit<\/strong><\/p>\n<p>Le <a href=\"https:\/\/www.acrartex.com\/fr\/news\/acr-electronics-lance-artex-elt-4000m-un-emergency-locator-transmitter-innovant-de-qualite-transport-alimente-par-une-pile-alcaline\/\">tout nouveau ARTEX ELT 4000M<\/a> est un \u00e9metteur de localisation d&#8217;urgence (ELT) trifr\u00e9quence de qualit\u00e9 transport fonctionnant sur piles alcalines. Gr\u00e2ce \u00e0 cette source d&#8217;alimentation innovante, l&#8217;ELT 4000M est totalement exempt\u00e9 des exigences de la FAA en mati\u00e8re de conditions sp\u00e9ciales. Parmi les avantages de l&#8217;ARTEX ELT 4000M en termes de co\u00fbt de possession, on peut citer un co\u00fbt de batterie r\u00e9duit par cycle, l&#8217;absence de transport de mati\u00e8res dangereuses et une mise au rebut simplifi\u00e9e. L&#8217;interface NAV int\u00e9gr\u00e9e (ARINC429) \u00e9vite l&#8217;installation d&#8217;une interface NAV s\u00e9par\u00e9e et les co\u00fbts y aff\u00e9rents.   <\/p>\n<p><strong>Comment fonctionne l&#8217;ARTEX ELT 4000M<\/strong><\/p>\n<p>L&#8217;ELT 4000M ARTEX peut \u00eatre activ\u00e9 manuellement (via un interrupteur \u00e0 distance dans le cockpit) ou automatiquement (le G-Switch d\u00e9tecte un impact de 2,3 G ou plus) et alerte l&#8217;organisme de recherche et de sauvetage le plus proche en cas d&#8217;urgence. Le signal de 406 MHz, contenant les coordonn\u00e9es GPS de l&#8217;appareil, est transmis aux satellites Cospas-Sarsat et relay\u00e9 au centre de contr\u00f4le de mission, o\u00f9 il est imm\u00e9diatement achemin\u00e9 vers l&#8217;organisme de recherche et de sauvetage le plus proche. La balise fournira aux premiers intervenants la position exacte \u00e0 100 m\u00e8tres pr\u00e8s. Enfin, le signal de guidage de 121,5 MHz aide les forces terrestres de recherche et de sauvetage \u00e0 localiser l&#8217;urgence.   <\/p>\n<p><strong>Facilit\u00e9 d&#8217;installation et de modernisation<\/strong><\/p>\n<p>L&#8217;ELT 4000M ARTEX offre une mise \u00e0 niveau simple et rapide gr\u00e2ce \u00e0 des options d&#8217;installation flexibles, comme un commutateur \u00e0 distance \u00e0 deux fils, qui ne n\u00e9cessite aucune alimentation de l&#8217;avion. L&#8217;ELT 4000M est homologu\u00e9 TSO avec les syst\u00e8mes de commutation et d&#8217;antennes existants, ce qui facilite la mise \u00e0 niveau. \u00c9tant un ELT \u00e0 sortie unique, l&#8217;ELT 4000M ARTEX utilise la m\u00eame sortie RF et un seul c\u00e2ble coaxial pour transmettre les signaux 406 MHz, 121,5 et 243 MHz. L&#8217;interface de navigation int\u00e9gr\u00e9e r\u00e9duit le besoin d&#8217;installer une interface externe secondaire, r\u00e9duisant ainsi consid\u00e9rablement les co\u00fbts d&#8217;installation. Le plateau de montage est compatible avec l&#8217;installation des ELT ARTEX des s\u00e9ries C et B existantes, r\u00e9duisant ainsi encore les co\u00fbts d&#8217;ing\u00e9nierie.    <\/p>\n<p>&nbsp;<\/p>\n<p><strong>Caract\u00e9ristiques du produit<\/strong><\/p>\n<ul>\n<li>Emergency Locator Transmitter fixe automatique<\/li>\n<li>Balise de d\u00e9tresse trifr\u00e9quence, signaux de localisation num\u00e9riques 406 MHz et analogiques 121,5 MHz et 243,0 MHz<\/li>\n<li>Activation automatique via un interrupteur G interne<\/li>\n<li>Antenne bi-bande avec connecteur unique et c\u00e2ble vers l&#8217;\u00e9metteur \u2013 Lame et fouet disponibles<\/li>\n<li>Compatible avec les antennes existantes<\/li>\n<li>Entretien et installation faciles<\/li>\n<li>De nombreuses options d&#8217;interrupteurs \u00e0 distance du cockpit sont disponibles<\/li>\n<li>Peut \u00eatre connect\u00e9 au GPS embarqu\u00e9 via l&#8217;interface ARINC429 int\u00e9gr\u00e9e<\/li>\n<li>Les donn\u00e9es GPS sont int\u00e9gr\u00e9es dans la transmission num\u00e9rique, r\u00e9duisant le rayon de recherche \u00e0 100 m\u00e8tres. Homologu\u00e9 Cospas-Sarsat<\/li>\n<li>Compatible avec le syst\u00e8me de test de confirmation par satellite ARTEX 406Test.com<\/li>\n<li>Version h\u00e9licopt\u00e8re <a href=\"https:\/\/www.acrartex.com\/fr\/products\/elt-4000m-hm\/\">ARTEX ELT 4000M HM<\/a> avec G-Switch 5 axes disponible<\/li>\n<li>Batterie rempla\u00e7able (dur\u00e9e de vie de 5 ans). Exp\u00e9di\u00e9 sans danger. <\/li>\n<\/ul>\n<p>&nbsp;<\/p>\n<p><strong>Liste de colisage<\/strong><\/p>\n<p><a href=\"https:\/\/www.dropbox.com\/scl\/fi\/23o6bmhfh4yfhkkm99yad\/8265A.pdf?rlkey=j9pb5q8p6uc7pmvwnyd2ehg7s&amp;dl=1\">Pack de base 8265 ELT 4000M<\/a><\/p>\n<p><a href=\"https:\/\/www.dropbox.com\/scl\/fi\/gmfobp9uap4dljd95gezz\/8266A.pdf?rlkey=orfkkzr6hoe1m106tkv8pudfq&amp;dl=1\">Tige de base 8266 ELT 4000M 1 po<\/a><\/p>\n<p>&nbsp;<\/p>\n","protected":false},"excerpt":{"rendered":"<p>Le tout nouveau ARTEX ELT 4000M est un \u00e9metteur de localisation d&#8217;urgence (ELT) \u00e0 3 fr\u00e9quences de qualit\u00e9 transport, fonctionnant sur piles alcalines. Gr\u00e2ce \u00e0 cette source d&#8217;alimentation innovante, l&#8217;ELT 4000M est totalement exempt\u00e9 des exigences particuli\u00e8res de la FAA. En cas d&#8217;urgence, l&#8217;ELT 4000M peut \u00eatre activ\u00e9 manuellement ou automatiquement pour alerter rapidement les \u00e9quipes de recherche et de sauvetage locales. Soyez pr\u00eat \u00e0 affronter l&#8217;impr\u00e9vu&nbsp;: \u2013 Faible consommation de batterie par cycle \u2013 Pas d&#8217;exp\u00e9dition de mati\u00e8res dangereuses \u2013 Mise au rebut facile \u2013 Interface NAV int\u00e9gr\u00e9e (ARINC429)   <\/p>\n<p><a href=\"https:\/\/www.acrartex.com\/news\/acr-electronics-launches-artex-elt-4000m-an-innovative-transport-grade-emergency-locator-transmitter-powered-by-alkaline-battery\/\">Lire le communiqu\u00e9 de presse<\/a><\/p>\n<p><a href=\"https:\/\/www.acrartex.com\/products\/406test-elt-self-testing-service\/\"><img loading=\"lazy\" decoding=\"async\" class=\"alignnone\" style=\"width: 250px; height: 34px;\" src=\"https:\/\/dk2ztu5ooimmu.cloudfront.net\/ckeditor_assets\/pictures\/146\/406Test_with_desc_-_Tag.gif\" alt=\"\" width=\"641\" height=\"88\"><\/a><\/p>\n<p><a href=\"mailto:ArtexSales@acrartex.com?subject= ELT %204000% 20Question sur les ventes\"><img decoding=\"async\" style=\"width: 250px; height: 210px;\" src=\"\/\/dk2ztu5ooimmu.cloudfront.net\/ckeditor_assets\/pictures\/148\/ARTEX_-_ELT_4000_Ad_Bubble.gif\" alt=\"\"><\/a><\/p>\n","protected":false},"featured_media":12176,"template":"","meta":{"_acf_changed":false,"om_disable_all_campaigns":false},"product_brand":[],"product_cat":[5628,8483,5961],"product_tag":[15665,15667,15671,15663,8944,8951,8114,8952,5633,8938,15673,8955,8953,8948,5644,8947,8950,15669],"class_list":{"0":"post-162592","1":"product","2":"type-product","3":"status-publish","4":"has-post-thumbnail","6":"product_cat-aviation-fr","7":"product_cat-avions-commerciaux","8":"product_cat-jet-daffaires","9":"product_tag-243-mhz-fr","10":"product_tag-2430-mhz-fr","11":"product_tag-3-frequences","12":"product_tag-4000-m-fr","13":"product_tag-406-mhz-elt-fr","14":"product_tag-8260-fr","15":"product_tag-artex-fr","16":"product_tag-conditions-speciales-du-lithium","17":"product_tag-elt-fr","18":"product_tag-elt-4000-fr","19":"product_tag-elt-4000m-fr","20":"product_tag-elt-alcalin","21":"product_tag-elt-au-lithium-exempte","22":"product_tag-elt4000-fr","23":"product_tag-emetteur-de-localisation-durgence","24":"product_tag-mise-a-niveau-elt","25":"product_tag-pn-8260-fr","26":"product_tag-tri-frequence","28":"first","29":"instock","30":"taxable","31":"shipping-taxable","32":"product-type-simple"},"acf":[],"_links":{"self":[{"href":"https:\/\/www.acrartex.com\/fr\/wp-json\/wp\/v2\/product\/162592","targetHints":{"allow":["GET"]}}],"collection":[{"href":"https:\/\/www.acrartex.com\/fr\/wp-json\/wp\/v2\/product"}],"about":[{"href":"https:\/\/www.acrartex.com\/fr\/wp-json\/wp\/v2\/types\/product"}],"wp:featuredmedia":[{"embeddable":true,"href":"https:\/\/www.acrartex.com\/fr\/wp-json\/wp\/v2\/media\/12176"}],"wp:attachment":[{"href":"https:\/\/www.acrartex.com\/fr\/wp-json\/wp\/v2\/media?parent=162592"}],"wp:term":[{"taxonomy":"product_brand","embeddable":true,"href":"https:\/\/www.acrartex.com\/fr\/wp-json\/wp\/v2\/product_brand?post=162592"},{"taxonomy":"product_cat","embeddable":true,"href":"https:\/\/www.acrartex.com\/fr\/wp-json\/wp\/v2\/product_cat?post=162592"},{"taxonomy":"product_tag","embeddable":true,"href":"https:\/\/www.acrartex.com\/fr\/wp-json\/wp\/v2\/product_tag?post=162592"}],"curies":[{"name":"wp","href":"https:\/\/api.w.org\/{rel}","templated":true}]}}