{"id":161997,"date":"2025-08-20T09:58:30","date_gmt":"2025-08-20T14:58:30","guid":{"rendered":"https:\/\/www.acrartex.com\/products\/accessoires-pour-projecteurs-led-rcl-100-et-rcl-50\/"},"modified":"2026-03-06T09:02:43","modified_gmt":"2026-03-06T14:02:43","slug":"accessoires-pour-projecteurs-led-rcl-100-et-rcl-50","status":"publish","type":"product","link":"https:\/\/www.acrartex.com\/fr\/products\/accessoires-pour-projecteurs-led-rcl-100-et-rcl-50\/","title":{"rendered":"Accessoires pour projecteurs LED RCL-100 et RCL-50"},"content":{"rendered":"<p><strong><em>Contr\u00f4le moderne. Fiabilit\u00e9 classique. <\/em><\/strong><\/p>\n<p>&nbsp;<\/p>\n<p><strong><em>Bloc-notes URP-103&nbsp;:<\/em><\/strong><\/p>\n<p>&nbsp;<\/p>\n<p>Con\u00e7u pour les plaisanciers modernes, le Point Pad URP-103 pr\u00e9sente un style modernis\u00e9 et une esth\u00e9tique contemporaine et \u00e9pur\u00e9e qui s&#8217;int\u00e8gre parfaitement aux tableaux de bord et panneaux de commande marins actuels, id\u00e9al pour les r\u00e9novations ou les nouvelles installations. Que vous souhaitiez moderniser une installation existante ou \u00e9quiper un nouveau navire, le Point Pad nouvelle g\u00e9n\u00e9ration pour projecteur ACR offre un niveau de style, de fonctionnalit\u00e9 et de flexibilit\u00e9 in\u00e9gal\u00e9. <\/p>\n<p>&nbsp;<\/p>\n<ul>\n<li><strong>Style \u2013<\/strong> Un look plus moderne avec une iconographie stylis\u00e9e pour les boutons de fonction et un \u00e9l\u00e9gant anneau en acier inoxydable encadrant les principaux boutons directionnels. Le logo ACR r\u00e9tro\u00e9clair\u00e9 apporte une touche de modernit\u00e9 suppl\u00e9mentaire et compl\u00e8te le Point Pad, rehaussant \u00e0 la fois son style et sa fonctionnalit\u00e9. <\/li>\n<\/ul>\n<p>&nbsp;<\/p>\n<ul>\n<li><strong>Fonction \u2013<\/strong> Tous les boutons, y compris le logo ACR centralis\u00e9, sont r\u00e9tro\u00e9clair\u00e9s de plusieurs couleurs pour indiquer les diff\u00e9rents modes et\/ou fonctions. Gr\u00e2ce \u00e0 la possibilit\u00e9 de contr\u00f4ler un ou deux projecteurs ind\u00e9pendamment ou simultan\u00e9ment, les utilisateurs peuvent facilement passer d&#8217;un projecteur \u00e0 l&#8217;autre ou contr\u00f4ler les deux pour un \u00e9clairage coordonn\u00e9. L&#8217;URP-103 int\u00e8gre une fonction de retour \u00e0 la position initiale qui permet de remettre le ou les projecteurs en position frontale. Gr\u00e2ce \u00e0 la technologie exclusive XRCiZ\u2122 d&#8217;ACR, votre projecteur reste pr\u00eat \u00e0 l&#8217;emploi lorsque vous en avez le plus besoin. Cette fonction d&#8217;auto-entretien fait pivoter le projecteur automatiquement tous les 30 jours pour pr\u00e9venir la corrosion et assurer le parfait fonctionnement de toutes les pi\u00e8ces mobiles et des composants \u00e9lectriques.   <\/li>\n<\/ul>\n<p>&nbsp;<\/p>\n<ul>\n<li><strong>Flexibilit\u00e9 \u2013<\/strong> Livr\u00e9 avec des fa\u00e7ades adh\u00e9sives noires et blanches. Choisissez la fa\u00e7ade qui s&#8217;harmonise le mieux avec votre console et collez-la simplement sur le panneau de commande pour un rendu uniforme et coh\u00e9rent sur votre bateau. <\/li>\n<\/ul>\n<p>&nbsp;<\/p>\n<p><strong><em>T\u00e9l\u00e9commande sans fil portable URH-103&nbsp;:<\/em><\/strong><\/p>\n<p><em> <\/em><\/p>\n<p>Offrant un confort et un contr\u00f4le in\u00e9gal\u00e9s, la t\u00e9l\u00e9commande sans fil portable URH-103 est une option unique en son genre pour les projecteurs LED RCL-100 et RCL-50. Son design ergonomique et moderne allie esth\u00e9tique et fonctionnalit\u00e9. Le logo ACR en relief lui conf\u00e8re une touche distinctive, tandis que les boutons r\u00e9tro\u00e9clair\u00e9s garantissent une utilisation fluide de nuit. Des rainures soigneusement con\u00e7ues sur les deux c\u00f4t\u00e9s offrent une prise en main s\u00fbre et antid\u00e9rapante, m\u00eame par mer agit\u00e9e ou humide, pour un contr\u00f4le optimal au moment opportun.   <\/p>\n<p>&nbsp;<\/p>\n<p><strong><em>Contr\u00f4leur principal URC-104&nbsp;:<\/em><\/strong><\/p>\n<p>&nbsp;<\/p>\n<p>Le contr\u00f4leur principal URC-104 est peut-\u00eatre discret, mais il est au c\u0153ur de tout. Con\u00e7u pour \u00eatre mont\u00e9 discr\u00e8tement derri\u00e8re le tableau de bord, l&#8217;URC-104 est le hub essentiel qui permet un contr\u00f4le \u00e0 distance fluide de vos syst\u00e8mes LED RCL-100 et RCL-50. <strong> <\/strong>Projecteurs. C&#8217;est le cerveau derri\u00e8re le fonctionnement, assurant la pleine fonctionnalit\u00e9 du contr\u00f4leur de pointage URP-103 et de la t\u00e9l\u00e9commande sans fil portable URH-103. <\/p>\n<p>&nbsp;<\/p>\n<p><strong><u>Num\u00e9ros de pi\u00e8ces :<\/u><\/strong><\/p>\n<p>&nbsp;<\/p>\n<p>Avec l&#8217;introduction des nouvelles options de contr\u00f4le des projecteurs d&#8217;ACR, les r\u00e9f\u00e9rences suivantes pour les kits de projecteurs (RCL-100 LED ou RCL-50 LED vendus avec de nouveaux accessoires inclus) et les accessoires autonomes (nouveaux accessoires vendus individuellement) sont disponibles :<\/p>\n<p>&nbsp;<\/p>\n<p><strong><em>Kits de projecteurs :<\/em><\/strong><\/p>\n<p>&nbsp;<\/p>\n<table>\n<tbody>\n<tr>\n<td width=\"120\"><strong>NUM\u00c9RO DE PI\u00c8CE<\/strong><\/td>\n<td width=\"852\"><strong>DESCRIPTION<\/strong><\/td>\n<\/tr>\n<tr>\n<td width=\"120\">1978<\/td>\n<td width=\"852\">LED RCL-100, blanc, avec nouveau contr\u00f4leur principal URC-104 et pav\u00e9 tactile URP-103<\/td>\n<\/tr>\n<tr>\n<td width=\"120\">1979<\/td>\n<td width=\"852\">LED RCL-100, noir, avec nouveau contr\u00f4leur principal URC-104 et pav\u00e9 tactile URP-103<\/td>\n<\/tr>\n<tr>\n<td width=\"120\">1982<\/td>\n<td width=\"852\">LED RCL-50, blanc, avec nouveau contr\u00f4leur principal URC-104 et pav\u00e9 tactile URP-103<\/td>\n<\/tr>\n<tr>\n<td width=\"120\">1983<\/td>\n<td width=\"852\">LED RCL-50, noir, avec nouveau contr\u00f4leur principal URC-104 et pav\u00e9 tactile URP-103<\/td>\n<\/tr>\n<tr>\n<td width=\"120\">1976<\/td>\n<td width=\"852\">LED RCL-100, blanc, avec nouveau contr\u00f4leur principal URC-104, pav\u00e9 tactile URP-103 et t\u00e9l\u00e9commande sans fil portable URH-103<\/td>\n<\/tr>\n<tr>\n<td width=\"120\">1977<\/td>\n<td width=\"852\">T\u00e9l\u00e9commande sans fil RCL-100 LED noire avec contr\u00f4leur principal URC-104, pav\u00e9 tactile URP-103 et t\u00e9l\u00e9commande sans fil portable URH-103<\/td>\n<\/tr>\n<tr>\n<td width=\"120\">1980<\/td>\n<td width=\"852\">T\u00e9l\u00e9commande sans fil RCL-50 LED blanche avec contr\u00f4leur principal URC-104, pav\u00e9 tactile URP-103 et t\u00e9l\u00e9commande sans fil portable URH-103<\/td>\n<\/tr>\n<tr>\n<td width=\"120\">1981<\/td>\n<td width=\"852\">T\u00e9l\u00e9commande LED RCL-50 noire avec contr\u00f4leur principal URC-104, pav\u00e9 tactile URP-103 et t\u00e9l\u00e9commande sans fil portable URH-103<\/td>\n<\/tr>\n<\/tbody>\n<\/table>\n<p>&nbsp;<\/p>\n<p><strong><em>Accessoires individuels :<\/em><\/strong><\/p>\n<p>&nbsp;<\/p>\n<table>\n<tbody>\n<tr>\n<td width=\"120\"><strong>NUM\u00c9RO DE PI\u00c8CE<\/strong><\/td>\n<td width=\"855\"><strong>DESCRIPTION<\/strong><\/td>\n<\/tr>\n<tr>\n<td width=\"120\">1967<\/td>\n<td width=\"855\">T\u00e9l\u00e9commande sans fil portable URH-103<\/td>\n<\/tr>\n<tr>\n<td width=\"120\">1968<\/td>\n<td width=\"855\">Bloc-notes URP-103<\/td>\n<\/tr>\n<tr>\n<td width=\"120\">1970<\/td>\n<td width=\"855\">Contr\u00f4leur principal URC-104<\/td>\n<\/tr>\n<tr>\n<td width=\"120\">1971<\/td>\n<td width=\"855\">Couvercle de plaque de mise \u00e0 niveau URP-103 (pour les clients rempla\u00e7ant leur ancien tampon de point URP-102 par un nouveau URP-103)<\/td>\n<\/tr>\n<tr>\n<td width=\"120\">1975<\/td>\n<td width=\"855\">Kit de t\u00e9l\u00e9commande universelle (pav\u00e9 tactile URP-103, contr\u00f4leur principal URC-104 et t\u00e9l\u00e9commande sans fil portable URH-103)<\/td>\n<\/tr>\n<tr>\n<td width=\"120\">1984<\/td>\n<td width=\"855\">Kit de mise \u00e0 niveau (couvercle de plaque de mise \u00e0 niveau URP-103, URC-104 et URP-103)<\/td>\n<\/tr>\n<\/tbody>\n<\/table>\n","protected":false},"excerpt":{"rendered":"<p>Le pav\u00e9 tactile URP-103, le contr\u00f4leur principal URC-104 et la t\u00e9l\u00e9commande portative URH-103 constituent la nouvelle g\u00e9n\u00e9ration d&#8217;accessoires de contr\u00f4le des projecteurs ACR, offrant des options de contr\u00f4le modernis\u00e9es, une ergonomie am\u00e9lior\u00e9e et une plus grande polyvalence. R\u00e9trocompatibles, ces nouvelles options s&#8217;int\u00e8grent parfaitement aux projecteurs LED ACR RCL-100 et RCL-50, d\u00e9j\u00e0 tr\u00e8s appr\u00e9ci\u00e9s du march\u00e9.  Ce kit (r\u00e9f. 1975) comprend chacun des nouveaux accessoires de contr\u00f4le du projecteur. Des options suppl\u00e9mentaires, notamment un kit de mise \u00e0 niveau pour les propri\u00e9taires de projecteurs RCL-100 LED ou RCL-50 LED souhaitant une mise \u00e0 niveau, sont disponibles via le menu d\u00e9roulant ci-dessous sur cette page produit. <\/p>\n","protected":false},"featured_media":161896,"template":"","meta":{"_acf_changed":false,"om_disable_all_campaigns":false},"product_brand":[],"product_cat":[5721,7163],"product_tag":[],"class_list":{"0":"post-161997","1":"product","2":"type-product","3":"status-publish","4":"has-post-thumbnail","6":"product_cat-marin-fr","7":"product_cat-projecteurs","9":"first","10":"onbackorder","11":"taxable","12":"shipping-taxable","13":"purchasable","14":"product-type-variable"},"acf":[],"_links":{"self":[{"href":"https:\/\/www.acrartex.com\/fr\/wp-json\/wp\/v2\/product\/161997","targetHints":{"allow":["GET"]}}],"collection":[{"href":"https:\/\/www.acrartex.com\/fr\/wp-json\/wp\/v2\/product"}],"about":[{"href":"https:\/\/www.acrartex.com\/fr\/wp-json\/wp\/v2\/types\/product"}],"wp:featuredmedia":[{"embeddable":true,"href":"https:\/\/www.acrartex.com\/fr\/wp-json\/wp\/v2\/media\/161896"}],"wp:attachment":[{"href":"https:\/\/www.acrartex.com\/fr\/wp-json\/wp\/v2\/media?parent=161997"}],"wp:term":[{"taxonomy":"product_brand","embeddable":true,"href":"https:\/\/www.acrartex.com\/fr\/wp-json\/wp\/v2\/product_brand?post=161997"},{"taxonomy":"product_cat","embeddable":true,"href":"https:\/\/www.acrartex.com\/fr\/wp-json\/wp\/v2\/product_cat?post=161997"},{"taxonomy":"product_tag","embeddable":true,"href":"https:\/\/www.acrartex.com\/fr\/wp-json\/wp\/v2\/product_tag?post=161997"}],"curies":[{"name":"wp","href":"https:\/\/api.w.org\/{rel}","templated":true}]}}