{"id":160335,"date":"2021-08-04T14:51:40","date_gmt":"2021-08-04T19:51:40","guid":{"rendered":"https:\/\/www.acrartex.com\/products\/epirb-rapidfix-rlb-33\/"},"modified":"2021-08-04T14:51:40","modified_gmt":"2021-08-04T19:51:40","slug":"epirb-rapidfix-rlb-33","status":"publish","type":"product","link":"https:\/\/www.acrartex.com\/fr\/products\/epirb-rapidfix-rlb-33\/","title":{"rendered":"EPIRB RapidFix RLB-33"},"content":{"rendered":"<p><a href=\"https:\/\/www.acrartex.com\/no\/products\/globalfix-v5-ais-epirb-med-return-link-service-og-mobilapp\/\"><b><i>Ce produit a \u00e9t\u00e9 mis \u00e0 niveau.<\/i><\/b><\/a><\/p>\n<div data-canvas-width=\"547.4670718954251\">\n<div data-canvas-width=\"482.5856732026145\">Cat\u00e9gorie 1 : Poly\u00e9thyl\u00e8ne haute densit\u00e9 enti\u00e8rement ferm\u00e9 et stabilis\u00e9 aux UV<\/div>\n<div data-canvas-width=\"474.1053562091504\">Support \u00e0 d\u00e9clenchement hydrostatique. R\u00e9siste aux environnements extr\u00eamement agressifs. Le d\u00e9clenchement hydrostatique active automatiquement EPIRB si le navire coule \u00e0 environ 4 m (13 pi).  <\/div>\n<div data-canvas-width=\"506.93075816993485\">Cat\u00e9gorie 2 : Support universel Low Pro2 ; comprend une option de montage sur cloison et sur rail.<\/div>\n<div data-canvas-width=\"506.93075816993485\"><\/div>\n<div data-canvas-width=\"547.7559820261438\">\u00c9met sur 406 MHz (COSPAS-SARSAT) avec votre signal de d\u00e9tresse enregistr\u00e9 et cod\u00e9 num\u00e9riquement, et 121,5 MHz (fr\u00e9quence de localisation SAR).<\/div>\n<\/div>\n","protected":false},"excerpt":{"rendered":"<p><b><i>Ce produit a \u00e9t\u00e9 mis \u00e0 niveau. <a href=\"https:\/\/www.acrartex.com\/products\/globalfix-v5-ais-epirb\/\">Cliquez ici<\/a> pour d\u00e9couvrir les mises \u00e0 niveau disponibles.<\/i><\/b><\/p>\n<div data-canvas-width=\"133.5515816993464\">\n<div data-canvas-width=\"516.3214869281046\">RapidFix\u2122 est une balise compatible GPS qui s&#8217;interface avec GPS externe pour t\u00e9l\u00e9charger la position avant l&#8217;activation.<\/div>\n<div data-canvas-width=\"516.3214869281046\"><\/div>\n<div data-canvas-width=\"516.3214869281046\">Le syst\u00e8me \u00e9lectronique brevet\u00e9 assure une meilleure stabilit\u00e9 de fr\u00e9quence pour une position optimale gr\u00e2ce aux satellites LEOSAR. L&#8217;interface GPS offre une pr\u00e9cision de positionnement GPS de 100 m (110 yds), optimale pour COSPAS-SARSAT. <\/div>\n<\/div>\n<p>&nbsp;<\/p>\n<p>&nbsp;<\/p>\n","protected":false},"featured_media":160338,"template":"","meta":{"_acf_changed":false,"om_disable_all_campaigns":false},"product_brand":[],"product_cat":[5721],"product_tag":[15913,15914,15916,15918,15920,15912,5725,5754,15908,15911,15910,5723],"class_list":{"0":"post-160335","1":"product","2":"type-product","3":"status-publish","4":"has-post-thumbnail","6":"product_cat-marin-fr","7":"product_tag-2776-fr","8":"product_tag-2776nh-fr","9":"product_tag-2777-fr","10":"product_tag-2777-5-fr","11":"product_tag-2777-5nh-fr","12":"product_tag-acr-rapidfix-fr","13":"product_tag-balise-de-detresse","14":"product_tag-gpirb-fr","15":"product_tag-rapidfix-fr","16":"product_tag-rlb-33-fr","17":"product_tag-rlb33-fr","18":"product_tag-rls-fr","19":"pa_product-heritage","21":"first","22":"outofstock","23":"taxable","24":"shipping-taxable","25":"product-type-simple"},"acf":[],"_links":{"self":[{"href":"https:\/\/www.acrartex.com\/fr\/wp-json\/wp\/v2\/product\/160335","targetHints":{"allow":["GET"]}}],"collection":[{"href":"https:\/\/www.acrartex.com\/fr\/wp-json\/wp\/v2\/product"}],"about":[{"href":"https:\/\/www.acrartex.com\/fr\/wp-json\/wp\/v2\/types\/product"}],"wp:featuredmedia":[{"embeddable":true,"href":"https:\/\/www.acrartex.com\/fr\/wp-json\/wp\/v2\/media\/160338"}],"wp:attachment":[{"href":"https:\/\/www.acrartex.com\/fr\/wp-json\/wp\/v2\/media?parent=160335"}],"wp:term":[{"taxonomy":"product_brand","embeddable":true,"href":"https:\/\/www.acrartex.com\/fr\/wp-json\/wp\/v2\/product_brand?post=160335"},{"taxonomy":"product_cat","embeddable":true,"href":"https:\/\/www.acrartex.com\/fr\/wp-json\/wp\/v2\/product_cat?post=160335"},{"taxonomy":"product_tag","embeddable":true,"href":"https:\/\/www.acrartex.com\/fr\/wp-json\/wp\/v2\/product_tag?post=160335"}],"curies":[{"name":"wp","href":"https:\/\/api.w.org\/{rel}","templated":true}]}}