{"id":160081,"date":"2022-01-26T17:16:59","date_gmt":"2022-01-26T22:16:59","guid":{"rendered":"https:\/\/www.acrartex.com\/products\/panneau-solaire-bivy-15w\/"},"modified":"2022-01-26T17:16:59","modified_gmt":"2022-01-26T22:16:59","slug":"panneau-solaire-bivy-15w","status":"publish","type":"product","link":"https:\/\/www.acrartex.com\/fr\/products\/panneau-solaire-bivy-15w\/","title":{"rendered":"Panneau solaire Bivy 15W"},"content":{"rendered":"<p>TECHNOLOGIE DE CHARGE INTELLIGENTE : Le port USB reconna\u00eet automatiquement vos appareils pour fournir l&#8217;entr\u00e9e de courant de charge optimale et acc\u00e9l\u00e9rer le processus de charge pour minimiser le temps de charge.<\/p>\n<p>TAUX DE CONVERSION \u00c9LEV\u00c9 : le panneau rev\u00eatu d&#8217;ETFE absorbe efficacement la lumi\u00e8re du soleil et convertit jusqu&#8217;\u00e0 20 % de l&#8217;\u00e9nergie solaire en \u00e9nergie ; charge en douceur iOS, Android, Bivy Stick, batteries, GoPro et autres appareils \u00e9lectroniques.<\/p>\n<p>PORTABLE ET L\u00c9GER : sa conception ultra-mince et pliable le rend facile \u00e0 transporter ;<\/p>\n<p>R\u00c9SISTANT \u00c0 LA SALET\u00c9 ET AUX \u00c9CLABOUSSURES : Indice d&#8217;\u00e9tanch\u00e9it\u00e9 IPX4, qui r\u00e9siste aux projections d&#8217;eau et de poussi\u00e8re, quelle que soit la direction ; ce qui le rend parfait pour une utilisation en ext\u00e9rieur.<\/p>\n<p>Puissance : 15 W<\/p>\n<dl>\n<dt>Sortie : 5 V\/3 A<\/dt>\n<\/dl>\n<dl>\n<dt>Certificat : CE FCC ROHS<\/dt>\n<\/dl>\n<dl>\n<dt>Poids : 450 g<\/dt>\n<dt><\/dt>\n<dt>Taille : (pli\u00e9) 10 po x 6,5 po x 0,75 po<\/dt>\n<dt>(D\u00e9pli\u00e9) 10 po x 19,5 po<\/dt>\n<\/dl>\n","protected":false},"excerpt":{"rendered":"<h4><span style=\"color: #ff0000;\">Fi\u00e8rement fabriqu\u00e9 aux \u00c9tats-Unis !<\/span><\/h4>\n<p><a href=\"https:\/\/www.acrartex.com\/wp-content\/uploads\/2022\/01\/Prop-65-DINP.pdf\">AVERTISSEMENT : PROPOSITION 65<\/a><\/p>\n","protected":false},"featured_media":160106,"template":"","meta":{"_acf_changed":false,"om_disable_all_campaigns":false},"product_brand":[],"product_cat":[6680,5787,5721],"product_tag":[15871,13131,13125,13124,13130,13136,11962,13129,5797,13127,13143,13123,13142,13139,13134,13133,13144,13141,13132,13128,13135,13138],"class_list":{"0":"post-160081","1":"product","2":"type-product","3":"status-publish","4":"has-post-thumbnail","6":"product_cat-accessoires-de-securite","7":"product_cat-de-plein-air","8":"product_cat-marin-fr","9":"product_tag-4605-fr","10":"product_tag-application-bivy","11":"product_tag-baton-bivy","12":"product_tag-bivy-fr","13":"product_tag-bivy-acr-fr","14":"product_tag-bivy-contre-plb","15":"product_tag-bluetooth-fr","16":"product_tag-communication-bidirectionnelle","17":"product_tag-gps-fr","18":"product_tag-iridium-fr","19":"product_tag-kit-bivy-et-panneau-solaire","20":"product_tag-kit-de-survie-fr","21":"product_tag-kit-de-survie-avec-baton-bivy-et-panneau-solaire","22":"product_tag-kit-de-survie-bivy","23":"product_tag-le-plus-petit-communicateur-par-satellite","24":"product_tag-mini-fr","25":"product_tag-mini-gps-fr","26":"product_tag-panneau-solaire-bivy","27":"product_tag-sauvetage-mondial","28":"product_tag-suivi","29":"product_tag-suivi-gps-par-satellite","30":"product_tag-survie-bivy","31":"pa_activity-camping-fr","32":"pa_activity-cross-country-fr","33":"pa_activity-escalade","34":"pa_activity-motoneige","35":"pa_activity-peche","36":"pa_activity-randonnee","37":"pa_activity-ski-snowboard-fr","38":"pa_activity-sports-de-pagaie","39":"pa_activity-tout-terrain-4x4","40":"pa_activity-velo","41":"pa_aircraft-type-avion-de-ligne","42":"pa_aircraft-type-experimental-fr","43":"pa_aircraft-type-gros-jets","44":"pa_aircraft-type-jets-de-taille-moyenne","45":"pa_aircraft-type-jets-legers","46":"pa_aircraft-type-moteur-unique","47":"pa_aircraft-type-multimoteur","48":"pa_aircraft-type-rotocraft-fr","49":"pa_aircraft-type-turbopropulseur","50":"pa_boat-type-bateau-a-moteur","51":"pa_boat-type-cargo","52":"pa_boat-type-location-de-yacht","53":"pa_boat-type-peche-commerciale","54":"pa_boat-type-remorqueur","55":"pa_boat-type-sportcraft-fr","56":"pa_boat-type-voilier","57":"pa_boat-type-yacht-fr","58":"pa_product-accessoires-de-securite","59":"pa_terrain-colline-et-montagne","60":"pa_terrain-foret-et-jungle","61":"pa_terrain-rivieres-zones-humides-lacs","62":"pa_terrain-toundra","64":"first","65":"instock","66":"sale","67":"taxable","68":"shipping-taxable","69":"purchasable","70":"product-type-simple"},"acf":[],"_links":{"self":[{"href":"https:\/\/www.acrartex.com\/fr\/wp-json\/wp\/v2\/product\/160081","targetHints":{"allow":["GET"]}}],"collection":[{"href":"https:\/\/www.acrartex.com\/fr\/wp-json\/wp\/v2\/product"}],"about":[{"href":"https:\/\/www.acrartex.com\/fr\/wp-json\/wp\/v2\/types\/product"}],"wp:featuredmedia":[{"embeddable":true,"href":"https:\/\/www.acrartex.com\/fr\/wp-json\/wp\/v2\/media\/160106"}],"wp:attachment":[{"href":"https:\/\/www.acrartex.com\/fr\/wp-json\/wp\/v2\/media?parent=160081"}],"wp:term":[{"taxonomy":"product_brand","embeddable":true,"href":"https:\/\/www.acrartex.com\/fr\/wp-json\/wp\/v2\/product_brand?post=160081"},{"taxonomy":"product_cat","embeddable":true,"href":"https:\/\/www.acrartex.com\/fr\/wp-json\/wp\/v2\/product_cat?post=160081"},{"taxonomy":"product_tag","embeddable":true,"href":"https:\/\/www.acrartex.com\/fr\/wp-json\/wp\/v2\/product_tag?post=160081"}],"curies":[{"name":"wp","href":"https:\/\/api.w.org\/{rel}","templated":true}]}}