{"id":160038,"date":"2022-01-28T12:52:37","date_gmt":"2022-01-28T17:52:37","guid":{"rendered":"https:\/\/www.acrartex.com\/products\/kit-de-montage-complet-bivy\/"},"modified":"2022-01-28T12:52:37","modified_gmt":"2022-01-28T17:52:37","slug":"kit-de-montage-complet-bivy","status":"publish","type":"product","link":"https:\/\/www.acrartex.com\/fr\/products\/kit-de-montage-complet-bivy\/","title":{"rendered":"Kit de montage complet Bivy"},"content":{"rendered":"<p>Emportez votre b\u00e2ton Bivy Bivy partout avec le kit de montage complet. Id\u00e9al pour les aventuriers qui passent d&#8217;une activit\u00e9 \u00e0 l&#8217;autre, il se range facilement dans l&#8217;\u00e9tui \u00e9tanche et antichoc fourni, permettant d&#8217;adapter facilement le b\u00e2ton Bivy \u00e0 vos besoins.  <\/p>\n<ul class=\"a-unordered-list a-vertical a-spacing-mini\">\n<li><strong>Tr\u00e9pied Octopus<br \/>\n<\/strong> L\u00e9ger et compact, peut \u00eatre utilis\u00e9 comme b\u00e2ton de poche, tr\u00e9pied pour les surfaces in\u00e9gales ou enroul\u00e9 autour d&#8217;objets<\/li>\n<li><strong>Collier de serrage flexible Jaws \u00e0 col r\u00e9glable<br \/>\n<\/strong> Se fixe rapidement aux poteaux ou autres objets. Facilement r\u00e9glable et l\u00e9ger. <\/li>\n<li><strong>Flotteur portatif flottant EVA<\/strong><br \/>\n S\u00e9curit\u00e9 renforc\u00e9e en cas de chute accidentelle dans l&#8217;eau. Espace de rangement herm\u00e9tique pour petits objets. Adaptateur 1\/4&#8243; pour fixation sur tr\u00e9pied.  <\/li>\n<li><span class=\"a-list-item\"><strong>Support \u00e0 ventouse<\/strong><br \/>\n La ventouse fixe votre Bivy Stick \u00e0 la voiture.  <\/span><\/li>\n<li><span class=\"a-list-item\"><strong>Support de guidon<\/strong><br \/>\n Le support de guidon s&#8217;adapte aux barres de 0,75&#8243; \u00e0 1,4&#8243; (1,9 \u00e0 3,6 cm) de diam\u00e8tre sur votre v\u00e9lo et votre moto et permet un mouvement d&#8217;inclinaison \u00e0 180\u00b0.  <\/span><\/li>\n<li><strong>Clip pour sac \u00e0 dos<\/strong><br \/>\n Kit de fixation pour capuchon de sac \u00e0 dos rotatif \u00e0 360 degr\u00e9s avec pince et vis longues<\/li>\n<li><strong>Boucle \u00e0 crochet en J<\/strong><br \/>\n <span data-spm-anchor-id=\"a2700.wholesale.0.i26.35472ba2pcG0VM\">Se fixe fermement au support adh\u00e9sif pour une utilisation mains libres et sans souci.<\/span><\/li>\n<li><strong>Boucles de d\u00e9verrouillage et adaptateur de bras pivotant \u00e0 3 voies, connexions longues et courtes<\/strong><\/li>\n<li><strong>Adaptateurs de montage filet\u00e9s 1\/4&#8243;<\/strong><\/li>\n<li><strong>Supports de tampons adh\u00e9sifs 3M<\/strong><\/li>\n<li><strong>Vis extra longues et courtes<\/strong><\/li>\n<li><strong>Sangles d&#8217;attache<\/strong><\/li>\n<li><strong>Mallette de transport portable<\/strong><\/li>\n<\/ul>\n","protected":false},"excerpt":{"rendered":"<p>&nbsp;<\/p>\n<p><a href=\"https:\/\/www.dropbox.com\/s\/fk04stqsp2hgk5f\/Prop%2065%20-%20DEHP.pdf?dl=0\" data-cke-saved-href=\"https:\/\/www.dropbox.com\/s\/fk04stqsp2hgk5f\/Prop%2065%20-%20DEHP.pdf?dl=0\">AVERTISSEMENT : PROPOSITION 65<\/a><\/p>\n","protected":false},"featured_media":160047,"template":"","meta":{"_acf_changed":false,"om_disable_all_campaigns":false},"product_brand":[],"product_cat":[5787,5721],"product_tag":[15871,13131,13125,13124,13130,13136,11962,13129,5797,13127,13143,13123,13142,13139,13134,13133,13144,13141,13132,13128,13135,13138],"class_list":{"0":"post-160038","1":"product","2":"type-product","3":"status-publish","4":"has-post-thumbnail","6":"product_cat-de-plein-air","7":"product_cat-marin-fr","8":"product_tag-4605-fr","9":"product_tag-application-bivy","10":"product_tag-baton-bivy","11":"product_tag-bivy-fr","12":"product_tag-bivy-acr-fr","13":"product_tag-bivy-contre-plb","14":"product_tag-bluetooth-fr","15":"product_tag-communication-bidirectionnelle","16":"product_tag-gps-fr","17":"product_tag-iridium-fr","18":"product_tag-kit-bivy-et-panneau-solaire","19":"product_tag-kit-de-survie-fr","20":"product_tag-kit-de-survie-avec-baton-bivy-et-panneau-solaire","21":"product_tag-kit-de-survie-bivy","22":"product_tag-le-plus-petit-communicateur-par-satellite","23":"product_tag-mini-fr","24":"product_tag-mini-gps-fr","25":"product_tag-panneau-solaire-bivy","26":"product_tag-sauvetage-mondial","27":"product_tag-suivi","28":"product_tag-suivi-gps-par-satellite","29":"product_tag-survie-bivy","30":"pa_activity-camping-fr","31":"pa_activity-cross-country-fr","32":"pa_activity-escalade","33":"pa_activity-motoneige","34":"pa_activity-peche","35":"pa_activity-randonnee","36":"pa_activity-ski-snowboard-fr","37":"pa_activity-sports-de-pagaie","38":"pa_activity-tout-terrain-4x4","39":"pa_activity-velo","40":"pa_aircraft-type-avion-de-ligne","41":"pa_aircraft-type-experimental-fr","42":"pa_aircraft-type-gros-jets","43":"pa_aircraft-type-jets-de-taille-moyenne","44":"pa_aircraft-type-jets-legers","45":"pa_aircraft-type-moteur-unique","46":"pa_aircraft-type-multimoteur","47":"pa_aircraft-type-rotocraft-fr","48":"pa_aircraft-type-turbopropulseur","49":"pa_boat-type-bateau-a-moteur","50":"pa_boat-type-cargo","51":"pa_boat-type-location-de-yacht","52":"pa_boat-type-peche-commerciale","53":"pa_boat-type-remorqueur","54":"pa_boat-type-sportcraft-fr","55":"pa_boat-type-voilier","56":"pa_boat-type-yacht-fr","57":"pa_product-accessoires-de-securite","58":"pa_terrain-colline-et-montagne","59":"pa_terrain-foret-et-jungle","60":"pa_terrain-rivieres-zones-humides-lacs","61":"pa_terrain-toundra","63":"first","64":"instock","65":"taxable","66":"shipping-taxable","67":"purchasable","68":"product-type-simple"},"acf":[],"_links":{"self":[{"href":"https:\/\/www.acrartex.com\/fr\/wp-json\/wp\/v2\/product\/160038","targetHints":{"allow":["GET"]}}],"collection":[{"href":"https:\/\/www.acrartex.com\/fr\/wp-json\/wp\/v2\/product"}],"about":[{"href":"https:\/\/www.acrartex.com\/fr\/wp-json\/wp\/v2\/types\/product"}],"wp:featuredmedia":[{"embeddable":true,"href":"https:\/\/www.acrartex.com\/fr\/wp-json\/wp\/v2\/media\/160047"}],"wp:attachment":[{"href":"https:\/\/www.acrartex.com\/fr\/wp-json\/wp\/v2\/media?parent=160038"}],"wp:term":[{"taxonomy":"product_brand","embeddable":true,"href":"https:\/\/www.acrartex.com\/fr\/wp-json\/wp\/v2\/product_brand?post=160038"},{"taxonomy":"product_cat","embeddable":true,"href":"https:\/\/www.acrartex.com\/fr\/wp-json\/wp\/v2\/product_cat?post=160038"},{"taxonomy":"product_tag","embeddable":true,"href":"https:\/\/www.acrartex.com\/fr\/wp-json\/wp\/v2\/product_tag?post=160038"}],"curies":[{"name":"wp","href":"https:\/\/api.w.org\/{rel}","templated":true}]}}