{"id":159961,"date":"2022-07-06T11:31:11","date_gmt":"2022-07-06T16:31:11","guid":{"rendered":"https:\/\/www.acrartex.com\/products\/plb-pochette-bivy-et-mousqueton-avec-sangle-velcro\/"},"modified":"2022-07-06T11:31:11","modified_gmt":"2022-07-06T16:31:11","slug":"plb-pochette-bivy-et-mousqueton-avec-sangle-velcro","status":"publish","type":"product","link":"https:\/\/www.acrartex.com\/fr\/products\/plb-pochette-bivy-et-mousqueton-avec-sangle-velcro\/","title":{"rendered":"PLB + Pochette Bivy et mousqueton avec sangle velcro"},"content":{"rendered":"<p>Compatible avec le ACR Bivy Stick et les ACR PLB -400, PLB -410, PLB -425 et PLB -435, ce kit est un ajout important \u00e0 l&#8217;\u00e9quipement de s\u00e9curit\u00e9 car il permet de garantir que vous \u00eates en mesure de garder les produits de sauvetage ACR en toute s\u00e9curit\u00e9 sur votre personne afin que vous les ayez lorsque vous en avez le plus besoin.<\/p>\n<p>Le mousqueton avec velcro permet d&#8217;attacher votre PLB ou votre b\u00e2ton Bivy \u00e0 un sac \u00e0 dos, un gilet de sauvetage ou tout simplement \u00e0 un v\u00eatement d&#8217;ext\u00e9rieur pour diverses activit\u00e9s de plein air. De m\u00eame, la pochette de protection est dot\u00e9e d&#8217;une attache pour ceinture permettant de l&#8217;attacher \u00e0 diff\u00e9rentes largeurs de ceinture, en plus des sangles d&#8217;un sac \u00e0 dos ou d&#8217;un gilet de sauvetage. <\/p>\n<p>O\u00f9 que votre aventure vous m\u00e8ne, qu&#8217;il s&#8217;agisse d&#8217;un voyage vers les plus hauts sommets, les terrains les plus inconnus ou les plus vastes oc\u00e9ans, profitez de la facilit\u00e9 accrue d&#8217;int\u00e9grer votre PLB ou Bivy Stick sur votre personne ou avec votre \u00e9quipement, rendant toutes vos aventures non seulement plus s\u00fbres, mais aussi plus pratiques.<\/p>\n","protected":false},"excerpt":{"rendered":"<p>Le kit d&#8217;accessoires ACR Pouch et Carabiner avec Velcro offre de nombreuses options de portabilit\u00e9, r\u00e9pondant \u00e0 une vari\u00e9t\u00e9 d&#8217;applications d&#8217;utilisation, pour plusieurs produits ACR .<\/p>\n<p>Compatible avec le ACR Bivy Stick et la s\u00e9rie Personal Locator Beacon ACR ResQLink (y compris PLB -375, PLB -400, PLB -410, PLB -425 et PLB -435), ce kit est un ajout important \u00e0 l&#8217;\u00e9quipement de s\u00e9curit\u00e9 car il permet de garantir que vous \u00eates en mesure de garder les produits de sauvetage d&#8217; ACR en toute s\u00e9curit\u00e9 sur vous afin que vous les ayez lorsque vous en avez le plus besoin.<\/p>\n<p>&nbsp;<\/p>\n<p>Cette pochette n&#8217;est PAS compatible avec le nouveau ResQLink AIS PLB -450<\/p>\n<p>&nbsp;<\/p>\n<p>&nbsp;<\/p>\n<p><a href=\"https:\/\/www.dropbox.com\/s\/fk04stqsp2hgk5f\/Prop%2065%20-%20DEHP.pdf?dl=0\">AVERTISSEMENT : PROPOSITION 65<\/a><\/p>\n","protected":false},"featured_media":27632,"template":"","meta":{"_acf_changed":false,"om_disable_all_campaigns":false},"product_brand":[],"product_cat":[6680,5787,5721],"product_tag":[],"class_list":{"0":"post-159961","1":"product","2":"type-product","3":"status-publish","4":"has-post-thumbnail","6":"product_cat-accessoires-de-securite","7":"product_cat-de-plein-air","8":"product_cat-marin-fr","9":"pa_activity-camping-fr","10":"pa_activity-cross-country-fr","11":"pa_activity-escalade","12":"pa_activity-motoneige","13":"pa_activity-peche","14":"pa_activity-randonnee","15":"pa_activity-ski-snowboard-fr","16":"pa_activity-sports-de-pagaie","17":"pa_activity-tout-terrain-4x4","18":"pa_activity-velo","19":"pa_product-accessoires-de-securite","21":"first","22":"instock","23":"taxable","24":"shipping-taxable","25":"purchasable","26":"product-type-simple"},"acf":[],"_links":{"self":[{"href":"https:\/\/www.acrartex.com\/fr\/wp-json\/wp\/v2\/product\/159961","targetHints":{"allow":["GET"]}}],"collection":[{"href":"https:\/\/www.acrartex.com\/fr\/wp-json\/wp\/v2\/product"}],"about":[{"href":"https:\/\/www.acrartex.com\/fr\/wp-json\/wp\/v2\/types\/product"}],"wp:featuredmedia":[{"embeddable":true,"href":"https:\/\/www.acrartex.com\/fr\/wp-json\/wp\/v2\/media\/27632"}],"wp:attachment":[{"href":"https:\/\/www.acrartex.com\/fr\/wp-json\/wp\/v2\/media?parent=159961"}],"wp:term":[{"taxonomy":"product_brand","embeddable":true,"href":"https:\/\/www.acrartex.com\/fr\/wp-json\/wp\/v2\/product_brand?post=159961"},{"taxonomy":"product_cat","embeddable":true,"href":"https:\/\/www.acrartex.com\/fr\/wp-json\/wp\/v2\/product_cat?post=159961"},{"taxonomy":"product_tag","embeddable":true,"href":"https:\/\/www.acrartex.com\/fr\/wp-json\/wp\/v2\/product_tag?post=159961"}],"curies":[{"name":"wp","href":"https:\/\/api.w.org\/{rel}","templated":true}]}}