{"id":159878,"date":"2022-11-14T17:30:44","date_gmt":"2022-11-14T22:30:44","guid":{"rendered":"https:\/\/www.acrartex.com\/products\/epirb-acr-globalfix-v6-avec-return-link-service-et-application-mobile\/"},"modified":"2026-03-11T03:42:24","modified_gmt":"2026-03-11T08:42:24","slug":"epirb-acr-globalfix-v6-avec-return-link-service-et-application-mobile","status":"publish","type":"product","link":"https:\/\/www.acrartex.com\/fr\/products\/epirb-acr-globalfix-v6-avec-return-link-service-et-application-mobile\/","title":{"rendered":"EPIRB ACR GlobalFix V6 avec Return Link Service et application mobile"},"content":{"rendered":"<p><iframe loading=\"lazy\" title=\"GlobalFix V6 RLS EPIRB with Mobile App | ACR ARTEX\" width=\"500\" height=\"281\" src=\"https:\/\/www.youtube.com\/embed\/hm4YxhdzD5w?feature=oembed\" frameborder=\"0\" allow=\"accelerometer; autoplay; clipboard-write; encrypted-media; gyroscope; picture-in-picture; web-share\" referrerpolicy=\"strict-origin-when-cross-origin\" allowfullscreen><\/iframe><\/p>\n<p>ACR , leader mondial des dispositifs \u00e9lectroniques de s\u00e9curit\u00e9 maritime, pr\u00e9sente une nouvelle balise de localisation d&#8217;urgence ( EPIRB ) haute technologie. La nouvelle EPIRB ACR GlobalFix V6 utilise la connectivit\u00e9 satellite 406 MHz pour transmettre les signaux d&#8217;urgence au syst\u00e8me mondial de sauvetage par satellite Cospas Sarsat. La technologie Return Link Service ( RLS ) fournit une confirmation visuelle \u00e0 l&#8217;utilisateur que son message de d\u00e9tresse a \u00e9t\u00e9 re\u00e7u. Un signal de radioguidage 121,5 MHz aide les sauveteurs \u00e0 retrouver la balise activ\u00e9e lorsqu&#8217;ils sont sur place. Des lumi\u00e8res stroboscopiques visibles et infrarouges facilitent l&#8217;identification des cibles la nuit ou par visibilit\u00e9 r\u00e9duite, acc\u00e9l\u00e9rant ainsi les op\u00e9rations de sauvetage et de r\u00e9cup\u00e9ration. Une nouvelle fonctionnalit\u00e9 appel\u00e9e Near Field Communication ( NFC ) permet aux utilisateurs de surveiller les fonctions de leur EPIRB \u00e0 l&#8217;aide d&#8217;une application pour smartphone. ACR est d\u00e9di\u00e9 \u00e0 la s\u00e9curit\u00e9 maritime et la nouvelle EPIRB GlobalFix V6 offre une technologie de sauvetage sophistiqu\u00e9e dans un appareil durable et fiable, fonctionnant dans le monde entier.      <\/p>\n<p>&nbsp;<\/p>\n<h3><strong>Un signal d&#8217;alerte num\u00e9rique fiable dans le monde entier indique aux sauveteurs o\u00f9 chercher.<\/strong><\/h3>\n<p>La EPIRB ACR GlobalFix V6 d\u00e9termine sa position avec pr\u00e9cision \u00e0 l&#8217;\u00e9chelle mondiale gr\u00e2ce aux r\u00e9seaux de positionnement GNSS ( GPS , Galileo, Glonass). Son d\u00e9clenchement produit un signal de d\u00e9tresse num\u00e9rique via une transmission de 406 MHz qui relaie la position GPS ( EPIRB ), avec une pr\u00e9cision de 100 m\u00e8tres, au r\u00e9seau mondial de satellites de recherche et de sauvetage Cospas Sarsat. Les informations de position et l&#8217;identification du navire sont ensuite transmises par les satellites aux stations terrestres, ce qui permet de d\u00e9terminer l&#8217;ampleur de l&#8217;op\u00e9ration de sauvetage \u00e0 lancer. Une fois la EPIRB activ\u00e9e, un signal de 121,5 MHz est \u00e9mis en compl\u00e9ment du signal satellite \u00e0 plus haute fr\u00e9quence. Ce signal de guidage de 121,5 MHz aide les sauveteurs \u00e0 retrouver la balise \u00e0 leur arriv\u00e9e sur les lieux, ce qui est particuli\u00e8rement important si la balise a d\u00e9riv\u00e9 de sa position initiale. La EPIRB GlobalFix V6 \u00e9met \u00e9galement un signal stroboscopique visuel et infrarouge pour aider les sauveteurs \u00e0 la localiser pr\u00e9cis\u00e9ment et acc\u00e9l\u00e9rer les op\u00e9rations de sauvetage.     <\/p>\n<h3><strong>Near Field Communication ( NFC ) garantit le bon fonctionnement de l&#8217; EPIRB  <\/strong><\/h3>\n<p>Gr\u00e2ce \u00e0 <a href=\"https:\/\/www.youtube.com\/watch?v=WqE0ag4yqG4\">l&#8217;application gratuite pour smartphone d&#8217; ACR et \u00e0 la technologie NFC ( Near Field Communication ),<\/a> les utilisateurs peuvent facilement acc\u00e9der aux diagnostics de l&#8217; EPIRB . En pla\u00e7ant un smartphone \u00e0 proximit\u00e9 de l&#8217; EPIRB GlobalFix V6, l&#8217;application produit ACR affiche les donn\u00e9es EPIRB . Celle-ci indique l&#8217;autonomie actuelle de la batterie de la balise, le nombre de tests GNSS et d&#8217;autotests effectu\u00e9s, ainsi que la dur\u00e9e d&#8217;activation de l&#8217; EPIRB . Les utilisateurs peuvent consulter des informations d\u00e9taill\u00e9es sur chaque autotest et test GNSS effectu\u00e9 par l&#8217;appareil. Les tests GNSS incluent une vue cartographique indiquant le lieu des tests pr\u00e9c\u00e9dents, la date et l&#8217;heure des tests, le temps n\u00e9cessaire \u00e0 l&#8217; EPIRB pour obtenir les coordonn\u00e9es GNSS, le nombre de satellites utilis\u00e9s pour obtenir ce point et sa pr\u00e9cision. NFC permet aux utilisateurs de v\u00e9rifier r\u00e9guli\u00e8rement l&#8217;\u00e9tat de toutes les fonctions EPIRB afin de s&#8217;assurer de son bon fonctionnement et de sa disponibilit\u00e9 en cas d&#8217;urgence.     <\/p>\n<p>&nbsp;<\/p>\n<h3><strong>Return Link Service ( RLS )<\/strong><\/h3>\n<p>Return Link Service indique \u00e0 l&#8217;utilisateur qu&#8217;une transmission de secours d&#8217;une EPIRB a \u00e9t\u00e9 re\u00e7ue. Le signal RLS est renvoy\u00e9 via le r\u00e9seau satellitaire Galileo, confirmant que le message de d\u00e9tresse num\u00e9rique, incluant la localisation pr\u00e9cise et les identifiants de la balise, a \u00e9t\u00e9 transmis. Un voyant bleu clignotant, bien visible, indique la bonne r\u00e9ception du message de liaison de retour par EPIRB via le r\u00e9seau satellitaire Galileo. Les personnes en d\u00e9tresse ayant d\u00e9clench\u00e9 la balise et re\u00e7u la confirmation RLS savent que les sauveteurs seront inform\u00e9s de l&#8217;activation et de la localisation EPIRB et que les op\u00e9rations de secours seront lanc\u00e9es.   <\/p>\n<p>&nbsp;<\/p>\n<p>ACR est un leader mondialement reconnu dans le domaine des dispositifs \u00e9lectroniques de sauvetage en mer et autres produits de sauvetage. L&#8217;entreprise fabrique des solutions d&#8217;\u00e9quipement de sauvetage de qualit\u00e9, comme la nouvelle EPIRB ACR GlobalFix V6, adapt\u00e9e \u00e0 tous les types et toutes les tailles de navires, tant pour les activit\u00e9s de plaisance que commerciales. Batteries au lithium longue dur\u00e9e, transmission par satellite mondiale 406 MHz, signal de guidage 121,5 MHz, flashs visuels et infrarouges, et Return Link Service indiquant aux utilisateurs que leur signal de sauvetage a \u00e9t\u00e9 re\u00e7u, le tout r\u00e9uni dans une balise \u00e9tanche et durable. Near Field Communication et l&#8217;application gratuite ACR permettent aux utilisateurs de v\u00e9rifier l&#8217;\u00e9tat de EPIRB pour une fiabilit\u00e9 accrue. Les navigateurs en croisi\u00e8re c\u00f4ti\u00e8re, en mer ou en mer appr\u00e9cieront les fonctionnalit\u00e9s avanc\u00e9es de la EPIRB GlobalFix V6.    <\/p>\n","protected":false},"excerpt":{"rendered":"<p>La nouvelle balise de EPIRB ACR GlobalFix V6 est une radiobalise de localisation d&#8217;urgence polyvalente, adapt\u00e9e aux navires de plaisance et commerciaux. Des fonctionnalit\u00e9s de pointe, comme Return Link Service ( RLS ), rassurent les utilisateurs en confirmant que la balise a bien envoy\u00e9 le message de d\u00e9tresse et que ce message a \u00e9t\u00e9 re\u00e7u. La nouvelle technologie NFC ( Near Field Communication ) d&#8217; ACR permet \u00e0 la balise de se connecter \u00e0 un smartphone pour un diagnostic rapide d\u00e9montrant que la batterie est charg\u00e9e et que la EPIRB fonctionne correctement. La GlobalFix V6 est une solution de s\u00e9curit\u00e9 id\u00e9ale pour tous les types de navires et d&#8217;activit\u00e9s, y compris la croisi\u00e8re c\u00f4ti\u00e8re, les travers\u00e9es hauturi\u00e8res, le travail ou la p\u00eache en mer.   <\/p>\n<p>&nbsp;<\/p>\n<p><a href=\"https:\/\/www.dropbox.com\/s\/fk04stqsp2hgk5f\/Prop%2065%20-%20DEHP.pdf?dl=0\">AVERTISSEMENT : PROPOSITION 65<\/a><\/p>\n","protected":false},"featured_media":165562,"template":"","meta":{"_acf_changed":false,"om_disable_all_campaigns":false},"product_brand":[],"product_cat":[5950,15824,5967,5944,5721,5948,5946],"product_tag":[15831,12810,15845,15840,15839,15619,9306,9302,6846,15842,15833,5754,9304,5723,15836],"class_list":{"0":"post-159878","1":"product","2":"type-product","3":"status-publish","4":"has-post-thumbnail","6":"product_cat-commercial-fr","7":"product_cat-epirb-fr","8":"product_cat-forces-navales","9":"product_cat-interieur","10":"product_cat-marin-fr","11":"product_cat-offshore-fr","12":"product_cat-pres-du-rivage","13":"product_tag-acr-epirb-fr","14":"product_tag-acr-globalfix-fr","15":"product_tag-application-epirb","16":"product_tag-balise-de-bateau","17":"product_tag-balise-epirb","18":"product_tag-balise-gps-durgence","19":"product_tag-balise-radio-de-localisation-des-sinistres","20":"product_tag-balises-de-detresse","21":"product_tag-cospas-sarsat-fr","22":"product_tag-epirb-avec-application-mobile","23":"product_tag-globalfix-v6-fr","24":"product_tag-gpirb-fr","25":"product_tag-gps-rls","26":"product_tag-rls-fr","27":"product_tag-v6-fr","28":"pa_activity-peche","29":"pa_boat-size-0-20-fr","30":"pa_boat-size-21-40-fr","31":"pa_boat-size-40-80-fr","32":"pa_boat-type-bateau-a-moteur","33":"pa_boat-type-location-de-yacht","34":"pa_boat-type-peche-commerciale","35":"pa_boat-type-sportcraft-fr","36":"pa_boat-type-voilier","38":"first","39":"instock","40":"taxable","41":"shipping-taxable","42":"purchasable","43":"product-type-variable","44":"has-default-attributes"},"acf":[],"_links":{"self":[{"href":"https:\/\/www.acrartex.com\/fr\/wp-json\/wp\/v2\/product\/159878","targetHints":{"allow":["GET"]}}],"collection":[{"href":"https:\/\/www.acrartex.com\/fr\/wp-json\/wp\/v2\/product"}],"about":[{"href":"https:\/\/www.acrartex.com\/fr\/wp-json\/wp\/v2\/types\/product"}],"wp:featuredmedia":[{"embeddable":true,"href":"https:\/\/www.acrartex.com\/fr\/wp-json\/wp\/v2\/media\/165562"}],"wp:attachment":[{"href":"https:\/\/www.acrartex.com\/fr\/wp-json\/wp\/v2\/media?parent=159878"}],"wp:term":[{"taxonomy":"product_brand","embeddable":true,"href":"https:\/\/www.acrartex.com\/fr\/wp-json\/wp\/v2\/product_brand?post=159878"},{"taxonomy":"product_cat","embeddable":true,"href":"https:\/\/www.acrartex.com\/fr\/wp-json\/wp\/v2\/product_cat?post=159878"},{"taxonomy":"product_tag","embeddable":true,"href":"https:\/\/www.acrartex.com\/fr\/wp-json\/wp\/v2\/product_tag?post=159878"}],"curies":[{"name":"wp","href":"https:\/\/api.w.org\/{rel}","templated":true}]}}