{"id":159858,"date":"2022-08-11T08:04:39","date_gmt":"2022-08-11T13:04:39","guid":{"rendered":"https:\/\/www.acrartex.com\/products\/epirb-ais-globalfix-v5-avec-return-link-service-et-application-mobile\/"},"modified":"2026-03-06T09:44:56","modified_gmt":"2026-03-06T14:44:56","slug":"epirb-ais-globalfix-v5-avec-return-link-service-et-application-mobile","status":"publish","type":"product","link":"https:\/\/www.acrartex.com\/fr\/products\/epirb-ais-globalfix-v5-avec-return-link-service-et-application-mobile\/","title":{"rendered":"EPIRB AIS GlobalFix \u2122 V5 avec Return Link Service et application mobile"},"content":{"rendered":"<p class=\"ai-optimize-introduction ai-optimize-33\">D\u00e9couvrez la balise de d\u00e9tresse EPIRB ( <a href=\"https:\/\/www.acrartex.com\/fr\/news\/quest-ce-quune-epirb-ou-une-balise-radio-de-localisation-des-sinistres\/\">radiobalise de localisation des sinistres<\/a> ) la plus avanc\u00e9e du march\u00e9. La nouvelle EPIRB ACR GlobalFix V5 associe la connectivit\u00e9 satellite 406 MHz au Automatic Identification System ( AIS ). Ainsi, lorsqu&#8217;elle est activ\u00e9e, la EPIRB transmet non seulement votre signal d&#8217;urgence au syst\u00e8me mondial de sauvetage par satellite <a href=\"https:\/\/www.cospas-sarsat.int\/en\/\">Cospas Sarsat<\/a> , mais diffuse \u00e9galement un message de s\u00e9curit\u00e9 AIS sur les fr\u00e9quences VHF, imm\u00e9diatement visible par tout navire \u00e9quip\u00e9 AIS \u00e0 proximit\u00e9. Parmi ses autres fonctionnalit\u00e9s exceptionnelles, citons la technologie Return Link Service ( RLS ) qui confirme visuellement la r\u00e9ception du message de d\u00e9tresse, un signal de radioguidage 121,5 MHz et des feux stroboscopiques visibles et infrarouges pour une identification facile des cibles de nuit ou par faible visibilit\u00e9. Enfin, Near Field Communication ( NFC ) permet de surveiller sa EPIRB via une application pour smartphone. ACR est le leader mondial des technologies de s\u00e9curit\u00e9 et de sauvetage en mer. La nouvelle balise GPS EPIRB GlobalFix V5 avec AIS allie la durabilit\u00e9 et la fiabilit\u00e9 qui font sa r\u00e9putation \u00e0 une technologie de pointe con\u00e7ue pour acc\u00e9l\u00e9rer les interventions de secours.     <\/p>\n<h3 class=\"ai-optimize-34\"><strong>Sauvetages EPIRB AIS plus rapides gr\u00e2ce au couplage des sauvetages globaux et locaux<\/strong><\/h3>\n<p class=\"ai-optimize-35\">La EPIRB ACR GlobalFix V5 d\u00e9termine sa position avec pr\u00e9cision partout dans le monde gr\u00e2ce aux r\u00e9seaux de positionnement GNSS ( GPS , Galileo, Glonass). D\u00e8s son activation, la radio de d\u00e9tresse 406 MHz transmet la position GPS ( EPIRB ), pr\u00e9cise \u00e0 100 m\u00e8tres pr\u00e8s, au r\u00e9seau mondial de satellites de recherche et de sauvetage Cospas Sarsat. Les identifiants et les informations de position EPIRB sont transmis aux stations terrestres par le syst\u00e8me satellitaire, d\u00e9clenchant ainsi les op\u00e9rations de sauvetage. Gr\u00e2ce \u00e0 la technologie AIS avanc\u00e9e d\u00e9sormais int\u00e9gr\u00e9e \u00e0 la EPIRB , un signal AIS est \u00e9mis d\u00e8s son activation, informant ainsi instantan\u00e9ment les navires \u00e0 proximit\u00e9 \u00e9quip\u00e9s d&#8217;un transpondeur AIS de la position de la balise. Les navires \u00e9quip\u00e9s AIS et se trouvant \u00e0 port\u00e9e VHF de la balise verront un message de s\u00e9curit\u00e9 s&#8217;afficher sur leur \u00e9cran, indiquant l&#8217;identification MMSI du navire. Les navires se trouvant dans la zone o\u00f9 la EPIRB a \u00e9t\u00e9 activ\u00e9e peuvent alors lancer imm\u00e9diatement les op\u00e9rations de sauvetage et de r\u00e9cup\u00e9ration sans avoir \u00e0 attendre l&#8217;intervention des autorit\u00e9s SAR comp\u00e9tentes. AIS permet \u00e9galement aux intervenants locaux de localiser facilement l&#8217; EPIRB , qui s&#8217;affiche sous forme de cible AIS sur leur \u00e9cran de bord. Les navires \u00e0 proximit\u00e9 \u00e9quip\u00e9s d&#8217;un AIS peuvent naviguer directement vers l&#8217; EPIRB en s\u00e9lectionnant la cible AIS .        Cette incroyable avanc\u00e9e technologique acc\u00e9l\u00e9rera les temps de r\u00e9cup\u00e9ration, ce qui sauvera certainement des vies.<\/p>\n<h3 class=\"ai-optimize-36\"><strong>Connectivit\u00e9 des smartphones utilisant Near Field Communication ( NFC )<\/strong><\/h3>\n<p class=\"ai-optimize-37\"><a href=\"https:\/\/www.youtube.com\/watch?v=WqE0ag4yqG4\">La technologie NFC (Near Field Communication)<\/a> permet aux utilisateurs d&#8217;acc\u00e9der aux diagnostics de la balise EPIRB via leur smartphone. Lorsqu&#8217;un smartphone est plac\u00e9 \u00e0 proximit\u00e9 de la balise de d\u00e9tresse GlobalFix V5, l&#8217;application ACR s&#8217;ouvre automatiquement et donne acc\u00e8s aux donn\u00e9es de la balise. L&#8217;application affiche notamment l&#8217;autonomie restante de la batterie, le nombre d&#8217;autotests effectu\u00e9s, le nombre de tests GNSS r\u00e9alis\u00e9s et la dur\u00e9e d&#8217;activation de la balise.   Des informations d\u00e9taill\u00e9es sur chaque autotest et test GNSS effectu\u00e9 par l&#8217;appareil sont \u00e9galement disponibles. Les tests GNSS affichent une carte indiquant le lieu du test pr\u00e9c\u00e9dent, sa date et son heure, le temps n\u00e9cessaire \u00e0 la balise EPIRB pour obtenir une position GNSS, le nombre de satellites utilis\u00e9s et la pr\u00e9cision de cette position. Gr\u00e2ce \u00e0 la connectivit\u00e9 NFC via l&#8217;application Easy App, les utilisateurs peuvent facilement v\u00e9rifier l&#8217;\u00e9tat de toutes les fonctions de la balise EPIRB et s&#8217;assurer de son bon fonctionnement. <\/p>\n<p>&nbsp;<\/p>\n<h3 class=\"ai-optimize-38\"><strong>Return Link Service ( RLS )<\/strong><\/h3>\n<p class=\"ai-optimize-39\">Le service de liaison de retour (RLS) informe la personne qui d\u00e9clenche la balise EPIRB que le message de d\u00e9tresse a bien \u00e9t\u00e9 transmis. Un signal RLS renvoy\u00e9 par le r\u00e9seau de satellites Galileo confirme la r\u00e9ception du message de d\u00e9tresse, ainsi que la position et les identifiants pr\u00e9cis de la balise. Un voyant bleu clignotant, bien visible, indique la bonne r\u00e9ception du message de liaison de retour par la balise EPIRB.   Le confort de savoir que les sauveteurs savent qu\u2019une EPIRB a \u00e9t\u00e9 activ\u00e9e et qu\u2019ils connaissent son emplacement contribue \u00e0 r\u00e9duire le stress associ\u00e9 aux situations d\u2019alerte.<\/p>\n<p class=\"ai-optimize-40\">ACR est sp\u00e9cialis\u00e9 dans les dispositifs de sauvetage \u00e9lectroniques et autres produits de sauvetage destin\u00e9s aux marins professionnels et de plaisance. Gr\u00e2ce \u00e0 l&#8217;int\u00e9gration de AIS , la nouvelle EPIRB ACR GlobalFix V5 offre le moyen le plus simple et le plus rapide d&#8217;acc\u00e9der aux secours. Return Link Service offre un sentiment de s\u00e9curit\u00e9 appr\u00e9ciable, sachant que votre message de d\u00e9tresse a \u00e9t\u00e9 re\u00e7u, et Near Field Communication offre un acc\u00e8s \u00e0 des donn\u00e9es et \u00e0 des fonctionnalit\u00e9s in\u00e9dites pour les utilisateurs de EPIRB . Les nouvelles fonctionnalit\u00e9s avanc\u00e9es de la balise EPIRB GlobalFix V5 en font la solution id\u00e9ale pour les navigateurs, qu&#8217;ils pratiquent la navigation c\u00f4ti\u00e8re, le travail en haute mer ou la travers\u00e9e des oc\u00e9ans.   <\/p>\n<p class=\"ai-optimize-41\">Pour une EPIRB personnelle, d\u00e9couvrez la nouvelle <a href=\"https:\/\/www.acrartex.com\/fr\/products\/personal-locator-beacon-resqlink-ais\/\">Personal Locator Beacon ResQLink AIS<\/a><\/p>\n","protected":false},"excerpt":{"rendered":"<p>La nouvelle balise de d\u00e9tresse AIS ACR GlobalFix V5 est une EPIRB innovante dot\u00e9e de fonctionnalit\u00e9s uniques. L&#8217;ajout d&#8217;une alerte AIS offre le chemin le plus simple et le plus rapide vers les secours, tandis que la fonction Return Link Service ( RLS ) int\u00e9gr\u00e9e procure un sentiment de s\u00e9curit\u00e9 pr\u00e9cieux en confirmant directement \u00e0 la balise la r\u00e9ception de votre message de d\u00e9tresse. L&#8217;ajout de Near Field Communication ( NFC ) permet une connectivit\u00e9 par smartphone et un acc\u00e8s in\u00e9dit aux donn\u00e9es et aux produits. Ces fonctionnalit\u00e9s avanc\u00e9es font de la GlobalFix V5 la solution id\u00e9ale pour les navigateurs, qu&#8217;ils pratiquent la navigation c\u00f4ti\u00e8re, le travail en haute mer ou la travers\u00e9e des oc\u00e9ans.   <\/p>\n<p>&nbsp;<\/p>\n<p><a href=\"https:\/\/www.dropbox.com\/s\/fk04stqsp2hgk5f\/Prop%2065%20-%20DEHP.pdf?dl=0\">AVERTISSEMENT : PROPOSITION 65<\/a><\/p>\n<p>&nbsp;<\/p>\n","protected":false},"featured_media":33693,"template":"","meta":{"_acf_changed":false,"om_disable_all_campaigns":false},"product_brand":[],"product_cat":[5950,15824,5967,5944,5721,5948,5946],"product_tag":[15361,5725,9306,9302,15825,9310,5729,9300,9298,5754,9318,9304,12969,5723,15618],"class_list":{"0":"post-159858","1":"product","2":"type-product","3":"status-publish","4":"has-post-thumbnail","6":"product_cat-commercial-fr","7":"product_cat-epirb-fr","8":"product_cat-forces-navales","9":"product_cat-interieur","10":"product_cat-marin-fr","11":"product_cat-offshore-fr","12":"product_cat-pres-du-rivage","13":"product_tag-ais-epirb-fr","14":"product_tag-balise-de-detresse","15":"product_tag-balise-radio-de-localisation-des-sinistres","16":"product_tag-balises-de-detresse","17":"product_tag-epirb-avec-ais","18":"product_tag-epirb-avec-gps","19":"product_tag-globalfix-fr","20":"product_tag-globalfix-epirb-fr","21":"product_tag-globalfix-v4-fr","22":"product_tag-gpirb-fr","23":"product_tag-gpirb-fr-2","24":"product_tag-gps-rls","25":"product_tag-return-link-service-fr","26":"product_tag-rls-fr","27":"product_tag-rls-epirb-fr","28":"pa_activity-peche","29":"pa_boat-size-0-20-fr","30":"pa_boat-size-21-40-fr","31":"pa_boat-size-40-80-fr","32":"pa_boat-size-80-fr","33":"pa_boat-type-bateau-a-moteur","34":"pa_boat-type-cargo","35":"pa_boat-type-location-de-yacht","36":"pa_boat-type-peche-commerciale","37":"pa_boat-type-remorqueur","38":"pa_boat-type-sportcraft-fr","39":"pa_boat-type-voilier","40":"pa_boat-type-yacht-fr","42":"first","43":"instock","44":"taxable","45":"shipping-taxable","46":"purchasable","47":"product-type-variable","48":"has-default-attributes"},"acf":[],"_links":{"self":[{"href":"https:\/\/www.acrartex.com\/fr\/wp-json\/wp\/v2\/product\/159858","targetHints":{"allow":["GET"]}}],"collection":[{"href":"https:\/\/www.acrartex.com\/fr\/wp-json\/wp\/v2\/product"}],"about":[{"href":"https:\/\/www.acrartex.com\/fr\/wp-json\/wp\/v2\/types\/product"}],"wp:featuredmedia":[{"embeddable":true,"href":"https:\/\/www.acrartex.com\/fr\/wp-json\/wp\/v2\/media\/33693"}],"wp:attachment":[{"href":"https:\/\/www.acrartex.com\/fr\/wp-json\/wp\/v2\/media?parent=159858"}],"wp:term":[{"taxonomy":"product_brand","embeddable":true,"href":"https:\/\/www.acrartex.com\/fr\/wp-json\/wp\/v2\/product_brand?post=159858"},{"taxonomy":"product_cat","embeddable":true,"href":"https:\/\/www.acrartex.com\/fr\/wp-json\/wp\/v2\/product_cat?post=159858"},{"taxonomy":"product_tag","embeddable":true,"href":"https:\/\/www.acrartex.com\/fr\/wp-json\/wp\/v2\/product_tag?post=159858"}],"curies":[{"name":"wp","href":"https:\/\/api.w.org\/{rel}","templated":true}]}}