{"id":159820,"date":"2022-11-14T18:20:23","date_gmt":"2022-11-14T23:20:23","guid":{"rendered":"https:\/\/www.acrartex.com\/products\/personal-locator-beacon-resqlink-ais\/"},"modified":"2026-03-06T10:44:16","modified_gmt":"2026-03-06T15:44:16","slug":"personal-locator-beacon-resqlink-ais","status":"publish","type":"product","link":"https:\/\/www.acrartex.com\/fr\/products\/personal-locator-beacon-resqlink-ais\/","title":{"rendered":"Personal Locator Beacon ResQLink AIS"},"content":{"rendered":"<p class=\"ai-optimize-40 ai-optimize-introduction\"><b> <\/b>Leader mondial des dispositifs de sauvetage et autres produits de sauvetage sur lesquels comptent les marins professionnels et de plaisance, ACR est fier de proposer la nouvelle Personal Locator Beacon ( PLB ) ResQLink AIS prim\u00e9e. Cette balise de d\u00e9tresse compacte et high-tech est la premi\u00e8re PLB au monde \u00e0 int\u00e9grer \u00e0 la fois AIS ( Automatic Identification System ) et NFC ( Near Field Communication ), en plus de la notification par satellite standard via le syst\u00e8me de sauvetage <a href=\"https:\/\/www.cospas-sarsat.int\/en\/\">Cospas Sarsat<\/a> . AIS permet une notification locale instantan\u00e9e pour des interventions plus rapides. NFC garantit le bon fonctionnement de la balise en cas de besoin et permet d&#8217;acc\u00e9der facilement \u00e0 toutes les fonctions et enregistrements via un smartphone. Le positionnement pr\u00e9cis gr\u00e2ce au GNSS ( GPS , Galileo, Glonass) et \u00e0 la connectivit\u00e9 satellite 406 MHz garantit un service fiable dans le monde entier. Les transmissions de radioguidage 121,5 MHz, combin\u00e9es \u00e0 AIS Homme \u00e0 la mer ( AIS MOB ) et aux flashs visibles et infrarouges, facilitent la localisation de la balise et acc\u00e9l\u00e8rent les temps de r\u00e9cup\u00e9ration. Le nouveau et innovant ACR ResQLink AIS est le PREMIER \u00e0 combiner toutes ces fonctionnalit\u00e9s dans une balise PLB compacte et facile \u00e0 utiliser, ce qui en fait le PREMIER choix pour les marins s\u00e9rieux \u00e0 la recherche de la meilleure Personal Locator Beacon pour les plaisanciers.      <\/p>\n<p>&nbsp;<\/p>\n<h2 class=\"ai-optimize-41\"><strong>Couplage du sauvetage global et local avec une Personal Locator Beacon AIS<\/strong><\/h2>\n<p class=\"ai-optimize-42\">Le syst\u00e8me mondial de satellites Cospas Sarsat comprend trois constellations diff\u00e9rentes pour garantir que votre signal de d\u00e9tresse 406 MHz parvienne imm\u00e9diatement au r\u00e9seau mondial des forces de recherche et de sauvetage, avec une pr\u00e9cision de localisation de 100 m\u00e8tres. Gr\u00e2ce \u00e0 plusieurs niveaux de technologie de signalisation int\u00e9gr\u00e9e, incluant le positionnement 406 MHz et GNSS ( GPS , Galileo, Glonass), la PLB transmet \u00e9galement un signal de guidage 121,5 MHz qui guide les services de recherche et de sauvetage vers sa position actuelle \u00e0 leur arriv\u00e9e sur les lieux, si la balise a pu d\u00e9river de sa position initiale. Gr\u00e2ce \u00e0 l&#8217;ajout des transmissions AIS de la balise homme \u00e0 la mer, le ResQLink AIS alerte simultan\u00e9ment tous les navires \u00e9quip\u00e9s de transpondeurs AIS \u00e0 port\u00e9e radio VHF de la position de d\u00e9tresse de la PLB . Cela augmente consid\u00e9rablement la probabilit\u00e9 et la rapidit\u00e9 des secours, car les navires \u00e0 proximit\u00e9 re\u00e7oivent les alertes AIS MOB . D\u00e8s le d\u00e9ploiement de la balise, un message de s\u00e9curit\u00e9 AIS ou une alarme AIS MOB , avec le num\u00e9ro MMSI et la position de la balise, s&#8217;affiche sur tout \u00e9cran AIS \u00e0 port\u00e9e. Cela permet aux navires \u00e0 proximit\u00e9 de rep\u00e9rer facilement la balise, puisqu&#8217;elle appara\u00eet comme une cible AIS active sur leurs \u00e9crans.     <\/p>\n<p class=\"ai-optimize-43\">Le ResQLink AIS \u00e9clairera le chemin \u00e0 l&#8217;arriv\u00e9e des sauveteurs sur les lieux avec un stroboscope blanc visible et un stroboscope infrarouge fournissant aux sauveteurs la r\u00e9f\u00e9rence visuelle dont ils ont besoin pendant la nuit ou d&#8217;autres op\u00e9rations de sauvetage \u00e0 faible visibilit\u00e9.<\/p>\n<h2 class=\"ai-optimize-44\"><strong>Connectivit\u00e9 des smartphones utilisant Near Field Communication ( NFC )<\/strong><\/h2>\n<p class=\"ai-optimize-45\">L&#8217; <a href=\"https:\/\/www.youtube.com\/watch?v=WqE0ag4yqG4\">int\u00e9gration de la technologie NFC<\/a> permet aux utilisateurs d&#8217;acc\u00e9der facilement aux donn\u00e9es de la balise depuis leur t\u00e9l\u00e9phone portable. Il suffit d&#8217;approcher le t\u00e9l\u00e9phone de la balise pour ouvrir automatiquement l&#8217;application produit ACR et acc\u00e9der \u00e0 de nombreuses donn\u00e9es d&#8217;utilisation, notamment l&#8217;autonomie de la batterie, le nombre d&#8217;autotests effectu\u00e9s, le nombre de tests GNSS effectu\u00e9s et, le cas \u00e9ch\u00e9ant, la dur\u00e9e d&#8217;activation de la balise. Des informations d\u00e9taill\u00e9es sur chaque autotest et test GNSS effectu\u00e9 par la balise sont \u00e9galement disponibles. Pour chaque test GNSS r\u00e9ussi, les utilisateurs peuvent consulter une carte indiquant le lieu exact du test, la date et l&#8217;heure du test, le temps n\u00e9cessaire \u00e0 la balise pour obtenir les coordonn\u00e9es GNSS, le nombre de satellites utilis\u00e9s pour obtenir cette position et la pr\u00e9cision de la localisation.   <\/p>\n<h2 class=\"ai-optimize-46\"><strong>Return Link Service ( RLS )<\/strong><\/h2>\n<p class=\"ai-optimize-47\">La fonctionnalit\u00e9 RLS consiste \u00e0 renvoyer un signal via le r\u00e9seau satellite Galileo pour confirmer \u00e0 l&#8217;utilisateur de la balise que son message de d\u00e9tresse a bien \u00e9t\u00e9 re\u00e7u et que sa position a \u00e9t\u00e9 d\u00e9tect\u00e9e par les garde-c\u00f4tes. Un message de confirmation est clairement indiqu\u00e9 par un voyant bleu clignotant sur la PLB . Comme les autres balises ACR int\u00e9grant la fonction RLS , l&#8217; ResQLink AIS offre la certitude qu&#8217;un message de d\u00e9tresse a bien \u00e9t\u00e9 transmis.   Le fait de savoir que les sauveteurs sont conscients de la transmission et de l\u2019emplacement de la balise r\u00e9duit le stress souvent associ\u00e9 aux incidents d\u2019homme \u00e0 la mer.<\/p>\n<h2 class=\"ai-optimize-48\"><strong>Compatibilit\u00e9 et int\u00e9gration du PFD<\/strong><\/h2>\n<p class=\"ai-optimize-49\">Le ResQLink AIS est con\u00e7u pour \u00eatre install\u00e9 dans un gilet de sauvetage et s&#8217;activer lors du gonflage (semi-automatique). L&#8217;installation est simple gr\u00e2ce au clip de gonflage buccal inclus. La PLB est fix\u00e9e au gilet par un ruban autour de sa poche. Une fois correctement install\u00e9, le gonflage du gilet d\u00e9clenche le d\u00e9ploiement de l&#8217;antenne et l&#8217;activation de la balise.  <\/p>\n<p class=\"ai-optimize-37\"><strong>Il est recommand\u00e9 de consulter le fabricant du gilet de sauvetage avant l&#8217;installation, car certains mod\u00e8les peuvent avoir leur propre m\u00e9thode de fixation ou leurs propres recommandations d&#8217;int\u00e9gration.<\/strong><\/p>\n<p><iframe loading=\"lazy\" title=\"ResQLink AIS: Life Jacket Installation | ACR ARTEX\" width=\"500\" height=\"281\" src=\"https:\/\/www.youtube.com\/embed\/Y7BpQoea-mQ?start=5&#038;feature=oembed\" frameborder=\"0\" allow=\"accelerometer; autoplay; clipboard-write; encrypted-media; gyroscope; picture-in-picture; web-share\" referrerpolicy=\"strict-origin-when-cross-origin\" allowfullscreen><\/iframe><\/p>\n<p class=\"ai-optimize-50\">Les utilisateurs ne souhaitant pas installer la PLB dans un gilet de sauvetage ont la possibilit\u00e9 d&#8217;utiliser le clip de sangle inclus pour attacher la balise \u00e0 une ceinture de taille appropri\u00e9e ou \u00e0 la sangle d&#8217;un gilet de sauvetage intrins\u00e8quement flottant.<\/p>\n<p class=\"ai-optimize-51\">La combinaison compl\u00e8te d&#8217;une Personal Locator Beacon 406 MHz combin\u00e9e \u00e0 une balise AIS Homme \u00e0 la mer fait du nouveau ResQLink AIS la meilleure Personal Locator Beacon pour que les plaisanciers soient secourus rapidement.<\/p>\n","protected":false},"excerpt":{"rendered":"<p>La toute nouvelle Personal Locator Beacon ( PLB ) ACR ResQLink AIS est la balise la plus avanc\u00e9e technologiquement au monde, int\u00e9grant des transpondeurs satellite et locaux. Avec l&#8217;int\u00e9gration des fonctionnalit\u00e9s AIS ( Automatic Identification System ), RLS ( Return Link Service ) et NFC ( Near Field Communication ) dans une seule balise 406 MHz, la ResQLink AIS repr\u00e9sente une avanc\u00e9e majeure dans l&#8217;\u00e9volution de la technologie PLB . <\/p>\n<p>Con\u00e7ue exclusivement pour un usage maritime, la combinaison de la fr\u00e9quence 406 MHz et du syst\u00e8me de messages de d\u00e9tresse AIS permet pour la premi\u00e8re fois de regrouper les secours mondiaux et locaux en une seule balise, \u00e9largissant ainsi l&#8217;acc\u00e8s aux garde-c\u00f4tes et aux services de recherche et sauvetage, ainsi qu&#8217;aux navires commerciaux et de plaisance dans la zone. Alerter les bateaux locaux \u00e9quip\u00e9s AIS \u00e0 proximit\u00e9 permet \u00e0 d&#8217;autres navires de r\u00e9pondre directement au signal de d\u00e9tresse num\u00e9rique en indiquant votre position pr\u00e9cise. <\/p>\n<p>De plus, <a href=\"https:\/\/www.youtube.com\/watch?v=WqE0ag4yqG4\">la technologie NFC<\/a> offre aux utilisateurs la premi\u00e8re balise de localisation personnelle connect\u00e9e \u00e0 un smartphone au monde, et la nouvelle fonction de service de retour de lien leur assure la tranquillit\u00e9 d&#8217;esprit en sachant que leur message de d\u00e9tresse a \u00e9t\u00e9 re\u00e7u et que leur position a \u00e9t\u00e9 d\u00e9tect\u00e9e par les garde-c\u00f4tes.<\/p>\n<p>&nbsp;<\/p>\n<p><a href=\"https:\/\/www.dropbox.com\/s\/8343nj28z0d7bxa\/Prop%2065%20-%20BPA.pdf?dl=0\" data-cke-saved-href=\"https:\/\/www.dropbox.com\/s\/8343nj28z0d7bxa\/Prop%2065%20-%20BPA.pdf?dl=0\">AVERTISSEMENT : PROPOSITION 65<\/a><\/p>\n","protected":false},"featured_media":31791,"template":"","meta":{"_acf_changed":false,"om_disable_all_campaigns":false},"product_brand":[],"product_cat":[5950,5967,5944,5721,5948,12145,5946],"product_tag":[9558,15812,5794,11556,15620,5789],"class_list":{"0":"post-159820","1":"product","2":"type-product","3":"status-publish","4":"has-post-thumbnail","6":"product_cat-commercial-fr","7":"product_cat-forces-navales","8":"product_cat-interieur","9":"product_cat-marin-fr","10":"product_cat-offshore-fr","11":"product_cat-personal-locator-beacon-fr","12":"product_cat-pres-du-rivage","13":"product_tag-ais-fr","14":"product_tag-ais-plb-fr","15":"product_tag-balise-de-localisation-personnelle","16":"product_tag-balise-de-localisation-personnelle-acr","17":"product_tag-personal-locator-beacon-ais-fr","18":"product_tag-plb-fr","19":"pa_activity-peche","20":"pa_boat-size-0-20-fr","21":"pa_boat-size-21-40-fr","22":"pa_boat-size-40-80-fr","23":"pa_boat-size-80-fr","24":"pa_boat-type-bateau-a-moteur","25":"pa_boat-type-cargo","26":"pa_boat-type-location-de-yacht","27":"pa_boat-type-peche-commerciale","28":"pa_boat-type-remorqueur","29":"pa_boat-type-sportcraft-fr","30":"pa_boat-type-voilier","31":"pa_boat-type-yacht-fr","32":"pa_product-rescue-beacons-fr","34":"first","35":"instock","36":"taxable","37":"shipping-taxable","38":"purchasable","39":"product-type-variable"},"acf":[],"_links":{"self":[{"href":"https:\/\/www.acrartex.com\/fr\/wp-json\/wp\/v2\/product\/159820","targetHints":{"allow":["GET"]}}],"collection":[{"href":"https:\/\/www.acrartex.com\/fr\/wp-json\/wp\/v2\/product"}],"about":[{"href":"https:\/\/www.acrartex.com\/fr\/wp-json\/wp\/v2\/types\/product"}],"wp:featuredmedia":[{"embeddable":true,"href":"https:\/\/www.acrartex.com\/fr\/wp-json\/wp\/v2\/media\/31791"}],"wp:attachment":[{"href":"https:\/\/www.acrartex.com\/fr\/wp-json\/wp\/v2\/media?parent=159820"}],"wp:term":[{"taxonomy":"product_brand","embeddable":true,"href":"https:\/\/www.acrartex.com\/fr\/wp-json\/wp\/v2\/product_brand?post=159820"},{"taxonomy":"product_cat","embeddable":true,"href":"https:\/\/www.acrartex.com\/fr\/wp-json\/wp\/v2\/product_cat?post=159820"},{"taxonomy":"product_tag","embeddable":true,"href":"https:\/\/www.acrartex.com\/fr\/wp-json\/wp\/v2\/product_tag?post=159820"}],"curies":[{"name":"wp","href":"https:\/\/api.w.org\/{rel}","templated":true}]}}