{"id":159707,"date":"2023-01-10T13:30:30","date_gmt":"2023-01-10T18:30:30","guid":{"rendered":"https:\/\/www.acrartex.com\/products\/offre-exclusive-boatus-janvier-2023\/"},"modified":"2023-01-10T13:30:30","modified_gmt":"2023-01-10T18:30:30","slug":"offre-exclusive-boatus-janvier-2023","status":"publish","type":"product","link":"https:\/\/www.acrartex.com\/fr\/products\/offre-exclusive-boatus-janvier-2023\/","title":{"rendered":"Offre exclusive BoatUS \u2013 janvier 2023"},"content":{"rendered":"<p>Offre \u00e0 dur\u00e9e limit\u00e9e<\/p>\n","protected":false},"excerpt":{"rendered":"<p>Nous sommes heureux d&#8217;offrir une offre exceptionnelle aux membres BoatUS qui ach\u00e8tent un kit de survie ResQLink View et un kit d&#8217;accessoires pochette et mousqueton avec velcro. <strong>Ajoutez ces deux articles \u00e0 votre panier ci-dessous, consultez-le, puis saisissez le code promo BUSKit2023<\/strong> <strong>et cliquez sur \u00ab&nbsp;Appliquer le coupon&nbsp;\u00bb<\/strong> pour recevoir votre ResQLink View PLB ( <a href=\"https:\/\/www.acrartex.com\/products\/resqlink-view\">En savoir plus<\/a> ) et recevoir gratuitement les articles suivants&nbsp;:<\/p>\n<ul>\n<li>Lampe de secours C-Strobe\u2122 H2O \u2013 <a href=\"https:\/\/www.acrartex.com\/products\/c-strobe-h20\">En savoir plus<\/a><\/li>\n<li>Sifflet Res-Q\u2122 \u2013 <a href=\"https:\/\/www.acrartex.com\/products\/ww-3-res-q-whistle\">En savoir plus<\/a><\/li>\n<li>Pochette et mousqueton avec sangle velcro \u2013 <a href=\"https:\/\/www.acrartex.com\/products\/pouch-and-carabiner-with-velcro-strap\/\">En savoir plus<\/a><\/li>\n<li>Sac \u00e9tanche RapidDitch<\/li>\n<li>Miroir de signalisation<\/li>\n<\/ul>\n<p><strong>Remarque&nbsp;: le ResQLink View PLB achet\u00e9 seul est au prix de 399,95&nbsp;$, mais les membres BoatUS utilisant le code promo BUSKit2023 recevront tous les articles ci-dessus pour 399,95&nbsp;$ lors de l&#8217;achat d&#8217;au moins un kit de survie ResQLink View et d&#8217;un kit d&#8217;accessoires pochette et mousqueton avec Velcro.<\/strong><\/p>\n<p>O\u00f9 que vous m\u00e8ne votre aventure, que ce soit vers les plus hauts sommets, les contr\u00e9es les plus recul\u00e9es ou les oc\u00e9ans les plus vastes, soyez assur\u00e9 de votre s\u00e9curit\u00e9 avec votre kit de survie ResQLink View . Activez simplement ResQLink View en d\u00e9ployant l&#8217;antenne et en appuyant sur le bouton marche\/arr\u00eat, et la balise se charge du reste&nbsp;: elle guidera sans effort les sauveteurs jusqu&#8217;\u00e0 100&nbsp;m\u00e8tres ou moins de votre position, tout en affichant en temps r\u00e9el l&#8217;\u00e9tat de la balise et les coordonn\u00e9es GPS sur l&#8217;\u00e9cran num\u00e9rique int\u00e9gr\u00e9. <\/p>\n<p>\u00c0 l&#8217;arriv\u00e9e des secours, la lampe stroboscopique LED C-Strobe H2O attirera l&#8217;attention des sauveteurs la nuit, ou, de jour, utilisera le miroir de signalisation pour les attirer. Rangez tout votre mat\u00e9riel d&#8217;urgence dans le sac \u00e9tanche RapidDitch pour garder votre kit de survie \u00e0 port\u00e9e de main. <\/p>\n<p>De plus, le kit d&#8217;accessoires ACR avec pochette et mousqueton Velcro offre de nombreuses options de port pour votre PLB ResQLink View . Adapt\u00e9 \u00e0 de nombreuses applications, ce kit constitue un \u00e9quipement de s\u00e9curit\u00e9 essentiel, car il vous permet de garder votre ResQLink View en toute s\u00e9curit\u00e9 et de l&#8217;avoir toujours \u00e0 port\u00e9e de main. <\/p>\n<p>&nbsp;<\/p>\n<p><a href=\"https:\/\/www.dropbox.com\/s\/fk04stqsp2hgk5f\/Prop%2065%20-%20DEHP.pdf?dl=0\">AVERTISSEMENT : PROPOSITION 65<\/a><\/p>\n<p>&nbsp;<\/p>\n","protected":false},"featured_media":159709,"template":"","meta":{"_acf_changed":false,"om_disable_all_campaigns":false},"product_brand":[],"product_cat":[2922],"product_tag":[],"class_list":{"0":"post-159707","1":"product","2":"type-product","3":"status-publish","4":"has-post-thumbnail","6":"product_cat-non-categorise","8":"first","9":"instock","10":"taxable","11":"shipping-taxable","12":"product-type-grouped"},"acf":[],"_links":{"self":[{"href":"https:\/\/www.acrartex.com\/fr\/wp-json\/wp\/v2\/product\/159707","targetHints":{"allow":["GET"]}}],"collection":[{"href":"https:\/\/www.acrartex.com\/fr\/wp-json\/wp\/v2\/product"}],"about":[{"href":"https:\/\/www.acrartex.com\/fr\/wp-json\/wp\/v2\/types\/product"}],"wp:featuredmedia":[{"embeddable":true,"href":"https:\/\/www.acrartex.com\/fr\/wp-json\/wp\/v2\/media\/159709"}],"wp:attachment":[{"href":"https:\/\/www.acrartex.com\/fr\/wp-json\/wp\/v2\/media?parent=159707"}],"wp:term":[{"taxonomy":"product_brand","embeddable":true,"href":"https:\/\/www.acrartex.com\/fr\/wp-json\/wp\/v2\/product_brand?post=159707"},{"taxonomy":"product_cat","embeddable":true,"href":"https:\/\/www.acrartex.com\/fr\/wp-json\/wp\/v2\/product_cat?post=159707"},{"taxonomy":"product_tag","embeddable":true,"href":"https:\/\/www.acrartex.com\/fr\/wp-json\/wp\/v2\/product_tag?post=159707"}],"curies":[{"name":"wp","href":"https:\/\/api.w.org\/{rel}","templated":true}]}}