{"id":159672,"date":"2023-03-08T10:11:32","date_gmt":"2023-03-08T15:11:32","guid":{"rendered":"https:\/\/www.acrartex.com\/products\/pochette-de-flottaison-pour-resqlink-ais\/"},"modified":"2023-03-08T10:11:32","modified_gmt":"2023-03-08T15:11:32","slug":"pochette-de-flottaison-pour-resqlink-ais","status":"publish","type":"product","link":"https:\/\/www.acrartex.com\/fr\/products\/pochette-de-flottaison-pour-resqlink-ais\/","title":{"rendered":"Pochette de flottaison pour ResQlink AIS"},"content":{"rendered":"<ul>\n<li>L\u00e9ger<\/li>\n<li>Maintient le ResQLink en s\u00e9curit\u00e9 et assure la flottabilit\u00e9<\/li>\n<\/ul>\n","protected":false},"excerpt":{"rendered":"<p>La pochette de flottaison ajoute une deuxi\u00e8me couche de protection \u00e0 votre balise de localisation personnelle et lui permet de flotter. Son design \u00e9l\u00e9gant se fixe facilement au ResQLink AIS gr\u00e2ce \u00e0 la dragonne int\u00e9gr\u00e9e. <\/p>\n<p><strong>REMARQUE&nbsp;: Cette pochette est uniquement destin\u00e9e au mod\u00e8le ResQLink PLB -450 (r\u00e9f.&nbsp;2933). Elle ne convient pas aux mod\u00e8les ResQLink 400 (r\u00e9f.&nbsp;2921), ResQLink View (r\u00e9f.&nbsp;2922), ResQLink RLS 410 (r\u00e9f.&nbsp;2931) ni ResQLink View RLS 435 (r\u00e9f.&nbsp;2932).   <\/strong><\/p>\n<h2><span style=\"color: #ff0000;\"><strong>EN VENTE POUR UNE DUR\u00c9E LIMIT\u00c9E SEULEMENT<\/strong><\/span><\/h2>\n<p><a href=\"https:\/\/www.dropbox.com\/s\/x4vzqxmcrtt8f32\/Prop%2065%20Warning_Chloroprene.JPG?dl=0\">AVERTISSEMENT : PROPOSITION 65<\/a><\/p>\n","protected":false},"featured_media":159673,"template":"","meta":{"_acf_changed":false,"om_disable_all_campaigns":false},"product_brand":[],"product_cat":[6680,5950,5944,5721,5948],"product_tag":[],"class_list":{"0":"post-159672","1":"product","2":"type-product","3":"status-publish","4":"has-post-thumbnail","6":"product_cat-accessoires-de-securite","7":"product_cat-commercial-fr","8":"product_cat-interieur","9":"product_cat-marin-fr","10":"product_cat-offshore-fr","11":"pa_product-accessoires-de-securite","13":"first","14":"instock","15":"taxable","16":"shipping-taxable","17":"purchasable","18":"product-type-simple"},"acf":[],"_links":{"self":[{"href":"https:\/\/www.acrartex.com\/fr\/wp-json\/wp\/v2\/product\/159672","targetHints":{"allow":["GET"]}}],"collection":[{"href":"https:\/\/www.acrartex.com\/fr\/wp-json\/wp\/v2\/product"}],"about":[{"href":"https:\/\/www.acrartex.com\/fr\/wp-json\/wp\/v2\/types\/product"}],"wp:featuredmedia":[{"embeddable":true,"href":"https:\/\/www.acrartex.com\/fr\/wp-json\/wp\/v2\/media\/159673"}],"wp:attachment":[{"href":"https:\/\/www.acrartex.com\/fr\/wp-json\/wp\/v2\/media?parent=159672"}],"wp:term":[{"taxonomy":"product_brand","embeddable":true,"href":"https:\/\/www.acrartex.com\/fr\/wp-json\/wp\/v2\/product_brand?post=159672"},{"taxonomy":"product_cat","embeddable":true,"href":"https:\/\/www.acrartex.com\/fr\/wp-json\/wp\/v2\/product_cat?post=159672"},{"taxonomy":"product_tag","embeddable":true,"href":"https:\/\/www.acrartex.com\/fr\/wp-json\/wp\/v2\/product_tag?post=159672"}],"curies":[{"name":"wp","href":"https:\/\/api.w.org\/{rel}","templated":true}]}}