{"id":159659,"date":"2023-04-10T16:25:24","date_gmt":"2023-04-10T21:25:24","guid":{"rendered":"https:\/\/www.acrartex.com\/products\/elt-4000m-hm\/"},"modified":"2023-04-10T16:25:24","modified_gmt":"2023-04-10T21:25:24","slug":"elt-4000m-hm","status":"publish","type":"product","link":"https:\/\/www.acrartex.com\/fr\/products\/elt-4000m-hm\/","title":{"rendered":"ELT 4000M HM"},"content":{"rendered":"<p>Le tout nouveau ARTEX ELT 4000M HM est un Emergency Locator Transmitter ( ELT ) trifr\u00e9quence de transport, ELT au march\u00e9 des giravions, fonctionnant sur piles alcalines. Gr\u00e2ce \u00e0 cette source d&#8217;alimentation innovante, ARTEX ELT 4000M HM est totalement exempt\u00e9 des exigences particuli\u00e8res de la FAA. Ses avantages en termes de co\u00fbt de possession incluent un co\u00fbt de batterie r\u00e9duit par cycle, l&#8217;absence de transport de mati\u00e8res dangereuses et une mise au rebut simplifi\u00e9e. L&#8217;interface NAV int\u00e9gr\u00e9e (ARINC429) \u00e9vite l&#8217;installation d&#8217;une interface NAV s\u00e9par\u00e9e et les co\u00fbts y aff\u00e9rents.   <\/p>\n<p>&nbsp;<\/p>\n<p><strong>Comment fonctionne l&#8217; ARTEX ELT 4000M HM<\/strong><\/p>\n<p>L&#8217; ARTEX ELT 4000M HM peut \u00eatre activ\u00e9 manuellement (via un interrupteur \u00e0 distance dans le cockpit) ou automatiquement (le G-Switch d\u00e9tecte un impact de 2,3 G ou plus) et alerte l&#8217;organisme de recherche et de sauvetage le plus proche en cas d&#8217;urgence. Le signal de 406 MHz, contenant les coordonn\u00e9es GPS de l&#8217;appareil, est transmis aux satellites Cospas-Sarsat et relay\u00e9 au centre de contr\u00f4le de mission, o\u00f9 il est imm\u00e9diatement achemin\u00e9 vers l&#8217;organisme de recherche et de sauvetage le plus proche. La balise fournira aux premiers intervenants la position exacte \u00e0 100 m\u00e8tres pr\u00e8s. Enfin, les signaux de guidage de 121,5 et 243,0 MHz aident les forces terrestres de recherche et de sauvetage \u00e0 localiser l&#8217;urgence.   <\/p>\n<p>&nbsp;<\/p>\n<p><strong>Facilit\u00e9 d&#8217;installation et de modernisation<\/strong><\/p>\n<p>L&#8217; ELT 4000M HM ARTEX offre une mise \u00e0 niveau simple et rapide gr\u00e2ce \u00e0 des options d&#8217;installation flexibles, telles qu&#8217;un commutateur \u00e0 distance \u00e0 deux fils ne n\u00e9cessitant aucune alimentation de l&#8217;avion. ELT 4000M HM est homologu\u00e9 TSO avec les syst\u00e8mes de commutation et d&#8217;antennes existants pour faciliter la mise \u00e0 niveau. \u00c9tant un ELT \u00e0 sortie unique, ELT ARTEX HM utilise la m\u00eame sortie RF et un seul c\u00e2ble coaxial pour transmettre les signaux 406 MHz, 121,5 MHz et 243 MHz. L&#8217;interface de navigation int\u00e9gr\u00e9e r\u00e9duit le besoin d&#8217;installer une interface externe secondaire, r\u00e9duisant ainsi consid\u00e9rablement les co\u00fbts d&#8217;installation. Le plateau de montage est compatible avec l&#8217;installation ELT ARTEX des s\u00e9ries C et B existantes, r\u00e9duisant ainsi les co\u00fbts d&#8217;ing\u00e9nierie.    <\/p>\n<p>&nbsp;<\/p>\n<p><strong>Caract\u00e9ristiques du produit<\/strong><\/p>\n<ul>\n<li>Emergency Locator Transmitter fixe automatique<\/li>\n<li>Balise de d\u00e9tresse \u00e0 3 fr\u00e9quences, signaux de localisation num\u00e9riques 406 MHz et analogiques 121,5 MHz et 243,0 MHz<\/li>\n<li>Antenne double bande avec connecteur unique et c\u00e2ble vers l&#8217;\u00e9metteur<\/li>\n<li>Compatible avec les antennes existantes<\/li>\n<li>Entretien et installation faciles<\/li>\n<li>De nombreuses options d&#8217;interrupteurs \u00e0 distance du cockpit sont disponibles<\/li>\n<li>Peut \u00eatre connect\u00e9 au GPS embarqu\u00e9 via l&#8217;interface ARINC429 int\u00e9gr\u00e9e<\/li>\n<li>Les donn\u00e9es GPS sont int\u00e9gr\u00e9es dans la transmission num\u00e9rique, r\u00e9duisant le rayon de recherche \u00e0 100 m\u00e8tres. Homologu\u00e9 Cospas-Sarsat<\/li>\n<li>Compatible avec le syst\u00e8me de test de confirmation par satellite ARTEX 406Test.com<\/li>\n<li>Batterie rempla\u00e7able (dur\u00e9e de vie de 5 ans). Exp\u00e9di\u00e9 sans danger. <\/li>\n<\/ul>\n<p><strong>Listes de colisage<\/strong><\/p>\n<p><a href=\"https:\/\/www.dropbox.com\/scl\/fi\/66srmtbef84du2j1inktb\/8268A.pdf?rlkey=f3pwnc4za6m0728rq3sp4rwi4&amp;dl=1\">8268<\/a><br \/>\n<a href=\"https:\/\/www.dropbox.com\/scl\/fi\/7c8k7n0o89y7puw1u6yti\/8269A.pdf?rlkey=e0pa0un3tqsga4501s4tet0ao&amp;dl=1\">8269<\/a><\/p>\n","protected":false},"excerpt":{"rendered":"<p>L&#8217;environnement r\u00e9glementaire des batteries au lithium a \u00e9volu\u00e9, et l&#8217; ELT 4000M HM est l\u00e0 pour y rem\u00e9dier. ACR propose des syst\u00e8mes de batteries innovants qui garantissent un parcours de certification sans probl\u00e8me. L&#8217;Artex ELT 4000M HM est un ELT \u00e0 3 fr\u00e9quences, totalement exempt de toute obligation de conformit\u00e9 aux normes de la FAA concernant les batteries au lithium, et est livr\u00e9 sans danger pour les mati\u00e8res dangereuses.  <\/p>\n<p>&nbsp;<\/p>\n<p><a href=\"https:\/\/www.acrartex.com\/products\/406test-elt-self-testing-service\/\"><img loading=\"lazy\" decoding=\"async\" class=\"alignnone\" style=\"width: 300px; height: 41px;\" src=\"\/\/dk2ztu5ooimmu.cloudfront.net\/ckeditor_assets\/pictures\/146\/406Test_with_desc_-_Tag.gif\" alt=\"\" width=\"641\" height=\"88\"><\/a><\/p>\n<p><a href=\"mailto:ArtexSales@acrartex.com?subject= ELT %204000% 20Question sur les ventes\"><img decoding=\"async\" style=\"width: 200px; height: 168px;\" src=\"\/\/dk2ztu5ooimmu.cloudfront.net\/ckeditor_assets\/pictures\/147\/ARTEX_-_ELT_4000_Ad_Bubble.gif\" alt=\"\"><\/a><\/p>\n","protected":false},"featured_media":12375,"template":"","meta":{"_acf_changed":false,"om_disable_all_campaigns":false},"product_brand":[],"product_cat":[5628,8483,5630],"product_tag":[15665,15667,15685,15671,8940,15663,15675,15679,15677,12622,8944,12644,12649,8952,5633,8938,15684,15673,15681,15683,8948,5644,8945,8947,8946,12641,12636,12629,15669],"class_list":{"0":"post-159659","1":"product","2":"type-product","3":"status-publish","4":"has-post-thumbnail","6":"product_cat-aviation-fr","7":"product_cat-avions-commerciaux","8":"product_cat-rotocraft-fr","9":"product_tag-243-mhz-fr","10":"product_tag-2430-mhz-fr","11":"product_tag-2430-mhz-elt-fr","12":"product_tag-3-frequences","13":"product_tag-4000-fr","14":"product_tag-4000-m-fr","15":"product_tag-4000-m-hm-fr","16":"product_tag-4000-mhm-fr-2","17":"product_tag-4000-mhm-fr","18":"product_tag-4000hm-fr","19":"product_tag-406-mhz-elt-fr","20":"product_tag-alcalin","21":"product_tag-conditions-speciales","22":"product_tag-conditions-speciales-du-lithium","23":"product_tag-elt-fr","24":"product_tag-elt-4000-fr","25":"product_tag-elt-4000-mhm-fr","26":"product_tag-elt-4000m-fr","27":"product_tag-elt-4000m-hm-fr","28":"product_tag-elt-4000mhm-fr","29":"product_tag-elt4000-fr","30":"product_tag-emetteur-de-localisation-durgence","31":"product_tag-emetteur-de-localisation-durgence-fr","32":"product_tag-mise-a-niveau-elt","33":"product_tag-mise-a-niveau-elt-121-5","34":"product_tag-non-dangereux","35":"product_tag-pas-de-lithium","36":"product_tag-sans-lithium","37":"product_tag-tri-frequence","38":"pa_aircraft-type-avions-de-ligne","39":"pa_product-solutions-elt","41":"first","42":"instock","43":"taxable","44":"shipping-taxable","45":"product-type-simple"},"acf":[],"_links":{"self":[{"href":"https:\/\/www.acrartex.com\/fr\/wp-json\/wp\/v2\/product\/159659","targetHints":{"allow":["GET"]}}],"collection":[{"href":"https:\/\/www.acrartex.com\/fr\/wp-json\/wp\/v2\/product"}],"about":[{"href":"https:\/\/www.acrartex.com\/fr\/wp-json\/wp\/v2\/types\/product"}],"wp:featuredmedia":[{"embeddable":true,"href":"https:\/\/www.acrartex.com\/fr\/wp-json\/wp\/v2\/media\/12375"}],"wp:attachment":[{"href":"https:\/\/www.acrartex.com\/fr\/wp-json\/wp\/v2\/media?parent=159659"}],"wp:term":[{"taxonomy":"product_brand","embeddable":true,"href":"https:\/\/www.acrartex.com\/fr\/wp-json\/wp\/v2\/product_brand?post=159659"},{"taxonomy":"product_cat","embeddable":true,"href":"https:\/\/www.acrartex.com\/fr\/wp-json\/wp\/v2\/product_cat?post=159659"},{"taxonomy":"product_tag","embeddable":true,"href":"https:\/\/www.acrartex.com\/fr\/wp-json\/wp\/v2\/product_tag?post=159659"}],"curies":[{"name":"wp","href":"https:\/\/api.w.org\/{rel}","templated":true}]}}