{"id":159607,"date":"2024-04-15T10:49:36","date_gmt":"2024-04-15T15:49:36","guid":{"rendered":"https:\/\/www.acrartex.com\/products\/kits-de-securite-nautique-globalfix-v6\/"},"modified":"2024-04-15T10:49:36","modified_gmt":"2024-04-15T15:49:36","slug":"kits-de-securite-nautique-globalfix-v6","status":"publish","type":"product","link":"https:\/\/www.acrartex.com\/fr\/products\/kits-de-securite-nautique-globalfix-v6\/","title":{"rendered":"Kits de s\u00e9curit\u00e9 nautique GlobalFix V6"},"content":{"rendered":"<p>Qu&#8217;il s&#8217;agisse de navigation de plaisance, de p\u00eache en haute mer, de voile ou de toute autre exp\u00e9dition maritime palpitante, les nouveaux kits de s\u00e9curit\u00e9 nautique GlobalFix V6 sont l\u00e0 pour s\u00e9curiser vos voyages, quelle que soit leur envergure. Gr\u00e2ce \u00e0 ces kits complets, vous pouvez vivre chaque aventure nautique en toute confiance, sachant que la s\u00e9curit\u00e9 est toujours assur\u00e9e. Des impr\u00e9vus aux situations inattendues, le kit de s\u00e9curit\u00e9 nautique GlobalFix V6 vous offre tout le n\u00e9cessaire pour un retour en toute s\u00e9curit\u00e9, vous assurant une tranquillit\u00e9 d&#8217;esprit m\u00eame dans les circonstances les plus difficiles.  <\/p>\n<p>Vous avez le choix entre quatre options pour les kits GlobalFix V6. Ces kits contiennent les produits de survie essentiels suivants&nbsp;: <\/p>\n<p><span style=\"color: #ff0000;\"><strong>SKU 2339.1 Kit de navigation haut de gamme GlobalFix V6<\/strong><\/span><\/p>\n<ul>\n<li>EPIRB GlobalFIX V6 RLS Cat. 2 avec Return Link Service et application mobile NFC <a href=\"https:\/\/www.acrartex.com\/fr\/products\/epirb-acr-globalfix-v6-avec-return-link-service-et-application-mobile\/\">En savoir plus<\/a> <\/li>\n<li>ResQlink RLS PLB 410 <a href=\"https:\/\/www.acrartex.com\/fr\/products\/personal-locator-beacon-resqlink-410-rls\/\">En savoir plus<\/a><\/li>\n<li>FireFly PRO Waterbug \u2013 Lampe stroboscopique approuv\u00e9e SOLAS avec activation par l&#8217;eau int\u00e9gr\u00e9e <a href=\"https:\/\/www.acrartex.com\/products\/firefly-pro-waterbug\/\">En savoir plus<\/a><\/li>\n<li>Sac RapidDitch Express <a href=\"https:\/\/www.acrartex.com\/fr\/products\/sac-rapidditch-express\/\">En savoir plus<\/a><\/li>\n<li>HemiLight \u21223 <a href=\"https:\/\/www.acrartex.com\/fr\/products\/lampe-de-gilet-de-sauvetage-hemilight-3-med-et-solas\/\">En savoir plus<\/a><\/li>\n<li>Miroir de signalisation<\/li>\n<li>Sifflet WW-3 Res-Q\u2122 <a href=\"https:\/\/www.acrartex.com\/fr\/products\/sifflet-ww-3-resq\/\">En savoir plus<\/a><\/li>\n<\/ul>\n<p><span style=\"color: #ff0000;\"><strong>SKU 2342.1&nbsp;: Kit de s\u00e9curit\u00e9 nautique GlobalFix V6 et ResQflare<\/strong><\/span><\/p>\n<ul>\n<li>EPIRB GlobalFIX V6 RLS Cat. 2 avec Return Link Service et application mobile NFC <a href=\"https:\/\/www.acrartex.com\/fr\/products\/epirb-acr-globalfix-v6-avec-return-link-service-et-application-mobile\/\">En savoir plus<\/a> <\/li>\n<li>ResQflare (Feu de d\u00e9tresse \u00e9lectronique \u00e0 LED haute intensit\u00e9 pour la navigation) <a href=\"https:\/\/www.acrartex.com\/fr\/products\/resqflare-fusee-electronique-durgence-a-led-pour-bateau\/\">En savoir plus<\/a><\/li>\n<li>Sac RapidDitch Express <a href=\"https:\/\/www.acrartex.com\/fr\/products\/sac-rapidditch-express\/\">En savoir plus<\/a><\/li>\n<li>HemiLight \u21223 <a href=\"https:\/\/www.acrartex.com\/fr\/products\/lampe-de-gilet-de-sauvetage-hemilight-3-med-et-solas\/\">En savoir plus<\/a><\/li>\n<li>Lampe stroboscopique C-Strobe H2O SOLAS <a href=\"https:\/\/www.acrartex.com\/products\/c-strobe-h20\/\">En savoir plus<\/a><\/li>\n<li>Miroir de signalisation<\/li>\n<li>Sifflet WW-3 Res-Q\u2122 <a href=\"https:\/\/www.acrartex.com\/fr\/products\/sifflet-ww-3-resq\/\">En savoir plus<\/a><\/li>\n<\/ul>\n<p><strong><span style=\"color: #ff0000;\">SKU 2343.1&nbsp;: Kit de s\u00e9curit\u00e9 nautique GlobalFix V6 Base<\/span><\/strong><\/p>\n<ul>\n<li>EPIRB GlobalFIX V6 RLS Cat. 2 avec Return Link Service et application mobile NFC <a href=\"https:\/\/www.acrartex.com\/fr\/products\/epirb-acr-globalfix-v6-avec-return-link-service-et-application-mobile\/\">En savoir plus<\/a> <\/li>\n<li>Sac RapidDitch Express <a href=\"https:\/\/www.acrartex.com\/fr\/products\/sac-rapidditch-express\/\">En savoir plus<\/a><\/li>\n<\/ul>\n<p><span style=\"color: #ff0000;\"><strong>SKU 2344.1&nbsp;: Kit de s\u00e9curit\u00e9 nautique GlobalFix V6 Plus<\/strong><\/span><\/p>\n<ul>\n<li>EPIRB GlobalFIX V6 RLS Cat. 2 avec Return Link Service et application mobile NFC <a href=\"https:\/\/www.acrartex.com\/fr\/products\/epirb-acr-globalfix-v6-avec-return-link-service-et-application-mobile\/\">En savoir plus<\/a> <\/li>\n<li>Sac RapidDitch Express <a href=\"https:\/\/www.acrartex.com\/fr\/products\/sac-rapidditch-express\/\">En savoir plus<\/a><\/li>\n<li>HemiLight \u21223 <a href=\"https:\/\/www.acrartex.com\/fr\/products\/lampe-de-gilet-de-sauvetage-hemilight-3-med-et-solas\/\">En savoir plus<\/a><\/li>\n<li>Lampe stroboscopique C-Strobe H2O SOLAS <a href=\"https:\/\/www.acrartex.com\/products\/c-strobe-h20\/\">En savoir plus<\/a><\/li>\n<li>Miroir de signalisation<\/li>\n<li>Sifflet WW-3 Res-Q\u2122 <a href=\"https:\/\/www.acrartex.com\/fr\/products\/sifflet-ww-3-resq\/\">En savoir plus<\/a><\/li>\n<\/ul>\n<p>&nbsp;<\/p>\n","protected":false},"excerpt":{"rendered":"<h2><\/h2>\n<h4><span style=\"color: #ff0000;\">Fi\u00e8rement fabriqu\u00e9 aux \u00c9tats-Unis !<\/span><\/h4>\n<p><a href=\"https:\/\/www.dropbox.com\/s\/fk04stqsp2hgk5f\/Prop%2065%20-%20DEHP.pdf?dl=0\">AVERTISSEMENT : PROPOSITION 65<\/a><\/p>\n","protected":false},"featured_media":88814,"template":"","meta":{"_acf_changed":false,"om_disable_all_campaigns":false},"product_brand":[],"product_cat":[5950,5944,14680,5721,5948,5946],"product_tag":[9558,15361,5725,5794,15619,15617,7917,8489,5729,9304,15623,15621,15620,5789,12966,5723,15618,12474,7560,12795,15622],"class_list":{"0":"post-159607","1":"product","2":"type-product","3":"status-publish","4":"has-post-thumbnail","6":"product_cat-commercial-fr","7":"product_cat-interieur","8":"product_cat-kits-de-securite-maritime","9":"product_cat-marin-fr","10":"product_cat-offshore-fr","11":"product_cat-pres-du-rivage","12":"product_tag-ais-fr","13":"product_tag-ais-epirb-fr","14":"product_tag-balise-de-detresse","15":"product_tag-balise-de-localisation-personnelle","16":"product_tag-balise-gps-durgence","17":"product_tag-c-stroboscope","18":"product_tag-eclairage-led-de-secours","19":"product_tag-emergency-locator-transmitter-406-mhz","20":"product_tag-globalfix-fr","21":"product_tag-gps-rls","22":"product_tag-kit-bateau","23":"product_tag-kit-de-rls","24":"product_tag-personal-locator-beacon-ais-fr","25":"product_tag-plb-fr","26":"product_tag-rls-fr-2","27":"product_tag-rls-fr","28":"product_tag-rls-epirb-fr","29":"product_tag-sifflet-de-secours","30":"product_tag-sos-fr","31":"product_tag-urgence","32":"product_tag-voyant-de-detresse-sos","34":"first","35":"instock","36":"taxable","37":"shipping-taxable","38":"purchasable","39":"product-type-variable"},"acf":[],"_links":{"self":[{"href":"https:\/\/www.acrartex.com\/fr\/wp-json\/wp\/v2\/product\/159607","targetHints":{"allow":["GET"]}}],"collection":[{"href":"https:\/\/www.acrartex.com\/fr\/wp-json\/wp\/v2\/product"}],"about":[{"href":"https:\/\/www.acrartex.com\/fr\/wp-json\/wp\/v2\/types\/product"}],"wp:featuredmedia":[{"embeddable":true,"href":"https:\/\/www.acrartex.com\/fr\/wp-json\/wp\/v2\/media\/88814"}],"wp:attachment":[{"href":"https:\/\/www.acrartex.com\/fr\/wp-json\/wp\/v2\/media?parent=159607"}],"wp:term":[{"taxonomy":"product_brand","embeddable":true,"href":"https:\/\/www.acrartex.com\/fr\/wp-json\/wp\/v2\/product_brand?post=159607"},{"taxonomy":"product_cat","embeddable":true,"href":"https:\/\/www.acrartex.com\/fr\/wp-json\/wp\/v2\/product_cat?post=159607"},{"taxonomy":"product_tag","embeddable":true,"href":"https:\/\/www.acrartex.com\/fr\/wp-json\/wp\/v2\/product_tag?post=159607"}],"curies":[{"name":"wp","href":"https:\/\/api.w.org\/{rel}","templated":true}]}}