{"id":159537,"date":"2023-11-20T13:29:13","date_gmt":"2023-11-20T18:29:13","guid":{"rendered":"https:\/\/www.acrartex.com\/products\/programmateur-artex-elt-serie-fpt-8800\/"},"modified":"2026-03-06T10:08:51","modified_gmt":"2026-03-06T15:08:51","slug":"programmateur-artex-elt-serie-fpt-8800","status":"publish","type":"product","link":"https:\/\/www.acrartex.com\/fr\/products\/programmateur-artex-elt-serie-fpt-8800\/","title":{"rendered":"Programmateur ARTEX ELT s\u00e9rie FPT 8800"},"content":{"rendered":"<p>Le programmateur ARTEX s\u00e9rie FPT 8800 est un outil robuste et simple d&#8217;utilisation pour la programmation des balises de d\u00e9tresse (ELT), id\u00e9al pour une utilisation en atelier ou sur le terrain. Si vous g\u00e9rez un parc de balises, vendez ou entretenez des \u00e9metteurs de localisation d&#8217;urgence ARTEX, cet outil est indispensable. ARTEX proposera prochainement des configurations suppl\u00e9mentaires pour programmer tous les produits ELT actuels. Veuillez contacter ARTEX pour plus d&#8217;informations sur la disponibilit\u00e9 de ces nouvelles options.   <\/p>\n<p><strong>Remarque : <span data-teams=\"true\">La version V134B ou ant\u00e9rieure du logiciel C406 n&#8217;est pas prise en charge.<\/span><\/strong><\/p>\n<p>&nbsp;<\/p>\n<p><strong>Caract\u00e9ristiques principales :<\/strong><\/p>\n<p>&nbsp;<\/p>\n<ul>\n<li><strong>Bas\u00e9 sur une tablette Microsoft Surface&nbsp;:<\/strong> dites adieu aux \u00e9quipements de programmation encombrants et obsol\u00e8tes. L\u2019ARTEX FPT exploite la puissance de la tablette Microsoft Surface, offrant une interface conviviale et une exp\u00e9rience intuitive et famili\u00e8re. Vous pouvez ainsi emporter vos programmes d\u2019enseignement de l\u2019anglais langue \u00e9trang\u00e8re partout avec vous, pour une accessibilit\u00e9 et une flexibilit\u00e9 accrues.  <\/li>\n<\/ul>\n<p>&nbsp;<\/p>\n<ul>\n<li><strong>Modernisez vos balises de d\u00e9tresse existantes&nbsp;:<\/strong> Vous craignez de devoir reprogrammer les protocoles pour les nouvelles livraisons ou les mises \u00e0 niveau&nbsp;? Rassurez-vous. L\u2019ARTEX FPT est con\u00e7u pour s\u2019int\u00e9grer facilement \u00e0 vos balises de d\u00e9tresse actuelles, sans n\u00e9cessiter de programmation par un tiers. C\u2019est une solution \u00e9conomique qui simplifie votre processus de maintenance.   <\/li>\n<\/ul>\n<p>&nbsp;<\/p>\n<ul>\n<li><strong>Interface utilisateur intuitive&nbsp;:<\/strong> programmez vos ELT sans effort gr\u00e2ce \u00e0 notre interface conviviale. Fini les menus complexes et les boutons difficiles \u00e0 manipuler. L\u2019ARTEX FPT simplifie la programmation des ELT, vous faisant gagner du temps et r\u00e9duisant les risques d\u2019erreurs.  <\/li>\n<\/ul>\n<p>&nbsp;<\/p>\n<ul>\n<li><strong>Performances am\u00e9lior\u00e9es&nbsp;:<\/strong> gr\u00e2ce \u00e0 l\u2019ARTEX FPT, vous pouvez acc\u00e9der aux param\u00e8tres critiques et les modifier avec pr\u00e9cision, garantissant ainsi un fonctionnement optimal de vos balises de d\u00e9tresse. C\u2019est un atout majeur pour la conformit\u00e9 de vos \u00e9metteurs de localisation d\u2019urgence. <\/li>\n<\/ul>\n<p>&nbsp;<\/p>\n<ul>\n<li><strong>Gestion compl\u00e8te des donn\u00e9es&nbsp;:<\/strong> centralisez le suivi de tous vos ELT gr\u00e2ce aux fonctionnalit\u00e9s compl\u00e8tes de gestion des donn\u00e9es d\u2019ARTEX FPT. Stockez, r\u00e9cup\u00e9rez et v\u00e9rifiez facilement les donn\u00e9es et l\u2019historique de programmation pour garantir la conformit\u00e9 et la disponibilit\u00e9 op\u00e9rationnelle. <\/li>\n<\/ul>\n<p>&nbsp;<\/p>\n<ul>\n<li><strong>Technologie \u00e9volutive&nbsp;:<\/strong> ARTEX est une r\u00e9f\u00e9rence en mati\u00e8re de technologies a\u00e9ronautiques, et le programmateur FTP pour tablettes Surface est con\u00e7u pour s\u2019adapter \u00e0 vos besoins. B\u00e9n\u00e9ficiez de mises \u00e0 jour logicielles r\u00e9guli\u00e8res pour rester \u00e0 la pointe des normes et r\u00e9glementations du secteur. <\/li>\n<\/ul>\n<p>&nbsp;<\/p>\n<ul>\n<li><strong>Programmation :<\/strong> ARTEX FPT est capable de programmer le protocole souhait\u00e9, le d\u00e9bit de donn\u00e9es NAV et les informations requises telles que d\u00e9finies par Cospas-Sarsat via le c\u00e2ble de programmation appropri\u00e9.<\/li>\n<\/ul>\n<p>&nbsp;<\/p>\n<ul>\n<li><strong>Fonctionnalit\u00e9 d&#8217;impression&nbsp;:<\/strong> ARTEX FPT peut imprimer un rapport pour vos archives de v\u00e9rification client.<\/li>\n<\/ul>\n<p>&nbsp;<\/p>\n<p>&nbsp;<\/p>\n<p><strong>Remarque&nbsp;:<\/strong> Ce programmateur ne mesure pas la puissance ni ne lit le signal de balise \u00e9mis par la radio. La s\u00e9rie FPT 8800 lit la m\u00e9moire interne et reprogramme la balise de d\u00e9tresse (ELT) uniquement selon les protocoles Cospas-Sarsat approuv\u00e9s. Un testeur de puissance 406 MHz compatible, tel que le Viavi 10K ou le WST BT-200, est n\u00e9cessaire pour effectuer le test annuel de puissance de la balise. Veuillez contacter les autorit\u00e9s comp\u00e9tentes pour conna\u00eetre les exigences relatives aux tests des balises de d\u00e9tresse dans le cadre des inspections p\u00e9riodiques.   <\/p>\n<p>&nbsp;<\/p>\n<p>Le programmateur ARTEX s\u00e9rie 8805 sera disponible dans les configurations suivantes&nbsp;:<\/p>\n<table width=\"714\">\n<tbody>\n<tr>\n<td colspan=\"2\" width=\"714\"><strong>Capacit\u00e9s de programmation P\/N<\/strong><\/td>\n<\/tr>\n<tr>\n<td width=\"62\">R\u00e9f. 8805<\/td>\n<td width=\"652\">Tablette et logiciel uniquement<\/td>\n<\/tr>\n<tr>\n<td width=\"62\">R\u00e9f. 8806<\/td>\n<td width=\"652\">ELT 345, 1000 et ME406<\/td>\n<\/tr>\n<tr>\n<td width=\"62\">R\u00e9f. 8807<\/td>\n<td width=\"652\">ELT 345, 1000, ME406, C406-N, C406-N HM, C406-1, C406-1 HM, C406-2, C406-2 HM, B406-4 et G406-4<\/td>\n<\/tr>\n<tr>\n<td width=\"62\">R\u00e9f. 8808<\/td>\n<td width=\"652\"><a href=\"https:\/\/www.acrartex.com\/fr\/products\/elt-345\/\">ELT 345<\/a> , <a href=\"https:\/\/www.acrartex.com\/fr\/products\/elt-1000\/\">1000<\/a> , <a href=\"https:\/\/www.acrartex.com\/fr\/products\/me406-elt\/\">ME406<\/a> , <a href=\"https:\/\/www.acrartex.com\/fr\/products\/elt-3000\/\">ELT 3000,<\/a> <a href=\"https:\/\/www.acrartex.com\/fr\/products\/elt-3000hm\/\">ELT 3000HM<\/a> , <a href=\"https:\/\/www.acrartex.com\/fr\/products\/elt-4000\/\">ELT 4000<\/a> , <a href=\"https:\/\/www.acrartex.com\/fr\/products\/elt-4000hm\/\">ELT 4000HM<\/a> , <a href=\"https:\/\/www.acrartex.com\/fr\/products\/c406-n\/\">C406-N<\/a> , <a href=\"https:\/\/www.acrartex.com\/fr\/products\/c406-n-hm\/\">C406-N HM<\/a> , <a href=\"https:\/\/www.acrartex.com\/fr\/products\/c406-1\/\">C406-1<\/a> , <a href=\"https:\/\/www.acrartex.com\/fr\/products\/c406-1-hm\/\">C406-1 HM<\/a> , <a href=\"https:\/\/www.acrartex.com\/fr\/products\/c406-2\/\">C406-2<\/a> , <a href=\"https:\/\/www.acrartex.com\/fr\/products\/c406-2-hm\/\">C406-2 HM<\/a> , <a href=\"https:\/\/www.acrartex.com\/fr\/products\/b406-4\/\">B406-4<\/a> et <a href=\"https:\/\/www.acrartex.com\/fr\/products\/elt-g406-4\/\">G406-4<\/a><\/td>\n<\/tr>\n<tr>\n<td width=\"62\">R\u00e9f. 8809<\/td>\n<td width=\"652\"><a href=\"https:\/\/www.acrartex.com\/fr\/products\/elt-4000s\/\">ELT 4000S<\/a><\/td>\n<\/tr>\n<\/tbody>\n<\/table>\n<p>&nbsp;<\/p>\n<p>&nbsp;<\/p>\n","protected":false},"excerpt":{"rendered":"<p>Exploitez la puissance de la technologie de pointe avec le programmateur ARTEX pour balises de d\u00e9tresse, une solution r\u00e9volutionnaire qui va transformer la gestion et la programmation de vos balises ARTEX. Bas\u00e9e sur la plateforme Microsoft Surface, la tablette de programmation ARTEX (ARTEX FPT) est un appareil de derni\u00e8re g\u00e9n\u00e9ration con\u00e7u pour s&#8217;int\u00e9grer facilement \u00e0 vos balises de d\u00e9tresse existantes sur le terrain, et ainsi inaugurer une nouvelle \u00e8re d&#8217;efficacit\u00e9 et de fiabilit\u00e9 pour vos op\u00e9rations. <\/p>\n<p><span style=\"font-size: 11pt;\"><span style=\"font-family: Calibri,sans-serif;\"><a style=\"color: blue; text-decoration: underline;\" href=\"https:\/\/www.dropbox.com\/s\/fk04stqsp2hgk5f\/Prop%2065%20-%20DEHP.pdf?dl=0\"><span style=\"color: #000000;\">AVERTISSEMENT : PROPOSITION 65<\/span><\/a><\/span><\/span><\/p>\n<p>&nbsp;<\/p>\n","protected":false},"featured_media":85834,"template":"","meta":{"_acf_changed":false,"om_disable_all_campaigns":false},"product_brand":[],"product_cat":[5628,5959,8483,5961,5630],"product_tag":[15547,15407,15408,15405,15551,11063,15406,15549,10816],"class_list":{"0":"post-159537","1":"product","2":"type-product","3":"status-publish","4":"has-post-thumbnail","6":"product_cat-aviation-fr","7":"product_cat-aviation-generale","8":"product_cat-avions-commerciaux","9":"product_cat-jet-daffaires","10":"product_cat-rotocraft-fr","11":"product_tag-artex-fpt-fr","12":"product_tag-artex-tps-fr","13":"product_tag-ensemble-de-test-et-de-programmation-artex","14":"product_tag-programmeur-artex","15":"product_tag-programmeur-de-terrain-artex","16":"product_tag-programmeur-elt","17":"product_tag-tablette-artex","18":"product_tag-tablette-de-programmation-de-terrain-artex","19":"product_tag-tps-fr","21":"first","22":"instock","23":"taxable","24":"shipping-taxable","25":"purchasable","26":"product-type-variable"},"acf":[],"_links":{"self":[{"href":"https:\/\/www.acrartex.com\/fr\/wp-json\/wp\/v2\/product\/159537","targetHints":{"allow":["GET"]}}],"collection":[{"href":"https:\/\/www.acrartex.com\/fr\/wp-json\/wp\/v2\/product"}],"about":[{"href":"https:\/\/www.acrartex.com\/fr\/wp-json\/wp\/v2\/types\/product"}],"wp:featuredmedia":[{"embeddable":true,"href":"https:\/\/www.acrartex.com\/fr\/wp-json\/wp\/v2\/media\/85834"}],"wp:attachment":[{"href":"https:\/\/www.acrartex.com\/fr\/wp-json\/wp\/v2\/media?parent=159537"}],"wp:term":[{"taxonomy":"product_brand","embeddable":true,"href":"https:\/\/www.acrartex.com\/fr\/wp-json\/wp\/v2\/product_brand?post=159537"},{"taxonomy":"product_cat","embeddable":true,"href":"https:\/\/www.acrartex.com\/fr\/wp-json\/wp\/v2\/product_cat?post=159537"},{"taxonomy":"product_tag","embeddable":true,"href":"https:\/\/www.acrartex.com\/fr\/wp-json\/wp\/v2\/product_tag?post=159537"}],"curies":[{"name":"wp","href":"https:\/\/api.w.org\/{rel}","templated":true}]}}