{"id":159509,"date":"2023-11-20T14:34:40","date_gmt":"2023-11-20T19:34:40","guid":{"rendered":"https:\/\/www.acrartex.com\/products\/support-epirb-a-degagement-manuel-globalfix-v5-v6-cat-ii\/"},"modified":"2025-07-29T14:55:14","modified_gmt":"2025-07-29T19:55:14","slug":"support-epirb-a-degagement-manuel-globalfix-v5-v6-cat-ii","status":"publish","type":"product","link":"https:\/\/www.acrartex.com\/fr\/products\/support-epirb-a-degagement-manuel-globalfix-v5-v6-cat-ii\/","title":{"rendered":"Support EPIRB \u00e0 d\u00e9gagement manuel GlobalFix V5\/V6 Cat II"},"content":{"rendered":"<ul>\n<li>M\u00e9canisme de d\u00e9verrouillage manuel simpliste et facile \u00e0 utiliser<\/li>\n<li>Le montage unidirectionnel \u00e9limine la possibilit\u00e9 d&#8217;installer EPIRB \u00e0 l&#8217;envers<\/li>\n<li>L&#8217;aimant de d\u00e9sactivation int\u00e9gr\u00e9 emp\u00eache l&#8217; EPIRB de transmettre jusqu&#8217;\u00e0 ce qu&#8217;il soit retir\u00e9<\/li>\n<\/ul>\n","protected":false},"excerpt":{"rendered":"<p>Les conditions difficiles n&#8217;ont aucune chance face au support EPIRB \u00e0 d\u00e9clenchement manuel EPIRB cat\u00e9gorie II. Con\u00e7u pour durer, il r\u00e9sistera m\u00eame aux aventures les plus folles. Si votre embarcation prend l&#8217;eau, son m\u00e9canisme de d\u00e9verrouillage simple et rapide, avec son montage unidirectionnel, facilite son retrait et son activation. Ce support est uniquement compatible avec les EPIRB GlobalFix \u2122 V5 et GlobalFix \u2122 V6.   <\/p>\n","protected":false},"featured_media":159514,"template":"","meta":{"_acf_changed":false,"om_disable_all_campaigns":false},"product_brand":[],"product_cat":[5950,5967,5944,5721,5948,5946],"product_tag":[8121,15525,8113,6703,15519,12814,15518,15532,8115,8120,15522,15523,5723,15524,6691,8117,15530,15520,15521,15528],"class_list":{"0":"post-159509","1":"product","2":"type-product","3":"status-publish","4":"has-post-thumbnail","6":"product_cat-commercial-fr","7":"product_cat-forces-navales","8":"product_cat-interieur","9":"product_cat-marin-fr","10":"product_cat-offshore-fr","11":"product_cat-pres-du-rivage","12":"product_tag-abri-marin","13":"product_tag-abri-marin-4","14":"product_tag-acr-fr","15":"product_tag-categorie-2-fr","16":"product_tag-categorie-ii-fr-2","17":"product_tag-categorie-ii-fr","18":"product_tag-chat-2","19":"product_tag-deverrouillage-manuel","20":"product_tag-l-sea-shelter","21":"product_tag-mer","22":"product_tag-rlb-43-fr","23":"product_tag-rlb-44-fr","24":"product_tag-rls-fr","25":"product_tag-sea-shelter-4-fr","26":"product_tag-support","27":"product_tag-support-depirb","28":"product_tag-support-de-deverrouillage-manuel","29":"product_tag-support-epirb-cat-2","30":"product_tag-support-epirb-cat-ii","31":"product_tag-support-manuel","32":"pa_boat-size-0-20-fr","33":"pa_boat-size-21-40-fr","34":"pa_boat-size-40-80-fr","35":"pa_boat-size-80-fr","36":"pa_boat-type-bateau-a-moteur","37":"pa_boat-type-cargo","38":"pa_boat-type-location-de-yacht","39":"pa_boat-type-peche-commerciale","40":"pa_boat-type-remorqueur","41":"pa_boat-type-sportcraft-fr","42":"pa_boat-type-voilier","43":"pa_boat-type-yacht-fr","44":"pa_product-accessoires-de-securite","45":"pa_product-rescue-beacons-fr","46":"pa_product-rescue-beacons-vhf-sart-fr","48":"first","49":"instock","50":"taxable","51":"shipping-taxable","52":"purchasable","53":"product-type-simple"},"acf":[],"_links":{"self":[{"href":"https:\/\/www.acrartex.com\/fr\/wp-json\/wp\/v2\/product\/159509","targetHints":{"allow":["GET"]}}],"collection":[{"href":"https:\/\/www.acrartex.com\/fr\/wp-json\/wp\/v2\/product"}],"about":[{"href":"https:\/\/www.acrartex.com\/fr\/wp-json\/wp\/v2\/types\/product"}],"wp:featuredmedia":[{"embeddable":true,"href":"https:\/\/www.acrartex.com\/fr\/wp-json\/wp\/v2\/media\/159514"}],"wp:attachment":[{"href":"https:\/\/www.acrartex.com\/fr\/wp-json\/wp\/v2\/media?parent=159509"}],"wp:term":[{"taxonomy":"product_brand","embeddable":true,"href":"https:\/\/www.acrartex.com\/fr\/wp-json\/wp\/v2\/product_brand?post=159509"},{"taxonomy":"product_cat","embeddable":true,"href":"https:\/\/www.acrartex.com\/fr\/wp-json\/wp\/v2\/product_cat?post=159509"},{"taxonomy":"product_tag","embeddable":true,"href":"https:\/\/www.acrartex.com\/fr\/wp-json\/wp\/v2\/product_tag?post=159509"}],"curies":[{"name":"wp","href":"https:\/\/api.w.org\/{rel}","templated":true}]}}