{"id":159499,"date":"2024-01-30T08:50:30","date_gmt":"2024-01-30T13:50:30","guid":{"rendered":"https:\/\/www.acrartex.com\/products\/bivy-stick-mesh-communicateur-par-satellite\/"},"modified":"2026-03-06T09:30:15","modified_gmt":"2026-03-06T14:30:15","slug":"bivy-stick-mesh-communicateur-par-satellite","status":"publish","type":"product","link":"https:\/\/www.acrartex.com\/fr\/products\/bivy-stick-mesh-communicateur-par-satellite\/","title":{"rendered":"Bivy Stick MESH \u2013 Communicateur par satellite"},"content":{"rendered":"<p><span style=\"font-weight: 400;\">Le<\/span> <b>Bivy Stick MESH<\/b> <span style=\"font-weight: 400;\">n&#8217;est pas seulement un appareil : c&#8217;est une avanc\u00e9e r\u00e9volutionnaire dans<\/span> <b>la communication d&#8217;entreprise pour les op\u00e9rations \u00e0 distance<\/b><span style=\"font-weight: 400;\">. Con\u00e7u pour maintenir les \u00e9quipes connect\u00e9es m\u00eame dans les environnements les plus difficiles, il offre  <\/span><b>Connectivit\u00e9 bimode transparente<\/b> <span style=\"font-weight: 400;\">, commutant intelligemment entre <strong>le<\/strong><\/span> <b>r\u00e9seau satellite mondial Iridium\u00ae<\/b> <span style=\"font-weight: 400;\">et<\/span> <b>le r\u00e9seau maill\u00e9 compatible LoRa\u00ae<\/b> <span style=\"font-weight: 400;\">pour une fiabilit\u00e9 et une couverture in\u00e9gal\u00e9es.<\/span><\/p>\n<p>&nbsp;<\/p>\n<p>Renforcez votre communication \u00e0 distance :<\/p>\n<ul>\n<li><strong>Couverture mondiale par satellite Iridium :<\/strong> op\u00e9rez en toute confiance partout sur Terre, en tirant parti de la constellation de satellites in\u00e9gal\u00e9e d&#8217;Iridium pour une communication in\u00e9branlable.<\/li>\n<li><strong>R\u00e9seau maill\u00e9 compatible LoRa\u00ae&nbsp;:<\/strong> r\u00e9seaux maill\u00e9s auto-form\u00e9s, permettant la messagerie en temps r\u00e9el et les mises \u00e0 jour de localisation GPS pour une meilleure coordination des \u00e9quipes.<\/li>\n<\/ul>\n<p><strong> <\/strong><\/p>\n<p><span style=\"font-weight: 400;\">ACR Bivy a toujours \u00e9t\u00e9 leader du secteur, en lan\u00e7ant la communication et le suivi de groupe par satellite pour un maximum de 12 Bivy Sticks. Gr\u00e2ce \u00e0 l&#8217;int\u00e9gration MESH compatible LoRa\u00ae, Bivy place la barre encore plus haut et consolide sa position de solution de communication de r\u00e9f\u00e9rence pour les \u00e9quipes op\u00e9rant hors r\u00e9seau. <\/span><\/p>\n<h2>Caract\u00e9ristiques du b\u00e2ton de Bivy MESH :<\/h2>\n<ul>\n<li><strong>Modes de communication doubles<\/strong> : combine de mani\u00e8re unique un r\u00e9seau maill\u00e9 compatible LoRa\u00ae avec une communication par satellite mondiale robuste, offrant une connectivit\u00e9 in\u00e9gal\u00e9e dans divers environnements, \u00e9tablissant une nouvelle norme en mati\u00e8re de technologie de communication ext\u00e9rieure.\n<ul>\n<li><strong>Communication mondiale par satellite<\/strong> :<br \/>\n Faites confiance au r\u00e9seau Iridium pour une connectivit\u00e9 mondiale coh\u00e9rente, m\u00eame dans les endroits les plus isol\u00e9s.<\/li>\n<li><strong>R\u00e9seau maill\u00e9 compatible LoRa\u00ae&nbsp;:<br \/>\n<\/strong> Am\u00e9liorez la coordination de l&#8217;\u00e9quipe gr\u00e2ce \u00e0 un r\u00e9seau maill\u00e9 pour des connexions directes d&#8217;appareil \u00e0 appareil jusqu&#8217;\u00e0 un mile de distance, prenant en charge jusqu&#8217;\u00e0 12 appareils.<\/li>\n<\/ul>\n<\/li>\n<li><strong>Messagerie compatible LoRa\u00ae&nbsp;:<\/strong> transmission de messages d&#8217;appareil \u00e0 appareil en quelques secondes, ce qui est nettement plus rapide que la communication par satellite traditionnelle qui peut prendre quelques minutes entre les appareils.<\/li>\n<\/ul>\n<ul>\n<li><strong>Adapt\u00e9 aux environnements difficiles : <span style=\"font-weight: 400;\">con\u00e7u pour fonctionner de mani\u00e8re transparente dans des environnements extr\u00eames, des for\u00eats denses aux canop\u00e9es \u00e9paisses aux zones charg\u00e9es de structures en b\u00e9ton, s&#8217;imposant comme un atout essentiel pour les \u00e9quipes et les premiers intervenants dans les zones \u00e0 signal compromis.<\/span><\/strong><\/li>\n<li><strong>Messagerie de groupe :<\/strong> les utilisateurs peuvent facilement cr\u00e9er et rejoindre des discussions de groupe au sein du r\u00e9seau maill\u00e9, permettant une coordination et une communication efficaces entre les \u00e9quipes ou les groupes de personnes.<\/li>\n<li style=\"font-weight: 400;\" aria-level=\"1\"><b>Partage de localisation en temps r\u00e9el :<\/b> <span style=\"font-weight: 400;\">les appareils permettent aux utilisateurs de partager leur localisation en temps r\u00e9el avec d&#8217;autres personnes du r\u00e9seau maill\u00e9, am\u00e9liorant ainsi la s\u00e9curit\u00e9 et permettant une coordination efficace lors d&#8217;activit\u00e9s de plein air et d&#8217;urgences.<\/span><\/li>\n<li><strong>Intelligence du r\u00e9seau MESH :<\/strong> surveille la puissance du signal cellulaire et satellite de chaque appareil au sein du r\u00e9seau, acheminant intelligemment les messages via les appareils dot\u00e9s de meilleures connexions pour optimiser l&#8217;efficacit\u00e9 de la communication.<\/li>\n<li><strong>Relais de messages intelligent<\/strong> : le Bivy Stick MESH peut agir comme un n\u0153ud de communication pour relayer de mani\u00e8re transparente des messages, soit d&#8217;appareil \u00e0 appareil, soit par satellite, maximisant ainsi l&#8217;efficacit\u00e9 de la communication.<\/li>\n<li><strong>Batterie de r\u00e9serve d&#8217;urgence SOS :<\/strong> \u00e9quip\u00e9e d&#8217;une r\u00e9serve de batterie SOS d\u00e9di\u00e9e de 24 heures, garantissant que le signal SOS critique est maintenu dans les sc\u00e9narios d&#8217;urgence.<\/li>\n<li><strong>Robuste et \u00e9tanche :<\/strong><\/li>\n<li style=\"font-weight: 400;\" aria-level=\"1\"><span style=\"font-weight: 400;\">Con\u00e7u pour les environnements exigeants, le Bivy Stick MESH b\u00e9n\u00e9ficie d&#8217;une construction robuste conforme \u00e0 la norme d&#8217;\u00e9tanch\u00e9it\u00e9 IP67. Con\u00e7u pour fonctionner par tous les temps, il garantit un fonctionnement fiable o\u00f9 que vous soyez. <\/span><\/li>\n<li><strong>Pr\u00eat pour l&#8217;int\u00e9gration :<\/strong> con\u00e7u pour \u00eatre compatible avec les flux de travail d&#8217;entreprise existants pour une int\u00e9gration transparente.<\/li>\n<\/ul>\n<p>Appel d&#8217;urgence SOS activ\u00e9 dans l&#8217;application ou sur le bouton de l&#8217;appareil. Fourni par GlobalRescue\u2122. <\/p>\n","protected":false},"excerpt":{"rendered":"<p><span style=\"font-weight: 400;\">Avec Bivy Stick MESH, profitez d&#8217;un<\/span> <b>communicateur satellite bidirectionnel<\/b> fiable <span style=\"font-weight: 400;\">,<\/span> <b>d&#8217;une messagerie de groupe<\/b> <span style=\"font-weight: 400;\">,<\/span> <b>d&#8217;une assistance SOS 24h\/24 et 7j\/7,<\/b> <span style=\"font-weight: 400;\">d&#8217;<\/span> <b>un suivi GPS<\/b> <span style=\"font-weight: 400;\">et<\/span> <b>du partage de position<\/b> <span style=\"font-weight: 400;\">, le tout dans un<\/span> appareil <b>compact<\/b> <span style=\"font-weight: 400;\">et<\/span> <b>l\u00e9ger<\/b><span style=\"font-weight: 400;\">  appareil. Il vous donne la   <\/span><b>La libert\u00e9 de communication hors r\u00e9seau<\/b> <span style=\"font-weight: 400;\">au<\/span> <b>prix le plus abordable du march\u00e9<\/b> <span style=\"font-weight: 400;\">.<\/span> Restez connect\u00e9, m\u00eame au-del\u00e0 de la couverture cellulaire.<\/p>\n<h4><\/h4>\n<h4><span style=\"color: #ff0000;\"><strong>Fi\u00e8rement fabriqu\u00e9 aux \u00c9tats-Unis !<\/strong><\/span><\/h4>\n<p><a href=\"https:\/\/bivystick.com\/bivy-go-plan\/\"><strong>D\u00e9couvrez le forfait Bivy Go<\/strong><\/a><\/p>\n<p><a href=\"https:\/\/www.dropbox.com\/s\/0ezw0kexbm120vv\/Prop%2065%20-%20Lead%20and%20Lead%20Compounds.pdf?dl=0\">AVERTISSEMENT : PROPOSITION 65<\/a><\/p>\n<p>&nbsp;<\/p>\n<p>&nbsp;<\/p>\n","protected":false},"featured_media":164362,"template":"","meta":{"_acf_changed":false,"om_disable_all_campaigns":false},"product_brand":[],"product_cat":[16191,5787,5721],"product_tag":[13137,13131,13125,13126,13124,13130,13136,16192,11962,13129,13127,13134,13133,13132,13128,13135],"class_list":{"0":"post-159499","1":"product","2":"type-product","3":"status-publish","4":"has-post-thumbnail","6":"product_cat-bivy-fish-popup","7":"product_cat-de-plein-air","8":"product_cat-marin-fr","9":"product_tag-4601-fr","10":"product_tag-application-bivy","11":"product_tag-baton-bivy","12":"product_tag-baton-de-bivy-bleu","13":"product_tag-bivy-fr","14":"product_tag-bivy-acr-fr","15":"product_tag-bivy-contre-plb","16":"product_tag-bivy-fish-popup","17":"product_tag-bluetooth-fr","18":"product_tag-communication-bidirectionnelle","19":"product_tag-iridium-fr","20":"product_tag-le-plus-petit-communicateur-par-satellite","21":"product_tag-mini-fr","22":"product_tag-sauvetage-mondial","23":"product_tag-suivi","24":"product_tag-suivi-gps-par-satellite","25":"pa_activity-camping-fr","26":"pa_activity-cross-country-fr","27":"pa_activity-escalade","28":"pa_activity-motoneige","29":"pa_activity-peche","30":"pa_activity-randonnee","31":"pa_activity-ski-snowboard-fr","32":"pa_activity-sports-de-pagaie","33":"pa_activity-tout-terrain-4x4","34":"pa_activity-velo","35":"pa_boat-type-bateau-a-moteur","36":"pa_boat-type-cargo","37":"pa_boat-type-location-de-yacht","38":"pa_boat-type-peche-commerciale","39":"pa_boat-type-remorqueur","40":"pa_boat-type-sportcraft-fr","41":"pa_boat-type-voilier","42":"pa_boat-type-yacht-fr","43":"pa_terrain-colline-et-montagne","44":"pa_terrain-foret-et-jungle","45":"pa_terrain-rivieres-zones-humides-lacs","46":"pa_terrain-toundra","48":"first","49":"instock","50":"taxable","51":"shipping-taxable","52":"purchasable","53":"product-type-simple"},"acf":[],"_links":{"self":[{"href":"https:\/\/www.acrartex.com\/fr\/wp-json\/wp\/v2\/product\/159499","targetHints":{"allow":["GET"]}}],"collection":[{"href":"https:\/\/www.acrartex.com\/fr\/wp-json\/wp\/v2\/product"}],"about":[{"href":"https:\/\/www.acrartex.com\/fr\/wp-json\/wp\/v2\/types\/product"}],"wp:featuredmedia":[{"embeddable":true,"href":"https:\/\/www.acrartex.com\/fr\/wp-json\/wp\/v2\/media\/164362"}],"wp:attachment":[{"href":"https:\/\/www.acrartex.com\/fr\/wp-json\/wp\/v2\/media?parent=159499"}],"wp:term":[{"taxonomy":"product_brand","embeddable":true,"href":"https:\/\/www.acrartex.com\/fr\/wp-json\/wp\/v2\/product_brand?post=159499"},{"taxonomy":"product_cat","embeddable":true,"href":"https:\/\/www.acrartex.com\/fr\/wp-json\/wp\/v2\/product_cat?post=159499"},{"taxonomy":"product_tag","embeddable":true,"href":"https:\/\/www.acrartex.com\/fr\/wp-json\/wp\/v2\/product_tag?post=159499"}],"curies":[{"name":"wp","href":"https:\/\/api.w.org\/{rel}","templated":true}]}}