{"id":159377,"date":"2024-12-05T11:37:40","date_gmt":"2024-12-05T16:37:40","guid":{"rendered":"https:\/\/www.acrartex.com\/products\/panneau-de-fonctions-a-distance\/"},"modified":"2026-03-06T09:18:33","modified_gmt":"2026-03-06T14:18:33","slug":"panneau-de-fonctions-a-distance","status":"publish","type":"product","link":"https:\/\/www.acrartex.com\/fr\/products\/panneau-de-fonctions-a-distance\/","title":{"rendered":"Panneau de fonctions \u00e0 distance"},"content":{"rendered":"<p>ARTEX , marque exclusive d&#8217; ACR Electronics et leader du secteur des technologies a\u00e9ronautiques, perp\u00e9tue sa tradition d&#8217;innovation et de fiabilit\u00e9 ind\u00e9fectible. D\u00e9couvrez l&#8217; ARTEX RFP, un ajout de pointe \u00e0 nos solutions de s\u00e9curit\u00e9 a\u00e9rienne. <\/p>\n<p>Le programmeur RFP se pr\u00e9sente comme un outil de support robuste et convivial pour l&#8217; <a href=\"https:\/\/www.acrartex.com\/fr\/products\/distress-tracking-elt-5000-dt-pour-la-conformite-gadss\/\">ARTEX ELT 5000<\/a> , con\u00e7u pour les applications en laboratoire et sur le terrain. Pour les gestionnaires de flottes, les compagnies a\u00e9riennes et les prestataires de services sp\u00e9cialis\u00e9s dans l&#8217;ARTEX ELT 5000, cet outil indispensable sert non seulement de programmateur ELT 5000, mais contribue \u00e9galement \u00e0 rationaliser les op\u00e9rations et \u00e0 am\u00e9liorer l&#8217;efficacit\u00e9.<\/p>\n<p>Le kit RFP contient une tablette renforc\u00e9e, un c\u00e2ble d&#8217;interface de 25&#8242; et le logiciel requis pour votre configuration.<\/p>\n<p>L&#8217;appel d&#8217;offres permettra \u00e0 l&#8217;utilisateur d&#8217;effectuer les actions suivantes :<\/p>\n<ul>\n<li>Surveiller les \u00e9tiquettes ARINC<\/li>\n<li>Surveiller le commutateur CCP<\/li>\n<li>Autonomie de la batterie<\/li>\n<li>Effectuer une s\u00e9rie d&#8217;autotests<\/li>\n<li>Surveiller les journaux d&#8217;\u00e9v\u00e9nements<\/li>\n<li>T\u00e9l\u00e9charger les donn\u00e9es du journal<\/li>\n<li>T\u00e9l\u00e9charger le rapport d&#8217;auto-test<\/li>\n<li>Faire taire le buzzer<\/li>\n<\/ul>\n<p>&nbsp;<\/p>\n<p><strong>Principales caract\u00e9ristiques de l&#8217;appel d&#8217;offres ARTEX&nbsp;:<\/strong><\/p>\n<p><a href=\"https:\/\/www.microsoft.com\/en-us\/surface\/business\/surface-go-4\"><strong>Bas\u00e9 sur une tablette Microsoft Surface<\/strong><\/a>&nbsp;: exploite la puissance de la tablette Microsoft Surface, offrant une interface conviviale et une exp\u00e9rience famili\u00e8re et intuitive. Emportez vos programmes d&#8217;enseignement de l&#8217;anglais langue \u00e9trang\u00e8re partout avec vous, pour une accessibilit\u00e9 et une flexibilit\u00e9 accrues.<\/p>\n<p><strong>Interface utilisateur intuitive&nbsp;:<\/strong> Programmez vos ELT sans effort gr\u00e2ce \u00e0 notre interface conviviale. Fini les menus complexes et les boutons encombrants. L&#8217; ARTEX RFP simplifie la programmation des ELT, vous faisant gagner du temps et r\u00e9duisant les risques d&#8217;erreur.  <\/p>\n<p><strong>Performances am\u00e9lior\u00e9es :<\/strong> avec l&#8217; ARTEX RFP, vous pouvez acc\u00e9der aux param\u00e8tres critiques et les modifier avec pr\u00e9cision, garantissant ainsi que vos ELT fonctionnent de mani\u00e8re optimale.<\/p>\n<p><strong>Gestion compl\u00e8te des donn\u00e9es&nbsp;:<\/strong> Suivez tous vos ELT en un seul endroit gr\u00e2ce aux fonctionnalit\u00e9s compl\u00e8tes de gestion des donn\u00e9es d&#8217; ARTEX RFP. Stockez, r\u00e9cup\u00e9rez et v\u00e9rifiez facilement les donn\u00e9es et l&#8217;historique de programmation pour garantir la conformit\u00e9 et la disponibilit\u00e9. <\/p>\n<p><strong>Technologie d&#8217;avenir&nbsp;:<\/strong> ARTEX est une r\u00e9f\u00e9rence dans le domaine des technologies a\u00e9ronautiques, et le programmateur RFP pour tablettes Surface est con\u00e7u pour \u00e9voluer avec vos besoins. Recevez des mises \u00e0 jour logicielles r\u00e9guli\u00e8res pour rester \u00e0 la pointe des normes et r\u00e9glementations du secteur. <\/p>\n<p><strong>Programmation :<\/strong> ARTEX RFP est capable de programmer le protocole souhait\u00e9 et les informations requises par GADSS telles que d\u00e9crites par Cospas-Sarsat via l&#8217;interface incluse.<\/p>\n<p><strong>Capacit\u00e9 d&#8217;impression :<\/strong> ARTEX RFP peut imprimer un rapport pour la conformit\u00e9 des enregistrements.<\/p>\n","protected":false},"excerpt":{"rendered":"<p>Cet outil de maintenance, cr\u00e9\u00e9 par ARTEX , assure la maintenance de l&#8217; ELT 5000 ( ELT -DT) ARTEX ARTEX ACR Electronics . Il offre des fonctionnalit\u00e9s importantes de configuration, de maintenance et de d\u00e9pannage. Un seul c\u00e2ble permet de le connecter \u00e0 un panneau d&#8217;interface distant ou directement \u00e0 l&#8217; ELT -DT. Cet outil est requis pour satisfaire aux exigences annuelles de test ELT pour les a\u00e9ronefs certifi\u00e9s FAA et EASA.   <\/p>\n<p><span style=\"font-size: 11pt;\"><span style=\"font-family: Calibri,sans-serif;\"><a style=\"color: blue; text-decoration: underline;\" href=\"https:\/\/www.dropbox.com\/s\/fk04stqsp2hgk5f\/Prop%2065%20-%20DEHP.pdf?dl=0\"><span style=\"color: #000000;\">AVERTISSEMENT : PROPOSITION 65<\/span><\/a><\/span><\/span><\/p>\n","protected":false},"featured_media":159387,"template":"","meta":{"_acf_changed":false,"om_disable_all_campaigns":false},"product_brand":[],"product_cat":[5628,5959,8483,5961,5630],"product_tag":[15409,15407,15408,15410,15405,11063,15413,15412,15406,15411,10816],"class_list":{"0":"post-159377","1":"product","2":"type-product","3":"status-publish","4":"has-post-thumbnail","6":"product_cat-aviation-fr","7":"product_cat-aviation-generale","8":"product_cat-avions-commerciaux","9":"product_cat-jet-daffaires","10":"product_cat-rotocraft-fr","11":"product_tag-appel-doffres-artex","12":"product_tag-artex-tps-fr","13":"product_tag-ensemble-de-test-et-de-programmation-artex","14":"product_tag-panneau-de-fonctions-a-distance-artex","15":"product_tag-programmeur-artex","16":"product_tag-programmeur-elt","17":"product_tag-programmeur-elt-dt","18":"product_tag-programmeur-elt-5000","19":"product_tag-tablette-artex","20":"product_tag-tablette-artex-rfp","21":"product_tag-tps-fr","23":"first","24":"instock","25":"taxable","26":"shipping-taxable","27":"purchasable","28":"product-type-variable"},"acf":[],"_links":{"self":[{"href":"https:\/\/www.acrartex.com\/fr\/wp-json\/wp\/v2\/product\/159377","targetHints":{"allow":["GET"]}}],"collection":[{"href":"https:\/\/www.acrartex.com\/fr\/wp-json\/wp\/v2\/product"}],"about":[{"href":"https:\/\/www.acrartex.com\/fr\/wp-json\/wp\/v2\/types\/product"}],"wp:featuredmedia":[{"embeddable":true,"href":"https:\/\/www.acrartex.com\/fr\/wp-json\/wp\/v2\/media\/159387"}],"wp:attachment":[{"href":"https:\/\/www.acrartex.com\/fr\/wp-json\/wp\/v2\/media?parent=159377"}],"wp:term":[{"taxonomy":"product_brand","embeddable":true,"href":"https:\/\/www.acrartex.com\/fr\/wp-json\/wp\/v2\/product_brand?post=159377"},{"taxonomy":"product_cat","embeddable":true,"href":"https:\/\/www.acrartex.com\/fr\/wp-json\/wp\/v2\/product_cat?post=159377"},{"taxonomy":"product_tag","embeddable":true,"href":"https:\/\/www.acrartex.com\/fr\/wp-json\/wp\/v2\/product_tag?post=159377"}],"curies":[{"name":"wp","href":"https:\/\/api.w.org\/{rel}","templated":true}]}}