{"id":159375,"date":"2024-06-11T10:06:29","date_gmt":"2024-06-11T15:06:29","guid":{"rendered":"https:\/\/www.acrartex.com\/products\/exposure-olas-lampe-flottante-pour-homme-a-la-mer-lampe-portable-etanche-et-emetteur-mob\/"},"modified":"2025-07-29T14:02:09","modified_gmt":"2025-07-29T19:02:09","slug":"exposure-olas-lampe-flottante-pour-homme-a-la-mer-lampe-portable-etanche-et-emetteur-mob","status":"publish","type":"product","link":"https:\/\/www.acrartex.com\/fr\/products\/exposure-olas-lampe-flottante-pour-homme-a-la-mer-lampe-portable-etanche-et-emetteur-mob\/","title":{"rendered":"EXPOSURE OLAS Lampe flottante pour homme \u00e0 la mer \u2013 Lampe portable \u00e9tanche et \u00e9metteur MOB"},"content":{"rendered":"<div class=\"panel-block-row col-md-12 title-v7\">\n<div class=\"content-heading\">\n<h3 class=\"title\"><strong style=\"font-size: 16px;\">Suivez directement les \u00e9metteurs OLAS avec votre t\u00e9l\u00e9phone&nbsp;\u2013 aucun mat\u00e9riel suppl\u00e9mentaire requis<\/strong><\/h3>\n<\/div>\n<\/div>\n<p>L&#8217;application OLAS est disponible gratuitement sur iOS et Android et vous permet de surveiller facilement jusqu&#8217;\u00e0 6 \u00e9metteurs OLAS . Id\u00e9ale pour les navires jusqu&#8217;\u00e0 9 m\u00e8tres de long, cette solution \u00e9conomique permet une r\u00e9cup\u00e9ration rapide et autonome, id\u00e9ale pour les navigations hauturi\u00e8res en solo ou en petit \u00e9quipage. <\/p>\n<p><strong>Libre de se d\u00e9placer tout en restant en s\u00e9curit\u00e9<\/strong><\/p>\n<p>Associez les \u00e9metteurs OLAS aux syst\u00e8mes d&#8217;arr\u00eat moteur Guardian ou N2K pour les utiliser comme cordons d&#8217;arr\u00eat sans fil. Ainsi, les conducteurs de bateaux \u00e0 moteur et de semi-rigides peuvent arr\u00eater instantan\u00e9ment leur embarcation si le skipper ou l&#8217;\u00e9quipage sont s\u00e9par\u00e9s, \u00e9vitant ainsi les accidents caus\u00e9s par des bateaux sans \u00e9quipage et incontr\u00f4l\u00e9s. C&#8217;est une solution de s\u00e9curit\u00e9 essentielle pour les bateaux \u00e0 moteur et de p\u00eache \u00e0 barre solitaire, offrant une libert\u00e9 de mouvement autour du navire pendant la navigation.  <\/p>\n<h3 class=\"subheading mt sm-mt size--default sm-size--default\">Syst\u00e8me d&#8217;alarme portable \u00e0 la mer<\/h3>\n<p>Associez les \u00e9metteurs OLAS \u00e0 l&#8217; OLAS Core, un syst\u00e8me d&#8217;alarme de s\u00e9curit\u00e9 \u00e0 la mer portable 5 V capable de suivre jusqu&#8217;\u00e0 25 \u00e9metteurs sur des navires jusqu&#8217;\u00e0 15 m\u00e8tres de long. Ce syst\u00e8me est indispensable pour les utilisateurs embarquant sur des navires sans syst\u00e8me d&#8217;alarme de s\u00e9curit\u00e9 \u00e0 la mer, comme lors de voyages charters ou de livraisons en \u00e9quipage r\u00e9duit. <\/p>\n<p style=\"margin: 0in 0in 0.0001pt;\"><span style=\"font-size: 16px;\"><span style=\"line-height: 150%;\">  <\/span><\/span><\/p>\n<p style=\"text-align: justify; margin: 0in 0in 0.0001pt;\"><span style=\"font-size: 16px;\"><span style=\"line-height: 150%;\"><b>Caract\u00e9ristiques principales :<\/b><\/span><\/span><\/p>\n<ul>\n<li style=\"text-align: justify; margin: 0in 0in 0.0001pt;\"><span style=\"font-size: 16px;\"><span style=\"line-height: 150%;\"><a name=\"_Hlk8669295\"><\/a>  Int\u00e9gration de l&#8217;application mobile gratuite OLAS<\/span><\/span><\/li>\n<li style=\"margin: 0in 0in 0.0001pt;\"><span style=\"font-size: 16px;\"><span style=\"line-height: 150%;\">Lampe de poche \u00e0 LED (faible\/moyenne\/\u00e9lev\u00e9e)<\/span><\/span><\/li>\n<li style=\"margin: 0in 0in 0.0001pt;\"><span style=\"font-size: 16px;\"><span style=\"line-height: 150%;\">Stroboscope activ\u00e9 par l&#8217;eau<\/span><\/span><\/li>\n<li style=\"margin: 0in 0in 0.0001pt;\"><span style=\"font-size: 16px;\"><span style=\"line-height: 150%;\">\u00c9tanche (IP67)<\/span><\/span><\/li>\n<li style=\"margin: 0in 0in 0.0001pt;\"><span style=\"font-size: 16px;\"><span style=\"line-height: 150%;\">Flottable<\/span><\/span><\/li>\n<li style=\"margin: 0in 0in 0.0001pt;\"><span style=\"font-size: 16px;\"><span style=\"line-height: 150%;\"><a name=\"_Hlk8669342\"><\/a>Compatible Bluetooth\u00ae 4.1<\/span><\/span><\/li>\n<li style=\"margin: 0in 0in 0.0001pt;\"><span style=\"font-size: 16px;\"><span style=\"line-height: 150%;\">Indicateur de dur\u00e9e de vie de la batterie<\/span><\/span><\/li>\n<li style=\"margin: 0in 0in 0.0001pt;\"><span style=\"font-size: 16px;\"><span style=\"line-height: 150%;\">Charge rapide (3 heures)<\/span><\/span><\/li>\n<li style=\"margin: 0in 0in 0.0001pt;\"><span style=\"font-size: 16px;\"><span style=\"line-height: 150%;\">Rechargeable par USB<\/span><\/span><\/li>\n<\/ul>\n","protected":false},"excerpt":{"rendered":"<p>L&#8217; OLAS Float-On est une lampe de poche flottante et \u00e9tanche, dot\u00e9e d&#8217;un \u00e9metteur OLAS . L&#8217;int\u00e9gration unique de la technologie MOB (stroboscope activ\u00e9 par l&#8217;eau) d&#8217;Exposure et de la connectivit\u00e9 OLAS dans un seul produit cr\u00e9e une aide \u00e0 la s\u00e9curit\u00e9 multifonctionnelle pour les plaisanciers novices comme exp\u00e9riment\u00e9s. L&#8217;association de l&#8217;alarme et du stroboscope haute puissance garantit la visibilit\u00e9 du MOB tout au long du sauvetage.  <\/p>\n<p>Les OLAS Float-On sont suivis par l&#8217;application OLAS , \u00e0 bord depuis l&#8217;appareil mobile ou via le Core, le Guardian et l&#8217;Extender.<\/p>\n<p><strong>Avantages OLAS Float-On<\/strong> \u00c9metteur OLAS rechargeable \u00c9tanche Flottant Stroboscope activ\u00e9 par l&#8217;eau (MOBT) Retour de batterie Rechargeable par USB L&#8217;application OLAS n\u00e9cessite au minimum IOS11 ou Android 5.1 pour fonctionner.<\/p>\n<p><strong>Dans la bo\u00eete :<\/strong> OLAS Float-On, c\u00e2ble de charge micro USB, guide d&#8217;utilisation<\/p>\n<p style=\"margin-top: 0in; margin-right: 0in; margin-left: 0in;\"><span style=\"font-size: 16px;\"><span style=\"background: white;\"><span style=\"line-height: 150%;\"> <\/span><\/span><\/span><\/p>\n<p style=\"margin-top: 0in; margin-right: 0in; margin-left: 0in;\"><a href=\"https:\/\/www.dropbox.com\/s\/fk04stqsp2hgk5f\/Prop%2065%20-%20DEHP.pdf?dl=0\">AVERTISSEMENT : PROPOSITION 65<\/a><\/p>\n<p>&nbsp;<\/p>\n<p>&nbsp;<\/p>\n","protected":false},"featured_media":159379,"template":"","meta":{"_acf_changed":false,"om_disable_all_campaigns":false},"product_brand":[],"product_cat":[5950,5944,5721,5948,5946],"product_tag":[11970,11962,11989,11979,11955,11306,12000,11273,11291,11944,11930,11928],"class_list":{"0":"post-159375","1":"product","2":"type-product","3":"status-publish","4":"has-post-thumbnail","6":"product_cat-commercial-fr","7":"product_cat-interieur","8":"product_cat-marin-fr","9":"product_cat-offshore-fr","10":"product_cat-pres-du-rivage","11":"product_tag-2982-fr","12":"product_tag-bluetooth-fr","13":"product_tag-epi","14":"product_tag-equipage-a-la-mer","15":"product_tag-flotter","16":"product_tag-homme-a-la-mer","17":"product_tag-lampe-de-poche","18":"product_tag-lumiere-stroboscopique","19":"product_tag-mob-fr","20":"product_tag-olas-fr","21":"product_tag-systeme-de-foule","22":"product_tag-systeme-homme-a-la-mer","23":"pa_boat-size-0-20-fr","24":"pa_boat-size-21-40-fr","25":"pa_boat-size-40-80-fr","26":"pa_boat-size-80-fr","27":"pa_boat-type-bateau-a-moteur","28":"pa_boat-type-cargo","29":"pa_boat-type-location-de-yacht","30":"pa_boat-type-peche-commerciale","31":"pa_boat-type-remorqueur","32":"pa_boat-type-sportcraft-fr","33":"pa_boat-type-voilier","34":"pa_boat-type-yacht-fr","35":"pa_product-produits-de-signalisation","37":"first","38":"instock","39":"taxable","40":"shipping-taxable","41":"purchasable","42":"product-type-simple"},"acf":[],"_links":{"self":[{"href":"https:\/\/www.acrartex.com\/fr\/wp-json\/wp\/v2\/product\/159375","targetHints":{"allow":["GET"]}}],"collection":[{"href":"https:\/\/www.acrartex.com\/fr\/wp-json\/wp\/v2\/product"}],"about":[{"href":"https:\/\/www.acrartex.com\/fr\/wp-json\/wp\/v2\/types\/product"}],"wp:featuredmedia":[{"embeddable":true,"href":"https:\/\/www.acrartex.com\/fr\/wp-json\/wp\/v2\/media\/159379"}],"wp:attachment":[{"href":"https:\/\/www.acrartex.com\/fr\/wp-json\/wp\/v2\/media?parent=159375"}],"wp:term":[{"taxonomy":"product_brand","embeddable":true,"href":"https:\/\/www.acrartex.com\/fr\/wp-json\/wp\/v2\/product_brand?post=159375"},{"taxonomy":"product_cat","embeddable":true,"href":"https:\/\/www.acrartex.com\/fr\/wp-json\/wp\/v2\/product_cat?post=159375"},{"taxonomy":"product_tag","embeddable":true,"href":"https:\/\/www.acrartex.com\/fr\/wp-json\/wp\/v2\/product_tag?post=159375"}],"curies":[{"name":"wp","href":"https:\/\/api.w.org\/{rel}","templated":true}]}}