{"id":159341,"date":"2024-04-16T10:16:43","date_gmt":"2024-04-16T15:16:43","guid":{"rendered":"https:\/\/www.acrartex.com\/products\/kits-de-securite-nautique-globalfix-v5\/"},"modified":"2024-04-16T10:16:43","modified_gmt":"2024-04-16T15:16:43","slug":"kits-de-securite-nautique-globalfix-v5","status":"publish","type":"product","link":"https:\/\/www.acrartex.com\/fr\/products\/kits-de-securite-nautique-globalfix-v5\/","title":{"rendered":"Kits de s\u00e9curit\u00e9 nautique GlobalFix V5"},"content":{"rendered":"<p>D\u00e9couvrez les nouveaux kits de survie ACR GlobalFix V5 AIS RLS EPIRB pour bateaux&nbsp;: un ensemble complet et fiable de ressources essentielles pour assurer votre s\u00e9curit\u00e9 et votre survie en cas d&#8217;urgence maritime. Con\u00e7us pour les marins chevronn\u00e9s, les p\u00eacheurs passionn\u00e9s et les croisi\u00e9ristes audacieux, ces kits constituent un compl\u00e9ment indispensable \u00e0 votre \u00e9quipement de bord. <\/p>\n<p>Le kit <strong>de base<\/strong> comprend les produits de survie essentiels suivants ( <strong>2337.1<\/strong> ) :<\/p>\n<ul>\n<li>EPIRB GlobalFIX V5 AIS CAT. 2 <a href=\"https:\/\/www.acrartex.com\/fr\/products\/epirb-ais-globalfix-v5-avec-return-link-service-et-application-mobile\/\">En savoir plus<\/a> <\/li>\n<li>Sac RapidDitch Express <a href=\"https:\/\/www.acrartex.com\/fr\/products\/sac-rapidditch-express\/\">En savoir plus<\/a><\/li>\n<\/ul>\n<p>Le kit <strong>Plus<\/strong> comprend les produits de survie essentiels suivants ( <strong>2338.1<\/strong> ) :<\/p>\n<ul>\n<li>EPIRB GlobalFIX V5 AIS CAT. 2 <a href=\"https:\/\/www.acrartex.com\/fr\/products\/epirb-ais-globalfix-v5-avec-return-link-service-et-application-mobile\/\">En savoir plus<\/a> <\/li>\n<li>Sac RapidDitch Express <a href=\"https:\/\/www.acrartex.com\/fr\/products\/sac-rapidditch-express\/\">En savoir plus<\/a><\/li>\n<li>HemiLight \u21223 <a href=\"https:\/\/www.acrartex.com\/fr\/products\/lampe-de-gilet-de-sauvetage-hemilight-3-med-et-solas\/\">En savoir plus<\/a><\/li>\n<li>Lampe stroboscopique C-Strobe H2O SOLAS <a href=\"https:\/\/www.acrartex.com\/products\/c-strobe-h20\/\">En savoir plus<\/a><\/li>\n<li>Miroir de signalisation<\/li>\n<li>Sifflet WW-3 Res-Q\u2122 <a href=\"https:\/\/www.acrartex.com\/fr\/products\/sifflet-ww-3-resq\/\">En savoir plus<\/a><\/li>\n<\/ul>\n<p>Le kit <strong>Premium<\/strong> comprend les produits de survie essentiels suivants ( <strong>2341.1<\/strong> ) :<\/p>\n<ul>\n<li>EPIRB GlobalFIX V5 AIS Cat. 2 avec Return Link Service et application mobile NFC <a href=\"https:\/\/www.acrartex.com\/fr\/products\/epirb-ais-globalfix-v5-avec-return-link-service-et-application-mobile\/\">En savoir plus<\/a> <\/li>\n<li>ResQlink View RLS PLB 435 <a href=\"https:\/\/www.acrartex.com\/fr\/products\/personal-locator-beacon-resqlink-view-rls\/\">En savoir plus<\/a><\/li>\n<li>Fus\u00e9e de d\u00e9tresse \u00e9lectronique ResQflare (certifi\u00e9e USCG) <a href=\"https:\/\/www.acrartex.com\/fr\/products\/resqflare-fusee-electronique-durgence-a-led-pour-bateau\/\">En savoir plus<\/a><\/li>\n<li>FireFly PRO Waterbug \u2013 Lampe stroboscopique approuv\u00e9e SOLAS avec activation par l&#8217;eau int\u00e9gr\u00e9e <a href=\"https:\/\/www.acrartex.com\/products\/firefly-pro-waterbug\/\">En savoir plus<\/a><\/li>\n<li>Sac RapidDitch Express <a href=\"https:\/\/www.acrartex.com\/fr\/products\/sac-rapidditch-express\/\">En savoir plus<\/a><\/li>\n<li>HemiLight \u21223 <a href=\"https:\/\/www.acrartex.com\/fr\/products\/lampe-de-gilet-de-sauvetage-hemilight-3-med-et-solas\/\">En savoir plus<\/a><\/li>\n<li>Miroir de signalisation<\/li>\n<li>Sifflet WW-3 Res-Q\u2122 <a href=\"https:\/\/www.acrartex.com\/fr\/products\/sifflet-ww-3-resq\/\">En savoir plus<\/a><\/li>\n<\/ul>\n<p>D\u00e9couvrez la balise de d\u00e9tresse EPIRB ( <a href=\"https:\/\/www.acrartex.com\/fr\/news\/quest-ce-quune-epirb-ou-une-balise-radio-de-localisation-des-sinistres\/\">radiobalise de localisation des sinistres<\/a> ) la plus avanc\u00e9e du march\u00e9. La nouvelle EPIRB ACR GlobalFix V5 associe la connectivit\u00e9 satellite 406 MHz au Automatic Identification System ( AIS ). Ainsi, lorsqu&#8217;elle est activ\u00e9e, la EPIRB transmet non seulement votre signal d&#8217;urgence au syst\u00e8me mondial de sauvetage par satellite <a href=\"https:\/\/www.cospas-sarsat.int\/en\/\">Cospas Sarsat<\/a> , mais diffuse \u00e9galement un message de s\u00e9curit\u00e9 AIS sur les fr\u00e9quences VHF, imm\u00e9diatement visible par tout navire \u00e9quip\u00e9 AIS \u00e0 proximit\u00e9. Parmi ses autres fonctionnalit\u00e9s exceptionnelles, citons la technologie Return Link Service ( RLS ) qui confirme visuellement la r\u00e9ception du message de d\u00e9tresse, un signal de radioguidage 121,5 MHz et des feux stroboscopiques visibles et infrarouges pour une identification facile des cibles de nuit ou par faible visibilit\u00e9. Enfin, Near Field Communication ( NFC ) permet de surveiller sa EPIRB via une application pour smartphone. ACR est le leader mondial des technologies de s\u00e9curit\u00e9 et de sauvetage en mer. La nouvelle balise GPS EPIRB GlobalFix V5 avec AIS allie la durabilit\u00e9 et la fiabilit\u00e9 qui font sa r\u00e9putation \u00e0 une technologie de pointe con\u00e7ue pour acc\u00e9l\u00e9rer les interventions de secours.     <\/p>\n<h3><strong>Sauvetages EPIRB AIS plus rapides gr\u00e2ce au couplage des sauvetages globaux et locaux<\/strong><\/h3>\n<p>La EPIRB ACR GlobalFix V5 d\u00e9termine sa position avec pr\u00e9cision partout dans le monde gr\u00e2ce aux r\u00e9seaux de positionnement GNSS ( GPS , Galileo, Glonass). D\u00e8s son activation, la radio de d\u00e9tresse 406 MHz transmet la position GPS ( EPIRB ), pr\u00e9cise \u00e0 100 m\u00e8tres pr\u00e8s, au r\u00e9seau mondial de satellites de recherche et de sauvetage Cospas Sarsat. Les identifiants et les informations de position EPIRB sont transmis aux stations terrestres par le syst\u00e8me satellitaire, d\u00e9clenchant ainsi les op\u00e9rations de sauvetage. Gr\u00e2ce \u00e0 la technologie AIS avanc\u00e9e d\u00e9sormais int\u00e9gr\u00e9e \u00e0 la EPIRB , un signal AIS est \u00e9mis d\u00e8s son activation, informant ainsi instantan\u00e9ment les navires \u00e0 proximit\u00e9 \u00e9quip\u00e9s d&#8217;un transpondeur AIS de la position de la balise. Les navires \u00e9quip\u00e9s AIS et se trouvant \u00e0 port\u00e9e VHF de la balise verront un message de s\u00e9curit\u00e9 s&#8217;afficher sur leur \u00e9cran, indiquant l&#8217;identification MMSI du navire. Les navires se trouvant dans la zone o\u00f9 la EPIRB a \u00e9t\u00e9 activ\u00e9e peuvent alors lancer imm\u00e9diatement les op\u00e9rations de sauvetage et de r\u00e9cup\u00e9ration sans avoir \u00e0 attendre l&#8217;intervention des autorit\u00e9s SAR comp\u00e9tentes. AIS permet \u00e9galement aux intervenants locaux de localiser facilement l&#8217; EPIRB , qui s&#8217;affiche sous forme de cible AIS sur leur \u00e9cran de bord. Les navires \u00e0 proximit\u00e9 \u00e9quip\u00e9s d&#8217;un AIS peuvent naviguer directement vers l&#8217; EPIRB en s\u00e9lectionnant la cible AIS .        Cette incroyable avanc\u00e9e technologique acc\u00e9l\u00e9rera les temps de r\u00e9cup\u00e9ration, ce qui sauvera certainement des vies.<\/p>\n<h3><strong>Connectivit\u00e9 des smartphones utilisant Near Field Communication ( NFC )<\/strong><\/h3>\n<p><a href=\"https:\/\/www.youtube.com\/watch?v=WqE0ag4yqG4\">La technologie NFC ( Near Field Communication )<\/a> permet aux utilisateurs d&#8217;acc\u00e9der aux diagnostics EPIRB depuis leur smartphone. Lorsqu&#8217;un smartphone est plac\u00e9 \u00e0 proximit\u00e9 de la balise de localisation d&#8217;urgence GlobalFix V5, l&#8217;application ACR s&#8217;ouvre automatiquement et donne acc\u00e8s aux donn\u00e9es de la balise. L&#8217;application fournit des informations sur l&#8217;\u00e9tat de la balise, notamment l&#8217;autonomie de la batterie, le nombre d&#8217;autotests et de tests GNSS effectu\u00e9s, ainsi que la dur\u00e9e d&#8217;activation de la EPIRB . Des informations d\u00e9taill\u00e9es sur chaque autotest et test GNSS effectu\u00e9 par l&#8217;appareil sont \u00e9galement disponibles. Les tests GNSS affichent une vue cartographique indiquant le lieu du test pr\u00e9c\u00e9dent, la date et l&#8217;heure du test, le temps n\u00e9cessaire \u00e0 la EPIRB pour obtenir les coordonn\u00e9es GNSS, le nombre de satellites utilis\u00e9s pour obtenir ce point et sa pr\u00e9cision. La connectivit\u00e9 NFC de l&#8217;application permet aux utilisateurs de v\u00e9rifier facilement l&#8217;\u00e9tat de toutes les fonctions EPIRB et de s&#8217;assurer de son bon fonctionnement.     <\/p>\n<h3><strong>Return Link Service ( RLS )<\/strong><\/h3>\n<p>Return Link Service informe la personne qui d\u00e9clenche la EPIRB que le message de d\u00e9tresse a \u00e9t\u00e9 transmis. Un signal RLS renvoy\u00e9 via le r\u00e9seau satellitaire Galileo confirme la d\u00e9tection du message de d\u00e9tresse, ainsi que la position et les identifiants pr\u00e9cis de la EPIRB . Un voyant bleu clignotant, bien visible, indique la bonne r\u00e9ception du message de liaison retour par la balise de d\u00e9tresse. Savoir que les sauveteurs savent qu&#8217;une EPIRB a \u00e9t\u00e9 activ\u00e9e et qu&#8217;ils connaissent sa localisation contribue \u00e0 r\u00e9duire le stress li\u00e9 aux alertes de d\u00e9tresse.   <\/p>\n<p>ACR est sp\u00e9cialis\u00e9 dans les dispositifs de sauvetage \u00e9lectroniques et autres produits de sauvetage destin\u00e9s aux marins professionnels et de plaisance. Gr\u00e2ce \u00e0 l&#8217;int\u00e9gration de AIS , la nouvelle EPIRB ACR GlobalFix V5 offre le moyen le plus simple et le plus rapide d&#8217;acc\u00e9der aux secours. Return Link Service offre un sentiment de s\u00e9curit\u00e9 appr\u00e9ciable, sachant que votre message de d\u00e9tresse a \u00e9t\u00e9 re\u00e7u, et Near Field Communication offre un acc\u00e8s \u00e0 des donn\u00e9es et \u00e0 des fonctionnalit\u00e9s in\u00e9dites pour les utilisateurs de EPIRB . Les nouvelles fonctionnalit\u00e9s avanc\u00e9es de la balise EPIRB GlobalFix V5 en font la solution id\u00e9ale pour les navigateurs, qu&#8217;ils pratiquent la navigation c\u00f4ti\u00e8re, le travail en haute mer ou la travers\u00e9e des oc\u00e9ans.   <\/p>\n","protected":false},"excerpt":{"rendered":"<h4><span style=\"color: #000000;\"><strong>Fi\u00e8rement fabriqu\u00e9 aux \u00c9tats-Unis !<\/strong><\/span><\/h4>\n<p><a href=\"https:\/\/www.dropbox.com\/s\/fk04stqsp2hgk5f\/Prop%2065%20-%20DEHP.pdf?dl=0\">AVERTISSEMENT : PROPOSITION 65<\/a><\/p>\n","protected":false},"featured_media":88813,"template":"","meta":{"_acf_changed":false,"om_disable_all_campaigns":false},"product_brand":[],"product_cat":[5950,5944,14680,5721,5948,5946,2922],"product_tag":[12809,15355,12810,15361,12828,15359,11556,11739,8049,15358,15360,15356,15357,9074,13132,6848,15362],"class_list":{"0":"post-159341","1":"product","2":"type-product","3":"status-publish","4":"has-post-thumbnail","6":"product_cat-commercial-fr","7":"product_cat-interieur","8":"product_cat-kits-de-securite-maritime","9":"product_cat-marin-fr","10":"product_cat-offshore-fr","11":"product_cat-pres-du-rivage","12":"product_cat-non-categorise","13":"product_tag-406-balises-de-detresse","14":"product_tag-acr-406-epirb-fr","15":"product_tag-acr-globalfix-fr","16":"product_tag-ais-epirb-fr","17":"product_tag-balise-406-mhz","18":"product_tag-balise-ais","19":"product_tag-balise-de-localisation-personnelle-acr","20":"product_tag-fusees-de-signalisation","21":"product_tag-hemisphere","22":"product_tag-kit-de-securite-ais","23":"product_tag-kit-de-securite-nautique","24":"product_tag-kit-de-survie-nautique","25":"product_tag-navigation-de-plaisance","26":"product_tag-sac-de-securite-nautique","27":"product_tag-sauvetage-mondial","28":"product_tag-securite-nautique","29":"product_tag-stobe-fr","31":"first","32":"instock","33":"taxable","34":"shipping-taxable","35":"purchasable","36":"product-type-variable"},"acf":[],"_links":{"self":[{"href":"https:\/\/www.acrartex.com\/fr\/wp-json\/wp\/v2\/product\/159341","targetHints":{"allow":["GET"]}}],"collection":[{"href":"https:\/\/www.acrartex.com\/fr\/wp-json\/wp\/v2\/product"}],"about":[{"href":"https:\/\/www.acrartex.com\/fr\/wp-json\/wp\/v2\/types\/product"}],"wp:featuredmedia":[{"embeddable":true,"href":"https:\/\/www.acrartex.com\/fr\/wp-json\/wp\/v2\/media\/88813"}],"wp:attachment":[{"href":"https:\/\/www.acrartex.com\/fr\/wp-json\/wp\/v2\/media?parent=159341"}],"wp:term":[{"taxonomy":"product_brand","embeddable":true,"href":"https:\/\/www.acrartex.com\/fr\/wp-json\/wp\/v2\/product_brand?post=159341"},{"taxonomy":"product_cat","embeddable":true,"href":"https:\/\/www.acrartex.com\/fr\/wp-json\/wp\/v2\/product_cat?post=159341"},{"taxonomy":"product_tag","embeddable":true,"href":"https:\/\/www.acrartex.com\/fr\/wp-json\/wp\/v2\/product_tag?post=159341"}],"curies":[{"name":"wp","href":"https:\/\/api.w.org\/{rel}","templated":true}]}}