{"id":159283,"date":"2024-06-11T10:23:22","date_gmt":"2024-06-11T15:23:22","guid":{"rendered":"https:\/\/www.acrartex.com\/products\/connecteur-multimoteur-exposure-olas\/"},"modified":"2024-06-11T10:23:22","modified_gmt":"2024-06-11T15:23:22","slug":"connecteur-multimoteur-exposure-olas","status":"publish","type":"product","link":"https:\/\/www.acrartex.com\/fr\/products\/connecteur-multimoteur-exposure-olas\/","title":{"rendered":"Connecteur multimoteur EXPOSURE OLAS"},"content":{"rendered":"","protected":false},"excerpt":{"rendered":"<p>Le connecteur multimoteur OLAS est con\u00e7u pour fonctionner avec plusieurs moteurs hors-bord, jusqu&#8217;\u00e0 3 au total. Il est compatible avec le coupe-circuit moteur et syst\u00e8me d&#8217;alarme homme \u00e0 la mer sans fil OLAS N2K NMEA 2000 ou avec le coupe-circuit moteur et syst\u00e8me d&#8217;alarme homme \u00e0 la mer sans fil OLAS Guardian. Souvent utilis\u00e9 sur les bateaux Yamaha bimoteurs et trimoteurs, cet accessoire permet de connecter plusieurs moteurs \u00e0 un seul coupe-circuit.  <\/p>\n<p>Pour les instructions de c\u00e2blage, veuillez consulter le sch\u00e9ma de c\u00e2blage du connecteur multi-moteurs inclus comme l&#8217;une des images du produit sur cette page produit.<\/p>\n<p class=\"x\" style=\"margin: 0in; text-align: start; margin-right: 0in; margin-left: 0in;\"><span style=\"font-size: 12pt;\"><span style=\"background: white;\"> <\/span><\/span><\/p>\n<p class=\"x\" style=\"margin: 0in; text-align: start; margin-right: 0in; margin-left: 0in;\"><a href=\"https:\/\/www.dropbox.com\/s\/fk04stqsp2hgk5f\/Prop%2065%20-%20DEHP.pdf?dl=0\">AVERTISSEMENT : PROPOSITION 65<\/a><\/p>\n","protected":false},"featured_media":159289,"template":"","meta":{"_acf_changed":false,"om_disable_all_campaigns":false},"product_brand":[],"product_cat":[5950,5944,5721,5948,5946],"product_tag":[15272,15278,15288,15290,15286,15275,15284,15281],"class_list":{"0":"post-159283","1":"product","2":"type-product","3":"status-publish","4":"has-post-thumbnail","6":"product_cat-commercial-fr","7":"product_cat-interieur","8":"product_cat-marin-fr","9":"product_cat-offshore-fr","10":"product_cat-pres-du-rivage","11":"product_tag-connecteur-multimoteur","12":"product_tag-connecteur-multimoteur-olas","13":"product_tag-connecteur-multimoteur-olas-guardian","14":"product_tag-connecteur-multimoteur-olas-n2k","15":"product_tag-faisceau-multimoteur-olas-n2k","16":"product_tag-harnais-multimoteur","17":"product_tag-harnais-multimoteur-olas-guardian","18":"product_tag-olas-mec-fr","20":"first","21":"instock","22":"taxable","23":"shipping-taxable","24":"purchasable","25":"product-type-simple"},"acf":[],"_links":{"self":[{"href":"https:\/\/www.acrartex.com\/fr\/wp-json\/wp\/v2\/product\/159283","targetHints":{"allow":["GET"]}}],"collection":[{"href":"https:\/\/www.acrartex.com\/fr\/wp-json\/wp\/v2\/product"}],"about":[{"href":"https:\/\/www.acrartex.com\/fr\/wp-json\/wp\/v2\/types\/product"}],"wp:featuredmedia":[{"embeddable":true,"href":"https:\/\/www.acrartex.com\/fr\/wp-json\/wp\/v2\/media\/159289"}],"wp:attachment":[{"href":"https:\/\/www.acrartex.com\/fr\/wp-json\/wp\/v2\/media?parent=159283"}],"wp:term":[{"taxonomy":"product_brand","embeddable":true,"href":"https:\/\/www.acrartex.com\/fr\/wp-json\/wp\/v2\/product_brand?post=159283"},{"taxonomy":"product_cat","embeddable":true,"href":"https:\/\/www.acrartex.com\/fr\/wp-json\/wp\/v2\/product_cat?post=159283"},{"taxonomy":"product_tag","embeddable":true,"href":"https:\/\/www.acrartex.com\/fr\/wp-json\/wp\/v2\/product_tag?post=159283"}],"curies":[{"name":"wp","href":"https:\/\/api.w.org\/{rel}","templated":true}]}}