{"id":159197,"date":"2024-08-16T14:02:09","date_gmt":"2024-08-16T19:02:09","guid":{"rendered":"https:\/\/www.acrartex.com\/products\/exposure-olas-n2k-alarme-dhomme-a-la-mer-coupe-circuit-moteur-sans-fil\/"},"modified":"2026-03-06T08:44:55","modified_gmt":"2026-03-06T13:44:55","slug":"exposure-olas-n2k-alarme-dhomme-a-la-mer-coupe-circuit-moteur-sans-fil","status":"publish","type":"product","link":"https:\/\/www.acrartex.com\/fr\/products\/exposure-olas-n2k-alarme-dhomme-a-la-mer-coupe-circuit-moteur-sans-fil\/","title":{"rendered":"EXPOSURE OLAS N2K \u2013 Alarme d&#8217;homme \u00e0 la mer, coupe-circuit moteur sans fil"},"content":{"rendered":"<h3>Suivez facilement plusieurs \u00e9metteurs ou balises uniques<\/h3>\n<p>L&#8217; OLAS N2K fonctionne \u00e0 grande \u00e9chelle et peut suivre jusqu&#8217;\u00e0 25 \u00e9metteurs OLAS autour de navires mesurant jusqu&#8217;\u00e0 30 m\u00e8tres de long. Que vous ayez un grand navire \u00e0 moteur ou un voilier, cet appareil est id\u00e9al. Il peut \u00e9galement \u00eatre utilis\u00e9 pour suivre une seule balise sur un bateau \u00e0 moteur, garantissant ainsi l&#8217;arr\u00eat imm\u00e9diat du moteur en cas de chute de la barre.  <\/p>\n<h3><\/h3>\n<h3>Livr\u00e9 avec \u00e9metteur OLAS T2 rechargeable.<\/h3>\n<p>L&#8217; OLAS T2 est un \u00e9metteur OLAS \u00e9tanche, compact et rechargeable. Son indicateur lumineux et vibrant int\u00e9gr\u00e9 permet de visualiser facilement l&#8217;\u00e9tat de l&#8217;\u00e9tiquette. <\/p>\n<ul>\n<li>Livr\u00e9 avec dragonne et cordon tour de cou<\/li>\n<li>Alerte de batterie faible par vibration.<\/li>\n<li>Plus de 7 jours d&#8217;autonomie avec une seule charge.<\/li>\n<li>Temps de charge de 2 heures.<\/li>\n<li>Contr\u00f4le de verrouillage intelligent du moteur.<\/li>\n<\/ul>\n<h3><\/h3>\n<h3>Ne manquez jamais un \u00e9v\u00e9nement \u00ab Homme \u00e0 la mer \u00bb<\/h3>\n<p>Avec l&#8217; OLAS N2K, r\u00e9agissez rapidement en cas d&#8217;homme \u00e0 la mer gr\u00e2ce \u00e0 l&#8217;enregistrement automatique du point de MOB sur le traceur. Plus besoin de se fier \u00e0 la m\u00e9moire humaine ni de risquer l&#8217;oubli. Lorsqu&#8217;une balise OLAS est \u00ab&nbsp;perdue&nbsp;\u00bb et pr\u00e9sum\u00e9e \u00e0 la mer, plusieurs alertes se d\u00e9clenchent simultan\u00e9ment, vous offrant ainsi une s\u00e9curit\u00e9 et une vigilance optimales.  <\/p>\n<p>&nbsp;<\/p>\n<p>MOB pgn \u2013 L&#8217;homme \u00e0 la mer (PGN 127233) est \u00e9mis sur le r\u00e9seau NMEA 2000. Tout appareil MOB connect\u00e9 et programm\u00e9 pour r\u00e9agir \u00e0 MOB message sera d\u00e9clench\u00e9. <\/p>\n<p>&nbsp;<\/p>\n<p>Diffusion de s\u00e9curit\u00e9 AIS (PGN 129802) \u2013 cette alerte reproduit le message re\u00e7u d&#8217;une balise EPIRB ou d&#8217;un SART compatible VHF AIS . Le message est interne et n&#8217;est pas transmis hors du navire. Il indique la position GPS du navire au moment du d\u00e9clenchement de l&#8217;alerte. Le traceur de cartes peut ensuite positionner la marque MOB .   <\/p>\n<p>&nbsp;<\/p>\n<h3>Interrupteur d&#8217;arr\u00eat sans fil pour une s\u00e9curit\u00e9 in\u00e9gal\u00e9e<\/h3>\n<p>Un coupe-circuit sans fil est un dispositif de s\u00e9curit\u00e9 essentiel sur tout bateau \u00e0 moteur, et l&#8217; OLAS N2K offre des fonctionnalit\u00e9s exceptionnelles \u00e0 cet \u00e9gard. Voici pourquoi un coupe-circuit sans fil est si avantageux&nbsp;: <\/p>\n<ul>\n<li>S\u00e9curit\u00e9 de l&#8217;op\u00e9rateur : Si l&#8217;op\u00e9rateur tombe par-dessus bord ou est \u00e9ject\u00e9 du bateau de mani\u00e8re inattendue, l&#8217; OLAS N2K coupe automatiquement le moteur, \u00e9vitant ainsi les accidents et facilitant les op\u00e9rations de sauvetage.<\/li>\n<li>Arr\u00eat d&#8217;urgence : dans des situations dangereuses comme des collisions, le coupe-circuit sans fil permet un arr\u00eat imm\u00e9diat du moteur, \u00e9vitant ainsi d&#8217;autres dommages ou pr\u00e9judices.<\/li>\n<li>Protection de l&#8217;\u00e9quipage : \u00c9tendez les avantages de s\u00e9curit\u00e9 aux passagers et aux membres d&#8217;\u00e9quipage en les \u00e9quipant d&#8217;\u00e9tiquettes s\u00e9par\u00e9es qui peuvent \u00e9galement arr\u00eater le moteur si n\u00e9cessaire.<\/li>\n<li>Conformit\u00e9 r\u00e9glementaire&nbsp;: De nombreuses autorit\u00e9s nautiques exigent l&#8217;utilisation de coupe-circuits dans des situations sp\u00e9cifiques. L&#8217; OLAS N2K garantit la conformit\u00e9 \u00e0 ces r\u00e9glementations, \u00e9vitant ainsi amendes et p\u00e9nalit\u00e9s. <\/li>\n<\/ul>\n<p>&nbsp;<\/p>\n<h3>Installation et int\u00e9gration faciles pour les alertes MOB<\/h3>\n<p>L&#8217;installation de l&#8217; OLAS N2K est un jeu d&#8217;enfant gr\u00e2ce \u00e0 sa connexion NMEA 2000. Il s&#8217;int\u00e8gre parfaitement au r\u00e9seau NMEA 2000 de votre navire, pour une configuration simplifi\u00e9e. Compatible avec une large gamme de traceurs de cartes et d&#8217;\u00e9crans multifonctions, l&#8217; OLAS N2K vous permet de visualiser et de r\u00e9agir facilement aux alertes.  <\/p>\n<p>&nbsp;<\/p>\n<h3>Modes de balises personnalisables pour plus de flexibilit\u00e9<\/h3>\n<p>L&#8217; OLAS N2K propose trois modes d&#8217;\u00e9tiquetage personnalisables, vous permettant d&#8217;adapter l&#8217;appareil \u00e0 vos besoins sp\u00e9cifiques. Vous pouvez passer d&#8217;un mode \u00e0 l&#8217;autre sans effort gr\u00e2ce \u00e0 l&#8217;application mobile OLAS . Voici un aper\u00e7u des diff\u00e9rents modes d&#8217;\u00e9tiquetage&nbsp;:  <\/p>\n<ul>\n<li>Mode par d\u00e9faut&nbsp;: Id\u00e9al pour les grands navires \u00e0 moteur et les voiliers, ce mode d\u00e9clenche des alertes pour le reste de l&#8217;\u00e9quipage tout en coupant le moteur. Il garantit que tout le monde est averti et que le navire est sous contr\u00f4le. <\/li>\n<li>Mode d&#8217;alerte d&#8217;\u00e9quipage&nbsp;: Recommand\u00e9 pour l&#8217;\u00e9quipage et les passagers des bateaux \u00e0 moteur et \u00e0 voile, ce mode alerte le reste de l&#8217;\u00e9quipage sans couper le moteur. Il permet des op\u00e9rations de sauvetage imm\u00e9diates. <\/li>\n<li>Mode Helm Tag&nbsp;: Sp\u00e9cialement con\u00e7u pour les bateaux \u00e0 moteur de moins de 35&nbsp;pieds, ce mode agit comme un coupe-circuit, immobilisant le bateau lorsque la balise d\u00e9passe une distance personnalisable du hub. Ce mode permet \u00e0 l&#8217;utilisateur de quitter et de revenir au bateau sans d\u00e9clencher l&#8217;alarme. Il ne d\u00e9clenche pas d&#8217;alertes MOB et ne doit pas \u00eatre utilis\u00e9 comme syst\u00e8me d&#8217;alarme MOB .  <\/li>\n<\/ul>\n<h3><\/h3>\n<h3>Fonctionnalit\u00e9s puissantes de l&#8217;application OLAS pour plus de s\u00e9curit\u00e9<\/h3>\n<p>L&#8217;application mobile OLAS offre des fonctionnalit\u00e9s suppl\u00e9mentaires qui am\u00e9liorent encore votre s\u00e9curit\u00e9 sur l&#8217;eau :<\/p>\n<ul>\n<li>Mode Solo&nbsp;: Pour les plaisanciers naviguant \u00e0 terre ou sur des navires avec connectivit\u00e9 hauturi\u00e8re, le mode Solo permet l&#8217;envoi automatique de messages SOS. En cas d&#8217;alerte MOB , un SMS de d\u00e9tresse contenant des informations essentielles sur votre navire est envoy\u00e9 \u00e0 votre num\u00e9ro d&#8217;urgence pr\u00e9-enregistr\u00e9. <\/li>\n<li>Suivi et derni\u00e8re position&nbsp;: L&#8217;application OLAS g\u00e9n\u00e8re une fl\u00e8che de direction et un enregistrement de distance faciles \u00e0 suivre pour aider les sauveteurs \u00e0 retourner \u00e0 l&#8217;endroit o\u00f9 se MOB . La latitude et la longitude de MOB alerte sont \u00e9galement affich\u00e9es, permettant une coordination efficace avec les services de secours ou les navires \u00e0 proximit\u00e9. <\/li>\n<li>Alerte de d\u00e9tresse automatique VHF&nbsp;: l&#8217;application g\u00e9n\u00e8re automatiquement un script VHF contenant les informations de votre navire et sa derni\u00e8re position. Cela garantit un appel de d\u00e9tresse pr\u00e9cis par VHF, maximisant ainsi vos chances d&#8217;\u00eatre secouru rapidement. <\/li>\n<\/ul>\n<p>&nbsp;<\/p>\n<p><strong>Dans la bo\u00eete :<\/strong> OLAS N2K, c\u00e2ble de connexion NMEA 2000 (1 m), interrupteur de commande en acier inoxydable (0,5 m), c\u00e2ble de connexion moteur (0,5 m) + 3 x connecteurs marins, balise OLAS T2 + chargeur USB + sangle en silicone + cordon tour de cou, guide d&#8217;utilisation.<\/p>\n","protected":false},"excerpt":{"rendered":"<p>Am\u00e9liorez votre exp\u00e9rience de navigation et assurez votre s\u00e9curit\u00e9 et celle de votre \u00e9quipage avec l&#8217; OLAS N2K. Cet appareil remarquable fait office d&#8217;alarme MOB , de coupe-circuit moteur sans fil, ou les deux. Il s&#8217;int\u00e8gre au r\u00e9seau NMEA 2000 pour offrir une solution de s\u00e9curit\u00e9 compl\u00e8te. Les alertes MOB sont transmises rapidement et efficacement \u00e0 tous les syst\u00e8mes du navire, am\u00e9liorant ainsi la s\u00e9curit\u00e9 et les capacit\u00e9s d&#8217;intervention de l&#8217;\u00e9quipage. <\/p>\n<p>&nbsp;<\/p>\n<h4 class=\"Title\">Compatibilit\u00e9 du produit :<\/h4>\n<div class=\"Content\" data-height-match-group=\"\"><span class=\"FeatureName\">OLAS T2,<\/span> <span class=\"FeatureName\">balise OLAS , OLAS FloatOn et OLAS Extender<\/span><\/div>\n<div data-height-match-group=\"\"><\/div>\n<div data-height-match-group=\"\"><a href=\"https:\/\/www.dropbox.com\/s\/fk04stqsp2hgk5f\/Prop%2065%20-%20DEHP.pdf?dl=0\">AVERTISSEMENT : PROPOSITION 65<\/a><\/div>\n<p>&nbsp;<\/p>\n","protected":false},"featured_media":163619,"template":"","meta":{"_acf_changed":false,"om_disable_all_campaigns":false},"product_brand":[],"product_cat":[5950,5944,5721,5948,5946],"product_tag":[14993,14980,14975,14970,11962,14966,14985,14880,14947,11677,14990,12160,11291,12170,14951,14956,14961,11944,14891,14996,15000,14998,14999],"class_list":{"0":"post-159197","1":"product","2":"type-product","3":"status-publish","4":"has-post-thumbnail","6":"product_cat-commercial-fr","7":"product_cat-interieur","8":"product_cat-marin-fr","9":"product_cat-offshore-fr","10":"product_cat-pres-du-rivage","11":"product_tag-alarme-de-bateau-durgence","12":"product_tag-alarme-de-foule-nmea","13":"product_tag-alarme-homme-a-la-mer-fr","14":"product_tag-alarme-homme-a-la-mer","15":"product_tag-bluetooth-fr","16":"product_tag-coupe-circuit","17":"product_tag-coupure-du-moteur-sans-fil","18":"product_tag-exposure-fr","19":"product_tag-garde-cotiere-americaine","20":"product_tag-homme-a-la-mer-fr","21":"product_tag-interrupteur-darret-du-moteur-fr","22":"product_tag-interrupteur-darret-du-moteur","23":"product_tag-mob-fr","24":"product_tag-moteur-coupe","25":"product_tag-n2k-fr","26":"product_tag-nmea-2000-fr","27":"product_tag-nmea2000-fr","28":"product_tag-olas-fr","29":"product_tag-olas-bluetooth-fr","30":"product_tag-traceur-de-cartes","31":"product_tag-traceur-de-cartes-de-yacht","32":"product_tag-traceur-de-cartes-marines","33":"product_tag-traceur-de-cartes-pour-bateau","35":"first","36":"instock","37":"taxable","38":"shipping-taxable","39":"purchasable","40":"product-type-simple"},"acf":[],"_links":{"self":[{"href":"https:\/\/www.acrartex.com\/fr\/wp-json\/wp\/v2\/product\/159197","targetHints":{"allow":["GET"]}}],"collection":[{"href":"https:\/\/www.acrartex.com\/fr\/wp-json\/wp\/v2\/product"}],"about":[{"href":"https:\/\/www.acrartex.com\/fr\/wp-json\/wp\/v2\/types\/product"}],"wp:featuredmedia":[{"embeddable":true,"href":"https:\/\/www.acrartex.com\/fr\/wp-json\/wp\/v2\/media\/163619"}],"wp:attachment":[{"href":"https:\/\/www.acrartex.com\/fr\/wp-json\/wp\/v2\/media?parent=159197"}],"wp:term":[{"taxonomy":"product_brand","embeddable":true,"href":"https:\/\/www.acrartex.com\/fr\/wp-json\/wp\/v2\/product_brand?post=159197"},{"taxonomy":"product_cat","embeddable":true,"href":"https:\/\/www.acrartex.com\/fr\/wp-json\/wp\/v2\/product_cat?post=159197"},{"taxonomy":"product_tag","embeddable":true,"href":"https:\/\/www.acrartex.com\/fr\/wp-json\/wp\/v2\/product_tag?post=159197"}],"curies":[{"name":"wp","href":"https:\/\/api.w.org\/{rel}","templated":true}]}}