{"id":159167,"date":"2024-08-16T14:07:16","date_gmt":"2024-08-16T19:07:16","guid":{"rendered":"https:\/\/www.acrartex.com\/products\/etiquette-rechargeable-portable-et-etanche-exposure-olas-t2-emetteur-dalarme-homme-a-la-mer\/"},"modified":"2025-07-24T13:09:45","modified_gmt":"2025-07-24T18:09:45","slug":"etiquette-rechargeable-portable-et-etanche-exposure-olas-t2-emetteur-dalarme-homme-a-la-mer","status":"publish","type":"product","link":"https:\/\/www.acrartex.com\/fr\/products\/etiquette-rechargeable-portable-et-etanche-exposure-olas-t2-emetteur-dalarme-homme-a-la-mer\/","title":{"rendered":"\u00c9tiquette rechargeable portable et \u00e9tanche EXPOSURE OLAS T2 \u2013 \u00c9metteur d&#8217;alarme homme \u00e0 la mer"},"content":{"rendered":"<p>Associ\u00e9 \u00e0 l&#8217; OLAS Guardian ou \u00e0 l&#8217; OLAS N2K, le T2 peut \u00e9galement \u00eatre utilis\u00e9 pour arr\u00eater et verrouiller vos moteurs s&#8217;il est utilis\u00e9 avec OLAS Smart Lock.<\/p>\n<p>Les balises OLAS T2 sont compatibles avec tous les r\u00e9cepteurs OLAS . Quelques secondes apr\u00e8s la rupture de la connexion entre la balise et un r\u00e9cepteur OLAS , l&#8217;\u00e9quipage est alert\u00e9 et, si la connexion est \u00e9tablie, l&#8217;\u00e9cran de sauvetage MOB s&#8217;active sur l&#8217;application OLAS . <\/p>\n<p>Suivez plusieurs balises, personnalisez les noms et surveillez l&#8217;autonomie de la batterie depuis l&#8217;application OLAS . Jusqu&#8217;\u00e0 6 OLAS T2 peuvent \u00eatre suivis directement depuis l&#8217;application mobile OLAS . Jusqu&#8217;\u00e0 25 OLAS T2 peuvent \u00eatre suivis par les r\u00e9cepteurs OLAS , le Guardian ou le Core.  <\/p>\n<p><strong>Suivez directement les \u00e9metteurs OLAS avec votre t\u00e9l\u00e9phone \u2013 Aucun mat\u00e9riel suppl\u00e9mentaire n&#8217;est n\u00e9cessaire :<\/strong><\/p>\n<p>L&#8217;application OLAS est disponible gratuitement sur iOS et Android et vous permet de surveiller facilement jusqu&#8217;\u00e0 6 \u00e9metteurs OLAS . Id\u00e9ale pour les navires jusqu&#8217;\u00e0 9 m\u00e8tres de long, cette solution \u00e9conomique permet une r\u00e9cup\u00e9ration rapide et autonome, id\u00e9ale pour les navigations hauturi\u00e8res en solo ou en petit \u00e9quipage. <\/p>\n<p><strong>Libre de se d\u00e9placer tout en restant en s\u00e9curit\u00e9 :<\/strong><\/p>\n<p>Associez les \u00e9metteurs OLAS aux syst\u00e8mes d&#8217;arr\u00eat moteur Guardian ou N2K pour les utiliser comme cordons d&#8217;arr\u00eat sans fil. Ainsi, les conducteurs de bateaux \u00e0 moteur et de semi-rigides peuvent arr\u00eater instantan\u00e9ment leur embarcation si le skipper ou l&#8217;\u00e9quipage sont s\u00e9par\u00e9s, \u00e9vitant ainsi les accidents caus\u00e9s par des bateaux sans \u00e9quipage et incontr\u00f4l\u00e9s. C&#8217;est une solution de s\u00e9curit\u00e9 essentielle pour les bateaux \u00e0 moteur et de p\u00eache \u00e0 barre solitaire, offrant une libert\u00e9 de mouvement autour du navire pendant la navigation.  <\/p>\n","protected":false},"excerpt":{"rendered":"<p>L&#8217; OLAS T2 est un \u00e9metteur \u00e9tanche, compact et rechargeable, localisable par n&#8217;importe quel r\u00e9cepteur OLAS . Son indicateur lumineux et vibrant int\u00e9gr\u00e9 permet de suivre l&#8217;\u00e9tat de l&#8217;\u00e9tiquette tout au long de son fonctionnement. <\/p>\n<p>Si l&#8217;\u00e9quipage quitte le navire ou tombe par-dessus bord, l&#8217;alarme se d\u00e9clenche. OLAS fournit alors des instructions claires \u00e0 l&#8217;\u00e9quipage restant, facilitant ainsi la MOB et la communication avec les services d&#8217;urgence. Pour une plus grande polyvalence, le T2 est fourni avec un bracelet en silicone et un tour de cou \u00e0 rupture de s\u00e9curit\u00e9 avec support en silicone.  <\/p>\n<p><a href=\"https:\/\/www.dropbox.com\/s\/fk04stqsp2hgk5f\/Prop%2065%20-%20DEHP.pdf?dl=0\">AVERTISSEMENT : PROPOSITION 65<\/a><\/p>\n","protected":false},"featured_media":159179,"template":"","meta":{"_acf_changed":false,"om_disable_all_campaigns":false},"product_brand":[],"product_cat":[5950,5944,5721,5948,5946],"product_tag":[14868,14878,14911,14895,14918,14903,14915,14899,14880,14886,11944,14891,14883,14907,14921],"class_list":{"0":"post-159167","1":"product","2":"type-product","3":"status-publish","4":"has-post-thumbnail","6":"product_cat-commercial-fr","7":"product_cat-interieur","8":"product_cat-marin-fr","9":"product_cat-offshore-fr","10":"product_cat-pres-du-rivage","11":"product_tag-alarme-homme-a-la-mer-bluetooth","12":"product_tag-balise-olas","13":"product_tag-bluetooth-homme-a-la-mer","14":"product_tag-emetteur-olas","15":"product_tag-emetteur-portable-de-foule","16":"product_tag-emetteur-rechargeable-dhomme-a-la-mer","17":"product_tag-emetteur-sans-fil","18":"product_tag-etiquette-rechargeable","19":"product_tag-exposure-fr","20":"product_tag-montre-olas","21":"product_tag-olas-fr","22":"product_tag-olas-bluetooth-fr","23":"product_tag-olas-t2-fr","24":"product_tag-rechargeable-fr","25":"product_tag-signal-portable-dhomme-a-la-mer","27":"first","28":"instock","29":"taxable","30":"shipping-taxable","31":"purchasable","32":"product-type-simple"},"acf":[],"_links":{"self":[{"href":"https:\/\/www.acrartex.com\/fr\/wp-json\/wp\/v2\/product\/159167","targetHints":{"allow":["GET"]}}],"collection":[{"href":"https:\/\/www.acrartex.com\/fr\/wp-json\/wp\/v2\/product"}],"about":[{"href":"https:\/\/www.acrartex.com\/fr\/wp-json\/wp\/v2\/types\/product"}],"wp:featuredmedia":[{"embeddable":true,"href":"https:\/\/www.acrartex.com\/fr\/wp-json\/wp\/v2\/media\/159179"}],"wp:attachment":[{"href":"https:\/\/www.acrartex.com\/fr\/wp-json\/wp\/v2\/media?parent=159167"}],"wp:term":[{"taxonomy":"product_brand","embeddable":true,"href":"https:\/\/www.acrartex.com\/fr\/wp-json\/wp\/v2\/product_brand?post=159167"},{"taxonomy":"product_cat","embeddable":true,"href":"https:\/\/www.acrartex.com\/fr\/wp-json\/wp\/v2\/product_cat?post=159167"},{"taxonomy":"product_tag","embeddable":true,"href":"https:\/\/www.acrartex.com\/fr\/wp-json\/wp\/v2\/product_tag?post=159167"}],"curies":[{"name":"wp","href":"https:\/\/api.w.org\/{rel}","templated":true}]}}