{"id":159149,"date":"2024-06-11T14:16:22","date_gmt":"2024-06-11T19:16:22","guid":{"rendered":"https:\/\/www.acrartex.com\/products\/exposure-olas-core-systeme-compact-et-portable-dalarme-et-declairage-de-secours\/"},"modified":"2025-11-26T07:05:50","modified_gmt":"2025-11-26T12:05:50","slug":"exposure-olas-core-systeme-compact-et-portable-dalarme-et-declairage-de-secours","status":"publish","type":"product","link":"https:\/\/www.acrartex.com\/fr\/products\/exposure-olas-core-systeme-compact-et-portable-dalarme-et-declairage-de-secours\/","title":{"rendered":"EXPOSURE OLAS CORE \u2013 Syst\u00e8me compact et portable d&#8217;alarme et d&#8217;\u00e9clairage de secours"},"content":{"rendered":"<h3 class=\"title\">Ce qu&#8217;il fait<\/h3>\n<p>Le Core suit sans fil les \u00e9metteurs OLAS autour du navire. Lorsqu&#8217;une personne portant un \u00e9metteur tombe par-dessus bord, l&#8217;alarme int\u00e9gr\u00e9e se d\u00e9clenche et un voyant rouge d&#8217;urgence haute puissance fournit une indication visuelle et illumine les environs, le tout en 4 secondes. <\/p>\n<p>En plus de d\u00e9clencher l&#8217;alarme, le Core se connecte \u00e0 l&#8217;application mobile gratuite OLAS fournissant une fl\u00e8che facile \u00e0 lire vers la position d&#8217;alerte ainsi que des informations essentielles sur la derni\u00e8re position connue MOB et des \u00e9crans d&#8217;invite VHF remplis automatiquement pour aider l&#8217;\u00e9quipage pendant le stress d&#8217;une op\u00e9ration de r\u00e9cup\u00e9ration.<\/p>\n<p>&nbsp;<\/p>\n<h3>Pourquoi utiliser le OLAS CORE<\/h3>\n<p>Le Core donne aux capitaines une confiance totale : en cas d&#8217;incident MOB , l&#8217;ensemble de l&#8217;\u00e9quipage est alert\u00e9 instantan\u00e9ment et peut prendre des mesures de r\u00e9cup\u00e9ration imm\u00e9diates.<\/p>\n<p>Perdre un membre d&#8217;\u00e9quipage par-dessus bord est le pire cauchemar de tout marin. Plus le bateau est grand, plus il peut \u00eatre difficile de savoir imm\u00e9diatement qu&#8217;un incident MOB s&#8217;est produit, surtout dans l&#8217;obscurit\u00e9, avec des membres d&#8217;\u00e9quipage \u00e0 l&#8217;avant du m\u00e2t. <\/p>\n<p>Cela peut arriver trop facilement, m\u00eame dans des conditions b\u00e9nignes. Le port d&#8217;une longe, bien que conseill\u00e9, n&#8217;est pas toujours pratique, et il a \u00e9t\u00e9 prouv\u00e9 qu&#8217;une chute par-dessus bord avec une longe n&#8217;est pas une garantie de survie si le bateau roule \u00e0 pleine vitesse et que le skipper n&#8217;est pas imm\u00e9diatement conscient de l&#8217;incident. <\/p>\n<p>&nbsp;<\/p>\n<h3>\u00c0 qui s&#8217;adresse-t-il ?<\/h3>\n<p>Le Core se connecte \u00e0 25 membres d&#8217;\u00e9quipage via des balises OLAS portables, cr\u00e9ant ainsi une v\u00e9ritable bou\u00e9e de sauvetage. Les plus grands navires peuvent \u00eatre \u00e9quip\u00e9s d&#8217;un prolongateur OLAS , augmentant la port\u00e9e de 15 \u00e0 30 m\u00e8tres. Il convient \u00e0 tous ceux qui partent en mer en qu\u00eate de s\u00e9curit\u00e9 et de tranquillit\u00e9 d&#8217;esprit. Compactes et l\u00e9g\u00e8res, les balises OLAS sont \u00e9quip\u00e9es de piles rempla\u00e7ables par l&#8217;utilisateur. Elles conviennent aux adultes, aux enfants, aux animaux domestiques ou aux objets importants susceptibles de tomber par-dessus bord.   <\/p>\n<p>&nbsp;<\/p>\n<h3>Principaux avantages<\/h3>\n<div class=\"col-sm-6 col-xs-12\">\n<p><strong>Int\u00e9gration OLAS  <\/strong><\/p>\n<p>Tous les dispositifs de transmission OLAS , les balises OLAS et la lumi\u00e8re LED OLAS Float-On, \u00e0 port\u00e9e peuvent \u00eatre suivis par le CORE, permettant \u00e0 l&#8217;\u00e9quipage de se d\u00e9placer librement sur le pont, avec une confiance totale qu&#8217;un syst\u00e8me d&#8217;alerte pr\u00e9coce les alertera instantan\u00e9ment d&#8217;un incident MOB , afin qu&#8217;une r\u00e9cup\u00e9ration rapide puisse \u00eatre effectu\u00e9e.<\/p>\n<p><strong>Se connecte \u00e0 25 \u00e9metteurs OLAS (balises OLAS ou OLAS Float-On)<\/strong><\/p>\n<p>La connexion de jusqu&#8217;\u00e0 25 \u00e9metteurs OLAS permet d&#8217;utiliser le CORE \u00e0 bord de grands navires. Les \u00e9metteurs OLAS ne sont pas uniquement destin\u00e9s \u00e0 l&#8217;\u00e9quipage&nbsp;: il suffit de les fixer \u00e0 des objets tels que des gilets de MOB , un chien ou une annexe pour \u00eatre toujours inform\u00e9 de la disparition d&#8217;un objet. <\/p>\n<p><strong>Compatible avec les rallonges<\/strong><\/p>\n<p>Un prolongateur OLAS , \u00e9galement aliment\u00e9 par USB 5 V et dot\u00e9 d&#8217;une batterie interne rechargeable, peut \u00eatre utilis\u00e9 pour couvrir les zones o\u00f9 le signal de l&#8217;\u00e9metteur peut \u00eatre bloqu\u00e9. Il offre ainsi une \u00e9volutivit\u00e9 et une portabilit\u00e9 compl\u00e8tes pour les navires jusqu&#8217;\u00e0 80 pieds. <\/p>\n<p><strong>Portable \u00e0 faible consommation d&#8217;\u00e9nergie \u2013 USB 5 V<\/strong><\/p>\n<p>Le module portable est aliment\u00e9 par une alimentation USB 5 V, ce qui lui permet d&#8217;\u00eatre utilis\u00e9 sur diff\u00e9rents navires sans n\u00e9cessiter de c\u00e2blage dur.<\/p>\n<\/div>\n<div class=\"col-sm-6 col-xs-12\">\n<p><strong>Alarme int\u00e9gr\u00e9e<\/strong><\/p>\n<p>Une alarme de 85 dB retentit pour indiquer qu&#8217;un \u00e9metteur OLAS est hors de port\u00e9e. Le CORE peut \u00eatre connect\u00e9 \u00e0 l&#8217;application OLAS pour placer des alarmes \u00e0 deux endroits du navire. <\/p>\n<p><strong>\u00c9clairage de secours int\u00e9gr\u00e9<\/strong><\/p>\n<p>Un voyant rouge d&#8217;urgence haute puissance s&#8217;allumera, offrant une indication visuelle claire d&#8217;une alerte, tout en agissant \u00e9galement comme une lumi\u00e8re pour \u00e9clairer la zone afin de faciliter la r\u00e9cup\u00e9ration la nuit.<\/p>\n<p><strong>Commentaires du syst\u00e8me<\/strong><\/p>\n<p>Le CORE indique clairement le nombre d&#8217;\u00e9metteurs OLAS connect\u00e9s lors de la configuration. Les \u00e9metteurs peuvent \u00eatre ajout\u00e9s ou supprim\u00e9s du syst\u00e8me via l&#8217;application mobile ou par un simple processus de commutation int\u00e9gr\u00e9. <\/p>\n<\/div>\n<h3>Fonctionnalit\u00e9s de l&#8217;application mobile<\/h3>\n<p>Le Core est facilement utilisable gr\u00e2ce \u00e0 l&#8217;application OLAS , t\u00e9l\u00e9chargeable gratuitement sur l&#8217;App Store pour iOS et le Google Play Store pour Android. L&#8217;application OLAS n\u00e9cessite un appareil \u00e9quip\u00e9 d&#8217;iOS 11 ou d&#8217;Android 5.1 au minimum. L&#8217;application OLAS est un outil puissant pour contr\u00f4ler les fonctions du Core et faciliter les secours rapides. Elle offre les fonctionnalit\u00e9s suivantes&nbsp;:   <\/p>\n<ul>\n<li>Surveillez tous les \u00e9metteurs OLAS qui sont suivis.<\/li>\n<li>Personnalisez les noms des \u00e9metteurs OLAS pour les rendre faciles \u00e0 attribuer.<\/li>\n<li>V\u00e9rifiez l&#8217;\u00e9tat de la batterie des \u00e9metteurs OLAS<\/li>\n<li>Ajouter de nouveaux \u00e9metteurs OLAS au syst\u00e8me<\/li>\n<li>Ajustez le temps avant que le Core ne r\u00e9agisse \u00e0 un \u00e9metteur \u00e0 la mer entre 2 et 15 secondes, permettant plus de libert\u00e9 autour des navires plus grands<\/li>\n<li>Le mode alarme externe active l&#8217;interrupteur int\u00e9gr\u00e9 jusqu&#8217;\u00e0 sa d\u00e9sactivation manuelle. Cela permet de connecter en s\u00e9rie des alarmes externes haute puissance. <\/li>\n<li>Mettre en pause l&#8217;\u00e9tat d&#8217;alarme<\/li>\n<li>d\u00e9clencher l&#8217;alarme externe si le porteur d&#8217;un Tag est hors de port\u00e9e sur le Core et sur votre appareil mobile.<\/li>\n<li>R\u00e9glez le d\u00e9lai avant le d\u00e9clenchement de l&#8217;interrupteur de coupure ou de l&#8217;alarme, offrant ainsi une plus grande libert\u00e9<\/li>\n<li>Alarme de volume maximum et vibration sur votre t\u00e9l\u00e9phone portable, synchronis\u00e9e avec le Core.<\/li>\n<li>Indication de l&#8217;\u00e9metteur qui a d\u00e9clench\u00e9 l&#8217;alarme.<\/li>\n<li>Enregistrez l&#8217;emplacement GPS o\u00f9 l&#8217;alarme a \u00e9t\u00e9 d\u00e9clench\u00e9e \u2022 Guidage clair vers l&#8217;emplacement GPS o\u00f9 l&#8217;alarme a \u00e9t\u00e9 d\u00e9clench\u00e9e.<\/li>\n<li>Affichage clair de l&#8217;heure et de la position GPS de l&#8217;endroit o\u00f9 l&#8217;alarme a \u00e9t\u00e9 d\u00e9clench\u00e9e et de la position actuelle de l&#8217;utilisateur.<\/li>\n<li>Script d&#8217;urgence VHF avec saisie automatique des coordonn\u00e9es GPS et des informations personnalis\u00e9es sur le navire en mode Solo.<\/li>\n<li>Con\u00e7u pour naviguer seul, \u00e0 port\u00e9e cellulaire 2G ou Wi-Fi en mer. Le mode solo envoie automatiquement un SMS \u00e0 un num\u00e9ro personnalis\u00e9 indiquant votre position et l&#8217;heure de l&#8217;incident. En cas d&#8217;auto-sauvetage, un SMS annule l&#8217;alerte.  <\/li>\n<\/ul>\n<h3 class=\"title\">Installation et montage<\/h3>\n<ul>\n<li>Connexion USB \u2013 branchez-le simplement sur n\u2019importe quelle alimentation USB 5 V et commencez le suivi (remarque&nbsp;: non compatible avec toutes les banques d\u2019alimentation portables en raison de la faible consommation d\u2019\u00e9nergie)<\/li>\n<li>Mise sous tension automatique.<\/li>\n<li>Alerte d&#8217;absence de connexion \u2013 alerte automatique lorsqu&#8217;aucun \u00e9metteur OLAS n&#8217;est \u00e0 port\u00e9e, invitant \u00e0 la configuration.<\/li>\n<li>Trous de montage pour montage permanent \u2022 Rainure de bande pour fixation semi-permanente.<\/li>\n<\/ul>\n","protected":false},"excerpt":{"rendered":"<p>Le Core est un syst\u00e8me compact et portable d&#8217;alarme et d&#8217;\u00e9clairage de secours. Il r\u00e9agit en moins de 2 secondes en cas de chute d&#8217;une personne par-dessus bord et peut \u00eatre facilement transf\u00e9r\u00e9 d&#8217;un navire \u00e0 l&#8217;autre, sans n\u00e9cessiter d&#8217;installation filaire. Il peut se connecter \u00e0 25 \u00e9metteurs OLAS et couvrir un navire jusqu&#8217;\u00e0 15 m\u00e8tres de profondeur.  <\/p>\n<p><a href=\"https:\/\/www.dropbox.com\/s\/fk04stqsp2hgk5f\/Prop%2065%20-%20DEHP.pdf?dl=0\">AVERTISSEMENT : PROPOSITION 65<\/a><\/p>\n","protected":false},"featured_media":164634,"template":"","meta":{"_acf_changed":false,"om_disable_all_campaigns":false},"product_brand":[],"product_cat":[5950,5944,5721,5948,5946],"product_tag":[14868,11962,11306,11291,11941,11928],"class_list":{"0":"post-159149","1":"product","2":"type-product","3":"status-publish","4":"has-post-thumbnail","6":"product_cat-commercial-fr","7":"product_cat-interieur","8":"product_cat-marin-fr","9":"product_cat-offshore-fr","10":"product_cat-pres-du-rivage","11":"product_tag-alarme-homme-a-la-mer-bluetooth","12":"product_tag-bluetooth-fr","13":"product_tag-homme-a-la-mer","14":"product_tag-mob-fr","15":"product_tag-suivi-gps","16":"product_tag-systeme-homme-a-la-mer","17":"pa_product-produits-de-signalisation","18":"pa_terrain-rivieres-zones-humides-lacs","20":"first","21":"instock","22":"taxable","23":"shipping-taxable","24":"purchasable","25":"product-type-simple"},"acf":[],"_links":{"self":[{"href":"https:\/\/www.acrartex.com\/fr\/wp-json\/wp\/v2\/product\/159149","targetHints":{"allow":["GET"]}}],"collection":[{"href":"https:\/\/www.acrartex.com\/fr\/wp-json\/wp\/v2\/product"}],"about":[{"href":"https:\/\/www.acrartex.com\/fr\/wp-json\/wp\/v2\/types\/product"}],"wp:featuredmedia":[{"embeddable":true,"href":"https:\/\/www.acrartex.com\/fr\/wp-json\/wp\/v2\/media\/164634"}],"wp:attachment":[{"href":"https:\/\/www.acrartex.com\/fr\/wp-json\/wp\/v2\/media?parent=159149"}],"wp:term":[{"taxonomy":"product_brand","embeddable":true,"href":"https:\/\/www.acrartex.com\/fr\/wp-json\/wp\/v2\/product_brand?post=159149"},{"taxonomy":"product_cat","embeddable":true,"href":"https:\/\/www.acrartex.com\/fr\/wp-json\/wp\/v2\/product_cat?post=159149"},{"taxonomy":"product_tag","embeddable":true,"href":"https:\/\/www.acrartex.com\/fr\/wp-json\/wp\/v2\/product_tag?post=159149"}],"curies":[{"name":"wp","href":"https:\/\/api.w.org\/{rel}","templated":true}]}}