{"id":159089,"date":"2021-03-16T08:18:23","date_gmt":"2021-03-16T13:18:23","guid":{"rendered":"https:\/\/www.acrartex.com\/products\/miroir-de-signalisation-hot-shot\/"},"modified":"2021-03-16T08:18:23","modified_gmt":"2021-03-16T13:18:23","slug":"miroir-de-signalisation-hot-shot","status":"publish","type":"product","link":"https:\/\/www.acrartex.com\/fr\/products\/miroir-de-signalisation-hot-shot\/","title":{"rendered":"Miroir de signalisation Hot Shot\u2122"},"content":{"rendered":"<ul>\n<li>Con\u00e7u pour fournir un \u00ab point \u00bb de vis\u00e9e optimal avec une fen\u00eatre de visualisation \u00e0 point rouge holographique<\/li>\n<li>Lorsque l&#8217;image cible, le miroir et le soleil sont correctement align\u00e9s, le point rouge sur la cible garantit que la r\u00e9flexion du miroir est sur la cible<\/li>\n<li>Le miroir r\u00e9fl\u00e9chissant de deuxi\u00e8me surface de qualit\u00e9 t\u00e9lescope est brillant et fournit une image focalis\u00e9e<\/li>\n<li>Flotteur flottant pour une r\u00e9cup\u00e9ration facile en cas de chute par-dessus bord<\/li>\n<li>Sifflet brevet\u00e9 (conforme \u00e0 l&#8217;USCG) pour une alerte sonore dans des conditions de faible visibilit\u00e9<\/li>\n<li>Cordon de fixation \u00e0 une personne ou \u00e0 un radeau de sauvetage<\/li>\n<li>Ensemble de signalisation simple et totalement s\u00e9curis\u00e9<\/li>\n<\/ul>\n","protected":false},"excerpt":{"rendered":"<p><span style=\"color: #ff0000;\"><strong>CECI EST UN PRODUIT ABANDONN\u00c9 QUI N&#8217;EST PLUS FABRIQU\u00c9 NI VENDU ENSEMBLE<\/strong><\/span><\/p>\n<p>&nbsp;<\/p>\n<p>Compl\u00e9tez votre trousse d&#8217;urgence avec un miroir de qualit\u00e9 comme le Hot Shot\u2122 Signal. Ce dispositif de signalisation diurne infaillible propulse les alertes d&#8217;urgence \u00e0 un niveau sup\u00e9rieur gr\u00e2ce \u00e0 sa fen\u00eatre de visualisation holographique \u00e0 point rouge, qui trouve rapidement le point de vis\u00e9e optimal pour un signal lumineux et pr\u00e9cis. Lorsque l&#8217;image cible, le miroir et le soleil sont correctement align\u00e9s, le point rouge garantit que le reflet du miroir est bien sur la cible. Le Hot Shot Signal est dot\u00e9 d&#8217;une conception flottante, ce qui permet de le r\u00e9cup\u00e9rer facilement en cas de chute. De plus, en cas de perte, ce sifflet brevet\u00e9 est conforme aux normes de l&#8217;USCG et est fourni avec un cordon pour une fixation facile \u00e0 une personne ou \u00e0 un radeau de sauvetage.    <\/p>\n<p>&nbsp;<\/p>\n","protected":false},"featured_media":159098,"template":"","meta":{"_acf_changed":false,"om_disable_all_campaigns":false},"product_brand":[],"product_cat":[5787,5721],"product_tag":[14770,14768,14760,12387,14753,14766,14762,14764,14751,14755,14761,14758,14765,14763,14756],"class_list":{"0":"post-159089","1":"product","2":"type-product","3":"status-publish","4":"has-post-thumbnail","6":"product_cat-de-plein-air","7":"product_cat-marin-fr","8":"product_tag-en-utilisant-un-miroir-de-signalisation","9":"product_tag-instructions-du-miroir-de-signalisation","10":"product_tag-miroir-de-signal-de-survie","11":"product_tag-miroir-de-signalisation","12":"product_tag-miroir-de-signalisation-fr","13":"product_tag-miroir-de-signalisation-de-securite","14":"product_tag-miroir-de-signalisation-en-verre","15":"product_tag-miroir-de-survie","16":"product_tag-miroirs-de-signalisation","17":"product_tag-miroirs-de-signalisation-fr","18":"product_tag-miroirs-de-signalisation-de-survie","19":"product_tag-signal-miroir","20":"product_tag-signalisation-de-securite","21":"product_tag-signalisation-de-survie","22":"product_tag-signaux-miroirs","23":"pa_product-heritage","25":"first","26":"outofstock","27":"taxable","28":"shipping-taxable","29":"product-type-simple"},"acf":[],"_links":{"self":[{"href":"https:\/\/www.acrartex.com\/fr\/wp-json\/wp\/v2\/product\/159089","targetHints":{"allow":["GET"]}}],"collection":[{"href":"https:\/\/www.acrartex.com\/fr\/wp-json\/wp\/v2\/product"}],"about":[{"href":"https:\/\/www.acrartex.com\/fr\/wp-json\/wp\/v2\/types\/product"}],"wp:featuredmedia":[{"embeddable":true,"href":"https:\/\/www.acrartex.com\/fr\/wp-json\/wp\/v2\/media\/159098"}],"wp:attachment":[{"href":"https:\/\/www.acrartex.com\/fr\/wp-json\/wp\/v2\/media?parent=159089"}],"wp:term":[{"taxonomy":"product_brand","embeddable":true,"href":"https:\/\/www.acrartex.com\/fr\/wp-json\/wp\/v2\/product_brand?post=159089"},{"taxonomy":"product_cat","embeddable":true,"href":"https:\/\/www.acrartex.com\/fr\/wp-json\/wp\/v2\/product_cat?post=159089"},{"taxonomy":"product_tag","embeddable":true,"href":"https:\/\/www.acrartex.com\/fr\/wp-json\/wp\/v2\/product_tag?post=159089"}],"curies":[{"name":"wp","href":"https:\/\/api.w.org\/{rel}","templated":true}]}}