{"id":159065,"date":"2021-03-16T08:18:32","date_gmt":"2021-03-16T13:18:32","guid":{"rendered":"https:\/\/www.acrartex.com\/products\/l8-4\/"},"modified":"2021-03-16T08:18:32","modified_gmt":"2021-03-16T13:18:32","slug":"l8-4","status":"publish","type":"product","link":"https:\/\/www.acrartex.com\/fr\/products\/l8-4\/","title":{"rendered":"L8-4"},"content":{"rendered":"<ul>\n<li>Approuv\u00e9 par la FAA pour une utilisation sur les gilets de sauvetage<\/li>\n<li>La combinaison lampe et lentille produit une lumi\u00e8re brillante visible \u00e0 plus d&#8217;un mile<\/li>\n<li>Fonctionne en eau douce ou sal\u00e9e<\/li>\n<li>Fil conducteur de longueur standard 18 pouces (46 cm)&nbsp;; certaines longueurs personnalis\u00e9es sont disponibles (des quantit\u00e9s minimales s&#8217;appliquent)<\/li>\n<li>Batterie activ\u00e9e par l&#8217;eau<\/li>\n<li>La dur\u00e9e de vie op\u00e9rationnelle d\u00e9passe 8 heures<\/li>\n<\/ul>\n","protected":false},"excerpt":{"rendered":"<p>La L8-4 est une lampe de sauvetage personnelle activ\u00e9e par l&#8217;eau, homologu\u00e9e par la FAA pour une utilisation sur les gilets de sauvetage. L&#8217;ensemble lampe-lentille de la L8-4 produit une lumi\u00e8re puissante, visible \u00e0 plus d&#8217;un kilom\u00e8tre et demi. Cette lampe de sauvetage est \u00e9quip\u00e9e d&#8217;une batterie activ\u00e9e par l&#8217;eau et offre une autonomie de 8 heures une fois d\u00e9clench\u00e9e.  <\/p>\n","protected":false},"featured_media":159072,"template":"","meta":{"_acf_changed":false,"om_disable_all_campaigns":false},"product_brand":[],"product_cat":[5628,5959,8483,5961],"product_tag":[9902,14718,14720,11968,9887,9893,9911,9899,9913,14721,14712,14714,14716,9909,9910,9905,9912,9896,8041,9908,9888],"class_list":{"0":"post-159065","1":"product","2":"type-product","3":"status-publish","4":"has-post-thumbnail","6":"product_cat-aviation-fr","7":"product_cat-aviation-generale","8":"product_cat-avions-commerciaux","9":"product_cat-jet-daffaires","10":"product_tag-feu-de-detresse-pour-laviation","11":"product_tag-feu-l8-3","12":"product_tag-feu-l84","13":"product_tag-feu-stroboscopique-durgence-fr","14":"product_tag-feu-stroboscopique-marin","15":"product_tag-feux-de-secours","16":"product_tag-gilet-de-sauvetage-artex","17":"product_tag-gilet-de-sauvetage-lumineux-pour-laviation","18":"product_tag-l8-3-fr","19":"product_tag-l8-4-light-fr","20":"product_tag-l82-fr","21":"product_tag-l83-fr","22":"product_tag-l84-fr","23":"product_tag-lampe-de-secours","24":"product_tag-lumiere-artex","25":"product_tag-lumiere-daviation","26":"product_tag-lumiere-l8","27":"product_tag-lumiere-stroboscopique-de-sauvetage","28":"product_tag-lumieres-stroboscopiques","29":"product_tag-lumieres-stroboscopiques-acr","30":"product_tag-stroboscope-acr","31":"pa_product-heritage","33":"first","34":"instock","35":"taxable","36":"shipping-taxable","37":"product-type-simple"},"acf":[],"_links":{"self":[{"href":"https:\/\/www.acrartex.com\/fr\/wp-json\/wp\/v2\/product\/159065","targetHints":{"allow":["GET"]}}],"collection":[{"href":"https:\/\/www.acrartex.com\/fr\/wp-json\/wp\/v2\/product"}],"about":[{"href":"https:\/\/www.acrartex.com\/fr\/wp-json\/wp\/v2\/types\/product"}],"wp:featuredmedia":[{"embeddable":true,"href":"https:\/\/www.acrartex.com\/fr\/wp-json\/wp\/v2\/media\/159072"}],"wp:attachment":[{"href":"https:\/\/www.acrartex.com\/fr\/wp-json\/wp\/v2\/media?parent=159065"}],"wp:term":[{"taxonomy":"product_brand","embeddable":true,"href":"https:\/\/www.acrartex.com\/fr\/wp-json\/wp\/v2\/product_brand?post=159065"},{"taxonomy":"product_cat","embeddable":true,"href":"https:\/\/www.acrartex.com\/fr\/wp-json\/wp\/v2\/product_cat?post=159065"},{"taxonomy":"product_tag","embeddable":true,"href":"https:\/\/www.acrartex.com\/fr\/wp-json\/wp\/v2\/product_tag?post=159065"}],"curies":[{"name":"wp","href":"https:\/\/api.w.org\/{rel}","templated":true}]}}