{"id":159047,"date":"2024-10-30T08:21:41","date_gmt":"2024-10-30T13:21:41","guid":{"rendered":"https:\/\/www.acrartex.com\/products\/resqflare-pro-fusee-durgence-electronique-a-led-haute-intensite-pour-bateau\/"},"modified":"2026-03-06T10:49:51","modified_gmt":"2026-03-06T15:49:51","slug":"resqflare-pro-fusee-durgence-electronique-a-led-haute-intensite-pour-bateau","status":"publish","type":"product","link":"https:\/\/www.acrartex.com\/fr\/products\/resqflare-pro-fusee-durgence-electronique-a-led-haute-intensite-pour-bateau\/","title":{"rendered":"ResQFlare PRO \u2013 Fus\u00e9e d&#8217;urgence \u00e9lectronique \u00e0 LED haute intensit\u00e9 pour bateau"},"content":{"rendered":"<p>Conforme aux exigences de la norme RTCM 13200.0, le feu \u00e9lectronique flottant pour bateau ResQFlare PRO est class\u00e9 comme dispositif de signalisation visuelle de d\u00e9tresse \u00e9lectronique (eVDSD) et utilise un signal de d\u00e9tresse SOS multicolore pour une luminosit\u00e9 accrue et une r\u00e9partition lumineuse nettement am\u00e9lior\u00e9e. L&#8217;utilisation de LED rouge-orange et cyan am\u00e9liore la visibilit\u00e9 sur l&#8217;eau, tandis que l&#8217;ajout d&#8217;une composante infrarouge (IR) am\u00e9liore encore la visibilit\u00e9 lors de l&#8217;utilisation d&#8217;\u00e9quipements de vision nocturne par les \u00e9quipes de recherche et de sauvetage. <\/p>\n<p>Le feu \u00e9lectronique pour bateau ResQFlare PRO facilite le sauvetage en \u00e9mettant le signal caract\u00e9ristique du code Morse international pour les SOS&nbsp;: le premier \u00ab&nbsp;S&nbsp;\u00bb est repr\u00e9sent\u00e9 par trois LED rouge-orange, suivi du \u00ab&nbsp;O&nbsp;\u00bb par trois LED cyan, et le dernier \u00ab&nbsp;S&nbsp;\u00bb par trois autres LED rouge-orange. Parall\u00e8lement aux LED clignotantes rouge-orange et cyan visibles, le composant IR \u00e9met le m\u00eame signal SOS, optimis\u00e9 pour la visibilit\u00e9 avec des lunettes de vision nocturne (NVG). Plus impressionnant encore, malgr\u00e9 le nombre important de flashs visibles et IR, la forte intensit\u00e9 lumineuse produite et la port\u00e9e lumineuse importante (angle lumineux \u2265 180\u00b0), le ResQFlare PRO affiche une autonomie impressionnante d&#8217;au moins trois heures (d\u00e9passant de 50&nbsp;% les exigences RTCM).  <\/p>\n<p><strong>REMARQUE : Avant d&#8217;installer les piles, \u00e0 l&#8217;aide du cordon attach\u00e9 (situ\u00e9 sous le velcro), attachez le corps sup\u00e9rieur au point de fixation situ\u00e9 au bas du compartiment des piles.<\/strong><\/p>\n<h4>Ce qui est inclus<\/h4>\n<p>R\u00e9pondant \u00e9galement aux exigences de la <a href=\"https:\/\/www.ecfr.gov\/current\/title-46\/chapter-I\/subchapter-Q\/part-161\/subpart-161.013?toc=1\">norme 46 CFR 161.013<\/a> , la fus\u00e9e de d\u00e9tresse ResQFlare PRO est class\u00e9e comme signal de d\u00e9tresse visuel nocturne approuv\u00e9. \u00c9tant donn\u00e9 qu&#8217;un drapeau de d\u00e9tresse, r\u00e9pondant aux exigences du <a href=\"https:\/\/www.ecfr.gov\/current\/title-46\/chapter-I\/subchapter-Q\/part-160\/subpart-160.072\">46 CFR 160.072<\/a> , est inclus dans l&#8217;emballage avec chaque ResQFlare PRO, les utilisateurs disposent \u00e9galement d&#8217;un signal de d\u00e9tresse visuel de jour approuv\u00e9 (l&#8217;exigence de transporter des signaux de d\u00e9tresse visuels de jour et de nuit approuv\u00e9s se trouve dans le 33 CFR partie 175).<\/p>\n<p>Le drapeau de d\u00e9tresse fourni offre de nombreuses options de signalisation de jour. Il peut \u00eatre hiss\u00e9 au m\u00e2t ou simplement hiss\u00e9 au point le plus haut possible. Il peut \u00e9galement \u00eatre d\u00e9ploy\u00e9 \u00e0 la main, attach\u00e9 puis agit\u00e9 sur un objet comme une gaffe, une pagaie ou une canne \u00e0 p\u00eache, ou pos\u00e9 \u00e0 plat sur le pont pour attirer les avions. Ce drapeau doit \u00eatre utilis\u00e9 uniquement comme signal de jour et, lorsqu&#8217;il est correctement d\u00e9ploy\u00e9, le carr\u00e9 noir doit se trouver au-dessus du cercle noir.   <\/p>\n<p>Outre le drapeau de d\u00e9tresse, un support et le mat\u00e9riel de montage correspondant sont \u00e9galement inclus, permettant aux utilisateurs de fixer facilement le produit au navire afin que le ResQFlare PRO soit toujours accessible en cas de besoin. Une longe d&#8217;un m\u00e8tre est \u00e9galement dissimul\u00e9e sous la bande Velcro noire au milieu du produit. Cette longe permet d&#8217;attacher le ResQFlare PRO \u00e0 une personne ou \u00e0 un radeau de sauvetage en cas d&#8217;urgence.  <\/p>\n<h4>Exigences en mati\u00e8re de transport<\/h4>\n<p>Aux \u00c9tats-Unis*, l&#8217;utilisation conjointe du signal de d\u00e9tresse ResQFlare PRO et du pavillon de d\u00e9tresse permet aux plaisanciers de se passer de fus\u00e9es pyrotechniques traditionnelles \u00e0 bord de navires de plaisance mesurant jusqu&#8217;\u00e0 65 pieds de long, naviguant sur les Grands Lacs, \u00e0 moins de 12 milles des eaux am\u00e9ricaines, ou sur tout plan d&#8217;eau dot\u00e9 d&#8217;un passage vers la mer d&#8217;au moins deux milles de large. Les navires de moins de 16 pieds ne sont pas tenus d&#8217;avoir un signal de d\u00e9tresse visuel de jour, mais doivent tout de m\u00eame \u00eatre \u00e9quip\u00e9s d&#8217;un signal de d\u00e9tresse visuel de nuit, ce qui fait du ResQFlare PRO une alternative plus que viable aux fus\u00e9es pyrotechniques pour les navires de cette taille \u00e9galement. <\/p>\n<p>Remarque : Au Canada, le ResQFlare PRO peut \u00eatre transport\u00e9 \u00e0 bord d&#8217;embarcations de plaisance \u00e0 la place des fus\u00e9es pyrotechniques (Politique TP 13585 E) s&#8217;il est transport\u00e9 avec un signal de fum\u00e9e approuv\u00e9 (pour l&#8217;alerte de jour).<\/p>\n<p>Avec une distribution lumineuse uniforme sur une port\u00e9e significative** et une dur\u00e9e de combustion 15 fois sup\u00e9rieure \u00e0 celle des fus\u00e9es pyrotechniques moyennes***, la fus\u00e9e \u00e9lectronique ResQFlare PRO est clairement le choix le plus \u00ab brillant \u00bb que l&#8217;on puisse faire.<\/p>\n<p>&nbsp;<\/p>\n<p>*Pour les approbations dans d&#8217;autres pays, voir les exigences de l&#8217;autorit\u00e9 nationale comp\u00e9tente pour faire r\u00e9f\u00e9rence \u00e0 leur acceptation sp\u00e9cifique d&#8217;un eVDSD conforme \u00e0 la norme RTCM 13200.00<\/p>\n<p>**Angle lumineux \u2265 180\u00b0<\/p>\n<p>***Bas\u00e9 sur le transport de 4 fus\u00e9es pyrotechniques d&#8217;une dur\u00e9e de combustion moyenne de 3 minutes chacune<\/p>\n<p>&nbsp;<\/p>\n<p>Pour en savoir plus sur les fus\u00e9es \u00e9lectroniques marines (e-flares), consultez notre article de blog sur les <a href=\"https:\/\/www.acrartex.com\/fr\/news\/exigences-legales-relatives-aux-fusees-eclairantes-electroniques-pour-bateaux\/\">exigences l\u00e9gales relatives aux fus\u00e9es \u00e9lectroniques pour bateaux.<\/a><\/p>\n<p>&nbsp;<\/p>\n<h4><strong>Caract\u00e9ristiques et avantages :<\/strong><\/h4>\n<p>&nbsp;<\/p>\n<ul>\n<li>Conforme \u00e0 la norme RTCM 13200.0 pour les eVDSD<\/li>\n<li>Le feu \u00e9lectronique pour bateau ResQFlare PRO et le drapeau de d\u00e9tresse inclus, lorsqu&#8217;ils sont transport\u00e9s ensemble, peuvent \u00eatre utilis\u00e9s comme remplacement pour le transport de fus\u00e9es pyrotechniques de l&#8217;USCG (\u00c9tats-Unis uniquement)<\/li>\n<li>Lumi\u00e8re vive dans toutes les directions (visibilit\u00e9 \u00e0 360\u00b0 et angle lumineux \u2265 180\u00b0)<\/li>\n<li>Se redresse automatiquement et flotte lorsqu&#8217;il est dans l&#8217;eau (aucun anneau de flottaison\/flottaison n&#8217;est n\u00e9cessaire)<\/li>\n<li>Visible \u00e0 plus de 8 miles<\/li>\n<li>Piles au lithium 123 rempla\u00e7ables par l&#8217;utilisateur (x8 \u2013 non incluses)<\/li>\n<li>Intensit\u00e9 lumineuse maximale&gt; 170 cd<\/li>\n<li>Intensit\u00e9 lumineuse efficace moyenne de 50 cd<\/li>\n<li>La dur\u00e9e de vie op\u00e9rationnelle de 3 heures (\u00e0 une intensit\u00e9 lumineuse effective moyenne minimale de 50 cd) d\u00e9passe de 50 % les exigences RTCM<\/li>\n<li>Conception durable : test\u00e9 selon les normes de performance environnementale applicables li\u00e9es \u00e0 la chaleur s\u00e8che, \u00e0 la chaleur humide, aux basses temp\u00e9ratures, aux chocs thermiques, aux chutes, aux vibrations, au rayonnement solaire, \u00e0 la pluie et aux embruns, \u00e0 la corrosion et \u00e0 la CEM (conform\u00e9ment \u00e0 la norme IEC 60945)<\/li>\n<li>\u00c9tanche (IP67)<\/li>\n<li>Certifi\u00e9 selon l&#8217;USCG 161.013 comme signal de d\u00e9tresse visuel nocturne<\/li>\n<li>Comprend un drapeau de d\u00e9tresse (certifi\u00e9 selon l&#8217;USCG 160.072 comme signal de d\u00e9tresse visuel de jour), un support de montage et un cordon de 1 m (dissimul\u00e9 sous une sangle Velcro)<\/li>\n<\/ul>\n<p>&nbsp;<\/p>\n<h4><strong> <\/strong><strong>Avantages du lance-fus\u00e9es \u00e9lectronique pour bateau ResQFlare PRO par rapport aux fus\u00e9es pyrotechniques traditionnelles&nbsp;:<\/strong><\/h4>\n<p>&nbsp;<\/p>\n<ul>\n<li>Aucune date d&#8217;expiration<\/li>\n<li>Coffre-fort familial (pas de flamme br\u00fblante)<\/li>\n<li>Facile \u00e0 utiliser (m\u00eame vos enfants et les plaisanciers d\u00e9butants peuvent l&#8217;utiliser en cas d&#8217;urgence)<\/li>\n<li>Aucun probl\u00e8me avec les exigences strictes existantes en mati\u00e8re d&#8217;\u00e9limination obligatoire des fus\u00e9es pyrotechniques (l\u00e9galement consid\u00e9r\u00e9es comme des mati\u00e8res dangereuses)<\/li>\n<li>Imperm\u00e9able et flottant<\/li>\n<li>Achat unique (moins de co\u00fbts sur la dur\u00e9e de vie du produit)<\/li>\n<li>2 m\u00e9thodes distinctes de signalisation de d\u00e9tresse dans un seul produit : stroboscope LED multicolore et stroboscope LED infrarouge<\/li>\n<li>Possibilit\u00e9 de prolonger la dur\u00e9e de vie du produit en cas d&#8217;urgence en rempla\u00e7ant les piles<\/li>\n<\/ul>\n","protected":false},"excerpt":{"rendered":"<p>Progr\u00e8s majeur des fus\u00e9es \u00e9lectroniques d&#8217; ACR Electronics , la fus\u00e9e \u00e9lectronique pour bateau ResQFlare PRO int\u00e8gre une technologie de pointe de signalisation de d\u00e9tresse SOS. Utilisant des LED rouge-orange et cyan combin\u00e9es \u00e0 un composant infrarouge (IR), la ResQFlare PRO offre une autonomie consid\u00e9rable tout en am\u00e9liorant consid\u00e9rablement la visibilit\u00e9. <\/p>\n<p>Vendu avec le drapeau de d\u00e9tresse diurne inclus, le ResQFlare PRO et le drapeau qui l&#8217;accompagne sont certifi\u00e9s conformes aux exigences applicables de la Garde c\u00f4ti\u00e8re am\u00e9ricaine, ce qui leur permet d&#8217;\u00eatre transport\u00e9s \u00e0 la place des fus\u00e9es pyrotechniques traditionnelles aux \u00c9tats-Unis.<\/p>\n<p><a href=\"https:\/\/www.dropbox.com\/s\/0ezw0kexbm120vv\/Prop%2065%20-%20Lead%20and%20Lead%20Compounds.pdf?dl=0\">AVERTISSEMENT : PROPOSITION 65<\/a><\/p>\n","protected":false},"featured_media":165554,"template":"","meta":{"_acf_changed":false,"om_disable_all_campaigns":false},"product_brand":[],"product_cat":[6680,5787,5944,14680,5721,5943,5948,5946,7903],"product_tag":[11661,13669,11680,11692,11758,11649,11770,11719,11640,11792,11749,11782,13662,11739,11671,11730,11803],"class_list":{"0":"post-159047","1":"product","2":"type-product","3":"status-publish","4":"has-post-thumbnail","6":"product_cat-accessoires-de-securite","7":"product_cat-de-plein-air","8":"product_cat-interieur","9":"product_cat-kits-de-securite-maritime","10":"product_cat-marin-fr","11":"product_cat-militaire","12":"product_cat-offshore-fr","13":"product_cat-pres-du-rivage","14":"product_cat-produits-de-signalisation","15":"product_tag-eclater","16":"product_tag-eruption-dorion","17":"product_tag-fusee-de-detresse","18":"product_tag-fusee-de-detresse-a-led","19":"product_tag-fusee-eclairante-a-led","20":"product_tag-fusee-eclairante-electronique","21":"product_tag-fusee-eclairante-portative","22":"product_tag-fusee-eclairante-pour-bateau","23":"product_tag-fusee-electronique","24":"product_tag-fusee-fumigene","25":"product_tag-fusee-marine","26":"product_tag-fusee-rouge","27":"product_tag-fusees-de-detresse","28":"product_tag-fusees-de-signalisation","29":"product_tag-fusees-eclairantes","30":"product_tag-fusees-eclairantes-pour-bateaux","31":"product_tag-pistolet-lance-fusees","33":"first","34":"instock","35":"taxable","36":"shipping-taxable","37":"purchasable","38":"product-type-simple"},"acf":[],"_links":{"self":[{"href":"https:\/\/www.acrartex.com\/fr\/wp-json\/wp\/v2\/product\/159047","targetHints":{"allow":["GET"]}}],"collection":[{"href":"https:\/\/www.acrartex.com\/fr\/wp-json\/wp\/v2\/product"}],"about":[{"href":"https:\/\/www.acrartex.com\/fr\/wp-json\/wp\/v2\/types\/product"}],"wp:featuredmedia":[{"embeddable":true,"href":"https:\/\/www.acrartex.com\/fr\/wp-json\/wp\/v2\/media\/165554"}],"wp:attachment":[{"href":"https:\/\/www.acrartex.com\/fr\/wp-json\/wp\/v2\/media?parent=159047"}],"wp:term":[{"taxonomy":"product_brand","embeddable":true,"href":"https:\/\/www.acrartex.com\/fr\/wp-json\/wp\/v2\/product_brand?post=159047"},{"taxonomy":"product_cat","embeddable":true,"href":"https:\/\/www.acrartex.com\/fr\/wp-json\/wp\/v2\/product_cat?post=159047"},{"taxonomy":"product_tag","embeddable":true,"href":"https:\/\/www.acrartex.com\/fr\/wp-json\/wp\/v2\/product_tag?post=159047"}],"curies":[{"name":"wp","href":"https:\/\/api.w.org\/{rel}","templated":true}]}}