{"id":159024,"date":"2025-06-25T13:09:22","date_gmt":"2025-06-25T18:09:22","guid":{"rendered":"https:\/\/www.acrartex.com\/products\/nouveau-sac-etanche-acr-leger-etanche-flottant-et-compact-pour-les-aventures-en-plein-air\/"},"modified":"2025-06-25T13:09:22","modified_gmt":"2025-06-25T18:09:22","slug":"nouveau-sac-etanche-acr-leger-etanche-flottant-et-compact-pour-les-aventures-en-plein-air","status":"publish","type":"product","link":"https:\/\/www.acrartex.com\/fr\/products\/nouveau-sac-etanche-acr-leger-etanche-flottant-et-compact-pour-les-aventures-en-plein-air\/","title":{"rendered":"NOUVEAU&nbsp;! Sac \u00e9tanche ACR \u2013 L\u00e9ger, \u00e9tanche, flottant et compact pour les aventures en plein air"},"content":{"rendered":"<p><strong>Sac \u00e9tanche compact<\/strong><\/p>\n<p data-start=\"201\" data-end=\"599\">Id\u00e9al pour le paddle, le kayak, les sorties \u00e0 la plage ou toute autre aventure en plein air, ce petit sac \u00e9tanche garde vos essentiels au sec et \u00e0 l&#8217;abri des intemp\u00e9ries. Fabriqu\u00e9 \u00e0 partir de mat\u00e9riaux durables et imperm\u00e9ables, il est dot\u00e9 d&#8217;une fermeture \u00e0 enroulement qui emp\u00eache l&#8217;eau, le sable et la salet\u00e9 de p\u00e9n\u00e9trer. L\u00e9ger et flottant, il flotte m\u00eame en cas de chute, ce qui le rend id\u00e9al pour une utilisation sur les lacs, les rivi\u00e8res ou l&#8217;oc\u00e9an.  <\/p>\n<p data-start=\"601\" data-end=\"838\">Que vous emportez votre t\u00e9l\u00e9phone, vos cl\u00e9s, des en-cas ou des v\u00eatements de rechange, ce sac \u00e9tanche est con\u00e7u pour vous offrir praticit\u00e9 et tranquillit\u00e9 d&#8217;esprit. Attachez-le \u00e0 votre \u00e9quipement ou transportez-le seul&nbsp;: vos affaires restent au sec, o\u00f9 que vous alliez. <\/p>\n<p data-start=\"840\" data-end=\"857\"><strong data-start=\"840\" data-end=\"857\">Caract\u00e9ristiques principales :<\/strong><\/p>\n<ul data-start=\"858\" data-end=\"1135\">\n<li data-start=\"858\" data-end=\"913\">\n<p data-start=\"860\" data-end=\"913\">Conception 100 % \u00e9tanche avec fermeture \u00e0 enroulement s\u00e9curis\u00e9e<\/p>\n<\/li>\n<li data-start=\"914\" data-end=\"980\">\n<p data-start=\"916\" data-end=\"980\">Flotte en toute s\u00e9curit\u00e9 sur l&#8217;eau, parfait pour le paddleboard et le kayak<\/p>\n<\/li>\n<li data-start=\"981\" data-end=\"1024\">\n<p data-start=\"983\" data-end=\"1024\">L\u00e9ger et compact pour un voyage facile<\/p>\n<\/li>\n<li data-start=\"1025\" data-end=\"1078\">\n<p data-start=\"1027\" data-end=\"1078\">Construction durable con\u00e7ue pour les conditions ext\u00e9rieures<\/p>\n<\/li>\n<li data-start=\"1079\" data-end=\"1135\">\n<p data-start=\"1081\" data-end=\"1135\">Id\u00e9al pour garder vos objets de valeur au sec pendant toute aventure<\/p>\n<\/li>\n<\/ul>\n","protected":false},"excerpt":{"rendered":"<p>Gardez vos essentiels au sec et en s\u00e9curit\u00e9 gr\u00e2ce \u00e0 ce sac <strong>\u00e9tanche<\/strong> compact, id\u00e9al pour le paddle, le kayak, les sorties \u00e0 la plage et toutes vos aventures en plein air. Ce sac de rangement \u00e9tanche fait \u00e9galement office de sac flottant, offrant une protection l\u00e9g\u00e8re et sans encombrement. Con\u00e7u pour r\u00e9sister \u00e0 tous vos d\u00e9placements, c&#8217;est un compagnon de voyage durable et fiable. Que vous soyez sur l&#8217;eau ou sur les sentiers, cet \u00e9quipement d&#8217;aventure essentiel flotte pour une tranquillit\u00e9 d&#8217;esprit accrue.   <\/p>\n<p data-start=\"712\" data-end=\"728\">\n","protected":false},"featured_media":159029,"template":"","meta":{"_acf_changed":false,"om_disable_all_campaigns":false},"product_brand":[],"product_cat":[5787,5721],"product_tag":[14649,6253,14655,14653,14657,14647,14651,9239],"class_list":{"0":"post-159024","1":"product","2":"type-product","3":"status-publish","4":"has-post-thumbnail","6":"product_cat-de-plein-air","7":"product_cat-marin-fr","8":"product_tag-compact-fr","9":"product_tag-flottable","10":"product_tag-leger","11":"product_tag-les-essentiels-de-leau","12":"product_tag-sac-de-sports-nautiques","13":"product_tag-sac-etanche","14":"product_tag-sac-etanche-de-randonnee","15":"product_tag-sac-flottant","17":"first","18":"instock","19":"featured","20":"taxable","21":"shipping-taxable","22":"purchasable","23":"product-type-simple"},"acf":[],"_links":{"self":[{"href":"https:\/\/www.acrartex.com\/fr\/wp-json\/wp\/v2\/product\/159024","targetHints":{"allow":["GET"]}}],"collection":[{"href":"https:\/\/www.acrartex.com\/fr\/wp-json\/wp\/v2\/product"}],"about":[{"href":"https:\/\/www.acrartex.com\/fr\/wp-json\/wp\/v2\/types\/product"}],"wp:featuredmedia":[{"embeddable":true,"href":"https:\/\/www.acrartex.com\/fr\/wp-json\/wp\/v2\/media\/159029"}],"wp:attachment":[{"href":"https:\/\/www.acrartex.com\/fr\/wp-json\/wp\/v2\/media?parent=159024"}],"wp:term":[{"taxonomy":"product_brand","embeddable":true,"href":"https:\/\/www.acrartex.com\/fr\/wp-json\/wp\/v2\/product_brand?post=159024"},{"taxonomy":"product_cat","embeddable":true,"href":"https:\/\/www.acrartex.com\/fr\/wp-json\/wp\/v2\/product_cat?post=159024"},{"taxonomy":"product_tag","embeddable":true,"href":"https:\/\/www.acrartex.com\/fr\/wp-json\/wp\/v2\/product_tag?post=159024"}],"curies":[{"name":"wp","href":"https:\/\/api.w.org\/{rel}","templated":true}]}}