{"id":158939,"date":"2021-03-16T08:17:46","date_gmt":"2021-03-16T13:17:46","guid":{"rendered":"https:\/\/www.acrartex.com\/products\/lumieres-stroboscopiques-durgence-firefly-pro\/"},"modified":"2025-12-01T05:43:15","modified_gmt":"2025-12-01T10:43:15","slug":"lumieres-stroboscopiques-durgence-firefly-pro","status":"publish","type":"product","link":"https:\/\/www.acrartex.com\/fr\/products\/lumieres-stroboscopiques-durgence-firefly-pro\/","title":{"rendered":"Lumi\u00e8res stroboscopiques d&#8217;urgence Firefly \u00ae PRO"},"content":{"rendered":"<p>Pour sauver des vies, rien de moins que le meilleur n&#8217;est envisageable. Les lampes stroboscopiques de sauvetage Firefly PRO comptent parmi les plus puissantes et les plus compl\u00e8tes du march\u00e9. Avec trois modes d&#8217;activation, basculez entre le mode stroboscopique ultra-puissant et le mode SOS pour alerter visuellement les secours de votre position, puis passez \u00e0 la fonction fixe pour les op\u00e9rations de sauvetage rapproch\u00e9es. Choisissez entre les versions Firefly PRO SOLAS (non activ\u00e9e par l&#8217;eau) et Firefly PRO Waterbug (activ\u00e9e par l&#8217;eau).   <\/p>\n<p>Nos nouvelles LED innovantes \u00e0 large faisceau lumineux produisent un faisceau lumineux \u00e0 360\u00b0 (41 candelas), offrant une visibilit\u00e9 \u00e0 plus de 5 km. Notre lumi\u00e8re blanc froid, sans jaunissement, offre un faisceau plus visible et visible \u00e0 plus grande distance. Dot\u00e9e d&#8217;un microprocesseur \u00e9conome en \u00e9nergie et d&#8217;une \u00e9lectronique repens\u00e9e, la Firefly PRO offre une autonomie maximale dans les conditions les plus difficiles. Avec un seul jeu de piles AA au lithium, la Firefly PRO offre une autonomie continue de plus de 56 heures ou une autonomie fixe de 28 heures. C&#8217;est deux fois plus long que nos concurrents et d\u00e9passe de plus de 48 heures les exigences de l&#8217;USCG et de la Convention SOLAS.    <\/p>\n<p>Son format compact se glisse facilement dans un gilet de sauvetage gonflable ou une poche pour un confort optimal. Son bo\u00eetier de qualit\u00e9 militaire est suffisamment robuste pour r\u00e9sister \u00e0 des ann\u00e9es d&#8217;utilisation et aux environnements les plus difficiles. Les deux boucles d&#8217;arrimage et la sangle Velcro incluse facilitent grandement la fixation du Firefly PRO \u00e0 votre gilet de sauvetage, votre ceinture ou votre sac \u00e0 dos, vous permettant ainsi d&#8217;acc\u00e9der facilement \u00e0 la lampe stroboscopique d\u00e8s que vous en avez besoin.  <\/p>\n","protected":false},"excerpt":{"rendered":"<p>Les lampes stroboscopiques de sauvetage Firefly PRO comptent parmi les plus puissantes et les plus compl\u00e8tes du march\u00e9. Avec trois modes d&#8217;activation, basculez entre le mode stroboscopique ultra-puissant et le mode SOS pour alerter visuellement les \u00e9quipes de recherche et de sauvetage de votre position, puis passez \u00e0 la fonction fixe pour les op\u00e9rations de r\u00e9cup\u00e9ration rapproch\u00e9e. Choisissez entre les versions Firefly PRO SOLAS (non activ\u00e9e par l&#8217;eau) et Firefly PRO Waterbug (activ\u00e9e par l&#8217;eau).  <\/p>\n<p>Ces lampes stroboscopiques d&#8217;urgence sont dot\u00e9es d&#8217;un syst\u00e8me innovant de gestion de la puissance lumineuse, produisant plus de 41 candelas par stroboscope pour une autonomie allant jusqu&#8217;\u00e0 56 heures (avec des piles lithium AA). Gr\u00e2ce \u00e0 leurs LED \u00e0 large spectre lumineux, elles r\u00e9sistent aux conditions les plus difficiles, cr\u00e9ant un flash ultra-puissant visible \u00e0 plus de 5 km. <\/p>\n","protected":false},"featured_media":36741,"template":"","meta":{"_acf_changed":false,"om_disable_all_campaigns":false},"product_brand":[],"product_cat":[5950,5787,5956,5967,5969,5944,5721,5943,5948,5965,5963,5946,7903,5952,5954,5958],"product_tag":[14507,14509,14489,11968,14485,11249,14483,14494,14503,7699,11273,9896,14498,14500,7701,11933,14513],"class_list":{"0":"post-158939","1":"product","2":"type-product","3":"status-publish","4":"has-post-thumbnail","6":"product_cat-commercial-fr","7":"product_cat-de-plein-air","8":"product_cat-equipement-de-voyage","9":"product_cat-forces-navales","10":"product_cat-forces-terrestres-speciales","11":"product_cat-interieur","12":"product_cat-marin-fr","13":"product_cat-militaire","14":"product_cat-offshore-fr","15":"product_cat-patrouille-aerienne","16":"product_cat-police-municipalite","17":"product_cat-pres-du-rivage","18":"product_cat-produits-de-signalisation","19":"product_cat-randonnee-escalade-camp","20":"product_cat-sport-daction-tout-terrain","21":"product_cat-sports-de-pagaie-peche","22":"product_tag-3970-3-fr","23":"product_tag-3970-4-fr","24":"product_tag-3971-3-fr","25":"product_tag-feu-stroboscopique-durgence-fr","26":"product_tag-feu-stroboscopique-de-luscg","27":"product_tag-firefly-fr","28":"product_tag-firefly-pro-fr","29":"product_tag-firefly-pro-solas-fr","30":"product_tag-gilet-de-sauvetage-lumineux-solas","31":"product_tag-lumiere","32":"product_tag-lumiere-stroboscopique","33":"product_tag-lumiere-stroboscopique-de-sauvetage","34":"product_tag-lumiere-stroboscopique-solas","35":"product_tag-pdf-leger-approuve-par-solas","36":"product_tag-stroboscope","37":"product_tag-stroboscope-durgence","38":"product_tag-stroboscope-de-sauvetage","39":"pa_activity-camping-fr","40":"pa_activity-cross-country-fr","41":"pa_activity-escalade","42":"pa_activity-motoneige","43":"pa_activity-peche","44":"pa_activity-randonnee","45":"pa_activity-ski-snowboard-fr","46":"pa_activity-sports-de-pagaie","47":"pa_activity-tout-terrain-4x4","48":"pa_activity-velo","49":"pa_aircraft-type-experimental-fr","50":"pa_aircraft-type-gros-jets","51":"pa_aircraft-type-jets-de-taille-moyenne","52":"pa_aircraft-type-jets-legers","53":"pa_aircraft-type-moteur-unique","54":"pa_aircraft-type-multimoteur","55":"pa_aircraft-type-rotocraft-fr","56":"pa_aircraft-type-turbopropulseur","57":"pa_boat-size-0-20-fr","58":"pa_boat-size-21-40-fr","59":"pa_boat-size-40-80-fr","60":"pa_boat-size-80-fr","61":"pa_boat-type-bateau-a-moteur","62":"pa_boat-type-cargo","63":"pa_boat-type-location-de-yacht","64":"pa_boat-type-peche-commerciale","65":"pa_boat-type-remorqueur","66":"pa_boat-type-sportcraft-fr","67":"pa_boat-type-voilier","68":"pa_boat-type-yacht-fr","69":"pa_product-accessoires-de-securite","70":"pa_product-lumieres-de-sauvetage","71":"pa_product-produits-de-signalisation","73":"first","74":"instock","75":"taxable","76":"shipping-taxable","77":"purchasable","78":"product-type-variable"},"acf":[],"_links":{"self":[{"href":"https:\/\/www.acrartex.com\/fr\/wp-json\/wp\/v2\/product\/158939","targetHints":{"allow":["GET"]}}],"collection":[{"href":"https:\/\/www.acrartex.com\/fr\/wp-json\/wp\/v2\/product"}],"about":[{"href":"https:\/\/www.acrartex.com\/fr\/wp-json\/wp\/v2\/types\/product"}],"wp:featuredmedia":[{"embeddable":true,"href":"https:\/\/www.acrartex.com\/fr\/wp-json\/wp\/v2\/media\/36741"}],"wp:attachment":[{"href":"https:\/\/www.acrartex.com\/fr\/wp-json\/wp\/v2\/media?parent=158939"}],"wp:term":[{"taxonomy":"product_brand","embeddable":true,"href":"https:\/\/www.acrartex.com\/fr\/wp-json\/wp\/v2\/product_brand?post=158939"},{"taxonomy":"product_cat","embeddable":true,"href":"https:\/\/www.acrartex.com\/fr\/wp-json\/wp\/v2\/product_cat?post=158939"},{"taxonomy":"product_tag","embeddable":true,"href":"https:\/\/www.acrartex.com\/fr\/wp-json\/wp\/v2\/product_tag?post=158939"}],"curies":[{"name":"wp","href":"https:\/\/api.w.org\/{rel}","templated":true}]}}