{"id":158865,"date":"2021-03-16T08:18:16","date_gmt":"2021-03-16T13:18:16","guid":{"rendered":"https:\/\/www.acrartex.com\/products\/sifflet-ww-3-resq\/"},"modified":"2021-03-16T08:18:16","modified_gmt":"2021-03-16T13:18:16","slug":"sifflet-ww-3-resq","status":"publish","type":"product","link":"https:\/\/www.acrartex.com\/fr\/products\/sifflet-ww-3-resq\/","title":{"rendered":"Sifflet WW-3 ResQ\u2122"},"content":{"rendered":"<ul>\n<li>Attire l&#8217;attention !<\/li>\n<li>Fort, strident, double ton audible \u00e0 grande distance<\/li>\n<li>La conception plate unique emp\u00eache la r\u00e9tention d&#8217;eau<\/li>\n<li>Conforme aux exigences de l&#8217;USCG<\/li>\n<li>Aide aux sauvetages terrestres ou maritimes<\/li>\n<li>\u00c0 utiliser sur les gilets de sauvetage, les gilets, les \u00e9quipements de protection contre les intemp\u00e9ries, les bou\u00e9es, les radeaux, les porte-cl\u00e9s, etc.<\/li>\n<li>Livr\u00e9 avec un cordon de 31,5 pouces (80 cm)<\/li>\n<\/ul>\n","protected":false},"excerpt":{"rendered":"<p>Attirez l&#8217;attention quand vous en avez besoin avec le sifflet WW-3 ResQ\u2122. Ce sifflet de survie compact a \u00e9t\u00e9 sp\u00e9cialement con\u00e7u pour localiser les plaisanciers tomb\u00e9s \u00e0 la mer, mais il peut \u00e9galement faciliter les sauvetages terrestres. Le WW-3 ResQ \u00e9met un double son strident pouvant atteindre 100 d\u00e9cibels, audible \u00e0 grande distance. Sa conception plate unique l&#8217;emp\u00eache de retenir l&#8217;eau, et son cordon de 80 cm (31,5 pouces) s&#8217;attache facilement aux gilets de sauvetage, aux radeaux et autres \u00e9quipements de sauvetage. De plus, ce sifflet de sauvetage a \u00e9t\u00e9 con\u00e7u pour r\u00e9pondre aux exigences de l&#8217;USCG.    <\/p>\n","protected":false},"featured_media":158908,"template":"","meta":{"_acf_changed":false,"om_disable_all_campaigns":false},"product_brand":[],"product_cat":[5950,5787,5956,5944,5721,5948,5946,7903,5952,5954,5958],"product_tag":[14406,14389,5974,14413,14429,14394,14419,14424,14400,14433],"class_list":{"0":"post-158865","1":"product","2":"type-product","3":"status-publish","4":"has-post-thumbnail","6":"product_cat-commercial-fr","7":"product_cat-de-plein-air","8":"product_cat-equipement-de-voyage","9":"product_cat-interieur","10":"product_cat-marin-fr","11":"product_cat-offshore-fr","12":"product_cat-pres-du-rivage","13":"product_cat-produits-de-signalisation","14":"product_cat-randonnee-escalade-camp","15":"product_cat-sport-daction-tout-terrain","16":"product_cat-sports-de-pagaie-peche","17":"product_tag-fournitures-durgence","18":"product_tag-interface-elt-rswt-a-2-fils","19":"product_tag-resq-fr","20":"product_tag-securite-du-sifflet","21":"product_tag-siffler","22":"product_tag-sifflet-durgence","23":"product_tag-sifflet-de-securite","24":"product_tag-sifflet-en-plastique","25":"product_tag-sifflets-durgence","26":"product_tag-signal-fr","27":"pa_product-accessoires-de-securite","28":"pa_product-produits-de-signalisation","30":"first","31":"instock","32":"taxable","33":"shipping-taxable","34":"purchasable","35":"product-type-simple"},"acf":[],"_links":{"self":[{"href":"https:\/\/www.acrartex.com\/fr\/wp-json\/wp\/v2\/product\/158865","targetHints":{"allow":["GET"]}}],"collection":[{"href":"https:\/\/www.acrartex.com\/fr\/wp-json\/wp\/v2\/product"}],"about":[{"href":"https:\/\/www.acrartex.com\/fr\/wp-json\/wp\/v2\/types\/product"}],"wp:featuredmedia":[{"embeddable":true,"href":"https:\/\/www.acrartex.com\/fr\/wp-json\/wp\/v2\/media\/158908"}],"wp:attachment":[{"href":"https:\/\/www.acrartex.com\/fr\/wp-json\/wp\/v2\/media?parent=158865"}],"wp:term":[{"taxonomy":"product_brand","embeddable":true,"href":"https:\/\/www.acrartex.com\/fr\/wp-json\/wp\/v2\/product_brand?post=158865"},{"taxonomy":"product_cat","embeddable":true,"href":"https:\/\/www.acrartex.com\/fr\/wp-json\/wp\/v2\/product_cat?post=158865"},{"taxonomy":"product_tag","embeddable":true,"href":"https:\/\/www.acrartex.com\/fr\/wp-json\/wp\/v2\/product_tag?post=158865"}],"curies":[{"name":"wp","href":"https:\/\/api.w.org\/{rel}","templated":true}]}}