{"id":158855,"date":"2021-03-16T08:17:57","date_gmt":"2021-03-16T13:17:57","guid":{"rendered":"https:\/\/www.acrartex.com\/products\/tps-8715-ensemble-de-test-et-de-programmation\/"},"modified":"2021-03-16T08:17:57","modified_gmt":"2021-03-16T13:17:57","slug":"tps-8715-ensemble-de-test-et-de-programmation","status":"publish","type":"product","link":"https:\/\/www.acrartex.com\/fr\/products\/tps-8715-ensemble-de-test-et-de-programmation\/","title":{"rendered":"TPS 8715 \u2013 Ensemble de test et de programmation"},"content":{"rendered":"<p><strong><u>Test ELT et v\u00e9rification de l&#8217;identifiant ELT<\/u><\/strong><\/p>\n<p>Les balises de localisation d&#8217;urgence (ELT) d&#8217;a\u00e9ronef doivent avoir leur num\u00e9ro d&#8217;identification unique enregistr\u00e9 aupr\u00e8s des autorit\u00e9s nationales. L&#8217; ARTEX TPS 8715 pour l&#8217;aviation g\u00e9n\u00e9rale offre une m\u00e9thode simple pour v\u00e9rifier et enregistrer l&#8217;identifiant des ELT ARTEX apr\u00e8s leur installation, leur reprogrammation ou leur r\u00e9enregistrement suite \u00e0 un changement de propri\u00e9taire. Ce syst\u00e8me programme uniquement les ELT ARTEX pour l&#8217;aviation g\u00e9n\u00e9rale*, notamment les mod\u00e8les ME406, ELT 345 et ELT 1000.  <\/p>\n<p><strong><u>D\u00e9codage ELT<\/u><\/strong><\/p>\n<p>L&#8217; ARTEX TPS 8715 est un syst\u00e8me robuste, compact et portable qui d\u00e9code les transmissions Cospas-Sarsat 406 MHz. La transmission peut \u00eatre lue directement via le c\u00e2ble d&#8217;antenne ou via l&#8217;antenne elle-m\u00eame. L&#8217;appareil indique \u00e9galement la pr\u00e9sence de 121,5 MHz. Le TPS 8715 est un appareil de d\u00e9codage uniquement et ne mesure pas la puissance. Veuillez contacter votre autorit\u00e9 locale pour conna\u00eetre les exigences de mesure ELT lors des inspections annuelles.    <\/p>\n<p><strong><u>Programme GA Line d&#8217; ELT<\/u><\/strong><\/p>\n<p>Le TPS 8715 peut programmer rapidement et facilement la gamme compl\u00e8te d&#8217;ELT d&#8217;aviation g\u00e9n\u00e9rale ARTEX avec le protocole souhait\u00e9, le d\u00e9bit en bauds des donn\u00e9es NAV et les informations requises telles que d\u00e9crites par Cospas-Sarsat via le c\u00e2ble de programmation (inclus).<\/p>\n<p><strong><u>Donn\u00e9es de test<\/u><\/strong><\/p>\n<p>Le TPS 8715 enregistre toutes les donn\u00e9es dans une base de donn\u00e9es interne, sauvegardable sur votre PC. Les donn\u00e9es sont consultables sur l&#8217;ordinateur ind\u00e9pendamment du TPS 8715 et sont horodat\u00e9es, preuve de leur transmission et de leur programmation correcte. Le TPS 8715 peut imprimer via une interface USB vers un PC. Cette fonction d&#8217;impression n\u00e9cessite un logiciel t\u00e9l\u00e9chargeable sur ACRARTEX.com.   <\/p>\n<p>Le TPS 8715 est livr\u00e9 sans logiciel. Vous devez vous inscrire et suivre une formation sur <a href=\"http:\/\/www.acrartex.com\/\">www.ACRARTEX.com<\/a> afin de t\u00e9l\u00e9charger les applications logicielles requises. La formation est en libre-service et gratuite. Un guide de d\u00e9marrage rapide est inclus avec chaque unit\u00e9, d\u00e9crivant la proc\u00e9dure.  <\/p>\n<p>*Pour la programmation du niveau de transport ELT , veuillez vous r\u00e9f\u00e9rer au PN 8700 ELT TPS.<\/p>\n","protected":false},"excerpt":{"rendered":"<p>L&#8217; ARTEX TPS 8715 permet la v\u00e9rification, le test et la programmation de la gamme d&#8217;ELT ARTEX General Aviation.<\/p>\n<p> <span style=\"color: #ff0000;\"><strong>REMARQUE&nbsp;: ce produit a \u00e9t\u00e9 abandonn\u00e9 et a \u00e9t\u00e9 remplac\u00e9 par le <a href=\"https:\/\/www.acrartex.com\/products\/fpt\/\">programmateur ARTEX s\u00e9rie FPT 8800<\/a> .<\/strong><\/span><\/p>\n","protected":false},"featured_media":158861,"template":"","meta":{"_acf_changed":false,"om_disable_all_campaigns":false},"product_brand":[],"product_cat":[5628,5959],"product_tag":[14380,11075,11067,5633,11061,11069,11055,11058,11062,11063,11060,10816,14376,11065],"class_list":{"0":"post-158855","1":"product","2":"type-product","3":"status-publish","4":"has-post-thumbnail","6":"product_cat-aviation-fr","7":"product_cat-aviation-generale","8":"product_tag-8715-fr","9":"product_tag-aviation-generale","10":"product_tag-decodage","11":"product_tag-elt-fr","12":"product_tag-essai","13":"product_tag-georgie","14":"product_tag-programmation","15":"product_tag-programmation-elt","16":"product_tag-programmeur-fr","17":"product_tag-programmeur-elt","18":"product_tag-test-fr","19":"product_tag-tps-fr","20":"product_tag-tps-8715-fr","21":"product_tag-verification-fr","22":"pa_product-heritage","24":"first","25":"instock","26":"taxable","27":"shipping-taxable","28":"product-type-simple"},"acf":[],"_links":{"self":[{"href":"https:\/\/www.acrartex.com\/fr\/wp-json\/wp\/v2\/product\/158855","targetHints":{"allow":["GET"]}}],"collection":[{"href":"https:\/\/www.acrartex.com\/fr\/wp-json\/wp\/v2\/product"}],"about":[{"href":"https:\/\/www.acrartex.com\/fr\/wp-json\/wp\/v2\/types\/product"}],"wp:featuredmedia":[{"embeddable":true,"href":"https:\/\/www.acrartex.com\/fr\/wp-json\/wp\/v2\/media\/158861"}],"wp:attachment":[{"href":"https:\/\/www.acrartex.com\/fr\/wp-json\/wp\/v2\/media?parent=158855"}],"wp:term":[{"taxonomy":"product_brand","embeddable":true,"href":"https:\/\/www.acrartex.com\/fr\/wp-json\/wp\/v2\/product_brand?post=158855"},{"taxonomy":"product_cat","embeddable":true,"href":"https:\/\/www.acrartex.com\/fr\/wp-json\/wp\/v2\/product_cat?post=158855"},{"taxonomy":"product_tag","embeddable":true,"href":"https:\/\/www.acrartex.com\/fr\/wp-json\/wp\/v2\/product_tag?post=158855"}],"curies":[{"name":"wp","href":"https:\/\/api.w.org\/{rel}","templated":true}]}}