{"id":158805,"date":"2021-03-16T08:19:07","date_gmt":"2021-03-16T13:19:07","guid":{"rendered":"https:\/\/www.acrartex.com\/products\/antenne-lame-110-340\/"},"modified":"2021-03-16T08:19:07","modified_gmt":"2021-03-16T13:19:07","slug":"antenne-lame-110-340","status":"publish","type":"product","link":"https:\/\/www.acrartex.com\/fr\/products\/antenne-lame-110-340\/","title":{"rendered":"Antenne lame 110-340"},"content":{"rendered":"<p>L&#8217;antenne haut d\u00e9bit Tri-Band Blade b\u00e9n\u00e9ficie de notre technologie Tri-Band innovante, int\u00e9grant les fr\u00e9quences 121,5, 243 et 406 MHz dans un bo\u00eetier compact. L&#8217;antenne 110-340 est dot\u00e9e d&#8217;un connecteur unique pour les installations n\u00e9cessitant cette configuration. <\/p>\n<p>Deux mod\u00e8les disponibles :<\/p>\n<ul>\n<li>110-340<\/li>\n<li>110-340-01 (bordure de protection)<\/li>\n<\/ul>\n","protected":false},"excerpt":{"rendered":"<p>Tri-bande, 121,5, 243 et 406 MHz<\/p>\n","protected":false},"featured_media":158842,"template":"","meta":{"_acf_changed":false,"om_disable_all_campaigns":false},"product_brand":[],"product_cat":[5628,8483,5961],"product_tag":[14322,10381,10162,10372,10164,10160,10177,10156,10158,14314,14330,14347,14339,14356],"class_list":{"0":"post-158805","1":"product","2":"type-product","3":"status-publish","4":"has-post-thumbnail","6":"product_cat-aviation-fr","7":"product_cat-avions-commerciaux","8":"product_cat-jet-daffaires","9":"product_tag-110-340-fr","10":"product_tag-406-lame-dantenne","11":"product_tag-antenne-121-243","12":"product_tag-antenne-121-406","13":"product_tag-antenne-406","14":"product_tag-antenne-bifrequence","15":"product_tag-antenne-lame-elt-fr","16":"product_tag-antenne-tri-bande","17":"product_tag-antenne-tri-bande-fr","18":"product_tag-numero-de-piece-110-340","19":"product_tag-pn-110-340-fr","20":"product_tag-pn110-340-fr","21":"product_tag-ref-110-340","22":"product_tag-ref-110-340-fr","23":"pa_aircraft-speed-200-350-noeuds","24":"pa_aircraft-speed-350-noeuds","25":"pa_aircraft-type-avion-de-ligne","26":"pa_aircraft-type-avions-de-ligne","27":"pa_aircraft-type-gros-jets","28":"pa_aircraft-type-jets-de-taille-moyenne","29":"pa_aircraft-type-jets-legers","30":"pa_aircraft-type-multimoteur","31":"pa_product-accessoires-de-securite","32":"pa_product-solutions-elt","34":"first","35":"instock","36":"taxable","37":"shipping-taxable","38":"product-type-simple"},"acf":[],"_links":{"self":[{"href":"https:\/\/www.acrartex.com\/fr\/wp-json\/wp\/v2\/product\/158805","targetHints":{"allow":["GET"]}}],"collection":[{"href":"https:\/\/www.acrartex.com\/fr\/wp-json\/wp\/v2\/product"}],"about":[{"href":"https:\/\/www.acrartex.com\/fr\/wp-json\/wp\/v2\/types\/product"}],"wp:featuredmedia":[{"embeddable":true,"href":"https:\/\/www.acrartex.com\/fr\/wp-json\/wp\/v2\/media\/158842"}],"wp:attachment":[{"href":"https:\/\/www.acrartex.com\/fr\/wp-json\/wp\/v2\/media?parent=158805"}],"wp:term":[{"taxonomy":"product_brand","embeddable":true,"href":"https:\/\/www.acrartex.com\/fr\/wp-json\/wp\/v2\/product_brand?post=158805"},{"taxonomy":"product_cat","embeddable":true,"href":"https:\/\/www.acrartex.com\/fr\/wp-json\/wp\/v2\/product_cat?post=158805"},{"taxonomy":"product_tag","embeddable":true,"href":"https:\/\/www.acrartex.com\/fr\/wp-json\/wp\/v2\/product_tag?post=158805"}],"curies":[{"name":"wp","href":"https:\/\/api.w.org\/{rel}","templated":true}]}}