{"id":158794,"date":"2021-03-16T08:18:12","date_gmt":"2021-03-16T13:18:12","guid":{"rendered":"https:\/\/www.acrartex.com\/products\/pa-programme-pour-c406-n\/"},"modified":"2021-03-16T08:18:12","modified_gmt":"2021-03-16T13:18:12","slug":"pa-programme-pour-c406-n","status":"publish","type":"product","link":"https:\/\/www.acrartex.com\/fr\/products\/pa-programme-pour-c406-n\/","title":{"rendered":"PA programm\u00e9 pour C406-N"},"content":{"rendered":"","protected":false},"excerpt":{"rendered":"<p>L&#8217;adaptateur de programmation Artex (PA) est un accessoire en option pour la s\u00e9rie d&#8217;ELT C406-N et reprogrammera automatiquement un ELT C406-N, \u00e9crasant les donn\u00e9es pr\u00e9c\u00e9demment stock\u00e9es pour une maintenance efficace de la flotte.<\/p>\n<p>&nbsp;<\/p>\n","protected":false},"featured_media":158853,"template":"","meta":{"_acf_changed":false,"om_disable_all_campaigns":false},"product_brand":[],"product_cat":[5628,2922],"product_tag":[14337,14313,14306,14320,14328,14354,14361,14368,14345],"class_list":{"0":"post-158794","1":"product","2":"type-product","3":"status-publish","4":"has-post-thumbnail","6":"product_cat-aviation-fr","7":"product_cat-non-categorise","8":"product_tag-accessoire-elt-en-option","9":"product_tag-adaptateur","10":"product_tag-adaptateur-de-programmation","11":"product_tag-adaptateur-de-programmation-artex","12":"product_tag-adaptateur-de-programmation-artex-pa","13":"product_tag-ecraser-les-donnees-precedemment-stockees","14":"product_tag-entretien-efficace-de-la-flotte","15":"product_tag-numero-de-piece-453-5078","16":"product_tag-reprogrammer-automatiquement-l-elt-c406-n","18":"first","19":"instock","20":"taxable","21":"shipping-taxable","22":"product-type-simple"},"acf":[],"_links":{"self":[{"href":"https:\/\/www.acrartex.com\/fr\/wp-json\/wp\/v2\/product\/158794","targetHints":{"allow":["GET"]}}],"collection":[{"href":"https:\/\/www.acrartex.com\/fr\/wp-json\/wp\/v2\/product"}],"about":[{"href":"https:\/\/www.acrartex.com\/fr\/wp-json\/wp\/v2\/types\/product"}],"wp:featuredmedia":[{"embeddable":true,"href":"https:\/\/www.acrartex.com\/fr\/wp-json\/wp\/v2\/media\/158853"}],"wp:attachment":[{"href":"https:\/\/www.acrartex.com\/fr\/wp-json\/wp\/v2\/media?parent=158794"}],"wp:term":[{"taxonomy":"product_brand","embeddable":true,"href":"https:\/\/www.acrartex.com\/fr\/wp-json\/wp\/v2\/product_brand?post=158794"},{"taxonomy":"product_cat","embeddable":true,"href":"https:\/\/www.acrartex.com\/fr\/wp-json\/wp\/v2\/product_cat?post=158794"},{"taxonomy":"product_tag","embeddable":true,"href":"https:\/\/www.acrartex.com\/fr\/wp-json\/wp\/v2\/product_tag?post=158794"}],"curies":[{"name":"wp","href":"https:\/\/api.w.org\/{rel}","templated":true}]}}