{"id":158712,"date":"2021-03-16T08:21:05","date_gmt":"2021-03-16T13:21:05","guid":{"rendered":"https:\/\/www.acrartex.com\/products\/aislink-mob\/"},"modified":"2026-05-05T08:01:10","modified_gmt":"2026-05-05T13:01:10","slug":"aislink-mob","status":"publish","type":"product","link":"https:\/\/www.acrartex.com\/fr\/products\/aislink-mob\/","title":{"rendered":"AISLink MOB"},"content":{"rendered":"<p>La balise de localisation AIS personnelle AISLink MOB ( MOB s&#8217;active automatiquement d\u00e8s le gonflage du gilet de sauvetage et envoie une alerte initiale dans les 15 secondes \u00e0 tous les r\u00e9cepteurs et traceurs AIS \u00e0 proximit\u00e9. Les messages de positionnement et d&#8217;urgence MOB sont transmis pour alerter les navires jusqu&#8217;\u00e0 5 milles de votre situation d&#8217;urgence. <\/p>\n<p>M\u00eame par mer calme, il est alarmant de constater \u00e0 quelle vitesse on peut perdre la vue d&#8217;un homme \u00e0 la mer. Le GPS int\u00e9gr\u00e9 de l&#8217;AISLink MOB localise rapidement une position pr\u00e9cise et la transmet, dans le cadre du message d&#8217;alerte AIS , \u00e0 tous les navires locaux \u00e9quip\u00e9s AIS AIS . L&#8217;AISLink MOB peut \u00e9galement alerter votre \u00e9quipage de l&#8217;urgence en activant l&#8217;alarme ASN sur la VHF de votre navire. Tous les r\u00e9cepteurs et traceurs AIS dans un rayon de 5 miles (selon les conditions) sont alert\u00e9s, et un flash int\u00e9gr\u00e9 haute intensit\u00e9 permet un positionnement pr\u00e9cis, m\u00eame par faible luminosit\u00e9. Les puissantes batteries lithium m\u00e9tal offrent plus de 24 heures d&#8217;autonomie, et le bo\u00eetier r\u00e9sistant aux chocs peut r\u00e9sister \u00e0 une chute de 20 m dans l&#8217;eau.    <\/p>\n<p>&nbsp;<\/p>\n<h2><strong>Compatibilit\u00e9:  <\/strong><\/h2>\n<p>Notez que la plupart des traceurs AIS et des appareils VHF ASN modernes sont conformes aux normes de r\u00e9ception des transmissions MOB . Il est toutefois recommand\u00e9 de v\u00e9rifier la compatibilit\u00e9 aupr\u00e8s du fabricant de votre \u00e9quipement. La fonctionnalit\u00e9 ASN peut varier, voire \u00eatre d\u00e9sactiv\u00e9e, selon la r\u00e9glementation de chaque pays.  <\/p>\n<p>&nbsp;<\/p>\n<h2><strong>Caract\u00e9ristiques et avantages :<\/strong><\/h2>\n<ul>\n<li>Double alerte via AIS et localisateur personnel DSC<\/li>\n<li>GPS embarqu\u00e9 pour une pr\u00e9cision de localisation exceptionnelle<\/li>\n<li>Int\u00e9gration simple du gilet de sauvetage<\/li>\n<li>Activation manuelle ou automatique<\/li>\n<li>Alerte les navires \u00e9quip\u00e9s AIS jusqu&#8217;\u00e0 5 miles (4,3 NM) de distance<\/li>\n<li>Plus de 24 heures d&#8217;autonomie et 7 ans d&#8217;autonomie de la batterie<\/li>\n<li>Lumi\u00e8re stroboscopique LED ultra-lumineuse<\/li>\n<li>Robuste et \u00e9tanche jusqu&#8217;\u00e0 10 m\u00e8tres<\/li>\n<\/ul>\n","protected":false},"excerpt":{"rendered":"<p>Les situations d&#8217;homme \u00e0 la mer peuvent \u00eatre un peu moins effrayantes gr\u00e2ce \u00e0 la balise d&#8217;homme \u00e0 la mer ( MOB ) du Automatic Identification System ( AIS ). AISLink int\u00e8gre l&#8217;appel s\u00e9lectif num\u00e9rique (ASN) et la technologie GPS , ce qui vous permet d&#8217;appeler rapidement de l&#8217;aide en cas de besoin. Contrairement \u00e0 une <a href=\"https:\/\/www.acrartex.com\/fr\/products\/personal-locator-beacon-resqlink-400\/\">balise de localisation personnelle<\/a> , qui envoie des signaux aux satellites de recherche et de sauvetage en orbite, AISLink envoie un message d&#8217;alerte en quelques secondes \u00e0 tous les navires locaux \u00e9quip\u00e9s d&#8217;un r\u00e9cepteur AIS et\/ou d&#8217;un traceur compatible AIS . De plus, l&#8217;alarme ASN de la radio VHF de votre navire peut \u00e9galement \u00eatre d\u00e9clench\u00e9e pour alerter les premiers intervenants de la situation.   <\/p>\n<p>Assurez-vous de consulter r\u00e9guli\u00e8rement notre onglet de t\u00e9l\u00e9chargement pour les mises \u00e0 jour des produits, y compris les approbations et les modifications manuelles.<\/p>\n<p><a href=\"https:\/\/www.acrartex.com\/fr\/programmation-mob-aislink\/\">Configurer AISLink MOB<\/a><\/p>\n<p>&nbsp;<\/p>\n<p>&nbsp;<\/p>\n","protected":false},"featured_media":158762,"template":"","meta":{"_acf_changed":false,"om_disable_all_campaigns":false},"product_brand":[],"product_cat":[5721],"product_tag":[14275,9558,14266,9556,11297,14258,11655,5797,11306,11677,14291,14285,11291,12577,9650,11776],"class_list":{"0":"post-158712","1":"product","2":"type-product","3":"status-publish","4":"has-post-thumbnail","6":"product_cat-marin-fr","7":"product_tag-2886-fr","8":"product_tag-ais-fr","9":"product_tag-ais-mob-fr","10":"product_tag-aislink-fr","11":"product_tag-aislink-mob-fr","12":"product_tag-appel-selectif-numerique","13":"product_tag-dsc-fr","14":"product_tag-gps-fr","15":"product_tag-homme-a-la-mer","16":"product_tag-homme-a-la-mer-fr","17":"product_tag-localisateur-personnel-ais","18":"product_tag-localisateur-personnel-dsc","19":"product_tag-mob-fr","20":"product_tag-radio-marine","21":"product_tag-radio-marine-vhf","22":"product_tag-trafic-maritime","23":"pa_boat-size-21-40-fr","24":"pa_boat-size-40-80-fr","25":"pa_boat-size-80-fr","26":"pa_boat-type-bateau-a-moteur","27":"pa_boat-type-cargo","28":"pa_boat-type-location-de-yacht","29":"pa_boat-type-peche-commerciale","30":"pa_boat-type-remorqueur","31":"pa_boat-type-sportcraft-fr","32":"pa_boat-type-voilier","33":"pa_boat-type-yacht-fr","34":"pa_product-heritage","36":"first","37":"instock","38":"taxable","39":"shipping-taxable","40":"product-type-simple"},"acf":[],"_links":{"self":[{"href":"https:\/\/www.acrartex.com\/fr\/wp-json\/wp\/v2\/product\/158712","targetHints":{"allow":["GET"]}}],"collection":[{"href":"https:\/\/www.acrartex.com\/fr\/wp-json\/wp\/v2\/product"}],"about":[{"href":"https:\/\/www.acrartex.com\/fr\/wp-json\/wp\/v2\/types\/product"}],"wp:featuredmedia":[{"embeddable":true,"href":"https:\/\/www.acrartex.com\/fr\/wp-json\/wp\/v2\/media\/158762"}],"wp:attachment":[{"href":"https:\/\/www.acrartex.com\/fr\/wp-json\/wp\/v2\/media?parent=158712"}],"wp:term":[{"taxonomy":"product_brand","embeddable":true,"href":"https:\/\/www.acrartex.com\/fr\/wp-json\/wp\/v2\/product_brand?post=158712"},{"taxonomy":"product_cat","embeddable":true,"href":"https:\/\/www.acrartex.com\/fr\/wp-json\/wp\/v2\/product_cat?post=158712"},{"taxonomy":"product_tag","embeddable":true,"href":"https:\/\/www.acrartex.com\/fr\/wp-json\/wp\/v2\/product_tag?post=158712"}],"curies":[{"name":"wp","href":"https:\/\/api.w.org\/{rel}","templated":true}]}}