{"id":158585,"date":"2021-03-16T08:20:16","date_gmt":"2021-03-16T13:20:16","guid":{"rendered":"https:\/\/www.acrartex.com\/products\/pathfinder-pro-sart\/"},"modified":"2026-01-07T14:11:06","modified_gmt":"2026-01-07T19:11:06","slug":"pathfinder-pro-sart","status":"publish","type":"product","link":"https:\/\/www.acrartex.com\/fr\/products\/pathfinder-pro-sart\/","title":{"rendered":"Pathfinder \u2122 PRO SART"},"content":{"rendered":"<p>Le Pathfinder Pro est un transpondeur de recherche et sauvetage (SART) enti\u00e8rement homologu\u00e9, conforme \u00e0 la r\u00e9glementation SOLAS de l&#8217;OMI. Interrog\u00e9 par le radar, le Pathfinder Pro renvoie 12 signaux lumineux intenses sur l&#8217;\u00e9cran radar du navire, am\u00e9liorant consid\u00e9rablement les op\u00e9rations de recherche et de sauvetage. Sa batterie au lithium de qualit\u00e9 sup\u00e9rieure offre plus de 96 heures d&#8217;autonomie en veille (en attente d&#8217;interrogation radar) et 12 heures d&#8217;autonomie active (en mode veille).  <\/p>\n<p>Le Pathfinder Pro est \u00e9quip\u00e9 d&#8217;un support mural \u00e9l\u00e9gant permettant de maintenir ce SART compact \u00e0 l&#8217;\u00e9cart, tout en restant facilement accessible en cas d&#8217;urgence. La perche t\u00e9lescopique optionnelle se fixe facilement au bas du SART et offre une hauteur et une visibilit\u00e9 maximales depuis une embarcation de sauvetage. Le SART peut \u00e9galement \u00eatre suspendu \u00e0 l&#8217;int\u00e9rieur de l&#8217;embarcation pour une utilisation mains libres.  <\/p>\n<p>Un transpondeur de recherche et de sauvetage (SART) est obligatoire pour tous les navires commerciaux qui doivent se conformer au SMDSM et pour tout navire transportant plus d&#8217;un radeau de sauvetage.<\/p>\n<p>&nbsp;<\/p>\n<p><strong><em>Exigences en mati\u00e8re de transport<\/em><\/strong><\/p>\n<ul>\n<li>Tout navire SOLAS de l&#8217;OMI effectuant des voyages internationaux est tenu de transporter un SART<\/li>\n<li>Les navires de 300 \u00e0 500 tonneaux de jauge brute (GRT) doivent transporter au moins 1 SART<\/li>\n<li>Les navires de plus de 500 tonneaux de jauge brute (GRT) doivent transporter au moins 2 SART<\/li>\n<li>1 SART pour quatre radeaux de sauvetage sur les navires rouliers \u00e0 passagers<\/li>\n<\/ul>\n<p><strong><em>Caract\u00e9ristiques<\/em><\/strong><\/p>\n<ul>\n<li>Am\u00e9liore les retours radar avec 12 blips intenses, le premier blip repr\u00e9sentant l&#8217;emplacement du SART<\/li>\n<li>L&#8217;unit\u00e9 transmet via la bande radar marine 9,2-9,5 GHz lorsqu&#8217;elle est interrog\u00e9e par le radar<\/li>\n<li>Support de montage de navire et poteau pliable<\/li>\n<li>Unit\u00e9 compacte de 8,94 x 2,56 pouces (227 mm x 65 mm) se range facilement dans un radeau de sauvetage<\/li>\n<li>\u00c9tanche jusqu&#8217;\u00e0 10 m\u00e8tres (33 pieds)<\/li>\n<li>La batterie au lithium non dangereuse (dur\u00e9e de vie de remplacement de 5 ans) fonctionne pendant plus de 96 heures en mode veille, plus 12 heures de fonctionnement suppl\u00e9mentaires<\/li>\n<li>Certifications mondiales ; conforme aux normes IMO, MED, FCC et IEC<\/li>\n<li>Dur\u00e9e de vie op\u00e9rationnelle \u2013 96 heures en mode veille ; plus de 12 heures en mode op\u00e9rationnel<\/li>\n<li>Application : exigence obligatoire pour tous les navires r\u00e9gis par le SMDSM ; tout yacht ou navire transportant plus d&#8217;un radeau de sauvetage pour accueillir l&#8217;\u00e9quipage et les passagers<\/li>\n<\/ul>\n","protected":false},"excerpt":{"rendered":"<p>Restez en s\u00e9curit\u00e9 en mer gr\u00e2ce au transpondeur de recherche et sauvetage Pathfinder \u2122 PRO (SART). Conforme \u00e0 la r\u00e9glementation SOLAS de l&#8217;OMI, ce SART est dot\u00e9 d&#8217;une batterie au lithium de qualit\u00e9 sup\u00e9rieure offrant plus de 96 heures d&#8217;autonomie en veille et 12 heures en mode actif. Compact, le Pathfinder PRO est \u00e9quip\u00e9 d&#8217;un support mural \u00e9l\u00e9gant qui le maintient \u00e0 l&#8217;\u00e9cart, tout en restant facilement accessible en cas d&#8217;urgence. Un SART est obligatoire pour tous les navires commerciaux soumis au SMDSM et pour tout navire transportant plus d&#8217;un radeau de sauvetage.   <\/p>\n<p>&nbsp;<\/p>\n<p><a href=\"https:\/\/www.dropbox.com\/s\/fk04stqsp2hgk5f\/Prop%2065%20-%20DEHP.pdf?dl=0\">AVERTISSEMENT : PROPOSITION 65<\/a><\/p>\n<p>&nbsp;<\/p>\n","protected":false},"featured_media":158614,"template":"","meta":{"_acf_changed":false,"om_disable_all_campaigns":false},"product_brand":[],"product_cat":[5950,5721,5948],"product_tag":[13235,13276,14223,13231,13244,13273,13259,13247,13252,13268,13250,14215,13223,13240,13272,13256,13265,13262,13227,13249,13270],"class_list":{"0":"post-158585","1":"product","2":"type-product","3":"status-publish","4":"has-post-thumbnail","6":"product_cat-commercial-fr","7":"product_cat-marin-fr","8":"product_cat-offshore-fr","9":"product_tag-acr-sart-fr","10":"product_tag-approbations-de-depart","11":"product_tag-balise-de-detresse-epirb","12":"product_tag-batterie-sart","13":"product_tag-debut-de-lautomne","14":"product_tag-exigences-de-depart","15":"product_tag-gmdss-sart-fr","16":"product_tag-jotron-sart-fr","17":"product_tag-jotron-tron-sart-fr","18":"product_tag-marin-sart","19":"product_tag-mcmurdo-sart-fr","20":"product_tag-meilleur-sart","21":"product_tag-sart-fr","22":"product_tag-sart-fiv","23":"product_tag-sart-gmdss-fr","24":"product_tag-test-sart-fr","25":"product_tag-tester-sart-fr","26":"product_tag-testeur-sart","27":"product_tag-transpondeur-sart","28":"product_tag-tron-sart-fr","29":"product_tag-tron-sart-20-fr","30":"pa_boat-size-80-fr","31":"pa_boat-type-cargo","32":"pa_boat-type-location-de-yacht","33":"pa_boat-type-peche-commerciale","34":"pa_boat-type-voilier","35":"pa_boat-type-yacht-fr","36":"pa_product-accessoires-de-securite","37":"pa_product-produits-de-signalisation","38":"pa_product-rescue-beacons-vhf-sart-fr","40":"first","41":"instock","42":"taxable","43":"shipping-taxable","44":"purchasable","45":"product-type-simple"},"acf":[],"_links":{"self":[{"href":"https:\/\/www.acrartex.com\/fr\/wp-json\/wp\/v2\/product\/158585","targetHints":{"allow":["GET"]}}],"collection":[{"href":"https:\/\/www.acrartex.com\/fr\/wp-json\/wp\/v2\/product"}],"about":[{"href":"https:\/\/www.acrartex.com\/fr\/wp-json\/wp\/v2\/types\/product"}],"wp:featuredmedia":[{"embeddable":true,"href":"https:\/\/www.acrartex.com\/fr\/wp-json\/wp\/v2\/media\/158614"}],"wp:attachment":[{"href":"https:\/\/www.acrartex.com\/fr\/wp-json\/wp\/v2\/media?parent=158585"}],"wp:term":[{"taxonomy":"product_brand","embeddable":true,"href":"https:\/\/www.acrartex.com\/fr\/wp-json\/wp\/v2\/product_brand?post=158585"},{"taxonomy":"product_cat","embeddable":true,"href":"https:\/\/www.acrartex.com\/fr\/wp-json\/wp\/v2\/product_cat?post=158585"},{"taxonomy":"product_tag","embeddable":true,"href":"https:\/\/www.acrartex.com\/fr\/wp-json\/wp\/v2\/product_tag?post=158585"}],"curies":[{"name":"wp","href":"https:\/\/api.w.org\/{rel}","templated":true}]}}