{"id":158304,"date":"2021-03-16T08:25:51","date_gmt":"2021-03-16T13:25:51","guid":{"rendered":"https:\/\/www.acrartex.com\/products\/feu-de-balisage-de-bouee-de-sauvetage-sm-3-solas\/"},"modified":"2026-03-06T10:52:28","modified_gmt":"2026-03-06T15:52:28","slug":"feu-de-balisage-de-bouee-de-sauvetage-sm-3-solas","status":"publish","type":"product","link":"https:\/\/www.acrartex.com\/fr\/products\/feu-de-balisage-de-bouee-de-sauvetage-sm-3-solas\/","title":{"rendered":"Feu de balisage de bou\u00e9e de sauvetage SM-3 SOLAS"},"content":{"rendered":"<p style=\"margin: 0in 0in 0.0001pt;\"><span style=\"font-size: 10pt;\"><span style=\"font-size: 11.0pt;\">Le feu de bou\u00e9e de sauvetage SM-3 SOLAS, d&#8217;une intensit\u00e9 lumineuse minimale de 3 candelas pendant toute sa dur\u00e9e de vie, est un stroboscope LED haute intensit\u00e9 qui signale la pr\u00e9sence d&#8217;un \u00e9quipage \u00e0 la mer \u00e0 chaque \u00e9clat. Il se redresse automatiquement et s&#8217;active d\u00e8s la sortie de l&#8217;eau, garantissant ainsi une activation sans probl\u00e8me pour un membre d&#8217;\u00e9quipage en d\u00e9tresse. Le SM-3 fonctionne avec deux piles AA au lithium, rempla\u00e7ables par l&#8217;utilisateur, ce qui lui conf\u00e8re une dur\u00e9e de vie potentiellement sup\u00e9rieure \u00e0 celle des nombreux feux de bou\u00e9e de sauvetage jetables du march\u00e9.  <\/span><\/span><\/p>\n<p>&nbsp;<\/p>\n<p style=\"margin: 0in 0in 0.0001pt;\"><span style=\"font-size: 10pt;\"><span style=\"font-size: 11.0pt;\">Le support de montage fourni maintient le SM-3 en toute s\u00e9curit\u00e9 dans les conditions les plus difficiles, tout en restant facilement accessible en cas d&#8217;urgence. De plus, bien que le SM-3 et son support soient nettement plus petits que leurs homologues SM-2, le support SM-3 conserve le m\u00eame sch\u00e9ma de per\u00e7age que le SM-2, ce qui facilite son installation ult\u00e9rieure sans plaque d&#8217;adaptation suppl\u00e9mentaire. <\/span><\/span><\/p>\n<p style=\"margin: 0in 0in 0.0001pt;\"><span style=\"font-size: 10pt;\"><span style=\"font-size: 11.0pt;\">Le SM-3 est homologu\u00e9 USCG\/MED\/SOLAS pour une utilisation dans le monde entier. Ce feu de balisage \u00e0 LED robuste constitue donc une excellente solution pour les navires soumis aux exigences USCG et SOLAS en mati\u00e8re de feux auto-allumants pour bou\u00e9es de sauvetage. Conform\u00e9ment \u00e0 ces exigences, au moins la moiti\u00e9 des bou\u00e9es de sauvetage \u00e0 bord des navires \u00e0 passagers et de charge doivent \u00eatre \u00e9quip\u00e9es d&#8217;un feu auto-allumant.  Les exigences minimales en mati\u00e8re d&#8217;\u00e9quipement sont bas\u00e9es sur la longueur du navire et peuvent aller d&#8217;un minimum de quatre \u00e0 un minimum de quinze bou\u00e9es de sauvetage avec feux auto-allumants par navire.  <\/span><\/span><\/p>\n<p>&nbsp;<\/p>\n<p style=\"margin: 0in 0in 0.0001pt;\"><span style=\"font-size: 10pt;\"><span style=\"font-size: 11.0pt;\">Sa conception robuste offre une plus grande flexibilit\u00e9 d&#8217;utilisation. Alors que l&#8217;homologation SOLAS ne requiert qu&#8217;un test de chute de 30 m\u00e8tres, le SM-3 a \u00e9t\u00e9 test\u00e9 jusqu&#8217;\u00e0 76 m\u00e8tres. Cela fait du SM-3 une option polyvalente, utilisable sur diverses plateformes ou navires de diff\u00e9rentes tailles.  <\/span><\/span><\/p>\n<p style=\"margin: 0in 0in 0.0001pt;\"><span style=\"font-size: 10pt;\"><span style=\"font-size: 11.0pt;\">Gr\u00e2ce \u00e0 sa source d&#8217;alimentation par batterie au lithium AA facilement rempla\u00e7able, le SM-3 offrira des ann\u00e9es de service et sera pr\u00eat lorsque vous en aurez besoin.<\/span><\/span><\/p>\n<p>&nbsp;<\/p>\n<p><iframe loading=\"lazy\" title=\"The New ACR SM-3 Buoy Marker Light is USCG, MED, SOLAS Approved\" width=\"500\" height=\"281\" src=\"https:\/\/www.youtube.com\/embed\/hHbvfrkWlic?feature=oembed\" frameborder=\"0\" allow=\"accelerometer; autoplay; clipboard-write; encrypted-media; gyroscope; picture-in-picture; web-share\" referrerpolicy=\"strict-origin-when-cross-origin\" allowfullscreen><\/iframe><\/p>\n<h2 style=\"margin: 0in 0in 0.0001pt;\"><span style=\"font-size: 10pt;\"><b><span style=\"font-size: 12.0pt;\">Caract\u00e9ristiques et avantages :<\/span><\/b><\/span><\/h2>\n<ul>\n<li style=\"margin-right: 13.5pt; margin: 0in 0in 0.0001pt;\"><span style=\"font-size: 10pt;\"><span style=\"background: white;\"><span style=\"color: black;\"><span style=\"font-size: 11.0pt;\">Approuv\u00e9 SOLAS \/ MED  <\/span><\/span><\/span><\/span><\/li>\n<li style=\"margin-right: 13.5pt; margin: 0in 0in 0.0001pt;\"><span style=\"font-size: 10pt;\"><span style=\"background: white;\"><span style=\"color: black;\"><span style=\"font-size: 11.0pt;\">Lumi\u00e8re vive dans toutes les directions (visibilit\u00e9 \u00e0 360\u00b0)<\/span><\/span><\/span><\/span><\/li>\n<li style=\"margin-right: 13.5pt; margin: 0in 0in 0.0001pt;\"><span style=\"font-size: 10pt;\"><span style=\"background: white;\"><span style=\"font-size: 11.0pt;\"><span style=\"color: black;\">Bo\u00eetier en polycarbonate r\u00e9sistant aux UV<\/span><\/span><\/span><\/span><\/li>\n<li style=\"margin-right: 13.5pt; margin: 0in 0in 0.0001pt;\"><span style=\"font-size: 10pt;\"><span style=\"background: white;\"><span style=\"color: black;\"><span style=\"font-size: 11.0pt;\">L\u00e9ger et compact<\/span><\/span><\/span><\/span><\/li>\n<li style=\"margin-right: 13.5pt; margin: 0in 0in 0.0001pt;\"><span style=\"font-size: 10pt;\"><span style=\"background: white;\"><span style=\"color: black;\"><span style=\"font-size: 11.0pt;\">Installation facile du support<\/span><\/span><\/span><\/span><\/li>\n<li style=\"margin-right: 13.5pt; margin: 0in 0in 0.0001pt;\"><span style=\"font-size: 10pt;\"><span style=\"background: white;\"><span style=\"color: black;\"><span style=\"font-size: 11.0pt;\">Le support est inclus et conserve le m\u00eame mod\u00e8le de trous que le SM-2 pour une mise \u00e0 niveau facile<\/span><\/span><\/span><\/span><\/li>\n<li style=\"margin-right: 13.5pt; margin: 0in 0in 0.0001pt;\"><span style=\"font-size: 10pt;\"><span style=\"background: white;\"><span style=\"color: black;\"><span style=\"font-size: 11.0pt;\">Se redresse automatiquement et s&#8217;active lorsqu&#8217;il est dans l&#8217;eau<\/span><\/span><\/span><\/span><\/li>\n<li style=\"margin-right: 13.5pt; margin: 0in 0in 0.0001pt;\"><span style=\"font-size: 10pt;\"><span style=\"background: white;\"><span style=\"color: black;\"><span style=\"font-size: 11.0pt;\">Stroboscope LED haute intensit\u00e9<\/span><\/span><\/span><\/span><\/li>\n<li style=\"margin-right: 13.5pt; margin: 0in 0in 0.0001pt;\"><span style=\"font-size: 10pt;\"><span style=\"background: white;\"><span style=\"color: black;\"><span style=\"font-size: 11.0pt;\">Flotte \u00e0 la verticale dans toutes les conditions<\/span><\/span><\/span><\/span><\/li>\n<li style=\"margin-right: 13.5pt; margin: 0in 0in 0.0001pt;\"><span style=\"font-size: 10pt;\"><span style=\"background: white;\"><span style=\"color: black;\"><span style=\"font-size: 11.0pt;\">Dur\u00e9e de vie minimale de 40 heures en fonctionnement continu \u00e0  <\/span><span style=\"font-size: 11.0pt;\"><span style=\"background: white;\">30 <sup>o<\/sup> C (86 <sup>o<\/sup> F) ou plus de 24 heures \u00e0 -1 <sup>o<\/sup> C (30 <sup>o<\/sup> F)<\/span><\/span><\/span><\/span><\/span><\/li>\n<li style=\"margin-right: 13.5pt; margin: 0in 0in 0.0001pt;\"><span style=\"font-size: 11.0pt;\"><span style=\"color: black;\">Piles au lithium AA Energizer L91 rempla\u00e7ables par l&#8217;utilisateur (non incluses)<\/span><\/span><\/li>\n<\/ul>\n","protected":false},"excerpt":{"rendered":"<p><span style=\"font-size: 11.0pt;\"><span style=\"background: white;\"><span style=\"color: black;\">Le feu de balisage pour bou\u00e9e de sauvetage SM-3, homologu\u00e9 SOLAS, est un feu stroboscopique \u00e0 LED haute intensit\u00e9 offrant une visibilit\u00e9 \u00e0 360\u00b0 sur environ 3 km. Compact et robuste, ce feu de balisage facilite les op\u00e9rations de sauvetage en s&#8217;activant automatiquement et en \u00e9mettant un signal stroboscopique d\u00e8s la sortie de l&#8217;eau. Il fonctionne pendant plus de 40 heures \u00e0 30 <sup>\u00b0<\/sup> C (86 <sup>\u00b0<\/sup> F) ou plus de 24 heures \u00e0 -1 <sup>\u00b0<\/sup> C (30 <sup>\u00b0<\/sup> F). Id\u00e9al pour la marine commerciale, la marine p\u00e9troli\u00e8re, les bateaux de croisi\u00e8re et toute autre application n\u00e9cessitant un feu de balisage d&#8217;\u00e9quipage \u00e0 la mer (COB) fiable, le SM-3 flotte verticalement en toutes conditions, garantissant ainsi une luminosit\u00e9 continue en cas de besoin.  <\/span><\/span><\/span><\/p>\n<p><a href=\"https:\/\/www.dropbox.com\/s\/0ezw0kexbm120vv\/Prop%2065%20-%20Lead%20and%20Lead%20Compounds.pdf?dl=0\">AVERTISSEMENT : PROPOSITION 65<\/a><\/p>\n<p>&nbsp;<\/p>\n","protected":false},"featured_media":164465,"template":"","meta":{"_acf_changed":false,"om_disable_all_campaigns":false},"product_brand":[],"product_cat":[5721,7903],"product_tag":[14231,14218,14209,14225,8051,14160,14199,14140,14150,14104,14093,14169,9887,14117,14186,14176,11201,14084,14071,8053,14130],"class_list":{"0":"post-158304","1":"product","2":"type-product","3":"status-publish","4":"has-post-thumbnail","6":"product_cat-marin-fr","7":"product_cat-produits-de-signalisation","8":"product_tag-3947-fr","9":"product_tag-acr-sm-2-fr","10":"product_tag-acr-sm2-fr","11":"product_tag-approbation-solas","12":"product_tag-convention-solas","13":"product_tag-feu-dequipage-a-la-mer","14":"product_tag-feu-de-bouee-annulaire","15":"product_tag-feu-de-bouee-de-sauvetage","16":"product_tag-feu-de-bouee-de-sauvetage-a-allumage-automatique","17":"product_tag-feu-de-gabarit-sm-3","18":"product_tag-feu-de-gabarit-sm3","19":"product_tag-feu-stroboscopique-dequipage-a-la-mer","20":"product_tag-feu-stroboscopique-marin","21":"product_tag-lumiere-sm3","22":"product_tag-lumiere-smdsm","23":"product_tag-lumiere-solas","24":"product_tag-lumiere-stroboscopique-de-secours","25":"product_tag-sm-3-fr","26":"product_tag-sm3-fr","27":"product_tag-smdsm","28":"product_tag-stroboscope-sm-3","29":"pa_boat-size-0-20-fr","30":"pa_boat-size-21-40-fr","31":"pa_boat-size-40-80-fr","32":"pa_boat-size-80-fr","33":"pa_boat-type-cargo","34":"pa_boat-type-location-de-yacht","35":"pa_boat-type-peche-commerciale","36":"pa_boat-type-remorqueur","37":"pa_boat-type-voilier","38":"pa_boat-type-yacht-fr","39":"pa_product-lumieres-de-sauvetage","40":"pa_product-produits-de-signalisation","41":"pa_product-rescue-beacons-vhf-sart-fr","43":"first","44":"instock","45":"taxable","46":"shipping-taxable","47":"purchasable","48":"product-type-simple"},"acf":[],"_links":{"self":[{"href":"https:\/\/www.acrartex.com\/fr\/wp-json\/wp\/v2\/product\/158304","targetHints":{"allow":["GET"]}}],"collection":[{"href":"https:\/\/www.acrartex.com\/fr\/wp-json\/wp\/v2\/product"}],"about":[{"href":"https:\/\/www.acrartex.com\/fr\/wp-json\/wp\/v2\/types\/product"}],"wp:featuredmedia":[{"embeddable":true,"href":"https:\/\/www.acrartex.com\/fr\/wp-json\/wp\/v2\/media\/164465"}],"wp:attachment":[{"href":"https:\/\/www.acrartex.com\/fr\/wp-json\/wp\/v2\/media?parent=158304"}],"wp:term":[{"taxonomy":"product_brand","embeddable":true,"href":"https:\/\/www.acrartex.com\/fr\/wp-json\/wp\/v2\/product_brand?post=158304"},{"taxonomy":"product_cat","embeddable":true,"href":"https:\/\/www.acrartex.com\/fr\/wp-json\/wp\/v2\/product_cat?post=158304"},{"taxonomy":"product_tag","embeddable":true,"href":"https:\/\/www.acrartex.com\/fr\/wp-json\/wp\/v2\/product_tag?post=158304"}],"curies":[{"name":"wp","href":"https:\/\/api.w.org\/{rel}","templated":true}]}}