{"id":158190,"date":"2021-04-09T11:18:09","date_gmt":"2021-04-09T16:18:09","guid":{"rendered":"https:\/\/www.acrartex.com\/products\/feu-de-reperage-daviation-lnk-al15-tso-c85b\/"},"modified":"2021-04-09T11:18:09","modified_gmt":"2021-04-09T16:18:09","slug":"feu-de-reperage-daviation-lnk-al15-tso-c85b","status":"publish","type":"product","link":"https:\/\/www.acrartex.com\/fr\/products\/feu-de-reperage-daviation-lnk-al15-tso-c85b\/","title":{"rendered":"Feu de rep\u00e9rage d&#8217;aviation LNK-AL15 (TSO-C85b)"},"content":{"rendered":"<p style=\"margin: 0in 0in 0.0001pt;\"><span style=\"font-size: 10pt;\"><span style=\"font-size: 11.0pt;\"><span style=\"background: white;\"><span style=\"color: black;\">Le luminaire LNK-AL15 est disponible sous les trois r\u00e9f\u00e9rences ci-dessous, correspondant \u00e0 diff\u00e9rentes longueurs de c\u00e2ble. La possibilit\u00e9 de proposer plusieurs longueurs de c\u00e2ble offre une plus grande flexibilit\u00e9 pour diff\u00e9rents sc\u00e9narios d&#8217;installation. Le LNK-AL15 est disponible en longueurs de c\u00e2ble de 9&#8243;, 18&#8243; et 24&#8243;.    <\/span><\/span><\/span><\/span><\/p>\n<p>&nbsp;<\/p>\n<p style=\"margin: 0in 0in 0.0001pt;\"><span style=\"font-size: 10pt;\"><b><span style=\"font-size: 11.0pt;\">Num\u00e9ros de pi\u00e8ces ACR&nbsp;:<\/span><\/b><\/span><\/p>\n<p style=\"margin: 0in 0in 0.0001pt;\"><span style=\"font-size: 10pt;\"><span style=\"font-size: 11.0pt;\">1503023B \u2013 Longueur de fil de 23 cm (9 po)<\/span><\/span><\/p>\n<p style=\"margin: 0in 0in 0.0001pt;\"><span style=\"font-size: 10pt;\"><span style=\"font-size: 11.0pt;\">1503046B \u2013 Longueur de fil de 46 cm (18 po)<\/span><\/span><\/p>\n<p style=\"margin: 0in 0in 0.0001pt;\"><span style=\"font-size: 10pt;\"><span style=\"font-size: 11.0pt;\">1503061B \u2013 Longueur de fil de 61 cm (24 po)<\/span><\/span><\/p>\n<p>&nbsp;<\/p>\n<p style=\"margin: 0in 0in 0.0001pt;\"><span style=\"font-size: 10pt;\"><b><span style=\"font-size: 12.0pt;\">Caract\u00e9ristiques et avantages :<\/span><\/b><\/span><\/p>\n<ul>\n<li style=\"margin-right: 13.5pt; margin: 0in 0in 0.0001pt;\"><span style=\"font-size: 10pt;\"><span style=\"background: white;\"><span style=\"color: black;\"><span style=\"font-size: 11.0pt;\">Feu de localisation d&#8217;aviation homologu\u00e9 TSO-C85b<\/span><\/span><\/span><\/span><\/li>\n<li style=\"margin-right: 13.5pt; margin: 0in 0in 0.0001pt;\"><span style=\"font-size: 10pt;\"><span style=\"background: white;\"><span style=\"color: black;\"><span style=\"font-size: 11.0pt;\">Ampoule LED haute efficacit\u00e9<\/span><\/span><\/span><\/span><\/li>\n<li style=\"margin-right: 13.5pt; margin: 0in 0in 0.0001pt;\"><span style=\"font-size: 10pt;\"><span style=\"background: white;\"><span style=\"font-size: 11.0pt;\"><span style=\"color: black;\">Int\u00e9gration simple du gilet de sauvetage<\/span><\/span><\/span><\/span><\/li>\n<li style=\"margin-right: 13.5pt; margin: 0in 0in 0.0001pt;\"><span style=\"font-size: 10pt;\"><span style=\"background: white;\"><span style=\"color: black;\"><span style=\"font-size: 11.0pt;\">Conception ultra petite et l\u00e9g\u00e8re<\/span><\/span><\/span><\/span><\/li>\n<li style=\"margin-right: 13.5pt; margin: 0in 0in 0.0001pt;\"><span style=\"font-size: 10pt;\"><span style=\"background: white;\"><span style=\"color: black;\"><span style=\"font-size: 11.0pt;\">Activ\u00e9 par l&#8217;eau (eau douce et eau sal\u00e9e)<\/span><\/span><\/span><\/span><\/li>\n<li style=\"margin-right: 13.5pt; margin: 0in 0in 0.0001pt;\"><span style=\"font-size: 10pt;\"><span style=\"background: white;\"><span style=\"color: black;\"><span style=\"font-size: 11.0pt;\">Dur\u00e9e de stockage ind\u00e9finie de la batterie*<\/span><\/span><\/span><\/span><\/li>\n<\/ul>\n<p><span style=\"font-size: 11.0pt;\"><span style=\"color: black;\">*En supposant que la lumi\u00e8re n&#8217;entre pas accidentellement en contact avec de l&#8217;eau et qu&#8217;elle est stock\u00e9e conform\u00e9ment aux exigences de stockage indiqu\u00e9es<\/span><\/span><\/p>\n","protected":false},"excerpt":{"rendered":"<p style=\"margin: 0in 0in 0.0001pt;\"><span style=\"font-size: 10pt;\"><span style=\"font-size: 11.0pt;\"><span style=\"background: white;\"><span style=\"color: black;\">Le LNK-AL15 est un feu de localisation de survivants \u00e0 LED, activ\u00e9 par l&#8217;eau et homologu\u00e9 FAA TSO-C85b. Il est homologu\u00e9 pour une utilisation sur les gilets de sauvetage ou les gilets de sauvetage afin de signaler la position des survivants dans l&#8217;eau suite \u00e0 un accident d&#8217;aviation. L&#8217;ensemble lampe-lentille du LNK-AL15 produit une lumi\u00e8re puissante d&#8217;une autonomie d&#8217;au moins 8 heures apr\u00e8s activation, avec une intensit\u00e9 lumineuse minimale de 1 cd. Pendant toute sa dur\u00e9e de vie, le feu \u00e9met une lumi\u00e8re blanche continue pour indiquer clairement la position d&#8217;un survivant et augmenter les chances de sauvetage.    <strong>Emball\u00e9 en 300 unit\u00e9s par bo\u00eete.<\/strong><\/span><\/span><\/span><\/span><\/p>\n<p><a href=\"ventes@acrartex.com\">Demander un devis pour une commande en gros<\/a><\/p>\n","protected":false},"featured_media":12512,"template":"","meta":{"_acf_changed":false,"om_disable_all_campaigns":false},"product_brand":[],"product_cat":[5628,5959,8483,5961],"product_tag":[14005,14030,14014,14050,14021,14039,9909],"class_list":{"0":"post-158190","1":"product","2":"type-product","3":"status-publish","4":"has-post-thumbnail","6":"product_cat-aviation-fr","7":"product_cat-aviation-generale","8":"product_cat-avions-commerciaux","9":"product_cat-jet-daffaires","10":"product_tag-gilet-de-sauvetage-daviation-leger","11":"product_tag-lampe-de-localisation-de-survie-daviation-alimentee-par-batterie-de-reserve","12":"product_tag-lampe-de-localisation-de-survivant","13":"product_tag-lampe-de-localisation-de-survivant-a-led-pour-laviation","14":"product_tag-lampe-de-localisation-pour-survivants-daviation","15":"product_tag-lampe-de-sauvetage-a-led","16":"product_tag-lampe-de-secours","17":"pa_aircraft-type-avion-de-ligne","18":"pa_aircraft-type-avions-de-ligne","19":"pa_aircraft-type-experimental-fr","20":"pa_aircraft-type-gros-jets","21":"pa_aircraft-type-jets-de-taille-moyenne","22":"pa_aircraft-type-jets-legers","23":"pa_aircraft-type-moteur-unique","24":"pa_aircraft-type-multimoteur","25":"pa_aircraft-type-rotocraft-fr","26":"pa_aircraft-type-turbopropulseur","28":"first","29":"instock","30":"taxable","31":"shipping-taxable","32":"purchasable","33":"product-type-variable"},"acf":[],"_links":{"self":[{"href":"https:\/\/www.acrartex.com\/fr\/wp-json\/wp\/v2\/product\/158190","targetHints":{"allow":["GET"]}}],"collection":[{"href":"https:\/\/www.acrartex.com\/fr\/wp-json\/wp\/v2\/product"}],"about":[{"href":"https:\/\/www.acrartex.com\/fr\/wp-json\/wp\/v2\/types\/product"}],"wp:featuredmedia":[{"embeddable":true,"href":"https:\/\/www.acrartex.com\/fr\/wp-json\/wp\/v2\/media\/12512"}],"wp:attachment":[{"href":"https:\/\/www.acrartex.com\/fr\/wp-json\/wp\/v2\/media?parent=158190"}],"wp:term":[{"taxonomy":"product_brand","embeddable":true,"href":"https:\/\/www.acrartex.com\/fr\/wp-json\/wp\/v2\/product_brand?post=158190"},{"taxonomy":"product_cat","embeddable":true,"href":"https:\/\/www.acrartex.com\/fr\/wp-json\/wp\/v2\/product_cat?post=158190"},{"taxonomy":"product_tag","embeddable":true,"href":"https:\/\/www.acrartex.com\/fr\/wp-json\/wp\/v2\/product_tag?post=158190"}],"curies":[{"name":"wp","href":"https:\/\/api.w.org\/{rel}","templated":true}]}}