{"id":158075,"date":"2021-04-09T11:17:38","date_gmt":"2021-04-09T16:17:38","guid":{"rendered":"https:\/\/www.acrartex.com\/products\/module-de-telecommande-wi-fi\/"},"modified":"2021-04-09T11:17:38","modified_gmt":"2021-04-09T16:17:38","slug":"module-de-telecommande-wi-fi","status":"publish","type":"product","link":"https:\/\/www.acrartex.com\/fr\/products\/module-de-telecommande-wi-fi\/","title":{"rendered":"Module de t\u00e9l\u00e9commande Wi-Fi"},"content":{"rendered":"<p>Pour contr\u00f4ler et faire fonctionner le module Wi-Fi, vous aurez besoin de :<\/p>\n<ul>\n<li>Compatible avec les smartphones ou tablettes iOS ou Android<\/li>\n<li>GPS externe si vous souhaitez afficher les donn\u00e9es de position sur un iPad Wi-Fi uniquement ou un autre appareil mobile sans GPS interne<\/li>\n<\/ul>\n<p>Le module Wi-Fi est \u00e9quip\u00e9 d&#8217;un c\u00e2ble d&#8217;alimentation\/donn\u00e9es int\u00e9gr\u00e9 \u00e0 quatre fils. La fonction de chaque fil est indiqu\u00e9e sur l&#8217;\u00e9tiquette du produit. Le module Wi-Fi dispose d&#8217;une entr\u00e9e NMEA0183 permettant \u00e0 un GPS externe de fournir des informations de position \u00e0 afficher dans l&#8217;application ACR Searchlight. Ceci est particuli\u00e8rement utile si l&#8217;appareil mobile ne poss\u00e8de pas de GPS interne, comme un iPad Wi-Fi uniquement. Si aucun GPS externe n&#8217;est connect\u00e9, l&#8217;application utilisera automatiquement le GPS interne de l&#8217;appareil mobile&nbsp;; en cas d&#8217;indisponibilit\u00e9, aucune position ne sera affich\u00e9e dans l&#8217;application ACR Searchlight.    <\/p>\n<p>&nbsp;<\/p>\n<h3>Instructions d&#8217;installation de l&#8217;application mobile&nbsp;:<\/h3>\n<p><em><strong>iOS \u2013 Visitez l&#8217;App Store d&#8217;Apple, recherchez \u00abACR Searchlight&nbsp;\u00bb et t\u00e9l\u00e9chargez l&#8217;application gratuite<\/strong><\/em><\/p>\n<p><em><strong>Android \u2013 Comme illustr\u00e9 dans la capture d&#8217;\u00e9cran ci-dessous, acc\u00e9dez aux param\u00e8tres \u00ab&nbsp;Verrouillage et s\u00e9curit\u00e9&nbsp;\u00bb de l&#8217;appareil mobile que vous souhaitez utiliser pour contr\u00f4ler votre projecteur, s\u00e9lectionnez l&#8217;option permettant l&#8217;installation d&#8217;applications provenant de sources inconnues et cliquez sur \u00ab&nbsp;OK&nbsp;\u00bb. Apr\u00e8s avoir effectu\u00e9 ces \u00e9tapes, <a href=\"https:\/\/www.dropbox.com\/scl\/fi\/7vf72mbbatofnee3bw3mx\/ACR_searchlight_release.apk?rlkey=codcu1zvl5yhy7bryqn29e8pv&amp;dl=1\">cliquez ici<\/a> pour installer l&#8217;application mobile ACR Searchlight sur votre appareil. <\/strong><\/em><\/p>\n<p><a href=\"https:\/\/www.acrartex.com\/wp-content\/uploads\/2021\/03\/Android-Searchlight-App_Download-Instructions.png\"><img loading=\"lazy\" decoding=\"async\" class=\" wp-image-83080 aligncenter\" src=\"https:\/\/www.acrartex.com\/wp-content\/uploads\/2021\/03\/Android-Searchlight-App_Download-Instructions-300x265.png\" alt=\"\" width=\"317\" height=\"280\" srcset=\"https:\/\/www.acrartex.com\/wp-content\/uploads\/2021\/03\/Android-Searchlight-App_Download-Instructions-300x265.png 300w, https:\/\/www.acrartex.com\/wp-content\/uploads\/2021\/03\/Android-Searchlight-App_Download-Instructions.png 446w\" sizes=\"auto, (max-width: 317px) 100vw, 317px\" \/><\/a><\/p>\n<p>&nbsp;<\/p>\n<p>&nbsp;<\/p>\n","protected":false},"excerpt":{"rendered":"<p>Ce module de t\u00e9l\u00e9commande Wifi vous donnera la flexibilit\u00e9 de contr\u00f4ler votre RCL -100LED et RCL -100D directement depuis votre t\u00e9l\u00e9phone mobile.<\/p>\n<p><strong>Remarque&nbsp;: L&#8217;application ACR Searchlight est disponible sur iOS et Android. Consultez l&#8217;onglet \u00ab&nbsp;Description&nbsp;\u00bb ci-dessous pour savoir comment l&#8217;installer sur votre appareil mobile. <\/strong><\/p>\n<p>&nbsp;<\/p>\n<p><a href=\"https:\/\/www.dropbox.com\/s\/ezakylsa2478sav\/Prop%2065%20-%20DINP%20and%20BPA.pdf?dl=0\">AVERTISSEMENT : PROPOSITION 65<\/a><\/p>\n<p>&nbsp;<\/p>\n<p><span style=\"color: #e74c3c;\">CODE&nbsp;: <strong>SHIPFREE20<\/strong> Livraison terrestre offerte pour toute commande sup\u00e9rieure \u00e0 30&nbsp;$&nbsp;US. Hors Hawa\u00ef et Alaska. <\/span><\/p>\n<p>&nbsp;<\/p>\n","protected":false},"featured_media":158161,"template":"","meta":{"_acf_changed":false,"om_disable_all_campaigns":false},"product_brand":[],"product_cat":[5944,5721,5948,5946,7163],"product_tag":[13967,13974,7344,7173,13947,13930,13957,13939,7167,7169],"class_list":{"0":"post-158075","1":"product","2":"type-product","3":"status-publish","4":"has-post-thumbnail","6":"product_cat-interieur","7":"product_cat-marin-fr","8":"product_cat-offshore-fr","9":"product_cat-pres-du-rivage","10":"product_cat-projecteurs","11":"product_tag-9602-fr","12":"product_tag-acr-100-j","13":"product_tag-acr-rcl-100-led-fr","14":"product_tag-entreprise-de-projecteurs","15":"product_tag-feu-de-mer-acr","16":"product_tag-militaire","17":"product_tag-module-de-controle-wifi","18":"product_tag-phare-marin","19":"product_tag-projecteur","20":"product_tag-projecteur-de-bateau","21":"pa_boat-size-21-40-fr","22":"pa_boat-size-40-80-fr","23":"pa_product-heritage","25":"first","26":"instock","27":"taxable","28":"shipping-taxable","29":"product-type-simple"},"acf":[],"_links":{"self":[{"href":"https:\/\/www.acrartex.com\/fr\/wp-json\/wp\/v2\/product\/158075","targetHints":{"allow":["GET"]}}],"collection":[{"href":"https:\/\/www.acrartex.com\/fr\/wp-json\/wp\/v2\/product"}],"about":[{"href":"https:\/\/www.acrartex.com\/fr\/wp-json\/wp\/v2\/types\/product"}],"wp:featuredmedia":[{"embeddable":true,"href":"https:\/\/www.acrartex.com\/fr\/wp-json\/wp\/v2\/media\/158161"}],"wp:attachment":[{"href":"https:\/\/www.acrartex.com\/fr\/wp-json\/wp\/v2\/media?parent=158075"}],"wp:term":[{"taxonomy":"product_brand","embeddable":true,"href":"https:\/\/www.acrartex.com\/fr\/wp-json\/wp\/v2\/product_brand?post=158075"},{"taxonomy":"product_cat","embeddable":true,"href":"https:\/\/www.acrartex.com\/fr\/wp-json\/wp\/v2\/product_cat?post=158075"},{"taxonomy":"product_tag","embeddable":true,"href":"https:\/\/www.acrartex.com\/fr\/wp-json\/wp\/v2\/product_tag?post=158075"}],"curies":[{"name":"wp","href":"https:\/\/api.w.org\/{rel}","templated":true}]}}