{"id":157776,"date":"2021-07-29T17:07:01","date_gmt":"2021-07-29T22:07:01","guid":{"rendered":"https:\/\/www.acrartex.com\/products\/globalfix-rlb-35\/"},"modified":"2021-07-29T17:07:01","modified_gmt":"2021-07-29T22:07:01","slug":"globalfix-rlb-35","status":"publish","type":"product","link":"https:\/\/www.acrartex.com\/fr\/products\/globalfix-rlb-35\/","title":{"rendered":"GlobalFix RLB-35"},"content":{"rendered":"<p><a href=\"https:\/\/www.acrartex.com\/products\/globalfix-v5-ais-epirb\/\"><em><strong>Ce produit a \u00e9t\u00e9 mis \u00e0 niveau.<\/strong><\/em><\/a><\/p>\n<div data-canvas-width=\"547.4670718954251\">\n<div data-canvas-width=\"539.4155986928106\">Le moteur GPS FastACQ\u2122 acquiert LAT\/LON \u00e0 partir d&#8217;un d\u00e9marrage \u00e0 froid mieux que les moteurs GPS normaux.<\/div>\n<div data-canvas-width=\"371.07709150326815\"><\/div>\n<div data-canvas-width=\"371.07709150326815\">GPS FastACQ\u2122 est activ\u00e9 jusqu&#8217;\u00e0 25 minutes au cours des 45 premi\u00e8res minutes de fonctionnement.<\/div>\n<div data-canvas-width=\"516.3214869281046\"><\/div>\n<div data-canvas-width=\"516.3214869281046\">Le package \u00e9lectronique brevet\u00e9 offre une plus grande stabilit\u00e9 de fr\u00e9quence pour une position plus pr\u00e9cise via les satellites LEOSAR. Pr\u00e9cision de position GPS de 100 m (110 yds), optimale autoris\u00e9e par COSPAS-SARSAT. <\/div>\n<div data-canvas-width=\"482.5856732026145\"><\/div>\n<div data-canvas-width=\"482.5856732026145\">Seule EPIRB disponible qui fournit un test d&#8217;acquisition GPS , un auto-test fonctionnel complet des circuits internes et un test de tension de la batterie.<\/div>\n<div data-canvas-width=\"482.5856732026145\"><\/div>\n<div data-canvas-width=\"482.5856732026145\">Cat\u00e9gorie 1 : Poly\u00e9thyl\u00e8ne haute densit\u00e9 enti\u00e8rement ferm\u00e9 et stabilis\u00e9 aux UV<\/div>\n<div data-canvas-width=\"474.1053562091504\">Support \u00e0 d\u00e9clenchement hydrostatique. R\u00e9siste aux environnements extr\u00eamement agressifs. Le d\u00e9clenchement hydrostatique active automatiquement EPIRB si le navire coule \u00e0 environ 4 m (13 pi).  <\/div>\n<div data-canvas-width=\"506.93075816993485\">Cat\u00e9gorie 2 : Support universel Low Pro2 ; comprend une option de montage sur cloison et sur rail.<\/div>\n<div data-canvas-width=\"506.93075816993485\"><\/div>\n<div data-canvas-width=\"547.7559820261438\">\u00c9met sur 406 MHz (COSPAS-SARSAT) avec votre signal de d\u00e9tresse enregistr\u00e9 et cod\u00e9 num\u00e9riquement, et 121,5 MHz (fr\u00e9quence de localisation SAR).<\/div>\n<\/div>\n","protected":false},"excerpt":{"rendered":"<p><em><strong>Ce produit a \u00e9t\u00e9 mis \u00e0 niveau. <a href=\"https:\/\/www.acrartex.com\/products\/globalfix-v5-ais-epirb\/\">Cliquez ici<\/a> pour conna\u00eetre les mises \u00e0 niveau disponibles.<\/strong><\/em><\/p>\n<div data-canvas-width=\"547.4670718954251\">Quel que soit votre type de navigation, des accidents surviennent quotidiennement sur l&#8217;eau. Lorsque la situation empire, soyez pr\u00eat&nbsp;! <\/div>\n<div data-canvas-width=\"496.097777777778\">La technologie de pointe pour le sauvetage en mer est d\u00e9sormais accessible. Exploitez la puissance de la EPIRB GPS 406 MHz GlobalFix \u2122 et transformez une situation de danger en un sauvetage r\u00e9ussi. <\/div>\n<div data-canvas-width=\"141.5316320261438\">C&#8217;est aussi simple que d&#8217;actionner un interrupteur, et avec un r\u00e9cepteur GPS interne, le GlobalFix \u2122 acquerra votre position GPS et la transmettra avec votre code d&#8217;identification personnalis\u00e9 via les satellites SARSAT, alertant instantan\u00e9ment les forces SAR que vous avez besoin d&#8217;aide, imm\u00e9diatement !<\/div>\n<div data-canvas-width=\"133.5515816993464\">Le GlobalFix est rapide. D\u00e8s la premi\u00e8re \u00e9mission de donn\u00e9es GPS , les \u00e9quipes de recherche et sauvetage sont alert\u00e9es et peuvent commencer \u00e0 planifier les secours en seulement trois minutes. Test\u00e9 ind\u00e9pendamment en conditions r\u00e9elles, le GlobalFix a surpass\u00e9 toutes les autres balises EPIRB 406 MHz du march\u00e9. <\/div>\n<p>&nbsp;<\/p>\n<p>&nbsp;<\/p>\n","protected":false},"featured_media":157876,"template":"","meta":{"_acf_changed":false,"om_disable_all_campaigns":false},"product_brand":[],"product_cat":[5721],"product_tag":[13716,13725,13731,13741,5725,5735,5729,5754,13757,13750,5723],"class_list":{"0":"post-157776","1":"product","2":"type-product","3":"status-publish","4":"has-post-thumbnail","6":"product_cat-marin-fr","7":"product_tag-2742-fr","8":"product_tag-2742nh-fr","9":"product_tag-2744-fr","10":"product_tag-2744nh-fr","11":"product_tag-balise-de-detresse","12":"product_tag-correctif-global","13":"product_tag-globalfix-fr","14":"product_tag-gpirb-fr","15":"product_tag-rlb-35-fr","16":"product_tag-rlb35-fr","17":"product_tag-rls-fr","18":"pa_product-heritage","20":"first","21":"outofstock","22":"taxable","23":"shipping-taxable","24":"product-type-simple"},"acf":[],"_links":{"self":[{"href":"https:\/\/www.acrartex.com\/fr\/wp-json\/wp\/v2\/product\/157776","targetHints":{"allow":["GET"]}}],"collection":[{"href":"https:\/\/www.acrartex.com\/fr\/wp-json\/wp\/v2\/product"}],"about":[{"href":"https:\/\/www.acrartex.com\/fr\/wp-json\/wp\/v2\/types\/product"}],"wp:featuredmedia":[{"embeddable":true,"href":"https:\/\/www.acrartex.com\/fr\/wp-json\/wp\/v2\/media\/157876"}],"wp:attachment":[{"href":"https:\/\/www.acrartex.com\/fr\/wp-json\/wp\/v2\/media?parent=157776"}],"wp:term":[{"taxonomy":"product_brand","embeddable":true,"href":"https:\/\/www.acrartex.com\/fr\/wp-json\/wp\/v2\/product_brand?post=157776"},{"taxonomy":"product_cat","embeddable":true,"href":"https:\/\/www.acrartex.com\/fr\/wp-json\/wp\/v2\/product_cat?post=157776"},{"taxonomy":"product_tag","embeddable":true,"href":"https:\/\/www.acrartex.com\/fr\/wp-json\/wp\/v2\/product_tag?post=157776"}],"curies":[{"name":"wp","href":"https:\/\/api.w.org\/{rel}","templated":true}]}}