{"id":157684,"date":"2021-06-21T15:30:55","date_gmt":"2021-06-21T20:30:55","guid":{"rendered":"https:\/\/www.acrartex.com\/products\/bivy-stick-communicateur-par-satellite\/"},"modified":"2026-03-06T09:40:19","modified_gmt":"2026-03-06T14:40:19","slug":"bivy-stick-communicateur-par-satellite","status":"publish","type":"product","link":"https:\/\/www.acrartex.com\/fr\/products\/bivy-stick-communicateur-par-satellite\/","title":{"rendered":"Bivy Stick \u2013 Communicateur par satellite"},"content":{"rendered":"<p><span style=\"font-weight: 400;\">Restez connect\u00e9 et en s\u00e9curit\u00e9 partout sur Terre avec le<\/span> <b>Bivy Stick<\/b> <span style=\"font-weight: 400;\">, un appareil compact et puissant qui transforme votre smartphone en un<\/span> <b>communicateur satellite mondial<\/b><span style=\"font-weight: 400;\">. Propuls\u00e9 par le  <\/span><b>R\u00e9seau satellite Iridium<\/b> <span style=\"font-weight: 400;\">, le Bivy Stick assure<\/span> <b>une couverture mondiale \u00e0 100%<\/b> <span style=\"font-weight: 400;\">, m\u00eame dans les environnements les plus recul\u00e9s et les plus accident\u00e9s.<\/span><\/p>\n<p><span style=\"font-weight: 400;\">Con\u00e7u pour les aventuriers, les explorateurs et la pr\u00e9paration aux situations d&#8217;urgence, le Bivy Stick permet<\/span> <b>la messagerie par satellite bidirectionnelle<\/b> <span style=\"font-weight: 400;\">,<\/span> <b>le partage de position GPS<\/b> <span style=\"font-weight: 400;\">et<\/span> <b>les mises \u00e0 jour m\u00e9t\u00e9o<\/b><span style=\"font-weight: 400;\">\u2014le tout accessible via l&#8217;application Bivy sur iOS ou Android. Son syst\u00e8me unique   <\/span><b>La fonction GroupTrack\u2122<\/b> <span style=\"font-weight: 400;\">vous permet d&#8217;envoyer des messages et de suivre jusqu&#8217;\u00e0<\/span> <b>12 utilisateurs Bivy Stick<\/b> <span style=\"font-weight: 400;\">simultan\u00e9ment, ce qui permet aux \u00e9quipes, aux guides et aux familles de rester facilement connect\u00e9s et visibles sur une carte de groupe partag\u00e9e.<\/span><\/p>\n<p><span style=\"font-weight: 400;\">En cas d&#8217;urgence, appuyez simplement sur le<\/span> <b>bouton SOS<\/b> d\u00e9di\u00e9 <span style=\"font-weight: 400;\">pour alerter instantan\u00e9ment<\/span> <b>Global Rescue<\/b> <span style=\"font-weight: 400;\">, vous offrant ainsi<\/span> <b>un acc\u00e8s 24h\/24 et 7j\/7 aux services d&#8217;intervention d&#8217;urgence<\/b><span style=\"font-weight: 400;\">\u2014 partout dans le monde. Que vous t\u00e9l\u00e9chargiez des cartes hors ligne, parcouriez des sentiers inexplor\u00e9s ou preniez des nouvelles de vos proches, le Bivy Stick vous offre la tranquillit\u00e9 d&#8217;esprit et une communication essentielle au moment le plus important. <\/span><\/p>\n<p><b>R\u00f4le de l&#8217;application Bivy<\/b><\/p>\n<p><span style=\"font-weight: 400;\">D\u00e9couvrez plus de<\/span> <b>50 000 aventures en plein air<\/b><span style=\"font-weight: 400;\">  avec l&#8217;application Bivy , votre outil tout-en-un pour explorer la nature. Que vous soyez amateur de randonn\u00e9e, de v\u00e9lo, de paddle, d&#8217;escalade ou de toute autre activit\u00e9 de l&#8217;application,   <\/span><b>20 types d&#8217;aventures pris en charge<\/b> <span style=\"font-weight: 400;\">, Bivy vous aide \u00e0 trouver l&#8217;endroit id\u00e9al et \u00e0 le parcourir en toute confiance.<\/span><\/p>\n<p><span style=\"font-weight: 400;\">Suivez votre<\/span> <b>rythme, votre kilom\u00e9trage, votre altitude<\/b><span style=\"font-weight: 400;\">, et bien plus encore au fil de vos explorations, et enregistrez chaque voyage pour conserver une trace personnelle de vos aventures. Avec acc\u00e8s \u00e0   <\/span><b>cartes mondiales d\u00e9taill\u00e9es hors ligne<\/b> <span style=\"font-weight: 400;\">, vous saurez toujours exactement o\u00f9 vous \u00eates, m\u00eame sans service cellulaire.<\/span><\/p>\n<p>Associ\u00e9e au <b>Bivy Stick<\/b> <span style=\"font-weight: 400;\">d&#8217; ACR<\/span> <span style=\"font-weight: 400;\">, l&#8217;application Bivy rassemble la navigation, le suivi de voyage et<\/span> <b>une communication par satellite fiable<\/b> <span style=\"font-weight: 400;\">, offrant<\/span> <b>une s\u00e9curit\u00e9 et une tranquillit\u00e9 d&#8217;esprit abordables<\/b> <span style=\"font-weight: 400;\">pour tous, des explorateurs du week-end aux professionnels chevronn\u00e9s.<\/span><\/p>\n<p><b>Caract\u00e9ristiques et avantages :<\/b><\/p>\n<ul>\n<li><b>Messagerie bidirectionnelle fiable<\/b> <span style=\"font-weight: 400;\">:<\/span> <span style=\"font-weight: 400;\">restez connect\u00e9 au-del\u00e0 du service cellulaire gr\u00e2ce \u00e0 la messagerie texte bidirectionnelle via le r\u00e9seau satellite mondial Iridium\u00ae.<\/span><\/li>\n<li><b>Num\u00e9ro de t\u00e9l\u00e9phone et e-mail d\u00e9di\u00e9s<\/b> <span style=\"font-weight: 400;\">: envoyez des messages avec votre propre num\u00e9ro de t\u00e9l\u00e9phone et votre e-mail pour une communication transparente.<\/span><span style=\"font-weight: 400;\"><br \/>\n<\/span><\/li>\n<li><b>Messagerie de groupe et suivi avec GroupTrack\u2122<\/b> <span style=\"font-weight: 400;\">:<\/span> <span style=\"font-weight: 400;\">  Communiquez et partagez vos positions avec jusqu&#8217;\u00e0 12 utilisateurs Bivy Stick. Vos proches peuvent suivre votre trajet et rejoindre des groupes de discussion via une page web partag\u00e9e. <\/span><\/li>\n<li><b>Enregistrements personnalis\u00e9s illimit\u00e9s<\/b><span style=\"font-weight: 400;\">:Envoyez des messages GPS indiquant votre position exacte. Les enregistrements illimit\u00e9s sont inclus dans l&#8217;abonnement.* <\/span><span style=\"font-weight: 400;\"><br \/>\n<\/span><\/li>\n<li><b>Suivi en temps r\u00e9el et partage de localisation<\/b> <span style=\"font-weight: 400;\">: la page Web de partage de localisation affiche votre historique d&#8217;enregistrement, l&#8217;historique des messages avec les r\u00e9ponses et les pistes partag\u00e9es, le tout au m\u00eame endroit.<\/span><span style=\"font-weight: 400;\"><br \/>\n<\/span><\/li>\n<li><b>Surveillance SOS 24h\/24 et 7j\/7 par Global Rescue\u2122<\/b> <span style=\"font-weight: 400;\">:<\/span> <span style=\"font-weight: 400;\">Activez les alertes d&#8217;urgence via l&#8217;application ou le bouton SOS de votre appareil. Communiquez directement avec les services d&#8217;urgence et annulez les alertes SOS depuis votre appareil ou votre application. <\/span><\/li>\n<li><b>Outils avanc\u00e9s de navigation et d&#8217;aventure<\/b> <span style=\"font-weight: 400;\">:<\/span> <span style=\"font-weight: 400;\">t\u00e9l\u00e9chargez des cartes hors ligne et explorez des milliers d&#8217;aventures soumises par la communaut\u00e9, notamment des sentiers de randonn\u00e9e, des ascensions et des voies navigables.<\/span><\/li>\n<li><b>Conception robuste et \u00e9tanche<\/b> <span style=\"font-weight: 400;\">:<\/span> <span style=\"font-weight: 400;\">avec un indice de protection IPX7<\/span><\/li>\n<li><b>Compatible GoPro<\/b> <span style=\"font-weight: 400;\">: Enti\u00e8rement compatible avec les supports GoPro et comprend un adaptateur d&#8217;accessoires GoPro pour une int\u00e9gration facile.<\/span><\/li>\n<li><b>Kit complet inclus \u2013<\/b> <span style=\"font-weight: 400;\">Livr\u00e9 avec un c\u00e2ble de chargement USB-C, un mousqueton, un cordon, un guide de d\u00e9marrage rapide et un adaptateur GoPro&nbsp;: tout ce dont vous avez besoin pour commencer.<\/span><\/li>\n<li><b>Fabriqu\u00e9 aux \u00c9tats-Unis \u2013<\/b> <span style=\"font-weight: 400;\">B\u00e9n\u00e9ficie d&#8217;une garantie fabricant d&#8217;un an pour une tranquillit\u00e9 d&#8217;esprit.<\/span><\/li>\n<li>* <a href=\"https:\/\/bivystick.com\/plans\/\" data-cke-saved-href=\"https:\/\/www.bivy.com\/data-plans\">Abonnement mensuel requis<\/a> . Veuillez consulter le site web du fabricant pour plus de d\u00e9tails.<\/li>\n<\/ul>\n<p>&nbsp;<\/p>\n<p>Appel d&#8217;urgence SOS activ\u00e9 dans l&#8217;application ou sur le bouton de l&#8217;appareil. Fourni par GlobalRescue\u2122. <\/p>\n<p><a href=\"https:\/\/www.acrartex.com\/wp-content\/uploads\/2021\/06\/ProductOverview.png\"><img loading=\"lazy\" decoding=\"async\" class=\"alignnone size-medium wp-image-37736\" src=\"https:\/\/www.acrartex.com\/wp-content\/uploads\/2021\/06\/ProductOverview-300x300.png\" alt=\"\" width=\"300\" height=\"300\" srcset=\"https:\/\/www.acrartex.com\/wp-content\/uploads\/2021\/06\/ProductOverview-300x300.png 300w, https:\/\/www.acrartex.com\/wp-content\/uploads\/2021\/06\/ProductOverview-1024x1024.png 1024w, https:\/\/www.acrartex.com\/wp-content\/uploads\/2021\/06\/ProductOverview-150x150.png 150w, https:\/\/www.acrartex.com\/wp-content\/uploads\/2021\/06\/ProductOverview-768x768.png 768w, https:\/\/www.acrartex.com\/wp-content\/uploads\/2021\/06\/ProductOverview-1536x1536.png 1536w, https:\/\/www.acrartex.com\/wp-content\/uploads\/2021\/06\/ProductOverview-600x600.png 600w, https:\/\/www.acrartex.com\/wp-content\/uploads\/2021\/06\/ProductOverview-100x100.png 100w, https:\/\/www.acrartex.com\/wp-content\/uploads\/2021\/06\/ProductOverview.png 1601w\" sizes=\"auto, (max-width: 300px) 100vw, 300px\" \/><\/a> <a href=\"https:\/\/www.acrartex.com\/wp-content\/uploads\/2021\/06\/2_ProductOverview-04.png\"><img loading=\"lazy\" decoding=\"async\" class=\"alignnone size-medium wp-image-37732\" src=\"https:\/\/www.acrartex.com\/wp-content\/uploads\/2021\/06\/2_ProductOverview-04-300x300.png\" alt=\"\" width=\"300\" height=\"300\" srcset=\"https:\/\/www.acrartex.com\/wp-content\/uploads\/2021\/06\/2_ProductOverview-04-300x300.png 300w, https:\/\/www.acrartex.com\/wp-content\/uploads\/2021\/06\/2_ProductOverview-04-1024x1024.png 1024w, https:\/\/www.acrartex.com\/wp-content\/uploads\/2021\/06\/2_ProductOverview-04-150x150.png 150w, https:\/\/www.acrartex.com\/wp-content\/uploads\/2021\/06\/2_ProductOverview-04-768x768.png 768w, https:\/\/www.acrartex.com\/wp-content\/uploads\/2021\/06\/2_ProductOverview-04-1536x1536.png 1536w, https:\/\/www.acrartex.com\/wp-content\/uploads\/2021\/06\/2_ProductOverview-04-2048x2048.png 2048w, https:\/\/www.acrartex.com\/wp-content\/uploads\/2021\/06\/2_ProductOverview-04-600x600.png 600w, https:\/\/www.acrartex.com\/wp-content\/uploads\/2021\/06\/2_ProductOverview-04-100x100.png 100w\" sizes=\"auto, (max-width: 300px) 100vw, 300px\" \/><\/a> <a href=\"https:\/\/www.acrartex.com\/wp-content\/uploads\/2021\/06\/SOS.png\"><img loading=\"lazy\" decoding=\"async\" class=\"alignnone size-medium wp-image-37734\" src=\"https:\/\/www.acrartex.com\/wp-content\/uploads\/2021\/06\/SOS-300x300.png\" alt=\"\" width=\"300\" height=\"300\" srcset=\"https:\/\/www.acrartex.com\/wp-content\/uploads\/2021\/06\/SOS-300x300.png 300w, https:\/\/www.acrartex.com\/wp-content\/uploads\/2021\/06\/SOS-1024x1024.png 1024w, https:\/\/www.acrartex.com\/wp-content\/uploads\/2021\/06\/SOS-150x150.png 150w, https:\/\/www.acrartex.com\/wp-content\/uploads\/2021\/06\/SOS-768x768.png 768w, https:\/\/www.acrartex.com\/wp-content\/uploads\/2021\/06\/SOS-1536x1536.png 1536w, https:\/\/www.acrartex.com\/wp-content\/uploads\/2021\/06\/SOS-600x600.png 600w, https:\/\/www.acrartex.com\/wp-content\/uploads\/2021\/06\/SOS-100x100.png 100w, https:\/\/www.acrartex.com\/wp-content\/uploads\/2021\/06\/SOS.png 1601w\" sizes=\"auto, (max-width: 300px) 100vw, 300px\" \/><\/a><a href=\"https:\/\/www.acrartex.com\/wp-content\/uploads\/2021\/06\/2_ProductOverview-06.png\"><img loading=\"lazy\" decoding=\"async\" class=\"alignnone size-medium wp-image-37733\" src=\"https:\/\/www.acrartex.com\/wp-content\/uploads\/2021\/06\/2_ProductOverview-06-300x300.png\" alt=\"\" width=\"300\" height=\"300\" srcset=\"https:\/\/www.acrartex.com\/wp-content\/uploads\/2021\/06\/2_ProductOverview-06-300x300.png 300w, https:\/\/www.acrartex.com\/wp-content\/uploads\/2021\/06\/2_ProductOverview-06-1024x1024.png 1024w, https:\/\/www.acrartex.com\/wp-content\/uploads\/2021\/06\/2_ProductOverview-06-150x150.png 150w, https:\/\/www.acrartex.com\/wp-content\/uploads\/2021\/06\/2_ProductOverview-06-768x768.png 768w, https:\/\/www.acrartex.com\/wp-content\/uploads\/2021\/06\/2_ProductOverview-06-1536x1536.png 1536w, https:\/\/www.acrartex.com\/wp-content\/uploads\/2021\/06\/2_ProductOverview-06-2048x2048.png 2048w, https:\/\/www.acrartex.com\/wp-content\/uploads\/2021\/06\/2_ProductOverview-06-600x600.png 600w, https:\/\/www.acrartex.com\/wp-content\/uploads\/2021\/06\/2_ProductOverview-06-100x100.png 100w\" sizes=\"auto, (max-width: 300px) 100vw, 300px\" \/><\/a><\/p>\n<p>&nbsp;<\/p>\n<p>&nbsp;<\/p>\n<p>&nbsp;<\/p>\n","protected":false},"excerpt":{"rendered":"<p><span style=\"font-weight: 400;\">Avec Bivy Stick, profitez d&#8217;un<\/span> <b>communicateur satellite bidirectionnel<\/b> fiable <span style=\"font-weight: 400;\">,<\/span> <b>d&#8217;une messagerie de groupe<\/b> <span style=\"font-weight: 400;\">,<\/span> <b>d&#8217;une assistance SOS 24h\/24 et 7j\/7,<\/b> <span style=\"font-weight: 400;\">d&#8217;<\/span> <b>un suivi GPS<\/b> <span style=\"font-weight: 400;\">et<\/span> <b>du partage de position<\/b> <span style=\"font-weight: 400;\">, le tout dans un<\/span> appareil <b>compact<\/b> <span style=\"font-weight: 400;\">et<\/span> <b>l\u00e9ger<\/b><span style=\"font-weight: 400;\">  appareil. Il vous donne la   <\/span><b>la libert\u00e9 de communication hors r\u00e9seau<\/b> <span style=\"font-weight: 400;\">au<\/span> <b>prix le plus abordable du march\u00e9<\/b> <span style=\"font-weight: 400;\">.<\/span><\/p>\n<p>Restez connect\u00e9, m\u00eame au-del\u00e0 de la couverture cellulaire.<\/p>\n<h4><\/h4>\n<h4><span style=\"color: #ff0000;\"><strong>Fi\u00e8rement fabriqu\u00e9 aux \u00c9tats-Unis !<\/strong><\/span><\/h4>\n<p><strong><a href=\"https:\/\/bivystick.com\/bivy-go-plan\/\">D\u00e9couvrez le forfait Bivy Go<\/a><\/strong><\/p>\n<p>&nbsp;<\/p>\n<p><a href=\"https:\/\/www.dropbox.com\/s\/0ezw0kexbm120vv\/Prop%2065%20-%20Lead%20and%20Lead%20Compounds.pdf?dl=0\">AVERTISSEMENT : PROPOSITION 65<\/a><\/p>\n<p>&nbsp;<\/p>\n","protected":false},"featured_media":157688,"template":"","meta":{"_acf_changed":false,"om_disable_all_campaigns":false},"product_brand":[],"product_cat":[16210,5787,5721],"product_tag":[13137,13131,13125,13126,13124,13130,13136,16192,11962,13129,13127,13134,13133,13132,13128,13135],"class_list":{"0":"post-157684","1":"product","2":"type-product","3":"status-publish","4":"has-post-thumbnail","6":"product_cat-bivy-stick-popup","7":"product_cat-de-plein-air","8":"product_cat-marin-fr","9":"product_tag-4601-fr","10":"product_tag-application-bivy","11":"product_tag-baton-bivy","12":"product_tag-baton-de-bivy-bleu","13":"product_tag-bivy-fr","14":"product_tag-bivy-acr-fr","15":"product_tag-bivy-contre-plb","16":"product_tag-bivy-fish-popup","17":"product_tag-bluetooth-fr","18":"product_tag-communication-bidirectionnelle","19":"product_tag-iridium-fr","20":"product_tag-le-plus-petit-communicateur-par-satellite","21":"product_tag-mini-fr","22":"product_tag-sauvetage-mondial","23":"product_tag-suivi","24":"product_tag-suivi-gps-par-satellite","25":"pa_activity-camping-fr","26":"pa_activity-cross-country-fr","27":"pa_activity-escalade","28":"pa_activity-motoneige","29":"pa_activity-peche","30":"pa_activity-randonnee","31":"pa_activity-ski-snowboard-fr","32":"pa_activity-sports-de-pagaie","33":"pa_activity-tout-terrain-4x4","34":"pa_activity-velo","35":"pa_boat-type-bateau-a-moteur","36":"pa_boat-type-cargo","37":"pa_boat-type-location-de-yacht","38":"pa_boat-type-peche-commerciale","39":"pa_boat-type-remorqueur","40":"pa_boat-type-sportcraft-fr","41":"pa_boat-type-voilier","42":"pa_boat-type-yacht-fr","43":"pa_terrain-colline-et-montagne","44":"pa_terrain-foret-et-jungle","45":"pa_terrain-rivieres-zones-humides-lacs","46":"pa_terrain-toundra","48":"first","49":"onbackorder","50":"taxable","51":"shipping-taxable","52":"purchasable","53":"product-type-simple"},"acf":[],"_links":{"self":[{"href":"https:\/\/www.acrartex.com\/fr\/wp-json\/wp\/v2\/product\/157684","targetHints":{"allow":["GET"]}}],"collection":[{"href":"https:\/\/www.acrartex.com\/fr\/wp-json\/wp\/v2\/product"}],"about":[{"href":"https:\/\/www.acrartex.com\/fr\/wp-json\/wp\/v2\/types\/product"}],"wp:featuredmedia":[{"embeddable":true,"href":"https:\/\/www.acrartex.com\/fr\/wp-json\/wp\/v2\/media\/157688"}],"wp:attachment":[{"href":"https:\/\/www.acrartex.com\/fr\/wp-json\/wp\/v2\/media?parent=157684"}],"wp:term":[{"taxonomy":"product_brand","embeddable":true,"href":"https:\/\/www.acrartex.com\/fr\/wp-json\/wp\/v2\/product_brand?post=157684"},{"taxonomy":"product_cat","embeddable":true,"href":"https:\/\/www.acrartex.com\/fr\/wp-json\/wp\/v2\/product_cat?post=157684"},{"taxonomy":"product_tag","embeddable":true,"href":"https:\/\/www.acrartex.com\/fr\/wp-json\/wp\/v2\/product_tag?post=157684"}],"curies":[{"name":"wp","href":"https:\/\/api.w.org\/{rel}","templated":true}]}}