{"id":157637,"date":"2021-04-09T11:18:50","date_gmt":"2021-04-09T16:18:50","guid":{"rendered":"https:\/\/www.acrartex.com\/products\/resqflare-fusee-electronique-durgence-a-led-pour-bateau\/"},"modified":"2025-11-26T03:34:47","modified_gmt":"2025-11-26T08:34:47","slug":"resqflare-fusee-electronique-durgence-a-led-pour-bateau","status":"publish","type":"product","link":"https:\/\/www.acrartex.com\/fr\/products\/resqflare-fusee-electronique-durgence-a-led-pour-bateau\/","title":{"rendered":"ResQFlare \u2013 Fus\u00e9e \u00e9lectronique d&#8217;urgence \u00e0 LED pour bateau"},"content":{"rendered":"<p><span style=\"font-size: 10pt;\"><span style=\"font-size: 11.0pt;\"><span style=\"background: white;\"><span style=\"color: black;\">Le ResQFlare est un kit de fus\u00e9es \u00e9clairantes \u00e9lectroniques pour bateaux, approuv\u00e9 par l&#8217;USCG. Il facilite les op\u00e9rations de sauvetage en \u00e9mettant un flash ResQFlare du code Morse international pour les SOS. Son \u00e9lectronique haute performance lui permet de maintenir l&#8217;intensit\u00e9 fixe \u00e9quivalente \u00e0 75 cd cr\u00eate requise par l&#8217;USCG pendant plus de 20 heures (soit plus de trois fois plus longtemps que l&#8217;exigence de l&#8217;USCG pour maintenir ce niveau d&#8217;intensit\u00e9 lumineuse). Gr\u00e2ce \u00e0 son alimentation par piles rempla\u00e7ables par l&#8217;utilisateur (2 piles C), le ResQFlare offre une longue dur\u00e9e de vie. Ainsi, les bateaux sont plus s\u00fbrs, car ils ne pr\u00e9sentent plus les inconv\u00e9nients habituels des fus\u00e9es \u00e9clairantes pyrotechniques, notamment leur date de p\u00e9remption et les exigences strictes en mati\u00e8re d&#8217;\u00e9limination.   <\/span><\/span><\/span><\/span><\/p>\n<h2 style=\"margin: 0in 0in 0.0001pt;\"><span style=\"font-size: 10pt;\"><b><span style=\"font-size: 12.0pt;\">Avantages ResQFlare par rapport aux fus\u00e9es pyrotechniques traditionnelles pour bateaux&nbsp;:<\/span><\/b><\/span><\/h2>\n<ul>\n<li style=\"margin: 0in 0in 0.0001pt;\"><span style=\"font-size: 10pt;\"><span style=\"font-size: 11.0pt;\">Aucune date d&#8217;expiration<\/span><\/span><\/li>\n<li style=\"margin: 0in 0in 0.0001pt;\"><span style=\"font-size: 10pt;\"><span style=\"font-size: 11.0pt;\">Coffre-fort familial (pas de flamme br\u00fblante)  <\/span><\/span><\/li>\n<li style=\"margin: 0in 0in 0.0001pt;\"><span style=\"font-size: 10pt;\"><span style=\"font-size: 11.0pt;\">Facile \u00e0 utiliser (m\u00eame vos enfants et les plaisanciers d\u00e9butants peuvent l&#8217;utiliser en cas d&#8217;urgence)  <\/span><\/span><\/li>\n<li style=\"margin: 0in 0in 0.0001pt;\"><span style=\"font-size: 10pt;\"><span style=\"font-size: 11.0pt;\">Aucun probl\u00e8me avec les exigences strictes existantes en mati\u00e8re d&#8217;\u00e9limination obligatoire des fus\u00e9es pyrotechniques (l\u00e9galement consid\u00e9r\u00e9es comme des mati\u00e8res dangereuses)<\/span><\/span><\/li>\n<li style=\"margin: 0in 0in 0.0001pt;\"><span style=\"font-size: 10pt;\"><span style=\"font-size: 11.0pt;\">Imperm\u00e9able et flottant  <\/span><\/span><\/li>\n<li style=\"margin: 0in 0in 0.0001pt;\"><span style=\"font-size: 10pt;\"><span style=\"font-size: 11.0pt;\">Achat unique (moins de co\u00fbts sur la dur\u00e9e de vie du produit)<\/span><\/span><\/li>\n<\/ul>\n<p style=\"margin: 0in 0in 0.0001pt;\"><span style=\"font-size: 10pt;\"><span style=\"font-size: 11.0pt;\"><span style=\"background: white;\"><span style=\"color: black;\">Conforme aux exigences de l&#8217;USCG (46 CFR 161.013), le ResQFlare est class\u00e9 comme signal de d\u00e9tresse visuel de nuit homologu\u00e9. \u00c9tant donn\u00e9 qu&#8217;un drapeau de d\u00e9tresse, conforme aux exigences de la norme 46 CFR 160.072, est inclus dans le kit avec chaque ResQFlare , les utilisateurs b\u00e9n\u00e9ficient \u00e9galement d&#8217;un signal de d\u00e9tresse visuel de jour homologu\u00e9 (l&#8217;obligation de transport de signaux de d\u00e9tresse visuels de jour et de nuit homologu\u00e9s est d\u00e9finie dans la partie 175 du 33 CFR). <\/span><\/span><\/span><\/span><\/p>\n<p>&nbsp;<\/p>\n<p style=\"margin: 0in 0in 0.0001pt;\"><span style=\"font-size: 10pt;\"><span style=\"font-size: 11.0pt;\">Le drapeau de d\u00e9tresse fourni offre de nombreuses options de signalisation de jour. Il peut \u00eatre hiss\u00e9 au m\u00e2t ou simplement hiss\u00e9 au point le plus haut possible. Il peut \u00e9galement \u00eatre d\u00e9ploy\u00e9 \u00e0 la main, attach\u00e9 puis agit\u00e9 sur un objet comme une gaffe, une pagaie ou une canne \u00e0 p\u00eache, ou pos\u00e9 \u00e0 plat sur le pont pour attirer les avions. Ce drapeau doit \u00eatre utilis\u00e9 uniquement comme signal de jour et, lorsqu&#8217;il est correctement d\u00e9ploy\u00e9, le carr\u00e9 noir doit se trouver au-dessus du cercle noir.   <\/span><\/span><\/p>\n<p>&nbsp;<\/p>\n<p style=\"margin: 0in 0in 0.0001pt;\"><span style=\"font-size: 10pt;\"><span style=\"font-size: 11.0pt;\"><span style=\"background: white;\"><span style=\"color: black;\">L&#8217;association ResQFlare et du kit de drapeau de d\u00e9tresse permet aux plaisanciers de se passer des fus\u00e9es pyrotechniques traditionnelles \u00e0 bord de navires mesurant jusqu&#8217;\u00e0 65 pieds de long, naviguant sur les Grands Lacs, \u00e0 moins de 12 milles des eaux am\u00e9ricaines ou sur tout plan d&#8217;eau dot\u00e9 d&#8217;un passage vers la mer d&#8217;au moins deux milles de large. Les navires de moins de 16 pieds ne sont pas tenus d&#8217;avoir un signal de d\u00e9tresse visuel de jour, mais doivent tout de m\u00eame avoir un signal de d\u00e9tresse visuel de nuit. Le ResQFlare constitue donc une alternative plus que viable aux fus\u00e9es pyrotechniques pour les navires de cette taille \u00e9galement.  <\/span><\/span><\/span><\/span><\/p>\n<p>&nbsp;<\/p>\n<p style=\"margin: 0in 0in 0.0001pt;\"><span style=\"font-size: 10pt;\"><span style=\"font-size: 11.0pt;\"><span style=\"background: white;\"><span style=\"color: black;\">L&#8217;ajout du ResQFlare \u00e0 la gamme d&#8217;\u00e9quipements de s\u00e9curit\u00e9 nautique d&#8217; ACR offre aux plaisanciers am\u00e9ricains une solution compl\u00e8te de signalisation de d\u00e9tresse. Associ\u00e9 \u00e0 une <a href=\"https:\/\/www.acrartex.com\/products\/resqkit\/\">EPIRB ACR<\/a> <a href=\"https:\/\/www.acrartex.com\/products\/resqkit-pro-2357\/\">Personal Locator Beacon<\/a> ACR, le personnel de sauvetage de l&#8217;USCG sait non seulement o\u00f9 vous \u00eates en quelques minutes, mais dispose \u00e9galement d&#8217;une lumi\u00e8re de r\u00e9f\u00e9rence visuelle pour vous rep\u00e9rer jusqu&#8217;\u00e0 9,6 km de distance. <\/span><\/span><\/span><\/span><\/p>\n<h2><span style=\"font-size: 10pt;\"><b><span style=\"font-size: 12.0pt;\">Caract\u00e9ristiques et avantages du produit :<\/span><\/b><\/span><\/h2>\n<ul>\n<li style=\"margin: 0in 0in 0.0001pt;\"><span style=\"font-size: 10pt;\"><span style=\"font-size: 11.0pt;\">ResQFlare et le drapeau de d\u00e9tresse inclus, lorsqu&#8217;ils sont transport\u00e9s ensemble, peuvent \u00eatre utilis\u00e9s comme substitut au transport de fus\u00e9es pyrotechniques et de pistolets lance-fus\u00e9es pour bateaux de l&#8217;USCG (\u00c9tats-Unis uniquement)<\/span><\/span><\/li>\n<li style=\"margin-right: 13.5pt; margin: 0in 0in 0.0001pt;\"><span style=\"font-size: 10pt;\"><span style=\"background: white;\"><span style=\"color: black;\"><span style=\"font-size: 11.0pt;\">Lumi\u00e8re vive dans toutes les directions (visibilit\u00e9 \u00e0 360\u00b0)<\/span><\/span><\/span><\/span><\/li>\n<li style=\"margin-right: 13.5pt; margin: 0in 0in 0.0001pt;\"><span style=\"font-size: 10pt;\"><span style=\"background: white;\"><span style=\"color: black;\"><span style=\"font-size: 11.0pt;\">L\u00e9ger et compact<\/span><\/span><\/span><\/span><\/li>\n<li style=\"margin-right: 13.5pt; margin: 0in 0in 0.0001pt;\"><span style=\"font-size: 10pt;\"><span style=\"background: white;\"><span style=\"color: black;\"><span style=\"font-size: 11.0pt;\">Se redresse automatiquement et flotte lorsqu&#8217;il est dans l&#8217;eau<\/span> <span style=\"font-size: 11.0pt;\">(aucun anneau de flottaison\/flottaison n&#8217;est n\u00e9cessaire)<\/span><\/span><\/span><\/span><\/li>\n<li style=\"margin: 0in 0in 0.0001pt;\"><span style=\"font-size: 10pt;\"><span style=\"font-size: 11.0pt;\">Visible \u00e0 plus de 6 miles<\/span><\/span><\/li>\n<li style=\"margin: 0in 0in 0.0001pt;\"><span style=\"font-size: 10pt;\"><span style=\"font-size: 11.0pt;\"><span style=\"color: black;\">Piles alcalines C rempla\u00e7ables par l&#8217;utilisateur (non incluses)<\/span><\/span><\/span><\/li>\n<li style=\"margin: 0in 0in 0.0001pt;\"><span style=\"font-size: 10pt;\"><span style=\"font-size: 11.0pt;\">Le stroboscope LED haute intensit\u00e9 maintient une <span style=\"background: white;\"><span style=\"color: black;\">intensit\u00e9 fixe \u00e9quivalente \u00e0 un pic<\/span><\/span> minimum de 75 cd pendant 20 heures ou plus (temp\u00e9rature ambiante)<\/span><\/span><\/li>\n<li style=\"margin: 0in 0in 0.0001pt;\"><span style=\"font-size: 10pt;\"><span style=\"font-size: 11.0pt;\">La dur\u00e9e de vie op\u00e9rationnelle de 20 heures est plus de 3 fois sup\u00e9rieure \u00e0 l&#8217;exigence de l&#8217;USCG pour maintenir <span style=\"background: white;\"><span style=\"color: black;\">une intensit\u00e9 fixe \u00e9quivalente de cr\u00eate<\/span><\/span> de 75 cd.<\/span><\/span><\/li>\n<li style=\"margin: 0in 0in 0.0001pt;\"><span style=\"font-size: 10pt;\"><span style=\"font-size: 11.0pt;\">Conception durable : r\u00e9sistant au feu, \u00e0 l&#8217;huile, aux champignons et \u00e0 la corrosion<\/span><\/span><\/li>\n<li style=\"margin: 0in 0in 0.0001pt;\"><span style=\"font-size: 10pt;\"><span style=\"font-size: 11.0pt;\">\u00c9tanche (IP67)<\/span><\/span><\/li>\n<li style=\"margin: 0in 0in 0.0001pt;\"><span style=\"font-size: 10pt;\"><span style=\"font-size: 11.0pt;\">Certifi\u00e9 selon l&#8217;USCG 161.013 comme signal de d\u00e9tresse visuel nocturne<\/span><\/span><\/li>\n<li style=\"margin: 0in 0in 0.0001pt;\"><span style=\"font-size: 10pt;\"><span style=\"font-size: 11.0pt;\">Comprend un drapeau de d\u00e9tresse (certifi\u00e9 selon l&#8217;USCG 160.072 comme signal de d\u00e9tresse visuel de jour)  <\/span><\/span><\/li>\n<\/ul>\n<h3 style=\"margin: 0in 0in 0.0001pt;\"><strong>ResQFlare dans l&#8217;actualit\u00e9 :<\/strong><\/h3>\n<p><a href=\"https:\/\/www.sailingworld.com\/story\/gear\/safe-distress-flare-alternative\/\">Sailing World \u2013 Une alternative s\u00fbre aux fus\u00e9es de d\u00e9tresse<\/a><\/p>\n<p><a href=\"https:\/\/www.greatlakesscuttlebutt.com\/news\/featured-news\/this-year-s-boating-finds\/\">Les rumeurs des Grands Lacs&nbsp;: les trouvailles nautiques de cette ann\u00e9e<\/a><\/p>\n<p><a href=\"https:\/\/lakelandboating.com\/acr-electronics-introduces-new-alternative-to-pyrotechnic-flares\/\">Lakeland Boating \u2013 ACR Electronics pr\u00e9sente une nouvelle alternative aux fus\u00e9es pyrotechniques<\/a><\/p>\n","protected":false},"excerpt":{"rendered":"<p><span style=\"font-size: 11.0pt;\"><span style=\"background: white;\"><span style=\"color: black;\">L&#8217; ACR ResQFlare est un kit de fus\u00e9es de d\u00e9tresse \u00e9lectroniques \u00e0 LED haute intensit\u00e9 pour bateau. Associ\u00e9 au drapeau de d\u00e9tresse inclus, le ResQFlare et le drapeau sont certifi\u00e9s conformes aux exigences des garde-c\u00f4tes am\u00e9ricains, ce qui permet de les transporter \u00e0 la place des fus\u00e9es pyrotechniques traditionnelles sur la plupart des bateaux de plaisance. Alternative pratique aux fus\u00e9es pyrotechniques et aux pistolets lance-fus\u00e9es, le ResQFlare offre une visibilit\u00e9 \u00e0 360\u00b0 sur plus de 9,6 km. Sa conception performante lui conf\u00e8re une longue dur\u00e9e de vie (+20 heures d&#8217;autonomie), augmentant consid\u00e9rablement vos chances de survie et de sauvetage.  <\/span><\/span><\/span><\/p>\n<p>https:\/\/www.youtube.com\/watch?v=AVNmWXIpSro&amp;lc=UgwVlLiY8UH7ddCAyoZ4AaABAg<\/p>\n<p><a href=\"https:\/\/www.dropbox.com\/s\/0ezw0kexbm120vv\/Prop%2065%20-%20Lead%20and%20Lead%20Compounds.pdf?dl=0\">AVERTISSEMENT : PROPOSITION 65<\/a><\/p>\n<p>&nbsp;<\/p>\n<p><strong>REMARQUE&nbsp;: Le ResQFlare (mod\u00e8le&nbsp;: LNK-ERS1) est r\u00e9pertori\u00e9 sur le site Web des garde-c\u00f4tes am\u00e9ricains sous le ResQFlare ACR ACR ResQFlare (mod\u00e8le LNK-ERS1). <a href=\"https:\/\/www.dropbox.com\/scl\/fi\/y2nf76hvxhmy9t4bxljnf\/USCG-Approved-Equipment-Details-Page_ResQFlare.pdf?rlkey=ash5nle98cfnrpnmr8jcizp8a&amp;st=i6dizypz&amp;dl=1\">Cliquez sur ce lien<\/a> pour consulter la liste des \u00e9quipements approuv\u00e9s par les garde-c\u00f4tes am\u00e9ricains.<\/strong><\/p>\n","protected":false},"featured_media":164581,"template":"","meta":{"_acf_changed":false,"om_disable_all_campaigns":false},"product_brand":[],"product_cat":[5787,5944,5721,5948,5946,5958],"product_tag":[11661,13669,11680,11692,11758,11649,11770,11719,11640,11792,11749,11782,13662,11739,11671,11730,11803],"class_list":{"0":"post-157637","1":"product","2":"type-product","3":"status-publish","4":"has-post-thumbnail","6":"product_cat-de-plein-air","7":"product_cat-interieur","8":"product_cat-marin-fr","9":"product_cat-offshore-fr","10":"product_cat-pres-du-rivage","11":"product_cat-sports-de-pagaie-peche","12":"product_tag-eclater","13":"product_tag-eruption-dorion","14":"product_tag-fusee-de-detresse","15":"product_tag-fusee-de-detresse-a-led","16":"product_tag-fusee-eclairante-a-led","17":"product_tag-fusee-eclairante-electronique","18":"product_tag-fusee-eclairante-portative","19":"product_tag-fusee-eclairante-pour-bateau","20":"product_tag-fusee-electronique","21":"product_tag-fusee-fumigene","22":"product_tag-fusee-marine","23":"product_tag-fusee-rouge","24":"product_tag-fusees-de-detresse","25":"product_tag-fusees-de-signalisation","26":"product_tag-fusees-eclairantes","27":"product_tag-fusees-eclairantes-pour-bateaux","28":"product_tag-pistolet-lance-fusees","29":"pa_activity-peche","30":"pa_activity-sports-de-pagaie","31":"pa_boat-size-0-20-fr","32":"pa_boat-size-21-40-fr","33":"pa_boat-size-40-80-fr","34":"pa_boat-type-bateau-a-moteur","35":"pa_boat-type-location-de-yacht","36":"pa_boat-type-peche-commerciale","37":"pa_boat-type-remorqueur","38":"pa_boat-type-sportcraft-fr","39":"pa_boat-type-voilier","40":"pa_boat-type-yacht-fr","41":"pa_terrain-rivieres-zones-humides-lacs","43":"first","44":"instock","45":"taxable","46":"shipping-taxable","47":"purchasable","48":"product-type-simple"},"acf":[],"_links":{"self":[{"href":"https:\/\/www.acrartex.com\/fr\/wp-json\/wp\/v2\/product\/157637","targetHints":{"allow":["GET"]}}],"collection":[{"href":"https:\/\/www.acrartex.com\/fr\/wp-json\/wp\/v2\/product"}],"about":[{"href":"https:\/\/www.acrartex.com\/fr\/wp-json\/wp\/v2\/types\/product"}],"wp:featuredmedia":[{"embeddable":true,"href":"https:\/\/www.acrartex.com\/fr\/wp-json\/wp\/v2\/media\/164581"}],"wp:attachment":[{"href":"https:\/\/www.acrartex.com\/fr\/wp-json\/wp\/v2\/media?parent=157637"}],"wp:term":[{"taxonomy":"product_brand","embeddable":true,"href":"https:\/\/www.acrartex.com\/fr\/wp-json\/wp\/v2\/product_brand?post=157637"},{"taxonomy":"product_cat","embeddable":true,"href":"https:\/\/www.acrartex.com\/fr\/wp-json\/wp\/v2\/product_cat?post=157637"},{"taxonomy":"product_tag","embeddable":true,"href":"https:\/\/www.acrartex.com\/fr\/wp-json\/wp\/v2\/product_tag?post=157637"}],"curies":[{"name":"wp","href":"https:\/\/api.w.org\/{rel}","templated":true}]}}