{"id":157545,"date":"2021-07-28T17:05:51","date_gmt":"2021-07-28T22:05:51","guid":{"rendered":"https:\/\/www.acrartex.com\/products\/personal-locator-beacon-sarlink-plb-350b\/"},"modified":"2021-07-28T17:05:51","modified_gmt":"2021-07-28T22:05:51","slug":"personal-locator-beacon-sarlink-plb-350b","status":"publish","type":"product","link":"https:\/\/www.acrartex.com\/fr\/products\/personal-locator-beacon-sarlink-plb-350b\/","title":{"rendered":"Personal Locator Beacon SARLink\u2122 PLB -350B"},"content":{"rendered":"<p><span style=\"color: #3366ff;\"><strong>Ce produit a \u00e9t\u00e9 abandonn\u00e9.<\/strong><\/span><\/p>\n<p>Partez en toute confiance. Gr\u00e2ce \u00e0 trois niveaux de technologie de signal int\u00e9gr\u00e9s (positionnement GPS , puissant signal de 406 MHz et fonction de radioguidage de 121,5 MHz), le SARLink\u2122 transmet rapidement et pr\u00e9cis\u00e9ment votre position \u00e0 un r\u00e9seau mondial de satellites de recherche et de sauvetage, r\u00e9duisant ainsi le temps de recherche et augmentant vos chances de survie. Cette technologie de signalisation fiable a sauv\u00e9 plus de 50&nbsp;000 vies.<br \/>\n vit depuis 1982.  <\/p>\n<p>Le SARLink\u2122 diffuse un signal de d\u00e9tresse unique et enregistr\u00e9 qui indique non seulement votre position aux sauveteurs, mais aussi votre identit\u00e9. Le GPS embarqu\u00e9 peut d\u00e9terminer votre position \u00e0 100 m\u00e8tres pr\u00e8s et utilise ensuite un puissant signal de 406 MHz pour relayer votre appel de d\u00e9tresse aux satellites SAR en orbite. Lors du d\u00e9ploiement des \u00e9quipes de recherche et sauvetage locales, un signal de guidage distinct et un flash LED int\u00e9gr\u00e9 guident les sauveteurs vers votre position.  <\/p>\n<p>Le SARLink\u2122 est l\u00e9ger et suffisamment compact pour \u00eatre facilement transport\u00e9 dans un sac ou une poche par les skieurs, randonneurs, chasseurs, kayakistes, alpinistes, pilotes, motoneigistes ou tout autre amateur de plein air. Exclusivit\u00e9 ACR&nbsp;: le mode de test d&#8217;acquisition GPS int\u00e9gr\u00e9 vous permet de tester les fonctionnalit\u00e9s GPS jusqu&#8217;\u00e0 60&nbsp;fois au cours de sa dur\u00e9e de vie.<br \/>\n de la batterie. Exploitez la m\u00eame technologie de sauvetage test\u00e9e sur le terrain que celle utilis\u00e9e par l&#8217;arm\u00e9e am\u00e9ricaine, les garde-c\u00f4tes am\u00e9ricains, les forces sp\u00e9ciales de l&#8217;OTAN et les explorateurs de l&#8217;Arctique.  <\/p>\n","protected":false},"excerpt":{"rendered":"<p>Naviguez en toute confiance gr\u00e2ce \u00e0 la Personal Locator Beacon ( PLB ) SARLink\u2122. Cette balise de d\u00e9tresse est suffisamment puissante pour \u00e9mettre un signal de d\u00e9tresse unique qui indique non seulement votre position, mais aussi votre identit\u00e9 aux sauveteurs. Gr\u00e2ce \u00e0 un puissant signal de 406 MHz, cette PLB relaie votre appel de d\u00e9tresse aux satellites SAR en orbite, tandis que le GPS embarqu\u00e9 fixe votre position \u00e0 100 m\u00e8tres pr\u00e8s. Lors du d\u00e9ploiement des secours, un signal de guidage distinct et un feu stroboscopique LED int\u00e9gr\u00e9 guident les premiers secours vers votre position.   <\/p>\n<p><span style=\"color: #3366ff;\"><strong>Ce produit a \u00e9t\u00e9 abandonn\u00e9.<\/strong><\/span><\/p>\n","protected":false},"featured_media":157547,"template":"","meta":{"_acf_changed":false,"om_disable_all_campaigns":false},"product_brand":[],"product_cat":[5787],"product_tag":[11623,11591,9302,9425,6846,6119,6121,11651,11580,11602,13606,9415,9426],"class_list":{"0":"post-157545","1":"product","2":"type-product","3":"status-publish","4":"has-post-thumbnail","6":"product_cat-de-plein-air","7":"product_tag-balise-de-localisation-personnelle-gps-sarlink","8":"product_tag-balise-de-localisation-personnelle-sarlink","9":"product_tag-balises-de-detresse","10":"product_tag-cospas-fr","11":"product_tag-cospas-sarsat-fr","12":"product_tag-plb-350-fr","13":"product_tag-plb-350b-fr","14":"product_tag-sar-fr","15":"product_tag-sarlink-fr","16":"product_tag-sarlink-406-fr","17":"product_tag-sarlink-plb-350b-fr","18":"product_tag-sarsat-fr","19":"product_tag-sarsat-cospas-fr","20":"pa_product-heritage","22":"first","23":"outofstock","24":"taxable","25":"shipping-taxable","26":"product-type-simple"},"acf":[],"_links":{"self":[{"href":"https:\/\/www.acrartex.com\/fr\/wp-json\/wp\/v2\/product\/157545","targetHints":{"allow":["GET"]}}],"collection":[{"href":"https:\/\/www.acrartex.com\/fr\/wp-json\/wp\/v2\/product"}],"about":[{"href":"https:\/\/www.acrartex.com\/fr\/wp-json\/wp\/v2\/types\/product"}],"wp:featuredmedia":[{"embeddable":true,"href":"https:\/\/www.acrartex.com\/fr\/wp-json\/wp\/v2\/media\/157547"}],"wp:attachment":[{"href":"https:\/\/www.acrartex.com\/fr\/wp-json\/wp\/v2\/media?parent=157545"}],"wp:term":[{"taxonomy":"product_brand","embeddable":true,"href":"https:\/\/www.acrartex.com\/fr\/wp-json\/wp\/v2\/product_brand?post=157545"},{"taxonomy":"product_cat","embeddable":true,"href":"https:\/\/www.acrartex.com\/fr\/wp-json\/wp\/v2\/product_cat?post=157545"},{"taxonomy":"product_tag","embeddable":true,"href":"https:\/\/www.acrartex.com\/fr\/wp-json\/wp\/v2\/product_tag?post=157545"}],"curies":[{"name":"wp","href":"https:\/\/api.w.org\/{rel}","templated":true}]}}