{"id":157505,"date":"2021-08-04T14:20:38","date_gmt":"2021-08-04T19:20:38","guid":{"rendered":"https:\/\/www.acrartex.com\/products\/terrafix-plb-200-201\/"},"modified":"2021-08-04T14:20:38","modified_gmt":"2021-08-04T19:20:38","slug":"terrafix-plb-200-201","status":"publish","type":"product","link":"https:\/\/www.acrartex.com\/fr\/products\/terrafix-plb-200-201\/","title":{"rendered":"TerraFix ( PLB -200\/201)"},"content":{"rendered":"<p><span style=\"color: #3366ff;\"><strong>Ce produit a \u00e9t\u00e9 abandonn\u00e9.<\/strong><\/span><\/p>\n<div>Des accidents se produisent tous les jours en plein air, et lorsque la situation devient pire, serez-vous pr\u00e9par\u00e9 ?<\/div>\n<div><\/div>\n<div>Pourquoi attendre des jours bloqu\u00e9 dans l&#8217;espoir d&#8217;\u00eatre retrouv\u00e9 ? Mettez la puissance au creux de votre main avec la PLB GPS TerraFix\u2122 406. Transformez une situation critique en sauvetage r\u00e9ussi. Il suffit d&#8217;appuyer sur un bouton et, gr\u00e2ce \u00e0 son r\u00e9cepteur GPS interne (r\u00e9f. 2798), la balise TerraFix\u2122 acquiert votre position GPS et la transmet, accompagn\u00e9e de votre code d&#8217;identification personnalis\u00e9, aux satellites COSPAS-SARSAT, alertant instantan\u00e9ment les \u00e9quipes de recherche et sauvetage de votre besoin d&#8217;aide.   <\/div>\n<div><\/div>\n<div>Le Terrafix\u2122 est rapide&nbsp;: si des donn\u00e9es GPS sont pr\u00e9sentes d\u00e8s la premi\u00e8re \u00e9mission, les \u00e9quipes de recherche et sauvetage peuvent \u00eatre alert\u00e9es et commencer \u00e0 planifier votre sauvetage en seulement trois minutes. Soyez responsable, pr\u00e9par\u00e9, prudent. <\/div>\n","protected":false},"excerpt":{"rendered":"<p><span style=\"color: #3366ff;\"><strong>Ce produit a \u00e9t\u00e9 abandonn\u00e9.<\/strong><\/span><\/p>\n<p>La Personal Locator Beacon ou PLB TerraFix\u2122 transmet sur 406 MHz via le syst\u00e8me satellite COSPAS-SARSAT avec votre signal de d\u00e9tresse unique enregistr\u00e9, cod\u00e9 num\u00e9riquement et une fr\u00e9quence de localisation locale SAR de 121,5 MHz.<\/p>\n<p style=\"margin-left: 0in; margin-right: 0in;\">\n","protected":false},"featured_media":157517,"template":"","meta":{"_acf_changed":false,"om_disable_all_campaigns":false},"product_brand":[],"product_cat":[5787],"product_tag":[13541,13546,13558,13553,13562,5637,13536,5794,5797,6120,5789,13515,13522,13528],"class_list":{"0":"post-157505","1":"product","2":"type-product","3":"status-publish","4":"has-post-thumbnail","6":"product_cat-de-plein-air","7":"product_tag-2798-fr","8":"product_tag-2798-2-fr","9":"product_tag-2798-2nh-fr","10":"product_tag-2798-4-fr","11":"product_tag-2798-4nh-fr","12":"product_tag-406-fr","13":"product_tag-acr-terrafix-fr","14":"product_tag-balise-de-localisation-personnelle","15":"product_tag-gps-fr","16":"product_tag-localisateur-durgence","17":"product_tag-plb-fr","18":"product_tag-plb-200-fr","19":"product_tag-plb-201-fr","20":"product_tag-terrafix-fr","21":"pa_product-heritage","23":"first","24":"outofstock","25":"taxable","26":"shipping-taxable","27":"product-type-simple"},"acf":[],"_links":{"self":[{"href":"https:\/\/www.acrartex.com\/fr\/wp-json\/wp\/v2\/product\/157505","targetHints":{"allow":["GET"]}}],"collection":[{"href":"https:\/\/www.acrartex.com\/fr\/wp-json\/wp\/v2\/product"}],"about":[{"href":"https:\/\/www.acrartex.com\/fr\/wp-json\/wp\/v2\/types\/product"}],"wp:featuredmedia":[{"embeddable":true,"href":"https:\/\/www.acrartex.com\/fr\/wp-json\/wp\/v2\/media\/157517"}],"wp:attachment":[{"href":"https:\/\/www.acrartex.com\/fr\/wp-json\/wp\/v2\/media?parent=157505"}],"wp:term":[{"taxonomy":"product_brand","embeddable":true,"href":"https:\/\/www.acrartex.com\/fr\/wp-json\/wp\/v2\/product_brand?post=157505"},{"taxonomy":"product_cat","embeddable":true,"href":"https:\/\/www.acrartex.com\/fr\/wp-json\/wp\/v2\/product_cat?post=157505"},{"taxonomy":"product_tag","embeddable":true,"href":"https:\/\/www.acrartex.com\/fr\/wp-json\/wp\/v2\/product_tag?post=157505"}],"curies":[{"name":"wp","href":"https:\/\/api.w.org\/{rel}","templated":true}]}}