{"id":157502,"date":"2021-08-04T13:32:16","date_gmt":"2021-08-04T18:32:16","guid":{"rendered":"https:\/\/www.acrartex.com\/products\/aquafix-plb-200-201\/"},"modified":"2021-08-04T13:32:16","modified_gmt":"2021-08-04T18:32:16","slug":"aquafix-plb-200-201","status":"publish","type":"product","link":"https:\/\/www.acrartex.com\/fr\/products\/aquafix-plb-200-201\/","title":{"rendered":"AquaFix ( PLB -200\/201)"},"content":{"rendered":"<p><a href=\"https:\/\/www.acrartex.com\/fr\/products\/personal-locator-beacon-resqlink-400\/\"><span style=\"color: #3366ff;\"><strong>Ce produit a \u00e9t\u00e9 mis \u00e0 niveau.<\/strong><\/span><\/a><\/p>\n<div>Des accidents se produisent tous les jours sur l&#8217;eau, que votre bateau coule, qu&#8217;un homme tombe \u00e0 la mer ou qu&#8217;une temp\u00eate le laisse immobilis\u00e9. Sur l&#8217;eau, un accident banal peut instantan\u00e9ment mettre votre vie en danger si vous n&#8217;\u00eates pas pr\u00e9par\u00e9. <\/div>\n<div><\/div>\n<div>Pourquoi attendre des jours en attente d&#8217;\u00eatre retrouv\u00e9 ? Mettez la puissance au creux de votre main avec la PLB GPS AquaFix\u2122 406. Transformez une situation critique en sauvetage r\u00e9ussi. Il suffit d&#8217;appuyer sur un bouton et, gr\u00e2ce \u00e0 son r\u00e9cepteur GPS interne (r\u00e9f. 2797.4NH), l&#8217;AquaFix\u2122 acquiert votre position GPS et la transmet, accompagn\u00e9e de votre code d&#8217;identification personnalis\u00e9, aux satellites COSPAS-SARSAT, alertant instantan\u00e9ment les \u00e9quipes de recherche et sauvetage de votre besoin d&#8217;aide.   <\/div>\n<div><\/div>\n<div>L&#8217;AquaFix\u2122 est rapide&nbsp;: si des donn\u00e9es GPS sont pr\u00e9sentes d\u00e8s la premi\u00e8re \u00e9mission, les \u00e9quipes de recherche et sauvetage peuvent \u00eatre alert\u00e9es et commencer \u00e0 planifier votre sauvetage en seulement trois minutes. Soyez responsable, pr\u00e9par\u00e9, prudent. <\/div>\n","protected":false},"excerpt":{"rendered":"<p><span style=\"color: #3366ff;\"><strong>Ce produit a \u00e9t\u00e9 mis \u00e0 niveau. <a href=\"https:\/\/www.acrartex.com\/products\/resqlink-400\/\">Cliquez ici<\/a> pour d\u00e9couvrir les mises \u00e0 niveau disponibles.<\/strong><\/span><\/p>\n<p> La Personal Locator Beacon AquaFix\u2122 ou PLB transmet sur 406 MHz via le syst\u00e8me satellite COSPAS-SARSAT avec votre signal de d\u00e9tresse unique enregistr\u00e9, cod\u00e9 num\u00e9riquement et une fr\u00e9quence de localisation locale SAR de 121,5 MHz.<\/p>\n<p style=\"margin-left: 0in; margin-right: 0in;\">\n","protected":false},"featured_media":157518,"template":"","meta":{"_acf_changed":false,"om_disable_all_campaigns":false},"product_brand":[],"product_cat":[5787,5721],"product_tag":[13548,13555,13559,13563,13566,5637,5803,13517,13510,13524,5794,13530,5809,5797,6120,5789,13515,13522],"class_list":{"0":"post-157502","1":"product","2":"type-product","3":"status-publish","4":"has-post-thumbnail","6":"product_cat-de-plein-air","7":"product_cat-marin-fr","8":"product_tag-2797-fr","9":"product_tag-2797-2-fr","10":"product_tag-2797-2nh-fr","11":"product_tag-2797-4-fr","12":"product_tag-2797-4nh-fr","13":"product_tag-406-fr","14":"product_tag-aqua-fr","15":"product_tag-aqua-fix-fr","16":"product_tag-aquafix-fr","17":"product_tag-aquafix-i-fr","18":"product_tag-balise-de-localisation-personnelle","19":"product_tag-e-s-aquafix","20":"product_tag-eau","21":"product_tag-gps-fr","22":"product_tag-localisateur-durgence","23":"product_tag-plb-fr","24":"product_tag-plb-200-fr","25":"product_tag-plb-201-fr","26":"pa_product-heritage","28":"first","29":"outofstock","30":"taxable","31":"shipping-taxable","32":"product-type-simple"},"acf":[],"_links":{"self":[{"href":"https:\/\/www.acrartex.com\/fr\/wp-json\/wp\/v2\/product\/157502","targetHints":{"allow":["GET"]}}],"collection":[{"href":"https:\/\/www.acrartex.com\/fr\/wp-json\/wp\/v2\/product"}],"about":[{"href":"https:\/\/www.acrartex.com\/fr\/wp-json\/wp\/v2\/types\/product"}],"wp:featuredmedia":[{"embeddable":true,"href":"https:\/\/www.acrartex.com\/fr\/wp-json\/wp\/v2\/media\/157518"}],"wp:attachment":[{"href":"https:\/\/www.acrartex.com\/fr\/wp-json\/wp\/v2\/media?parent=157502"}],"wp:term":[{"taxonomy":"product_brand","embeddable":true,"href":"https:\/\/www.acrartex.com\/fr\/wp-json\/wp\/v2\/product_brand?post=157502"},{"taxonomy":"product_cat","embeddable":true,"href":"https:\/\/www.acrartex.com\/fr\/wp-json\/wp\/v2\/product_cat?post=157502"},{"taxonomy":"product_tag","embeddable":true,"href":"https:\/\/www.acrartex.com\/fr\/wp-json\/wp\/v2\/product_tag?post=157502"}],"curies":[{"name":"wp","href":"https:\/\/api.w.org\/{rel}","templated":true}]}}