{"id":157384,"date":"2021-08-04T17:12:58","date_gmt":"2021-08-04T22:12:58","guid":{"rendered":"https:\/\/www.acrartex.com\/products\/personal-locator-beacon-resqfix-plb-300\/"},"modified":"2021-08-04T17:12:58","modified_gmt":"2021-08-04T22:12:58","slug":"personal-locator-beacon-resqfix-plb-300","status":"publish","type":"product","link":"https:\/\/www.acrartex.com\/fr\/products\/personal-locator-beacon-resqfix-plb-300\/","title":{"rendered":"Personal Locator Beacon ResQFix\u2122 PLB -300"},"content":{"rendered":"<p><a href=\"https:\/\/www.acrartex.com\/nl\/products\/resqlink-400-personal-locator-beacon\/\"><em><strong>Ce produit a \u00e9t\u00e9 mis \u00e0 niveau.<\/strong><\/em><\/a><\/p>\n<p>Transmet sur 406 MHz via le syst\u00e8me satellite COSPAS-SARSAT avec votre signal de d\u00e9tresse enregistr\u00e9, unique et cod\u00e9 num\u00e9riquement et 121,5 MHz (fr\u00e9quence de localisation SAR).<\/p>\n<p>GPS parall\u00e8le \u00e0 16 canaux embarqu\u00e9 acquiert puis transmet les LAT\/LON lorsque l&#8217;appareil est activ\u00e9, ce qui permet de gagner un temps pr\u00e9cieux pour que votre message de d\u00e9tresse atteigne les centres de secours locaux et de fournir aux agences de secours votre position exacte \u00e0 moins de 110 m\u00e8tres (100 m\u00e8tres).<\/p>\n<p>Facilement transportable dans un sac ou une poche; assez petit pour \u00eatre port\u00e9 par les skieurs, les randonneurs, les chasseurs, les kayakistes, les grimpeurs, les pilotes, les motoneigistes ou tout autre amateur de plein air.<\/p>\n","protected":false},"excerpt":{"rendered":"<p><b><i>Ce produit a \u00e9t\u00e9 mis \u00e0 niveau. <a href=\"https:\/\/www.acrartex.com\/products\/resqlink-400\/\">Cliquez ici<\/a> pour d\u00e9couvrir les mises \u00e0 niveau disponibles.<\/i><\/b><\/p>\n<p>Des accidents se produisent tous les jours, que vous soyez en mission dangereuse, que vous travailliez en zone recul\u00e9e ou que vous campiez ou chassiez simplement en pleine nature. En pleine nature, un accident banal peut instantan\u00e9ment mettre votre vie en danger, et les secours peuvent prendre des jours, voire des semaines, si vous n&#8217;\u00eates pas pr\u00e9par\u00e9. <\/p>\n<p>Mettez la puissance au creux de votre main avec Personal Locator Beacon ( PLB ) ResQFix 406. Transformez une situation de danger vital en sauvetage r\u00e9ussi. Il suffit d&#8217;appuyer sur un bouton et, gr\u00e2ce \u00e0 son GPS interne, le ResQFix acquiert votre position GPS et la transmet, accompagn\u00e9e de votre code d&#8217;identification personnalis\u00e9, via le syst\u00e8me mondial de satellites COSPASSARSAT, alertant instantan\u00e9ment les \u00e9quipes de recherche et de sauvetage de votre besoin d&#8217;aide imm\u00e9diat&nbsp;!  <\/p>\n<p>Il s\u2019agit d\u2019un syst\u00e8me humanitaire mondial de sauvetage de vies qui a sauv\u00e9 plus de 30 000 vies, financ\u00e9 par vos imp\u00f4ts, sans frais d\u2019abonnement co\u00fbteux.<\/p>\n<p>Soyez responsable, soyez pr\u00e9par\u00e9, soyez en s\u00e9curit\u00e9.<\/p>\n","protected":false},"featured_media":157396,"template":"","meta":{"_acf_changed":false,"om_disable_all_campaigns":false},"product_brand":[],"product_cat":[5721],"product_tag":[13269,13271,13264,9425,6846,13255,13267,13258,13261,9415,9426],"class_list":{"0":"post-157384","1":"product","2":"type-product","3":"status-publish","4":"has-post-thumbnail","6":"product_cat-marin-fr","7":"product_tag-2897-fr","8":"product_tag-2897nh-fr","9":"product_tag-acr-resqfix-fr","10":"product_tag-cospas-fr","11":"product_tag-cospas-sarsat-fr","12":"product_tag-plb-300-fr","13":"product_tag-plb-resqfix","14":"product_tag-plb300-fr","15":"product_tag-resqfix-fr","16":"product_tag-sarsat-fr","17":"product_tag-sarsat-cospas-fr","18":"pa_product-heritage","20":"first","21":"outofstock","22":"taxable","23":"shipping-taxable","24":"product-type-simple"},"acf":[],"_links":{"self":[{"href":"https:\/\/www.acrartex.com\/fr\/wp-json\/wp\/v2\/product\/157384","targetHints":{"allow":["GET"]}}],"collection":[{"href":"https:\/\/www.acrartex.com\/fr\/wp-json\/wp\/v2\/product"}],"about":[{"href":"https:\/\/www.acrartex.com\/fr\/wp-json\/wp\/v2\/types\/product"}],"wp:featuredmedia":[{"embeddable":true,"href":"https:\/\/www.acrartex.com\/fr\/wp-json\/wp\/v2\/media\/157396"}],"wp:attachment":[{"href":"https:\/\/www.acrartex.com\/fr\/wp-json\/wp\/v2\/media?parent=157384"}],"wp:term":[{"taxonomy":"product_brand","embeddable":true,"href":"https:\/\/www.acrartex.com\/fr\/wp-json\/wp\/v2\/product_brand?post=157384"},{"taxonomy":"product_cat","embeddable":true,"href":"https:\/\/www.acrartex.com\/fr\/wp-json\/wp\/v2\/product_cat?post=157384"},{"taxonomy":"product_tag","embeddable":true,"href":"https:\/\/www.acrartex.com\/fr\/wp-json\/wp\/v2\/product_tag?post=157384"}],"curies":[{"name":"wp","href":"https:\/\/api.w.org\/{rel}","templated":true}]}}