{"id":157375,"date":"2021-08-04T18:10:30","date_gmt":"2021-08-04T23:10:30","guid":{"rendered":"https:\/\/www.acrartex.com\/products\/pathfinder3-sart\/"},"modified":"2021-08-04T18:10:30","modified_gmt":"2021-08-04T23:10:30","slug":"pathfinder3-sart","status":"publish","type":"product","link":"https:\/\/www.acrartex.com\/fr\/products\/pathfinder3-sart\/","title":{"rendered":"Pathfinder3 SART"},"content":{"rendered":"<p><a href=\"https:\/\/www.acrartex.com\/no\/products\/pathfinder-pro-sart\/\"><b>Ce produit a \u00e9t\u00e9 mis \u00e0 niveau.<\/b><\/a><\/p>\n<ul>\n<li>Unit\u00e9 compacte se range facilement dans un radeau de sauvetage<\/li>\n<li>Support de montage \u00e0 d\u00e9gagement rapide inclus<\/li>\n<li>Dur\u00e9e de vie op\u00e9rationnelle : 96 heures en mode veille ; plus de 8 heures en mode op\u00e9rationnel<\/li>\n<li>Bo\u00eetier en polystyr\u00e8ne r\u00e9sistant aux chocs con\u00e7u pour r\u00e9sister aux environnements difficiles<\/li>\n<li>Comprend une longe de 10 m (33 pi) pour la s\u00e9curit\u00e9 et un poteau pliable, tous deux rang\u00e9s \u00e0 l&#8217;int\u00e9rieur du SART<\/li>\n<li>\u00c9tanche jusqu&#8217;\u00e0 10 m (33 pi)<\/li>\n<li>Batterie au lithium longue dur\u00e9e, s\u00fbre pour le transport (dur\u00e9e de vie de remplacement de 5 ans) (2714NH uniquement)<\/li>\n<li>Certification mondiale ; conforme aux normes GMDSS, IEC, IMO\/SOLAS 88, ETSI 300 151 et RTCM, approuv\u00e9 FCC, MED<\/li>\n<\/ul>\n","protected":false},"excerpt":{"rendered":"<p><strong>Ce produit a \u00e9t\u00e9 mis \u00e0 niveau. <a href=\"https:\/\/www.acrartex.com\/products\/pathfinder-pro-sart\/\">Cliquez ici<\/a> pour consulter les mises \u00e0 niveau disponibles.<\/strong><\/p>\n<p>Interrog\u00e9 par radar, cet appareil \u00e9met 12 signaux radar intenses, am\u00e9liorant consid\u00e9rablement les op\u00e9rations de recherche et de sauvetage. De fait, un transpondeur de recherche et de sauvetage est obligatoire pour tous les navires commerciaux soumis au SMDSM et pour tout navire transportant plus d&#8217;un radeau de sauvetage. Le mode de test ACR exclusif fournit un retour visuel et sonore confirmant l&#8217;\u00e9tat op\u00e9rationnel.  <\/p>\n<p>&nbsp;<\/p>\n<p><a href=\"https:\/\/www.acrartex.com\/products\/pathfinder-pro-sart\/\"><strong>Ce produit n&#8217;est PAS disponible pour la vente en ligne.  <\/strong><\/a><\/p>\n<p>&nbsp;<\/p>\n","protected":false},"featured_media":157423,"template":"","meta":{"_acf_changed":false,"om_disable_all_campaigns":false},"product_brand":[],"product_cat":[5950,5721,5948],"product_tag":[13289,13293,13235,13276,13231,13244,13273,13259,13247,13252,13268,13250,13280,13284,13223,13240,13272,13256,13265,13262,13227,13249,13270],"class_list":{"0":"post-157375","1":"product","2":"type-product","3":"status-publish","4":"has-post-thumbnail","6":"product_cat-commercial-fr","7":"product_cat-marin-fr","8":"product_cat-offshore-fr","9":"product_tag-2714-fr","10":"product_tag-2714nh-fr","11":"product_tag-acr-sart-fr","12":"product_tag-approbations-de-depart","13":"product_tag-batterie-sart","14":"product_tag-debut-de-lautomne","15":"product_tag-exigences-de-depart","16":"product_tag-gmdss-sart-fr","17":"product_tag-jotron-sart-fr","18":"product_tag-jotron-tron-sart-fr","19":"product_tag-marin-sart","20":"product_tag-mcmurdo-sart-fr","21":"product_tag-pathfinder-2","22":"product_tag-pathfinder-3","23":"product_tag-sart-fr","24":"product_tag-sart-fiv","25":"product_tag-sart-gmdss-fr","26":"product_tag-test-sart-fr","27":"product_tag-tester-sart-fr","28":"product_tag-testeur-sart","29":"product_tag-transpondeur-sart","30":"product_tag-tron-sart-fr","31":"product_tag-tron-sart-20-fr","32":"pa_product-heritage","34":"first","35":"outofstock","36":"taxable","37":"shipping-taxable","38":"product-type-simple"},"acf":[],"_links":{"self":[{"href":"https:\/\/www.acrartex.com\/fr\/wp-json\/wp\/v2\/product\/157375","targetHints":{"allow":["GET"]}}],"collection":[{"href":"https:\/\/www.acrartex.com\/fr\/wp-json\/wp\/v2\/product"}],"about":[{"href":"https:\/\/www.acrartex.com\/fr\/wp-json\/wp\/v2\/types\/product"}],"wp:featuredmedia":[{"embeddable":true,"href":"https:\/\/www.acrartex.com\/fr\/wp-json\/wp\/v2\/media\/157423"}],"wp:attachment":[{"href":"https:\/\/www.acrartex.com\/fr\/wp-json\/wp\/v2\/media?parent=157375"}],"wp:term":[{"taxonomy":"product_brand","embeddable":true,"href":"https:\/\/www.acrartex.com\/fr\/wp-json\/wp\/v2\/product_brand?post=157375"},{"taxonomy":"product_cat","embeddable":true,"href":"https:\/\/www.acrartex.com\/fr\/wp-json\/wp\/v2\/product_cat?post=157375"},{"taxonomy":"product_tag","embeddable":true,"href":"https:\/\/www.acrartex.com\/fr\/wp-json\/wp\/v2\/product_tag?post=157375"}],"curies":[{"name":"wp","href":"https:\/\/api.w.org\/{rel}","templated":true}]}}