{"id":157262,"date":"2022-02-07T16:20:41","date_gmt":"2022-02-07T21:20:41","guid":{"rendered":"https:\/\/www.acrartex.com\/products\/elt-4000s\/"},"modified":"2022-02-07T16:20:41","modified_gmt":"2022-02-07T21:20:41","slug":"elt-4000s","status":"publish","type":"product","link":"https:\/\/www.acrartex.com\/fr\/products\/elt-4000s\/","title":{"rendered":"ELT 4000S"},"content":{"rendered":"<p><strong>Pr\u00e9sentation du produit<\/strong><\/p>\n<p>L&#8217; ARTEX <a href=\"https:\/\/www.acrartex.com\/fr\/news\/artex-lance-le-emergency-locator-transmitter-de-survie-sans-lithium-de-nouvelle-generation\/\">ELT 4000S est une balise de d\u00e9tresse portable de survie ( ELT )<\/a> \u00e9mettant sur 121,5 et 406 MHz. Elle est exempt\u00e9e des exigences des normes TSO C142 et DO-227 gr\u00e2ce \u00e0 son syst\u00e8me innovant d&#8217;alimentation par pile alcaline. Bas\u00e9 sur le syst\u00e8me ARTEX ELT 4000, cet \u00e9metteur ELT b\u00e9n\u00e9ficie de la toute derni\u00e8re technologie d&#8217;\u00e9metteur ELT avec une batterie sans lithium int\u00e9gr\u00e9e \u00e0 une balise de survie, permettant ainsi aux op\u00e9rateurs d&#8217;\u00e9conomiser les frais d&#8217;exp\u00e9dition de mati\u00e8res dangereuses. L&#8217; ARTEX ELT 4000S est flottant et s&#8217;active automatiquement lorsqu&#8217;il est d\u00e9ploy\u00e9 dans l&#8217;eau. Un interrupteur d&#8217;activation manuel est \u00e9galement inclus pour une utilisation terrestre. Un GPS interne (GNSS) acquiert les donn\u00e9es de position pour les int\u00e9grer \u00e0 la transmission 406 MHz, et une longe permet de l&#8217;attacher \u00e0 un radeau de sauvetage.    <\/p>\n<p><iframe loading=\"lazy\" title=\"ARTEX ELT 4000S Portable Emergency Locator Transmitter\" width=\"500\" height=\"281\" src=\"https:\/\/www.youtube.com\/embed\/KBgLQOc3Xag?feature=oembed\" frameborder=\"0\" allow=\"accelerometer; autoplay; clipboard-write; encrypted-media; gyroscope; picture-in-picture; web-share\" referrerpolicy=\"strict-origin-when-cross-origin\" allowfullscreen><\/iframe><\/p>\n<p>L&#8217; ARTEX ELT 4000S est dot\u00e9 d&#8217;un syst\u00e8me de test facile \u00e0 lire gr\u00e2ce \u00e0 deux voyants LED. Un voyant vert indique la r\u00e9ussite de l&#8217;autotest. La longe de 4,5 m est soigneusement rang\u00e9e dans le bo\u00eetier sup\u00e9rieur et l&#8217;antenne pliable est s\u00e9curis\u00e9e et peut \u00eatre d\u00e9ploy\u00e9e d&#8217;une seule main.   <\/p>\n<p>Le syst\u00e8me de montage homologu\u00e9 TSO permet un largage multi-axes, offrant ainsi une grande flexibilit\u00e9 d&#8217;installation. Un syst\u00e8me de batterie rempla\u00e7able par l&#8217;utilisateur permet une maintenance sous l&#8217;aile, r\u00e9duisant ainsi les co\u00fbts d&#8217;exploitation. <\/p>\n<p><strong>Caract\u00e9ristiques du produit<\/strong><\/p>\n<ul>\n<li>Approuv\u00e9 par la FAA et l&#8217;EASA<\/li>\n<li>Conception robuste avec flottabilit\u00e9 int\u00e9gr\u00e9e (pas de collier de flotteur)<\/li>\n<li>GPS int\u00e9gr\u00e9<\/li>\n<li>Pile alcaline (exempt\u00e9e des exigences TSO C142 et DO-227)<\/li>\n<li>Syst\u00e8me de piles alcalines rempla\u00e7ables par l&#8217;utilisateur pendant cinq ans (sur l&#8217;aile)<\/li>\n<li>Conditions sp\u00e9ciales exempt\u00e9es, pas d&#8217;exp\u00e9dition de mati\u00e8res dangereuses<\/li>\n<li>Support simple pour un d\u00e9ploiement facile d&#8217;une seule main<\/li>\n<li>Compatible avec les programmateurs portables ARTEX existants<\/li>\n<li>Configurations de support gaucher et droitier disponibles<\/li>\n<\/ul>\n<p>Vous souhaitez en savoir plus sur <a href=\"http:\/\/www.gadss.com\">GADSS.com<\/a><\/p>\n","protected":false},"excerpt":{"rendered":"<p>L&#8217; ARTEX ELT 4000S est une ELT d\u00e9tresse portable de survie (S) homologu\u00e9e par la FAA et l&#8217;EASA, qui \u00e9met sur 121,5 et 406 MHz. Bas\u00e9 sur le syst\u00e8me ARTEX ELT 4000, l&#8217;\u00e9metteur ELT b\u00e9n\u00e9ficie de la toute derni\u00e8re technologie d&#8217;\u00e9metteur ELT avec batterie sans lithium pour balise de survie, exempt\u00e9e des homologations TSO C142 et DO-227. L&#8217; ARTEX ELT 4000S est flottant et s&#8217;active automatiquement lorsqu&#8217;il est d\u00e9ploy\u00e9 dans l&#8217;eau. Un interrupteur d&#8217;activation manuel est \u00e9galement inclus pour une utilisation terrestre. Un GPS interne (GNSS) acquiert les donn\u00e9es de position pour les int\u00e9grer \u00e0 la transmission 406 MHz, et une longe permet de l&#8217;attacher \u00e0 un radeau de sauvetage.    <\/p>\n<p>&nbsp;<\/p>\n","protected":false},"featured_media":27655,"template":"","meta":{"_acf_changed":false,"om_disable_all_campaigns":false},"product_brand":[],"product_cat":[5628,8483,5961],"product_tag":[13047,13045,13043,8863],"class_list":{"0":"post-157262","1":"product","2":"type-product","3":"status-publish","4":"has-post-thumbnail","6":"product_cat-aviation-fr","7":"product_cat-avions-commerciaux","8":"product_cat-jet-daffaires","9":"product_tag-do-227a-fr","10":"product_tag-elt-4000s-fr","11":"product_tag-elt-de-survie","12":"product_tag-elt-portable","13":"pa_aircraft-type-avions-de-ligne","14":"pa_aircraft-type-gros-jets","15":"pa_aircraft-type-jets-de-taille-moyenne","16":"pa_aircraft-type-multimoteur","18":"first","19":"instock","20":"taxable","21":"shipping-taxable","22":"product-type-simple"},"acf":[],"_links":{"self":[{"href":"https:\/\/www.acrartex.com\/fr\/wp-json\/wp\/v2\/product\/157262","targetHints":{"allow":["GET"]}}],"collection":[{"href":"https:\/\/www.acrartex.com\/fr\/wp-json\/wp\/v2\/product"}],"about":[{"href":"https:\/\/www.acrartex.com\/fr\/wp-json\/wp\/v2\/types\/product"}],"wp:featuredmedia":[{"embeddable":true,"href":"https:\/\/www.acrartex.com\/fr\/wp-json\/wp\/v2\/media\/27655"}],"wp:attachment":[{"href":"https:\/\/www.acrartex.com\/fr\/wp-json\/wp\/v2\/media?parent=157262"}],"wp:term":[{"taxonomy":"product_brand","embeddable":true,"href":"https:\/\/www.acrartex.com\/fr\/wp-json\/wp\/v2\/product_brand?post=157262"},{"taxonomy":"product_cat","embeddable":true,"href":"https:\/\/www.acrartex.com\/fr\/wp-json\/wp\/v2\/product_cat?post=157262"},{"taxonomy":"product_tag","embeddable":true,"href":"https:\/\/www.acrartex.com\/fr\/wp-json\/wp\/v2\/product_tag?post=157262"}],"curies":[{"name":"wp","href":"https:\/\/api.w.org\/{rel}","templated":true}]}}