{"id":157120,"date":"2021-09-23T20:05:44","date_gmt":"2021-09-24T01:05:44","guid":{"rendered":"https:\/\/www.acrartex.com\/products\/personal-locator-beacon-resqlink-view-rls\/"},"modified":"2026-01-13T14:40:38","modified_gmt":"2026-01-13T19:40:38","slug":"personal-locator-beacon-resqlink-view-rls","status":"publish","type":"product","link":"https:\/\/www.acrartex.com\/fr\/products\/personal-locator-beacon-resqlink-view-rls\/","title":{"rendered":"Personal Locator Beacon ResQLink \u2122 View RLS"},"content":{"rendered":"<p>Petit mais robuste, le ResQLink View RLS a \u00e9t\u00e9 con\u00e7u et test\u00e9 par des professionnels pour garantir sa r\u00e9sistance aux \u00e9l\u00e9ments les plus rudes. Cette Personal Locator Beacon flottante ne n\u00e9cessite aucun abonnement, dispose d&#8217;un \u00e9cran num\u00e9rique indiquant l&#8217;\u00e9tat en temps r\u00e9el et les coordonn\u00e9es GPS , et int\u00e8gre la nouvelle fonctionnalit\u00e9 Return Link Service ( RLS ). Balises avec RLS    <span lang=\"EN-GB\">Confirmer \u00e0 l&#8217;utilisateur que le message de d\u00e9tresse de sa balise a bien \u00e9t\u00e9 re\u00e7u et que sa position a \u00e9t\u00e9 d\u00e9tect\u00e9e. RLS fonctionne en renvoyant un signal via le r\u00e9seau satellitaire Cospas Sarsat pour confirmer \u00e0 l&#8217;utilisateur que le message de d\u00e9tresse a bien \u00e9t\u00e9 re\u00e7u et que sa position a \u00e9t\u00e9 d\u00e9tect\u00e9e. La confirmation de l&#8217;utilisateur est clairement indiqu\u00e9e par un voyant bleu clignotant et un message de confirmation correspondant sur l&#8217;\u00e9cran num\u00e9rique.  <\/span><\/p>\n<p><a href=\"https:\/\/www.acrartex.com\/fr\/news\/acr-electronics-remporte-le-prix-dame-pour-return-link-service-resqlink-view-personal-locator-beacon\/\" rel=\"attachment wp-att-26076\"><img loading=\"lazy\" decoding=\"async\" class=\"size-medium wp-image-26076 alignright\" src=\"https:\/\/www.acrartex.com\/wp-content\/uploads\/2021\/11\/dame-design-award-logo-vector-300x167.png\" alt=\"ResQLink View RLS a remport\u00e9 le prix Dame 2021\" width=\"300\" height=\"167\" srcset=\"https:\/\/www.acrartex.com\/wp-content\/uploads\/2021\/11\/dame-design-award-logo-vector-300x167.png 300w, https:\/\/www.acrartex.com\/wp-content\/uploads\/2021\/11\/dame-design-award-logo-vector-768x427.png 768w, https:\/\/www.acrartex.com\/wp-content\/uploads\/2021\/11\/dame-design-award-logo-vector-600x333.png 600w, https:\/\/www.acrartex.com\/wp-content\/uploads\/2021\/11\/dame-design-award-logo-vector.png 900w\" sizes=\"auto, (max-width: 300px) 100vw, 300px\" \/><\/a><\/p>\n<p>Dot\u00e9 de trois niveaux de technologie de signal int\u00e9gr\u00e9 \u2013 positionnement GPS , puissant signal 406 MHz et fonction de radioguidage 121,5 MHz \u2013 le ResQLink View RLS transmet rapidement et pr\u00e9cis\u00e9ment votre position \u00e0 un r\u00e9seau mondial de satellites de recherche et de sauvetage. De plus, un stroboscope et un stroboscope infrarouge int\u00e9gr\u00e9s facilitent les sauvetages de nuit ou par faible visibilit\u00e9. Que ce soit sur terre, en mer ou dans les airs, la pr\u00e9cision satellitaire et la robustesse militaire du ResQLink vous permettent de mener \u00e0 bien vos op\u00e9rations de sauvetage.  <\/p>\n<p>&nbsp;<\/p>\n<p>O\u00f9 que vous m\u00e8ne votre aventure, que ce soit vers les plus hauts sommets, les contr\u00e9es les plus recul\u00e9es ou les oc\u00e9ans les plus vastes, soyez assur\u00e9 que le ResQLink View RLS s&#8217;active toujours facilement. D\u00e9ployez simplement l&#8217;antenne, appuyez sur le bouton de mise en marche et la balise vous confirmera la r\u00e9ception de votre message de d\u00e9tresse et la d\u00e9tection de votre position, tout en guidant facilement les sauveteurs \u00e0 moins de 100 m\u00e8tres de votre position. B\u00e9n\u00e9ficiez d&#8217;une tranquillit\u00e9 d&#8217;esprit accrue gr\u00e2ce \u00e0 l&#8217;\u00e9cran num\u00e9rique int\u00e9gr\u00e9 qui affiche en temps r\u00e9el l&#8217;\u00e9tat de la balise et les coordonn\u00e9es GPS tout au long du sauvetage.  <\/p>\n<p>&nbsp;<\/p>\n<p>Gr\u00e2ce \u00e0 des \u00e9l\u00e9ments de conception innovants, des clips multifonctions peuvent \u00eatre utilis\u00e9s avec la balise, offrant ainsi de nombreuses options de portage pour une vari\u00e9t\u00e9 d&#8217;applications. La facilit\u00e9 d&#8217;int\u00e9gration du ResQLink View sur vous ou avec votre \u00e9quipement rend vos aventures non seulement plus s\u00fbres, mais aussi plus pratiques. <\/p>\n<p>&nbsp;<\/p>\n<p>Tout en conservant la m\u00eame fiabilit\u00e9 et la m\u00eame robustesse que ses pr\u00e9d\u00e9cesseurs, le ResQLink View RLS est \u00e9galement con\u00e7u pour le confort. Sachez que votre message de d\u00e9tresse a \u00e9t\u00e9 re\u00e7u et que votre position a \u00e9t\u00e9 d\u00e9tect\u00e9e. Leader des produits de sauvetage pour les professionnels et les loisirs, ACR offre une s\u00e9curit\u00e9 et une tranquillit\u00e9 d&#8217;esprit in\u00e9gal\u00e9es avec la Personal Locator Beacon ResQLink View RLS .  <\/p>\n<p>&nbsp;<\/p>\n<p><b>Caract\u00e9ristiques et avantages :<\/b><\/p>\n<ul>\n<li>Aucun abonnement requis<\/li>\n<li>Affichage num\u00e9rique<\/li>\n<li>Fonctionnalit\u00e9 Return Link Service ( RLS )<\/li>\n<li><a name=\"_Hlk2671037\" data-cke-saved-name=\"_Hlk2671037\"><\/a>GPS | Galileo GNSS<\/li>\n<li>Flottabilit\u00e9 int\u00e9gr\u00e9e<\/li>\n<li>Stroboscope et stroboscope infrarouge<\/li>\n<li>Couverture mondiale<\/li>\n<li>Compatible MEOSAR<\/li>\n<li>Petit et l\u00e9ger<\/li>\n<li>Dur\u00e9e de vie de la batterie de 5 ans<\/li>\n<li>Dur\u00e9e de vie op\u00e9rationnelle de 28 heures**<\/li>\n<li>Syst\u00e8me de clip multifonction inclus<\/li>\n<li>Skins ACR exclusifs inclus avec l&#8217;achat (personnalisez votre balise et adaptez-la \u00e0 votre style de vie et \u00e0 vos activit\u00e9s pr\u00e9f\u00e9r\u00e9es)<\/li>\n<\/ul>\n<p>**Bas\u00e9 sur un rapport de test d&#8217;un laboratoire accr\u00e9dit\u00e9<\/p>\n<p>&nbsp;<\/p>\n<p>La liste compl\u00e8te des pays qui ont approuv\u00e9 la vente et l&#8217;utilisation RLS sur leur territoire est disponible sur ce lien <span lang=\"PT-BR\">:<\/span> <a href=\"https:\/\/cospas-sarsat.int\/en\/beacon-ownership\/rls-enabled-beacon-purchase\"><span lang=\"PT-BR\">https:\/\/cospas-sarsat.int\/en\/beacon-ownership\/rls-enabled-beacon-purchase<\/span><\/a><\/p>\n<p class=\"Paragraph1\" align=\"left\"><span lang=\"PT-BR\">Il peut y avoir un retard dans l&#8217;information des pays Cospas-Sarsat , de sorte que de nombreux pays ne figurant pas sur la liste ci-dessus peuvent \u00e9galement autoriser les balises compatibles RLS<\/span><span lang=\"PT-BR\">. Cospas-Sarsat recommande de v\u00e9rifier directement aupr\u00e8s des autorit\u00e9s nationales\/territoriales les derni\u00e8res informations sur ce qui est autoris\u00e9.<\/span><\/p>\n<p class=\"Paragraph1\" align=\"left\"><i><span lang=\"PT-BR\">* L&#8217;USCG peut \u00eatre contact\u00e9e ici<\/span><\/i> <a href=\"https:\/\/www.dco.uscg.mil\/Our-Organization\/Assistant-Commandant-for-Response-Policy-CG-5R\/Office-of-Incident-Management-Preparedness-CG-5RI\/US-Coast-Guard-Office-of-Search-and-Rescue-CG-SAR\/NSARC\/\"><i>https:\/\/www.dco.uscg.mil\/Our-Organization\/Assistant-Commandant-for-Response-Policy-CG-5R\/Office-of-Incident-Management-Preparedness-CG-5RI\/US-Coast-Guard-Office-of-Search-and-Rescue-CG-SAR\/NSARC\/<\/i><\/a><\/p>\n<p class=\"Paragraph1\" align=\"left\"><i><span lang=\"PT-BR\">** La NOAA peut <strong>\u00eatre<\/strong> contact\u00e9e ici<\/span><\/i> <a href=\"https:\/\/www.sarsat.noaa.gov\/\"><i>https:\/\/www.sarsat.noaa.gov\/<\/i><\/a><\/p>\n<p><strong>2332&nbsp;: Kit de s\u00e9curit\u00e9 ResQlink VIEW RLS PLB<\/strong> | Ce kit comprend les \u00e9l\u00e9ments suivants&nbsp;:<\/p>\n<ul>\n<li>Personal Locator Beacon ResQLink VIEW RLS \u2122 (programm\u00e9e aux \u00c9tats-Unis uniquement)<\/li>\n<li>Lampe de secours C-Strobe\u2122 H2O \u2013 <a href=\"https:\/\/www.acrartex.com\/products\/c-strobe-h20\">En savoir plus<\/a><\/li>\n<li>Sifflet Res-Q\u2122 \u2013 <a href=\"https:\/\/www.acrartex.com\/fr\/products\/sifflet-ww-3-resq\/\">En savoir plus<\/a><\/li>\n<li>Sac \u00e9tanche RapidDitch<\/li>\n<li>Miroir de signalisation<\/li>\n<\/ul>\n<p>&nbsp;<\/p>\n<p><strong>2333&nbsp;: ResQLink VIEW RLS PLB + kit de s\u00e9curit\u00e9 ResQFlare<\/strong> | Ce kit comprend les produits de survie essentiels suivants&nbsp;:<\/p>\n<ul>\n<li>Personal Locator Beacon ResQLink View RLS (programm\u00e9e aux \u00c9tats-Unis uniquement)<\/li>\n<li>Fus\u00e9e de d\u00e9tresse \u00e9lectronique ResQFlare<\/li>\n<li>Lampe de sauvetage C-Strobe H2O<\/li>\n<li>Miroir de signalisation<\/li>\n<li>Sifflet Res-Q\u2122<\/li>\n<li>Sac \u00e9tanche RapidDitch<\/li>\n<\/ul>\n","protected":false},"excerpt":{"rendered":"<p>Petit mais robuste, le ResQLink View RLS a \u00e9t\u00e9 con\u00e7u et test\u00e9 par des professionnels pour garantir sa r\u00e9sistance aux conditions climatiques les plus difficiles. Cette Personal Locator Beacon flottante ne n\u00e9cessite aucun abonnement et dispose d&#8217;un \u00e9cran num\u00e9rique affichant les mises \u00e0 jour de statut en temps r\u00e9el. Gr\u00e2ce \u00e0 la nouvelle fonctionnalit\u00e9 Return Link Service ( RLS ), cette balise ACR vous assure la tranquillit\u00e9 d&#8217;esprit&nbsp;: votre message de d\u00e9tresse a \u00e9t\u00e9 re\u00e7u et votre position d\u00e9tect\u00e9e. <\/p>\n<p>&nbsp;<\/p>\n<p><b>Caract\u00e9ristiques et avantages :<\/b><\/p>\n<ul>\n<li>Aucun abonnement requis<\/li>\n<li>Affichage num\u00e9rique<\/li>\n<li>Fonctionnalit\u00e9 Return Link Service ( RLS )<\/li>\n<li><a name=\"_Hlk2671037\" data-cke-saved-name=\"_Hlk2671037\"><\/a>GPS | Galileo GNSS<\/li>\n<li>Flottabilit\u00e9 int\u00e9gr\u00e9e<\/li>\n<li>Stroboscope et stroboscope infrarouge<\/li>\n<li>Couverture mondiale<\/li>\n<li>Compatible MEOSAR<\/li>\n<li>Petit et l\u00e9ger<\/li>\n<li>Dur\u00e9e de vie de la batterie de 5 ans<\/li>\n<li>Dur\u00e9e de vie op\u00e9rationnelle de 28 heures**<\/li>\n<li>Syst\u00e8me de clip multifonction inclus<\/li>\n<li>Skins ACR exclusifs inclus avec l&#8217;achat (personnalisez votre balise et adaptez-la \u00e0 votre style de vie et \u00e0 vos activit\u00e9s pr\u00e9f\u00e9r\u00e9es)<\/li>\n<\/ul>\n<p>**Bas\u00e9 sur un rapport de test d&#8217;un laboratoire accr\u00e9dit\u00e9<\/p>\n<p>&nbsp;<\/p>\n<p><a href=\"https:\/\/www.dropbox.com\/s\/8343nj28z0d7bxa\/Prop%2065%20-%20BPA.pdf?dl=0\" data-cke-saved-href=\"https:\/\/www.dropbox.com\/s\/8343nj28z0d7bxa\/Prop%2065%20-%20BPA.pdf?dl=0\">AVERTISSEMENT : PROPOSITION 65<\/a><\/p>\n","protected":false},"featured_media":88825,"template":"","meta":{"_acf_changed":false,"om_disable_all_campaigns":false},"product_brand":[],"product_cat":[5950,5787,5944,5721,5948,12145,5946,5952,5954,5958],"product_tag":[5637,6246,8113,6249,5794,11556,6846,5797,5789,5971,12969,12966,12972],"class_list":{"0":"post-157120","1":"product","2":"type-product","3":"status-publish","4":"has-post-thumbnail","6":"product_cat-commercial-fr","7":"product_cat-de-plein-air","8":"product_cat-interieur","9":"product_cat-marin-fr","10":"product_cat-offshore-fr","11":"product_cat-personal-locator-beacon-fr","12":"product_cat-pres-du-rivage","13":"product_cat-randonnee-escalade-camp","14":"product_cat-sport-daction-tout-terrain","15":"product_cat-sports-de-pagaie-peche","16":"product_tag-406-fr","17":"product_tag-406-mhz-fr","18":"product_tag-acr-fr","19":"product_tag-balise","20":"product_tag-balise-de-localisation-personnelle","21":"product_tag-balise-de-localisation-personnelle-acr","22":"product_tag-cospas-sarsat-fr","23":"product_tag-gps-fr","24":"product_tag-plb-fr","25":"product_tag-resqlink-fr","26":"product_tag-return-link-service-fr","27":"product_tag-rls-fr-2","28":"product_tag-view-resqlink-rls","29":"pa_activity-camping-fr","30":"pa_activity-cross-country-fr","31":"pa_activity-escalade","32":"pa_activity-motoneige","33":"pa_activity-peche","34":"pa_activity-randonnee","35":"pa_activity-ski-snowboard-fr","36":"pa_activity-sports-de-pagaie","37":"pa_activity-tout-terrain-4x4","38":"pa_activity-velo","39":"pa_aircraft-type-avion-de-ligne","40":"pa_aircraft-type-experimental-fr","41":"pa_aircraft-type-gros-jets","42":"pa_aircraft-type-jets-de-taille-moyenne","43":"pa_aircraft-type-jets-legers","44":"pa_aircraft-type-moteur-unique","45":"pa_aircraft-type-multimoteur","46":"pa_aircraft-type-rotocraft-fr","47":"pa_aircraft-type-turbopropulseur","48":"pa_boat-size-0-20-fr","49":"pa_boat-size-21-40-fr","50":"pa_boat-size-40-80-fr","51":"pa_boat-size-80-fr","52":"pa_boat-type-bateau-a-moteur","53":"pa_boat-type-cargo","54":"pa_boat-type-location-de-yacht","55":"pa_boat-type-peche-commerciale","56":"pa_boat-type-remorqueur","57":"pa_boat-type-sportcraft-fr","58":"pa_boat-type-voilier","59":"pa_boat-type-yacht-fr","60":"pa_product-rescue-beacons-fr","61":"pa_terrain-colline-et-montagne","62":"pa_terrain-foret-et-jungle","63":"pa_terrain-rivieres-zones-humides-lacs","64":"pa_terrain-toundra","66":"first","67":"instock","68":"taxable","69":"shipping-taxable","70":"purchasable","71":"product-type-variable","72":"has-default-attributes"},"acf":[],"_links":{"self":[{"href":"https:\/\/www.acrartex.com\/fr\/wp-json\/wp\/v2\/product\/157120","targetHints":{"allow":["GET"]}}],"collection":[{"href":"https:\/\/www.acrartex.com\/fr\/wp-json\/wp\/v2\/product"}],"about":[{"href":"https:\/\/www.acrartex.com\/fr\/wp-json\/wp\/v2\/types\/product"}],"wp:featuredmedia":[{"embeddable":true,"href":"https:\/\/www.acrartex.com\/fr\/wp-json\/wp\/v2\/media\/88825"}],"wp:attachment":[{"href":"https:\/\/www.acrartex.com\/fr\/wp-json\/wp\/v2\/media?parent=157120"}],"wp:term":[{"taxonomy":"product_brand","embeddable":true,"href":"https:\/\/www.acrartex.com\/fr\/wp-json\/wp\/v2\/product_brand?post=157120"},{"taxonomy":"product_cat","embeddable":true,"href":"https:\/\/www.acrartex.com\/fr\/wp-json\/wp\/v2\/product_cat?post=157120"},{"taxonomy":"product_tag","embeddable":true,"href":"https:\/\/www.acrartex.com\/fr\/wp-json\/wp\/v2\/product_tag?post=157120"}],"curies":[{"name":"wp","href":"https:\/\/api.w.org\/{rel}","templated":true}]}}