{"id":157068,"date":"2021-10-05T13:04:31","date_gmt":"2021-10-05T18:04:31","guid":{"rendered":"https:\/\/www.acrartex.com\/products\/l8-5\/"},"modified":"2025-10-21T12:05:52","modified_gmt":"2025-10-21T17:05:52","slug":"l8-5","status":"publish","type":"product","link":"https:\/\/www.acrartex.com\/fr\/products\/l8-5\/","title":{"rendered":"L8-5"},"content":{"rendered":"<ul>\n<li>Ampoule LED haute efficacit\u00e9<\/li>\n<li>Int\u00e9gration simple du gilet de sauvetage<\/li>\n<li>Conception ultra petite et l\u00e9g\u00e8re<\/li>\n<li>Activ\u00e9 par l&#8217;eau (eau douce et eau sal\u00e9e)<\/li>\n<li>Dur\u00e9e de vie de la batterie de cinq ans*<\/li>\n<\/ul>\n<p>&nbsp;<\/p>\n<p>*En supposant que la lumi\u00e8re n&#8217;entre pas accidentellement en contact avec de l&#8217;eau et qu&#8217;elle est stock\u00e9e conform\u00e9ment aux exigences de stockage indiqu\u00e9es<\/p>\n","protected":false},"excerpt":{"rendered":"<p>Le L8-5 est un feu de localisation de survivants \u00e0 LED, activ\u00e9 par l&#8217;eau et approuv\u00e9 par les garde-c\u00f4tes am\u00e9ricains. Il est homologu\u00e9 pour une utilisation sur les gilets de sauvetage afin de signaler la position des survivants dans l&#8217;eau suite \u00e0 un accident maritime ou une situation de d\u00e9tresse. L&#8217;ensemble lampe-lentille du L8-5 produit une lumi\u00e8re puissante d&#8217;une autonomie d&#8217;au moins 8 heures apr\u00e8s activation, avec une intensit\u00e9 lumineuse minimale de 1 cd. Pendant toute sa dur\u00e9e de vie, le feu \u00e9met une lumi\u00e8re blanche continue pour indiquer clairement la position d&#8217;un survivant et augmenter les chances de sauvetage.  <\/p>\n","protected":false},"featured_media":157071,"template":"","meta":{"_acf_changed":false,"om_disable_all_campaigns":false},"product_brand":[],"product_cat":[5721],"product_tag":[12897,12892,12890,12896,9909,12887,12894],"class_list":{"0":"post-157068","1":"product","2":"type-product","3":"status-publish","4":"has-post-thumbnail","6":"product_cat-marin-fr","7":"product_tag-feu-de-detresse-durgence","8":"product_tag-feu-de-detresse-marin","9":"product_tag-gilet-de-sauvetage-marin-leger","10":"product_tag-l8-5-fr","11":"product_tag-lampe-de-secours","12":"product_tag-lumiere-de-gilet-de-sauvetage-marin","13":"product_tag-lumiere-pfd-acr","14":"pa_product-heritage","16":"first","17":"instock","18":"taxable","19":"shipping-taxable","20":"product-type-simple"},"acf":[],"_links":{"self":[{"href":"https:\/\/www.acrartex.com\/fr\/wp-json\/wp\/v2\/product\/157068","targetHints":{"allow":["GET"]}}],"collection":[{"href":"https:\/\/www.acrartex.com\/fr\/wp-json\/wp\/v2\/product"}],"about":[{"href":"https:\/\/www.acrartex.com\/fr\/wp-json\/wp\/v2\/types\/product"}],"wp:featuredmedia":[{"embeddable":true,"href":"https:\/\/www.acrartex.com\/fr\/wp-json\/wp\/v2\/media\/157071"}],"wp:attachment":[{"href":"https:\/\/www.acrartex.com\/fr\/wp-json\/wp\/v2\/media?parent=157068"}],"wp:term":[{"taxonomy":"product_brand","embeddable":true,"href":"https:\/\/www.acrartex.com\/fr\/wp-json\/wp\/v2\/product_brand?post=157068"},{"taxonomy":"product_cat","embeddable":true,"href":"https:\/\/www.acrartex.com\/fr\/wp-json\/wp\/v2\/product_cat?post=157068"},{"taxonomy":"product_tag","embeddable":true,"href":"https:\/\/www.acrartex.com\/fr\/wp-json\/wp\/v2\/product_tag?post=157068"}],"curies":[{"name":"wp","href":"https:\/\/api.w.org\/{rel}","templated":true}]}}